{"id":205,"date":"2019-01-19T15:26:08","date_gmt":"2019-01-19T15:26:08","guid":{"rendered":"http:\/\/mit-musik-geht-reha-besser.de\/?page_id=205"},"modified":"2021-04-19T04:09:51","modified_gmt":"2021-04-19T04:09:51","slug":"wachkoma-2","status":"publish","type":"page","link":"http:\/\/mit-musik-geht-reha-besser.de\/en\/wachkoma-2\/","title":{"rendered":"Vegetative state"},"content":{"rendered":"<p class=\"has-text-align-center\"><em>by Karin B\u00f6seler<\/em><\/p>\n\n\n\n<div class=\"wp-block-image\"><figure class=\"alignright is-resized\"><img loading=\"lazy\" decoding=\"async\" src=\"http:\/\/mit-musik-geht-reha-besser.de\/wp-content\/uploads\/2019\/01\/Chimes_handson.jpg\" alt=\"\" class=\"wp-image-18\" width=\"129\" height=\"86\" srcset=\"https:\/\/mit-musik-geht-reha-besser.de\/wp-content\/uploads\/2019\/01\/Chimes_handson.jpg 350w, https:\/\/mit-musik-geht-reha-besser.de\/wp-content\/uploads\/2019\/01\/Chimes_handson-300x200.jpg 300w\" sizes=\"auto, (max-width: 129px) 100vw, 129px\" \/><\/figure><\/div>\n\n\n\n<p>In addition to intensive medical, nursing, physical, occupational, occupational, and neuropsychological care and care, people in coma (or coma or apallic syndrome) require special care and attention. You need intensive interpersonal contact. <\/p>\n\n\n\n<p>Music therapy offers such as singing, buzzing or improvising on musical instruments are a way of conveying security, security, human attention and warmth to people in a coma in close and intensive dialogues. This is particularly important if, besides severe physical and possibly cognitive impairments, those affected have also suffered psychological trauma.<\/p>\n\n\n\n<p>Interpersonal music dialogues with people in a coma are closely linked to deeply rooted and prenatal experiences. They are similar to the close mother-baby dialogue (motherese, babytalk). Music therapy enables people in a coma to open up their inner experience to the outside world based on these experiences. <\/p>\n\n\n\n<div class=\"wp-block-image\"><figure class=\"alignleft is-resized\"><img loading=\"lazy\" decoding=\"async\" src=\"http:\/\/mit-musik-geht-reha-besser.de\/wp-content\/uploads\/2019\/01\/haende_kind-im-bett.jpg\" alt=\"\" class=\"wp-image-57\" width=\"114\" height=\"75\" srcset=\"https:\/\/mit-musik-geht-reha-besser.de\/wp-content\/uploads\/2019\/01\/haende_kind-im-bett.jpg 1000w, https:\/\/mit-musik-geht-reha-besser.de\/wp-content\/uploads\/2019\/01\/haende_kind-im-bett-300x200.jpg 300w, https:\/\/mit-musik-geht-reha-besser.de\/wp-content\/uploads\/2019\/01\/haende_kind-im-bett-768x511.jpg 768w\" sizes=\"auto, (max-width: 114px) 100vw, 114px\" \/><\/figure><\/div>\n\n\n\n<p>Music also affects the reward and \u201cpleasure center\u201d in the brain (ventral striatum), similar to a loving look or a loving touch in a relaxed atmosphere. Dr. Andreas Zieger added: \"Music has a demonstrable effect on the whole brain: activating and calming on the tonifying structures in the brain stem.\" Emotions, while the left half takes on the analytical-rational achievements such as melody, timing, rhythm, pitch recognition and positive emotions. \" <\/p>\n\n\n\n<p>People in a coma react to musical offers. The music therapist pays attention to the slightest movements such as chewing and smacking movements, eyelid movements, changing the direction of view, fixing the eyes, changing breathing (deep inhalation and exhalation), physical relaxation or tension, turning the head and other body movements. Emotional signs such as a change in facial expressions, smiles or crying also suggest that people in a coma can react to their surroundings and perceive music as a positive and life-friendly, trusting affection. <\/p>\n\n\n\n<p>Music therapy for people in a coma is an important extension of the extensive therapeutic offer, since basic needs of the person are addressed and perceived, emotional experience is changed and expanded and fears such as trauma experiences can be overcome. <\/p>\n\n\n\n<p class=\"has-text-align-right\"><em>Source: Andreas Zieger, music as a mediator of new life. Social sign of hope for people in coma and apallic syndrome. In: Neander, K.-D. (Ed.): Music and care. Munich: Urban &amp; Fischer 1999, pp. 145-164.<\/em><\/p>\n\n\n\n<p class=\"has-text-align-right\"><a href=\"http:\/\/mit-musik-geht-reha-besser.de\/wp-content\/uploads\/2021\/04\/Musiktherapie-Anamnese-Wachkoma.pdf\" data-type=\"page\">Music therapy third-party history<\/a> under <a href=\"http:\/\/mit-musik-geht-reha-besser.de\/en\/zubehoer\/\" data-type=\"page\" data-id=\"336\">equipment<\/a><\/p>","protected":false},"excerpt":{"rendered":"<p>von Karin B\u00f6seler Menschen im Koma (bzw. Wachkoma od. apallisches Syndrom) ben\u00f6tigen neben intensiver \u00e4rztlicher, pflegerischer, physio-, ergotherapeutischer und neuropsychologischer Betreuung und Versorgung eine besondere Zuwendung und Aufmerksamkeit. Sie brauchen einen intensiven zwischenmenschlichen Kontakt. Musiktherapeutische Angebote wie Singen, Summen oder Improvisation auf Musikinstrumenten sind eine M\u00f6glichkeit, Menschen im Wachkoma in nahen und intensiven Dialogen Geborgenheit, [&hellip;]<\/p>\n","protected":false},"author":1,"featured_media":0,"parent":0,"menu_order":3,"comment_status":"closed","ping_status":"closed","template":"","meta":{"footnotes":""},"class_list":["post-205","page","type-page","status-publish","hentry"],"_links":{"self":[{"href":"http:\/\/mit-musik-geht-reha-besser.de\/en\/wp-json\/wp\/v2\/pages\/205","targetHints":{"allow":["GET"]}}],"collection":[{"href":"http:\/\/mit-musik-geht-reha-besser.de\/en\/wp-json\/wp\/v2\/pages"}],"about":[{"href":"http:\/\/mit-musik-geht-reha-besser.de\/en\/wp-json\/wp\/v2\/types\/page"}],"author":[{"embeddable":true,"href":"http:\/\/mit-musik-geht-reha-besser.de\/en\/wp-json\/wp\/v2\/users\/1"}],"replies":[{"embeddable":true,"href":"http:\/\/mit-musik-geht-reha-besser.de\/en\/wp-json\/wp\/v2\/comments?post=205"}],"version-history":[{"count":5,"href":"http:\/\/mit-musik-geht-reha-besser.de\/en\/wp-json\/wp\/v2\/pages\/205\/revisions"}],"predecessor-version":[{"id":626,"href":"http:\/\/mit-musik-geht-reha-besser.de\/en\/wp-json\/wp\/v2\/pages\/205\/revisions\/626"}],"wp:attachment":[{"href":"http:\/\/mit-musik-geht-reha-besser.de\/en\/wp-json\/wp\/v2\/media?parent=205"}],"curies":[{"name":"wp","href":"https:\/\/api.w.org\/{rel}","templated":true}]}}