{"id":209,"date":"2019-01-19T15:33:42","date_gmt":"2019-01-19T15:33:42","guid":{"rendered":"http:\/\/mit-musik-geht-reha-besser.de\/?page_id=209"},"modified":"2025-06-25T19:14:19","modified_gmt":"2025-06-25T19:14:19","slug":"neurologische-musiktherapie-motoriktraining","status":"publish","type":"page","link":"http:\/\/mit-musik-geht-reha-besser.de\/en\/neurologische-musiktherapie-motoriktraining\/","title":{"rendered":"NMT\u2122 \u2013 Motor Skills Training"},"content":{"rendered":"<p>Motor applications of the <a href=\"http:\/\/mit-musik-geht-reha-besser.de\/en\/neurologische-musiktherapie\/\">Neurological Music Therapy<\/a><sup>\u00ae<\/sup> according to Thaut.<\/p>\n\n\n\n<h4 class=\"wp-block-heading\"><strong><a>Gait training with music - RAS<\/a><\/strong><\/h4>\n\n\n<div class=\"wp-block-image\">\n<figure class=\"alignright is-resized\"><img loading=\"lazy\" decoding=\"async\" width=\"250\" height=\"333\" src=\"http:\/\/mit-musik-geht-reha-besser.de\/wp-content\/uploads\/2019\/01\/gang.jpg\" alt=\"\" class=\"wp-image-14\" style=\"width:111px;height:148px\" srcset=\"https:\/\/mit-musik-geht-reha-besser.de\/wp-content\/uploads\/2019\/01\/gang.jpg 250w, https:\/\/mit-musik-geht-reha-besser.de\/wp-content\/uploads\/2019\/01\/gang-225x300.jpg 225w\" sizes=\"auto, (max-width: 250px) 100vw, 250px\" \/><\/figure>\n<\/div>\n\n\n<p>The rehabilitative gait training<strong> <\/strong>(e.g., stroke, Parkinson&#039;s disease, traumatic brain injury, hip surgery, etc.) is made more effective with music. A so-called RAS\u2122 (Rhythmic Acoustic Stimulation) is used. This is presented by a metronome or as music via headphones. The tempo and structure of the <a href=\"http:\/\/mit-musik-geht-reha-besser.de\/en\/musik\/\" target=\"_blank\" rel=\"noreferrer noopener\">Training music<\/a>\u00a0be adapted to the disturbed gait pattern.\u00a0<br>The digital therapy protocol for RAS\u2122 gait training. With integrated formula editor.<\/p>\n\n\n\n<div class=\"wp-block-file\"><a href=\"http:\/\/mit-musik-geht-reha-besser.de\/wp-content\/uploads\/2020\/05\/RAS-protocol.xlsx\">RAS\u2122 protocol<\/a><a href=\"http:\/\/mit-musik-geht-reha-besser.de\/wp-content\/uploads\/2020\/05\/RAS-protocol.xlsx\" class=\"wp-block-file__button wp-element-button\" download>Download<\/a><\/div>\n\n\n\n<figure class=\"wp-block-embed alignleft is-type-video is-provider-vimeo wp-block-embed-vimeo wp-embed-aspect-4-3 wp-has-aspect-ratio\"><div class=\"wp-block-embed__wrapper\">\n<iframe loading=\"lazy\" title=\"Therapeutic instrumental play after nerve lesion\" src=\"https:\/\/player.vimeo.com\/video\/346514321?dnt=1&amp;app_id=122963\" width=\"640\" height=\"480\" frameborder=\"0\" allow=\"autoplay; fullscreen; picture-in-picture; clipboard-write; encrypted-media; web-share\"><\/iframe>\n<\/div><\/figure>\n\n\n\n<h4 class=\"wp-block-heading\"><a>Instrumental play as movement training<\/a><\/h4>\n\n\n\n<p>By playing on musical instruments even musically inexperienced patients can effectively train movements of arms, torso, hands, fingers and others. Various<strong> <\/strong>Musical instruments such as drums, stick games, piano or melodica are used for musical movement exercises<strong> <\/strong>to optimize. The arrangement of the instruments and the musical stimulation - played live by the therapist on the piano - ensure that the same movement is practiced again and again.&nbsp;<\/p>\n\n\n\n<figure class=\"wp-block-embed alignleft is-type-video is-provider-vimeo wp-block-embed-vimeo wp-embed-aspect-4-3 wp-has-aspect-ratio\"><div class=\"wp-block-embed__wrapper\">\n<iframe loading=\"lazy\" title=\"Hand training on the piano in Parkinson&#039;s\" src=\"https:\/\/player.vimeo.com\/video\/112469229?dnt=1&amp;app_id=122963\" width=\"720\" height=\"576\" frameborder=\"0\" allow=\"autoplay; fullscreen; picture-in-picture; clipboard-write; encrypted-media; web-share\"><\/iframe>\n<\/div><\/figure>\n\n\n\n<p>Fine motor skills training on the piano in Parkinson&#039;s - an excellent way to maintain and train the important mobility of the fingers and hands. The piano training is controlled rhythmically so that optimal and selective finger mobility is promoted and unfavorable movements and rigidity are inhibited.<\/p>\n\n\n\n<p>Such repetitive training represents a highly promising approach in rehabilitation therapy, especially when additional deficits (neglect, spasticity, attention deficit disorders, etc.) hinder training progress. With therapist guidance, even severely paralyzed muscles can be effectively trained. In neurological music therapy, this technique is called TIMP\u2122 (Therapeutic Instrumental Musical Playing).<\/p>\n\n\n\n<h4 class=\"wp-block-heading\"><strong><a>Music therapy sequence training<\/a><\/strong><\/h4>\n\n\n<div class=\"wp-block-image\">\n<figure class=\"alignleft is-resized\"><img loading=\"lazy\" decoding=\"async\" width=\"350\" height=\"233\" src=\"http:\/\/mit-musik-geht-reha-besser.de\/wp-content\/uploads\/2019\/01\/Chimes_handson.jpg\" alt=\"\" class=\"wp-image-18\" style=\"width:126px;height:84px\" srcset=\"https:\/\/mit-musik-geht-reha-besser.de\/wp-content\/uploads\/2019\/01\/Chimes_handson.jpg 350w, https:\/\/mit-musik-geht-reha-besser.de\/wp-content\/uploads\/2019\/01\/Chimes_handson-300x200.jpg 300w\" sizes=\"auto, (max-width: 350px) 100vw, 350px\" \/><\/figure>\n<\/div>\n\n\n<p>In this training, the patient practices a complex movement or sequence of movements (e.g., from sitting to standing, handling an object, etc.) with the support of a specially composed piece of music. All of the movements are incorporated into a so-called kinematic melody. The treatment technique is called <em>Patterned sensory enhancement<\/em>\u2122. Musical patterns supported specific aspects of a movement \u2013 such as range of motion.<\/p>\n\n\n\n<p>This special music enables better motor control. In addition, the training can be experienced acoustically and aesthetically. This supports the mental learning process. Last but not least, training is more fun. Endurance and motivation are increased. See <a href=\"https:\/\/www.youtube.com\/channel\/UCKS1ewyg0UOHv3E1AiK3TVw\" target=\"_blank\" rel=\"noreferrer noopener\">Beelitz Music Gym.<\/a><\/p>","protected":false},"excerpt":{"rendered":"<p>Hier werden motorische Anwendungen der Neurologischen Musiktherapie\u00ae nach Thaut beschrieben. Gangtraining mit Musik &#8211; RAS Das rehabilitative Gangtraining (z.Bsp. bei Schlaganfall, Parkinson, Sch\u00e4delhirntrauma, H\u00fcft-OP etc.) wird mittels Musik effizienter. Dabei wird eine sogenannte RAS\u2122 (Rhythmisch-akustische Stimulation) verwendet. Diese wird von einem Metronom oder\u00a0als Musik \u00fcber Kopfh\u00f6rer pr\u00e4sentiert. Dabei m\u00fcssen Tempo und Struktur der Trainingsmusik\u00a0an das [&hellip;]<\/p>\n","protected":false},"author":1,"featured_media":0,"parent":0,"menu_order":4,"comment_status":"closed","ping_status":"closed","template":"","meta":{"footnotes":""},"class_list":["post-209","page","type-page","status-publish","hentry"],"_links":{"self":[{"href":"http:\/\/mit-musik-geht-reha-besser.de\/en\/wp-json\/wp\/v2\/pages\/209","targetHints":{"allow":["GET"]}}],"collection":[{"href":"http:\/\/mit-musik-geht-reha-besser.de\/en\/wp-json\/wp\/v2\/pages"}],"about":[{"href":"http:\/\/mit-musik-geht-reha-besser.de\/en\/wp-json\/wp\/v2\/types\/page"}],"author":[{"embeddable":true,"href":"http:\/\/mit-musik-geht-reha-besser.de\/en\/wp-json\/wp\/v2\/users\/1"}],"replies":[{"embeddable":true,"href":"http:\/\/mit-musik-geht-reha-besser.de\/en\/wp-json\/wp\/v2\/comments?post=209"}],"version-history":[{"count":13,"href":"http:\/\/mit-musik-geht-reha-besser.de\/en\/wp-json\/wp\/v2\/pages\/209\/revisions"}],"predecessor-version":[{"id":1339,"href":"http:\/\/mit-musik-geht-reha-besser.de\/en\/wp-json\/wp\/v2\/pages\/209\/revisions\/1339"}],"wp:attachment":[{"href":"http:\/\/mit-musik-geht-reha-besser.de\/en\/wp-json\/wp\/v2\/media?parent=209"}],"curies":[{"name":"wp","href":"https:\/\/api.w.org\/{rel}","templated":true}]}}