{"id":220,"date":"2019-01-19T15:43:33","date_gmt":"2019-01-19T15:43:33","guid":{"rendered":"http:\/\/mit-musik-geht-reha-besser.de\/?page_id=220"},"modified":"2026-01-07T15:37:25","modified_gmt":"2026-01-07T15:37:25","slug":"musiktherapeutische-psychotherapie","status":"publish","type":"page","link":"http:\/\/mit-musik-geht-reha-besser.de\/en\/musiktherapeutische-psychotherapie\/","title":{"rendered":"Music psychotherapy"},"content":{"rendered":"<div class=\"wp-block-image\">\n<figure class=\"alignright is-resized\"><img loading=\"lazy\" decoding=\"async\" width=\"600\" height=\"371\" src=\"http:\/\/mit-musik-geht-reha-besser.de\/wp-content\/uploads\/2019\/01\/rahmentrommel.jpg\" alt=\"\" class=\"wp-image-66\" style=\"width:96px;height:59px\" srcset=\"https:\/\/mit-musik-geht-reha-besser.de\/wp-content\/uploads\/2019\/01\/rahmentrommel.jpg 600w, https:\/\/mit-musik-geht-reha-besser.de\/wp-content\/uploads\/2019\/01\/rahmentrommel-300x186.jpg 300w\" sizes=\"auto, (max-width: 600px) 100vw, 600px\" \/><\/figure>\n<\/div>\n\n\n<p>People with neurological disorders are often exposed to extreme mental stress. The loss of essential aspects of your identity, your communication and your future prospects can reduce the quality of life you experience. It is therefore very important to have physical and functional rehabilitation goals <strong>mental reality<\/strong> to integrate the patient into the treatment concept. The psychotherapeutic methods of music therapy are predestined for this. They enable contact and communication to be established even when other forms of treatment cannot find access.<\/p>\n\n\n<div class=\"wp-block-image\">\n<figure class=\"alignleft is-resized\"><img loading=\"lazy\" decoding=\"async\" width=\"1000\" height=\"665\" src=\"http:\/\/mit-musik-geht-reha-besser.de\/wp-content\/uploads\/2019\/01\/frau_lautiert.jpg\" alt=\"\" class=\"wp-image-52\" style=\"width:99px;height:65px\" srcset=\"https:\/\/mit-musik-geht-reha-besser.de\/wp-content\/uploads\/2019\/01\/frau_lautiert.jpg 1000w, https:\/\/mit-musik-geht-reha-besser.de\/wp-content\/uploads\/2019\/01\/frau_lautiert-300x200.jpg 300w, https:\/\/mit-musik-geht-reha-besser.de\/wp-content\/uploads\/2019\/01\/frau_lautiert-768x511.jpg 768w\" sizes=\"auto, (max-width: 1000px) 100vw, 1000px\" \/><\/figure>\n<\/div>\n\n\n<p>In such music psychotherapy, music serves as a medium of feeling and expression. Music evokes feelings and moods in every person individually, depending on their biography and situation. These serve as the starting point for psychotherapeutic work. They build on the psychological state of mind. This is how the important process of &quot;through the back door&quot; becomes<strong>\nDisease processing <\/strong>initiated.<\/p>\n\n\n<div class=\"wp-block-image\">\n<figure class=\"alignright is-resized\"><img loading=\"lazy\" decoding=\"async\" width=\"523\" height=\"600\" src=\"http:\/\/mit-musik-geht-reha-besser.de\/wp-content\/uploads\/2019\/01\/holzfloete.jpg\" alt=\"\" class=\"wp-image-59\" style=\"width:60px;height:69px\" srcset=\"https:\/\/mit-musik-geht-reha-besser.de\/wp-content\/uploads\/2019\/01\/holzfloete.jpg 523w, https:\/\/mit-musik-geht-reha-besser.de\/wp-content\/uploads\/2019\/01\/holzfloete-262x300.jpg 262w\" sizes=\"auto, (max-width: 523px) 100vw, 523px\" \/><\/figure>\n<\/div>\n\n\n<p>In a psychotherapeutic context, group music therapy sessions can also be important. Methods such as group instrumental improvisation, receptive group music therapy, or group singing therapy allow participants to explore their own situation in a non-performance-oriented atmosphere.<\/p>","protected":false},"excerpt":{"rendered":"<p>Menschen mit neurologischen Erkrankungen stehen sind oft extremer seelischer Belastung ausgesetzt. Der Verlust wesentlicher Aspekte ihrer Identit\u00e4t, ihrer Kommunikation und ihrer Zukunftsperspektiven k\u00f6nnen die erlebte Lebensqualit\u00e4t mindern. Daher ist es sehr wichtig neben k\u00f6rperlich-funktionalen Rehazielen auch die seelische Lebensrealit\u00e4t der Patienten mit ins Behandlungskonzept zu integrieren. Daf\u00fcr sind die psychotherapeutischen Verfahren der Musiktherapie pr\u00e4destiniert. Sie [&hellip;]<\/p>\n","protected":false},"author":1,"featured_media":0,"parent":0,"menu_order":5,"comment_status":"closed","ping_status":"closed","template":"","meta":{"footnotes":""},"class_list":["post-220","page","type-page","status-publish","hentry"],"_links":{"self":[{"href":"http:\/\/mit-musik-geht-reha-besser.de\/en\/wp-json\/wp\/v2\/pages\/220","targetHints":{"allow":["GET"]}}],"collection":[{"href":"http:\/\/mit-musik-geht-reha-besser.de\/en\/wp-json\/wp\/v2\/pages"}],"about":[{"href":"http:\/\/mit-musik-geht-reha-besser.de\/en\/wp-json\/wp\/v2\/types\/page"}],"author":[{"embeddable":true,"href":"http:\/\/mit-musik-geht-reha-besser.de\/en\/wp-json\/wp\/v2\/users\/1"}],"replies":[{"embeddable":true,"href":"http:\/\/mit-musik-geht-reha-besser.de\/en\/wp-json\/wp\/v2\/comments?post=220"}],"version-history":[{"count":6,"href":"http:\/\/mit-musik-geht-reha-besser.de\/en\/wp-json\/wp\/v2\/pages\/220\/revisions"}],"predecessor-version":[{"id":1422,"href":"http:\/\/mit-musik-geht-reha-besser.de\/en\/wp-json\/wp\/v2\/pages\/220\/revisions\/1422"}],"wp:attachment":[{"href":"http:\/\/mit-musik-geht-reha-besser.de\/en\/wp-json\/wp\/v2\/media?parent=220"}],"curies":[{"name":"wp","href":"https:\/\/api.w.org\/{rel}","templated":true}]}}