{"id":415,"date":"2019-04-12T17:48:48","date_gmt":"2019-04-12T17:48:48","guid":{"rendered":"http:\/\/mit-musik-geht-reha-besser.de\/?page_id=415"},"modified":"2019-04-12T17:57:43","modified_gmt":"2019-04-12T17:57:43","slug":"musikgangtraining-schuetzt-vor-stuerzen-bei-parkinson","status":"publish","type":"page","link":"http:\/\/mit-musik-geht-reha-besser.de\/en\/musikgangtraining-schuetzt-vor-stuerzen-bei-parkinson\/","title":{"rendered":"Music train training protects against falls in Parkinson&#039;s"},"content":{"rendered":"\n<div class=\"wp-block-image\"><figure class=\"alignright is-resized\"><img loading=\"lazy\" decoding=\"async\" src=\"http:\/\/mit-musik-geht-reha-besser.de\/wp-content\/uploads\/2019\/01\/gang.jpg\" alt=\"\" class=\"wp-image-14\" width=\"134\" height=\"179\" srcset=\"https:\/\/mit-musik-geht-reha-besser.de\/wp-content\/uploads\/2019\/01\/gang.jpg 250w, https:\/\/mit-musik-geht-reha-besser.de\/wp-content\/uploads\/2019\/01\/gang-225x300.jpg 225w\" sizes=\"auto, (max-width: 134px) 100vw, 134px\" \/><figcaption>Der Rhythmus wirkt bei Parkinson unmittelbar auf das Gangmuster<\/figcaption><\/figure><\/div>\n\n\n\n<p><em>15-03-2019. <\/em>Immobilit\u00e4t und St\u00fcrze geh\u00f6ren zu den  gravierendsten Folgen der <a href=\"http:\/\/mit-musik-geht-reha-besser.de\/parkinson\">Parkinsonkrankheit<\/a>. Insbesondere in  fortgeschrittenem Stadium der Erkrankung f\u00fchrt chronischer  Bewegungsmangel h\u00e4ufig verst\u00e4rkter Gangunsicherheit. Dies sch\u00fcrt bei  Betroffenen  die Angst zu st\u00fcrzen, was wiederum zur Verminderung von k\u00f6rperlichen  Aktivit\u00e4ten beitragt. Ein Teufelskreis \u2013 der einen gro\u00dfen Verlust an  Lebensqualit\u00e4t mit sich bringt.<\/p>\n\n\n\n<p>Hier k\u00f6nnte t\u00e4gliches <a href=\"http:\/\/mit-musik-geht-reha-besser.de\/neurologische-musiktherapie-motoriktraining\">Gangtraining mit Musik<\/a>  Abhilfe schaffen. Dies ergab eine Studie von der Colorado State  University (Fort Collins\/USA) mit 60 Parkinsonbetroffenen. Die Studie  wurde geleitet von Michael Thaut, einem der weltweit renommiertesten  Rehabilitations- und Trainingsforscher, der das musikgest\u00fctzte  Gangtraining 1996 als erster wissenschaftlich untersucht hat. Die H\u00e4lfte  der Patienten \u00fcbte ca. 5 Monate t\u00e4glich 5 mal pro Woche f\u00fcr 30 min mit  spezieller Trainingsmusik. Die andere H\u00e4lfte tat  das auch, setzte jedoch zwischendrin f\u00fcr 8 Wochen mit dem Training aus.<\/p>\n\n\n\n<p>Besonders in den ersten 8 Wochen verbesserten sich \nalle Patienten deutlich in Gehgeschwindigkeit, Schrittfrequenz und \nSchrittl\u00e4nge. Zudem verbesserte das Musikgangtraining deutlich die \nVorfu\u00dfhebung beim Gehen. Diese ist f\u00fcr die Gangsicherheit\n von herausgehobener Bedeutung so die Autoren. Die Patienten, welche \nzwischenzeitlich das Training aussetzten verschlechterten sich in dieser\n Zeit. Neben den Gangparametern erreichten alle Patienten auch eine \ndeutliche Verminderung ihrer Sturzh\u00e4ufigkeit und\n der Sturzangst.<\/p>\n\n\n\n<p>Musikgangtraining erwies sich in dieser Studie als  wirksame, praktikable und kosteng\u00fcnstige Therapie f\u00fcr Parkinsonpatienten  mit Gangunsicherheit.<\/p>\n\n\n\n<p style=\"text-align:right\" class=\"has-small-font-size\">Thaut MH, Rice RR, Braun Janzen T, Hurt-Thaut CP,  McIntosh GC. (2019). Rhythmic auditory stimulation for reduction of  falls in Parkinson&#8217;s disease: a randomized controlled study. \u00a0Clin  Rehabil. 2019 Jan;33(1):34-43. doi: 10.1177\/0269215518788615.  Epub 2018 Jul 23.<\/p>\n\n\n\n<p style=\"text-align:center\"><a href=\"http:\/\/mit-musik-geht-reha-besser.de\/nachrichten\">[Nachrichten im \u00dcberblick]<\/a><\/p>\n","protected":false},"excerpt":{"rendered":"<p>15-03-2019. Immobilit\u00e4t und St\u00fcrze geh\u00f6ren zu den gravierendsten Folgen der Parkinsonkrankheit. Insbesondere in fortgeschrittenem Stadium der Erkrankung f\u00fchrt chronischer Bewegungsmangel h\u00e4ufig verst\u00e4rkter Gangunsicherheit. Dies sch\u00fcrt bei Betroffenen die Angst zu st\u00fcrzen, was wiederum zur Verminderung von k\u00f6rperlichen Aktivit\u00e4ten beitragt. Ein Teufelskreis \u2013 der einen gro\u00dfen Verlust an Lebensqualit\u00e4t mit sich bringt. Hier k\u00f6nnte t\u00e4gliches Gangtraining [&hellip;]<\/p>\n","protected":false},"author":1,"featured_media":0,"parent":0,"menu_order":90,"comment_status":"closed","ping_status":"closed","template":"","meta":{"footnotes":""},"class_list":["post-415","page","type-page","status-publish","hentry"],"_links":{"self":[{"href":"http:\/\/mit-musik-geht-reha-besser.de\/en\/wp-json\/wp\/v2\/pages\/415","targetHints":{"allow":["GET"]}}],"collection":[{"href":"http:\/\/mit-musik-geht-reha-besser.de\/en\/wp-json\/wp\/v2\/pages"}],"about":[{"href":"http:\/\/mit-musik-geht-reha-besser.de\/en\/wp-json\/wp\/v2\/types\/page"}],"author":[{"embeddable":true,"href":"http:\/\/mit-musik-geht-reha-besser.de\/en\/wp-json\/wp\/v2\/users\/1"}],"replies":[{"embeddable":true,"href":"http:\/\/mit-musik-geht-reha-besser.de\/en\/wp-json\/wp\/v2\/comments?post=415"}],"version-history":[{"count":2,"href":"http:\/\/mit-musik-geht-reha-besser.de\/en\/wp-json\/wp\/v2\/pages\/415\/revisions"}],"predecessor-version":[{"id":420,"href":"http:\/\/mit-musik-geht-reha-besser.de\/en\/wp-json\/wp\/v2\/pages\/415\/revisions\/420"}],"wp:attachment":[{"href":"http:\/\/mit-musik-geht-reha-besser.de\/en\/wp-json\/wp\/v2\/media?parent=415"}],"curies":[{"name":"wp","href":"https:\/\/api.w.org\/{rel}","templated":true}]}}