{"id":455,"date":"2019-06-17T14:09:15","date_gmt":"2019-06-17T14:09:15","guid":{"rendered":"http:\/\/mit-musik-geht-reha-besser.de\/?page_id=455"},"modified":"2019-06-17T14:13:58","modified_gmt":"2019-06-17T14:13:58","slug":"musiktraining-gegen-neglect","status":"publish","type":"page","link":"http:\/\/mit-musik-geht-reha-besser.de\/en\/musiktraining-gegen-neglect\/","title":{"rendered":"Music training against neglect"},"content":{"rendered":"\n<p><em>17-06-2019.<\/em> Nach Hirnsch\u00e4digung (wie z.Bsp. Schlaganfall) leiden einige Patienten unter einem sogenannten Neglect. Dabei werden Sinneswahrnehmungen f\u00fcr eine K\u00f6rperseite nur unzureichend verarbeitet. Beim  visuell-r\u00e4umlichen Neglect haben die Betroffenen kein Empfinden (kognitive Repr\u00e4sentanz) f\u00fcr die linke Raumseite. Dies kann im Alltag sehr hinderlich sein und \u00e4u\u00dfert sich beispielsweise durch Schwierigkeit sich \u00f6rtlich zurecht zu finden.<\/p>\n\n\n\n<div class=\"wp-block-image\"><figure class=\"alignright is-resized\"><img loading=\"lazy\" decoding=\"async\" src=\"http:\/\/mit-musik-geht-reha-besser.de\/wp-content\/uploads\/2019\/06\/image.jpeg\" alt=\"\" class=\"wp-image-456\" width=\"171\" height=\"222\"\/><figcaption>Neglect-Patienten haben eine verschobene r\u00e4umliche Wahrnehmung, dies zeigt sich beim Abzeichnen<\/figcaption><\/figure><\/div>\n\n\n\n<p>F\u00fcr diese Patienten k\u00f6nnte ein <a href=\"http:\/\/mit-musik-geht-reha-besser.de\/neurologische-musiktherapie-hirnleistungstraining\">Musiktraining<\/a> Linderung bedeuten. Forscher der Universit\u00e4t Toronto haben jetzt 2 Patienten Musik\u00fcbungen durchf\u00fchren lassen. Dabei waren beispielsweise Klangst\u00e4be so angeordnet, dass sie einen melodischen Verlauf hin zur Neglect-seite abbildeten. Das Training f\u00fchrte jeweils unmittelbar zu messbaren Verbesserungen der Neglectsymptomatik, obwohl die Patienten bereits in der chronischen Phase waren. Das hei\u00dft, dass die Schlaganf\u00e4lle bereits mehrere Monate zur\u00fccklagen.<\/p>\n\n\n\n<p>Die Folgeuntersuchungen 1 Woche nach Beendigung der Therapie blieben ohne messbaren Therapiefortschritt. Was unter anderem mit der kurzen Therapiedauer (3 Wochen) und der geringen Stundenzahl (6 Sitzungen) erkl\u00e4rt wird. Trotzdem werten die Forscher die Studie als ermutigendes Ergebnis f\u00fcr eine innovative Therapie, die in Zukunft die Lebensqualit\u00e4t der Betroffenen verbessern k\u00f6nnte.<\/p>\n\n\n\n<p style=\"text-align:right\" class=\"has-small-font-size\"><em>Kang, K, Thaut MH (2019).  Musical Neglect Training for Chronic Persistent Unilateral Visual Neglect Post-stroke.  <\/em><a href=\"https:\/\/www.ncbi.nlm.nih.gov\/pmc\/articles\/PMC6517600\/#\"><em>Front Neurol<\/em><\/a><em>. 10: 474. doi:&nbsp;<\/em><a href=\"https:\/\/dx.doi.org\/10.3389%2Ffneur.2019.00474\"><em>10.3389\/fneur.2019.00474<\/em><\/a><\/p>\n\n\n\n<p style=\"text-align:center\"><a href=\"http:\/\/mit-musik-geht-reha-besser.de\/nachrichten\">[Nachrichten im \u00dcberblick]<\/a><\/p>\n","protected":false},"excerpt":{"rendered":"<p>17-06-2019. Nach Hirnsch\u00e4digung (wie z.Bsp. Schlaganfall) leiden einige Patienten unter einem sogenannten Neglect. Dabei werden Sinneswahrnehmungen f\u00fcr eine K\u00f6rperseite nur unzureichend verarbeitet. Beim visuell-r\u00e4umlichen Neglect haben die Betroffenen kein Empfinden (kognitive Repr\u00e4sentanz) f\u00fcr die linke Raumseite. Dies kann im Alltag sehr hinderlich sein und \u00e4u\u00dfert sich beispielsweise durch Schwierigkeit sich \u00f6rtlich zurecht zu finden. F\u00fcr [&hellip;]<\/p>\n","protected":false},"author":1,"featured_media":0,"parent":0,"menu_order":100,"comment_status":"closed","ping_status":"closed","template":"","meta":{"footnotes":""},"class_list":["post-455","page","type-page","status-publish","hentry"],"_links":{"self":[{"href":"http:\/\/mit-musik-geht-reha-besser.de\/en\/wp-json\/wp\/v2\/pages\/455","targetHints":{"allow":["GET"]}}],"collection":[{"href":"http:\/\/mit-musik-geht-reha-besser.de\/en\/wp-json\/wp\/v2\/pages"}],"about":[{"href":"http:\/\/mit-musik-geht-reha-besser.de\/en\/wp-json\/wp\/v2\/types\/page"}],"author":[{"embeddable":true,"href":"http:\/\/mit-musik-geht-reha-besser.de\/en\/wp-json\/wp\/v2\/users\/1"}],"replies":[{"embeddable":true,"href":"http:\/\/mit-musik-geht-reha-besser.de\/en\/wp-json\/wp\/v2\/comments?post=455"}],"version-history":[{"count":2,"href":"http:\/\/mit-musik-geht-reha-besser.de\/en\/wp-json\/wp\/v2\/pages\/455\/revisions"}],"predecessor-version":[{"id":460,"href":"http:\/\/mit-musik-geht-reha-besser.de\/en\/wp-json\/wp\/v2\/pages\/455\/revisions\/460"}],"wp:attachment":[{"href":"http:\/\/mit-musik-geht-reha-besser.de\/en\/wp-json\/wp\/v2\/media?parent=455"}],"curies":[{"name":"wp","href":"https:\/\/api.w.org\/{rel}","templated":true}]}}