{"id":163,"date":"2019-01-19T13:28:40","date_gmt":"2019-01-19T13:28:40","guid":{"rendered":"http:\/\/mit-musik-geht-reha-besser.de\/?page_id=163"},"modified":"2026-01-07T08:59:44","modified_gmt":"2026-01-07T08:59:44","slug":"stefan-mainka","status":"publish","type":"page","link":"http:\/\/mit-musik-geht-reha-besser.de\/es\/stefan-mainka\/","title":{"rendered":"Prof. Dr. Phil. Stefan Mainka"},"content":{"rendered":"<div class=\"wp-block-image\">\n<figure class=\"alignright size-large is-resized\"><img loading=\"lazy\" decoding=\"async\" width=\"958\" height=\"1024\" src=\"http:\/\/mit-musik-geht-reha-besser.de\/wp-content\/uploads\/2024\/02\/d7159aaa-scaled-e1708868317509-958x1024.jpg\" alt=\"Stefan Mainka\" class=\"wp-image-1192\" style=\"width:216px;height:auto\" srcset=\"https:\/\/mit-musik-geht-reha-besser.de\/wp-content\/uploads\/2024\/02\/d7159aaa-scaled-e1708868317509-958x1024.jpg 958w, https:\/\/mit-musik-geht-reha-besser.de\/wp-content\/uploads\/2024\/02\/d7159aaa-scaled-e1708868317509-281x300.jpg 281w, https:\/\/mit-musik-geht-reha-besser.de\/wp-content\/uploads\/2024\/02\/d7159aaa-scaled-e1708868317509-768x821.jpg 768w, https:\/\/mit-musik-geht-reha-besser.de\/wp-content\/uploads\/2024\/02\/d7159aaa-scaled-e1708868317509-11x12.jpg 11w, https:\/\/mit-musik-geht-reha-besser.de\/wp-content\/uploads\/2024\/02\/d7159aaa-scaled-e1708868317509.jpg 1356w\" sizes=\"auto, (max-width: 958px) 100vw, 958px\" \/><\/figure>\n<\/div>\n\n\n<p>Terapeuta musical (<a href=\"https:\/\/nationales-register.bag-musiktherapie.de\/search\/profile\/233\" target=\"_blank\" rel=\"noreferrer noopener\">Registro Nacional 210817<\/a>), cient\u00edfico de rehabilitaci\u00f3n<\/p>\n\n\n\n<ul class=\"wp-block-list\">\n<li>Subdirector del Programa de Estudios <a href=\"http:\/\/www.udk-berlin.de\/musiktherapie\">Programa de Maestr\u00eda en Musicoterapia<\/a> en la Universidad de las Artes de Berl\u00edn<\/li>\n\n\n\n<li>activo en&nbsp;<a href=\"http:\/\/www.parkinson-beelitz.de\/\" target=\"_blank\" rel=\"noreferrer noopener\">Centro de Parkinson Beelitz-Heilst\u00e4tten<\/a><\/li>\n\n\n\n<li>\u00c1reas de enfoque: retroalimentaci\u00f3n musical basada en sensores, canto terap\u00e9utico, entrenamiento de la marcha con estimulaci\u00f3n r\u00edtmica-auditiva (RAS), producci\u00f3n musical: m\u00fasica de entrenamiento funcional, enfermedad de Parkinson, accidente cerebrovascular<\/li>\n\n\n\n<li>Operador del portal de informaci\u00f3n <a href=\"http:\/\/mit-musik-geht-reha-besser.de\/es\/\">La rehabilitaci\u00f3n es mejor con music.de<\/a>&nbsp;<\/li>\n\n\n\n<li>ha aumentado significativamente <a href=\"https:\/\/www.youtube.com\/watch?v=TbougNQt_pM\" target=\"_blank\" rel=\"noreferrer noopener\">Gimnasia musical Beelitz<\/a>, el <a href=\"http:\/\/mit-musik-geht-reha-besser.de\/es\/schluck-wecker\/\" data-type=\"page\" data-id=\"814\" target=\"_blank\" rel=\"noreferrer noopener\">Despertador de golondrinas<\/a> y el <a href=\"https:\/\/curaswing.de\" target=\"_blank\" rel=\"noreferrer noopener\">Aplicaci\u00f3n CuraSwing<\/a>, co-desarroll\u00f3 una aplicaci\u00f3n para retroalimentaci\u00f3n musical terap\u00e9utica basada en sensores<\/li>\n\n\n\n<li>representantes de <a href=\"http:\/\/www.musiktherapie.de\" target=\"_blank\" rel=\"noreferrer noopener\">Sociedad Alemana de Musicoterapia<\/a> en el <a href=\"http:\/\/www.bag-musiktherapie.de\" target=\"_blank\" rel=\"noreferrer noopener\">Asociaci\u00f3n Federal de Musicoterapia<\/a> <\/li>\n\n\n\n<li>opera con el <a href=\"http:\/\/stimmzirkel-potsdam.de\" target=\"_blank\" rel=\"noreferrer noopener\">C\u00edrculo de Votaci\u00f3n de Potsdam<\/a> un proyecto sobre improvisaci\u00f3n vocal coral<\/li>\n<\/ul>\n\n\n\n<p>Contacto: S.Mainka @ UdK-Berlin.de, tambi\u00e9n en <a href=\"https:\/\/www.researchgate.net\/profile\/Stefan-Mainka\" target=\"_blank\" rel=\"noreferrer noopener\">Puerta de la investigaci\u00f3n<\/a><\/p>\n\n\n\n<p>___<\/p>\n\n\n\n<p><strong>Publicaciones:<\/strong><\/p>\n\n\n\n<p><strong><em>Revistas revisadas por pares<\/em><\/strong><\/p>\n\n\n\n<p><strong>Mainka, S.<\/strong>, &amp; Weymann, E. (2025). Musicoterapia reci\u00e9n definida. <em>Enfoques: una revista interdisciplinaria de musicoterapia<\/em>. <a href=\"https:\/\/doi.org\/10.56883\/AIJMT.2025.631\" target=\"_blank\" rel=\"noreferrer noopener\">https:\/\/doi.org\/10.56883\/AIJMT.2025.631<\/a><\/p>\n\n\n\n<p><strong>Mainka, S.<\/strong> (2024). Uso personal de m\u00fasica por parte de pacientes con Parkinson al caminar. Neurol Rehabil 20(1): 27-30.<\/p>\n\n\n\n<p><strong>Mainka, S.<\/strong>, Lauermann, M. y Ebersbach, G. (2023). Desviaciones del balanceo de brazos en pacientes con enfermedad de Parkinson a diferentes velocidades de marcha. J Neural Transm. Mayo de 2023; 130(5):655-611. <a href=\"https:\/\/doi.org\/10.1007\/s00702-023-02619-4\" target=\"_blank\" rel=\"noreferrer noopener\">https:\/\/doi.org\/10.1007\/s00702-023-02619-4<\/a><\/p>\n\n\n\n<p><strong>Mainka, S.<\/strong> &amp; Weymann, E. (2023). Musicoterapia reci\u00e9n definida. GMS J Art Ther 2023; 5:Doc02.&nbsp;<a href=\"https:\/\/dx.doi.org\/10.3205\/jat000030\" target=\"_blank\" rel=\"noreferrer noopener\">https:\/\/dx.doi.org\/10.3205\/jat000030<\/a><\/p>\n\n\n\n<p><strong>Mainka, S.<\/strong> &amp; Irons, JY (2022). El canto como intervenci\u00f3n terap\u00e9utica para personas con enfermedad de Parkinson. Una revisi\u00f3n sistem\u00e1tica. Music Therapy Review 43; 3:210-223. <a href=\"http:\/\/dx.doi.org\/10.13109\/muum.2022.43.3.210\" target=\"_blank\" rel=\"noreferrer noopener\">http:\/\/dx.doi.org\/10.13109\/muum.2022.43.3.210<\/a><\/p>\n\n\n\n<p><strong>Mainka, S.<\/strong>, Schroll, A., Warmerdam, E., Gandor, F., Maetzler, W. y Ebersbach, G. (2021). El poder de la musificaci\u00f3n: la retroalimentaci\u00f3n musical basada en sensores mejora el balanceo de brazos en la enfermedad de Parkinson. Mov Dis Clin Prac, 22 de octubre de 2021; 8(8):1240-1247.&nbsp;<a href=\"https:\/\/doi.org\/10.1002\/mdc3.13352\" target=\"_blank\" rel=\"noreferrer noopener\">https:\/\/doi.org\/10.1002\/mdc3.13352<\/a><\/p>\n\n\n\n<p><strong>Mainka, S.<\/strong>, Wissel, J., V\u00f6ller, H. y Evers, S. (2018). Uso de estimulaci\u00f3n auditiva r\u00edtmica para optimizar el entrenamiento en cinta de correr en pacientes con ictus: un ensayo controlado aleatorizado. Front Neurol, septiembre de 2018; 14(9):755. <a href=\"https:\/\/doi.org\/10.3389\/fneur.2018.00755\" target=\"_blank\" rel=\"noreferrer noopener\">https:\/\/doi.org\/10.3389\/fneur.2018.00755<\/a><\/p>\n\n\n\n<p>Dalla Bella, S., Benoit, CE, Farrugia, N., Obrig, H., Keller, Peter E., <strong>Mainka, S.<\/strong> &amp; Kotz, S.A. (2017). La mejora de la marcha mediante estimulaci\u00f3n r\u00edtmica en la enfermedad de Parkinson se relaciona con las habilidades r\u00edtmicas. Sci Rep, febrero de 2017; 24(7):42005. <a href=\"https:\/\/doi.org\/10.1038\/srep42005 \">https:\/\/doi.org\/10.1038\/srep42005 <\/a><\/p>\n\n\n\n<p><strong>Mainka, S.<\/strong>&nbsp;(2016): La m\u00fasica estimula los m\u00fasculos, la mente y los sentimientos a la vez. En:&nbsp;<a href=\"http:\/\/www.frontiersin.org\/books\/Sound_Music_and_Movement_in_Parkinsons_Disease\/1083\">Sonido, m\u00fasica y movimiento en la enfermedad de Parkinson<\/a>. Ed. Marta Bienkiewicz, Cathy Craig Front Psychol. Front Psychol Oct 2015; 8(6):1547. <a href=\"http:\/\/dx.doi.org\/10.3389\/fpsyg.2015.01547\">http:\/\/dx.doi.org\/10.3389\/fpsyg.2015.01547<\/a><\/p>\n\n\n\n<p>Benoit, CE, Dalla Bella, S., Farrugia, N., Obrig, H., <strong>Mainka, S<\/strong>. &amp; Kotz, S.A. (2014). El entrenamiento de la marcha con se\u00f1ales musicales mejora la sincronizaci\u00f3n perceptiva y motora en la enfermedad de Parkinson. Front Hum Neurosci, julio de 2014; 7(8):494. <a href=\"http:\/\/journal.frontiersin.org\/Journal\/10.3389\/fnhum.2014.00494\/abstract\">https:\/\/doi.org\/10.3389\/fnhum.2014.00494<\/a><\/p>\n\n\n\n<p>___<\/p>\n\n\n\n<p><strong><em>Art\u00edculo acad\u00e9mico, no revisado por pares<\/em><\/strong><\/p>\n\n\n\n<p>Geipel, J., <strong>Mainka, S.<\/strong>, Riedl, H., Roelcke, B. (2024). Opciones para la facturaci\u00f3n de la musicoterapia en Alemania, Austria y Suiza. Revista de Medicina Complementaria 16(2):70-72. <a href=\"http:\/\/dx.doi.org\/10.1055\/a-2266-3708\">http:\/\/dx.doi.org\/10.1055\/a-2266-3708<\/a><\/p>\n\n\n\n<p><strong>Mainka, S. <\/strong>(2022). Sobre el efecto de la m\u00fasica en el movimiento. Music Therapy Review, 43(4): 404-406.<\/p>\n\n\n\n<p><strong>Mainka, S.<\/strong> (2022). Musicoterapia en neurorrehabilitaci\u00f3n. neuroreha: 14(02): 64-68.<\/p>\n\n\n\n<p>Grande. &amp; <strong>Mainka, S<\/strong>. (2021). Ritmos motivadores: gimnasia musical Beelitz para la enfermedad de Parkinson idiop\u00e1tica. Fisiopraxia 2021; 19(04): 34-38.<\/p>\n\n\n\n<p>Domingo, J. &amp; <strong>Mainka, S.<\/strong> (2020). Musicoterapia neurol\u00f3gica y el concepto de atm\u00f3sfera: una relaci\u00f3n resonante. Music Therapy Review, 41(1): 152-157.<\/p>\n\n\n\n<p><strong>Mainka, S.<\/strong> (2018). Musicoterapia para la enfermedad de Parkinson. Neuroreha. Marzo de 2018: 32-37.<\/p>\n\n\n\n<p>Rizzonelli, M., Kim, JH, Gladow, T. y <strong>Mainka, S.<\/strong> (2017). Estimulaci\u00f3n musical con retroalimentaci\u00f3n en el entrenamiento de la marcha para la enfermedad de Parkinson. Psicomusicolog\u00eda: M\u00fasica, Mente y Cerebro. Septiembre de 2017; 27(3): 213-218. http:\/\/dx.doi.org\/10.1037\/pmu0000182<\/p>\n\n\n\n<p><strong>Mainka, S.<\/strong>, Koch, S., Schumacher, C. y Eberhard-Kaechele, M. (2016). \u00bfQu\u00e9 tan efectivas son las terapias art\u00edsticas en comparaci\u00f3n con la terapia est\u00e1ndar en el tratamiento de la IPS (AHP6)? En:&nbsp;<a href=\"http:\/\/www.awmf.org\/uploads\/tx_szleitlinien\/030-010l_S3_Parkinson_Syndrome_Idiopathisch_2016-06.pdf\">Gu\u00eda de tratamiento del s\u00edndrome de Parkinson idiop\u00e1tico S3<\/a>&nbsp;por la Sociedad Alemana de Neurolog\u00eda (ed.) y el Grupo de Trabajo de Investigaci\u00f3n Cient\u00edfica y M\u00e9dica.<\/p>\n\n\n\n<p><strong>Mainka, S.<\/strong> (2012). Sin miedo a la pr\u00e1ctica: la musicoterapia como m\u00e9todo orientado a la pr\u00e1ctica. Music Therapy Review. 4 \u2013 2012: 378-387.<\/p>\n\n\n\n<p><strong>Mainka, S.<\/strong> y Trebs, S. (2011). <a href=\"https:\/\/www.thieme-connect.de\/products\/ejournals\/abstract\/10.1055\/s-0031-1280585\" target=\"_blank\" rel=\"noreferrer noopener\">Estimulaci\u00f3n r\u00edtmico-ac\u00fastica en la enfermedad de Parkinson \u2013 dopamina auditiva.<\/a>&nbsp; Fisiopraxia 2011; 9(5): 28-31.<\/p>\n\n\n\n<p><strong>Mainka, S.<\/strong>, Ebersbach, G. y Ceballos-Baumann, A. (2009). Aprovechando las oportunidades de la musicoterapia. DNP, Neur\u00f3logo y Psiquiatra. Springer.<\/p>\n\n\n\n<p><strong>Mainka, S.<\/strong> (2009). Musicoterapia en ritmo para la rehabilitaci\u00f3n tras un ictus. Fisiopraxia 7(02): 30-33.<\/p>\n\n\n\n<p>Baumann, M., Hinkelmann, A., Jochheim M., <strong>Mainka, S.<\/strong>, Straub, S. y Unterharnscheidt, M. (2005). Cat\u00e1logo de indicaciones para musicoterapia en rehabilitaci\u00f3n neurol\u00f3gica. Sociedad Alemana de Musicoterapia. Berl\u00edn.<\/p>\n\n\n\n<p>___<\/p>\n\n\n\n<p><strong><em>Monograf\u00edas<\/em><\/strong><\/p>\n\n\n\n<p><strong>Mainka, S.<\/strong> (2018). Aprender a caminar de nuevo con m\u00fasica: Evaluaci\u00f3n del entrenamiento en cinta rodante asistido por m\u00fasica para pacientes hemipar\u00e9ticos tras un ictus. Universidad de Potsdam. <a href=\"https:\/\/doi.org\/10.25932\/publishup-43004\" target=\"_blank\" rel=\"noreferrer noopener\">https:\/\/doi.org\/10.25932\/publishup-43004<\/a><\/p>\n\n\n\n<p><strong>Mainka, S.<\/strong> (2002). La musicoterapia como parte integral de un concepto de tratamiento biopsicosocial en la cl\u00ednica de d\u00eda psiqui\u00e1trica.&nbsp;<a href=\"https:\/\/mit-musik-geht-reha-besser.de\/wp-content\/uploads\/2019\/01\/2002_Mainka_Musiktherapie_in_Psychiatrischer_Tagesklinik.pdf\" data-type=\"attachment\" data-id=\"201\" target=\"_blank\" rel=\"noreferrer noopener\">Enlace.<\/a><\/p>\n\n\n\n<p><\/p>\n\n\n\n<p>___<\/p>\n\n\n\n<p><strong><em>Cap\u00edtulo de libro<\/em><\/strong><\/p>\n\n\n\n<p>Thaut, MH, H\u00f6mberg, V.,<strong> Mainka, S.<\/strong> (2025). Introducci\u00f3n a la musicoterapia neurol\u00f3gica. En: Kreutz, G., Bernatzky, G. (eds.) M\u00fasica y medicina. Salud y bienestar neurocultural. Springer, Berl\u00edn, Heidelberg. https:\/\/doi.org\/10.1007\/978-3-662-72175-9_11<\/p>\n\n\n\n<p><strong>Mainka, S.<\/strong>, y Mallien, G. (2025). Se\u00f1alizaci\u00f3n r\u00edtmica del habla (RSC)\u00ae. En MH Thaut y V. Hoemberg (Eds.), <em>Manual de musicoterapia neurol\u00f3gica<\/em> (2.\u00aa ed., p\u00e1gs. 167-178). Oxford University Press. DOI: <a href=\"https:\/\/doi.org\/10.1093\/OSO\/9780192844491.003.0013\" target=\"_blank\" rel=\"noreferrer noopener\">10.1093\/OSO\/9780192844491.003.0013<\/a>&nbsp;<\/p>\n\n\n\n<p><strong>Mainka, S.<\/strong>, Groothuis, M., Werger, C. y Roth, E.A. (2025). Tecnolog\u00eda musical para la musicoterapia neurol\u00f3gica (NMT)\u00ae. En MH Thaut y V. Hoemberg (Eds.), <em>Manual de musicoterapia neurol\u00f3gica<\/em> (2.\u00aa ed., p\u00e1gs. 15-27). Oxford University Press. DOI: <a href=\"https:\/\/doi.org\/10.1093\/OSO\/9780192844491.003.0003\" target=\"_blank\" rel=\"noreferrer noopener\">10.1093\/OSO\/9780192844491.003.0003<\/a>&nbsp;<\/p>\n\n\n\n<p><strong>Mainka, S.<\/strong>, Engel, A. (2024): Terapia musicoasistida en neurorrehabilitaci\u00f3n. En: Neurorrehabilitaci\u00f3n. Eds. P. Frommelt, A. Th\u00f6ne-Otto, H. Gr\u00f6tzbach, Springer Link. 5 de julio: 655-665. DOI:&nbsp;<a href=\"http:\/\/dx.doi.org\/10.1007\/978-3-662-66957-0_41\" target=\"_blank\" rel=\"noreferrer noopener\">10.1007\/978-3-662-66957-0_41<\/a><\/p>\n\n\n\n<p><strong>Mainka, S.<\/strong> (2017): Musicoterapia en la enfermedad de Parkinson. En: Terapias activadoras para s\u00edndromes de Parkinson. Eds. G. Ebersbach y A. Ceballos-Baumann. Tercera edici\u00f3n revisada. Thieme, Stuttgart.<\/p>\n\n\n\n<p><strong>Mainka, S.<\/strong>, Spintge, R. y Thaut, M. (2016): Musicoterapia en entornos de rehabilitaci\u00f3n m\u00e9dica y neurol\u00f3gica. En: The Oxford Handbook of Music Psychology. Eds. S. Hallam, I. Cross, M. Thaut. Oxford University Press. 2.\u00aa edici\u00f3n. 857-876.<\/p>\n\n\n\n<p><strong>Mainka, S.<\/strong> &amp; Mallien, G. (2014). Se\u00f1alizaci\u00f3n r\u00edtmica del habla. En: Manual de musicoterapia neurol\u00f3gica. Eds. Thaut, M., Hoemberg, V., Oxford University Press.&nbsp;<\/p>\n\n\n\n<p><strong>Mainka, S.<\/strong> Reinhardt, A. (2012). Musicoterapia en la enfermedad de Parkinson. En: Terapias activadoras para s\u00edndromes de Parkinson. Eds. G. Ebersbach y A. Ceballos-Baumann. 2.\u00aa edici\u00f3n. Thieme, Stuttgart.<\/p>\n\n\n\n<p><strong>Mainka, S.<\/strong> Reinhardt, A. (2009). Musicoterapia en la enfermedad de Parkinson. En: Terapias activadoras para s\u00edndromes de Parkinson. Eds. G. Ebersbach y A. Ceballos-Baumann. 1.\u00aa edici\u00f3n, Thieme, Stuttgart.<\/p>\n\n\n\n<p><strong>Mainka, S.<\/strong> (2009). Entrenamiento del habla r\u00edtmica como posible enfoque de la logopedia para pacientes con par\u00e1lisis supranuclear progresiva. En: Par\u00e1lisis Supranuclear Progresiva (PSP): Habla, Lenguaje y Comunicaci\u00f3n. Eds. S. Wagner y S. Kotz.<\/p>\n\n\n\n<p><strong>Mainka, S.<\/strong> (2005). El uso de la estimulaci\u00f3n auditiva pulsada (EAP) en la rehabilitaci\u00f3n sensoriomotora. En: Musicoterapia para la neurorrehabilitaci\u00f3n. Ed. S. Jochims. 99-112. Hippocampus Verlag, Bad Honnef.<\/p>\n\n\n\n<p>___<\/p>\n\n\n\n<p><strong><em>Presentaciones\/p\u00f3steres de conferencias:<\/em><\/strong><\/p>\n\n\n\n<p><strong>Mainka, S.<\/strong> (2025). Musificaci\u00f3n para el entrenamiento de la marcha en pacientes con enfermedad de Parkinson: resultados preliminares de un ensayo controlado aleatorizado. Congreso Europeo de Musicoterapia, 23-27 de julio de 2025. Hamburgo. <\/p>\n\n\n\n<p><strong>Mainka, S.<\/strong> (2024). Uso personal de m\u00fasica por pacientes de Parkinson al caminar. Congreso DPG, 25-27 de abril de 2024, Rostock.<\/p>\n\n\n\n<p><strong>Mainka, S.<\/strong> &amp; Ebersbach, G. (2023). Desviaciones del balanceo de brazos en pacientes con EP a diferentes velocidades de marcha. Congreso Internacional de la Sociedad de Trastornos del Movimiento, 26-29 de agosto de 2023. Copenhague.<\/p>\n\n\n\n<p><strong>Mainka, S.<\/strong> (2022). Musicoterapia neurol\u00f3gica en un hospital especializado para pacientes con enfermedad de Parkinson. XIII Congreso Mundial de Rehabilitaci\u00f3n Neurol\u00f3gica. WFNR, 14-17 de diciembre de 2022. Viena.<\/p>\n\n\n\n<p><strong>Mainka, S.<\/strong> &amp; Ebersbach, G. (2022). Viabilidad de la retroalimentaci\u00f3n musical basada en sensores en pacientes con EP. Congreso Internacional de la Sociedad de Trastornos del Movimiento, 15-18 de septiembre de 2022. Madrid. https:\/\/doi.org\/<a href=\"http:\/\/dx.doi.org\/10.13140\/RG.2.2.12831.43680\/1\">10.13140\/RG.2.2.12831.43680\/1<\/a><\/p>\n\n\n\n<p><strong>Mainka, S.<\/strong>, Engel, A., Gros, S., Magee, W., Oliver, S. y Rohde, E. (2022). Implicaciones cl\u00ednicas de la musicoterapia neurol\u00f3gica. Mesa redonda en el 12.\u00ba Congreso Europeo de Musicoterapia, del 8 al 12 de junio de 2022. Edimburgo.<\/p>\n\n\n\n<p><strong>Mainka, S.<\/strong> &amp; Ebersbach, G (2021). Efecto espont\u00e1neo de la retroalimentaci\u00f3n musical basada en sensores en el balanceo de brazos al caminar en pacientes con p\u00e1rkinson. DPG Congress Highlights Digital 2021<\/p>\n\n\n\n<p>Domingo, J. &amp; <strong>Mainka, S.<\/strong> (2019). Musicoterapia neurol\u00f3gica y el concepto de atm\u00f3sfera: un campo de resonancia. XI Congreso Europeo de Musicoterapia, 26-30 de septiembre de 2019, Aalborg.<\/p>\n\n\n\n<p><strong>Mainka, S.<\/strong> &amp; Ebersbach, G. (2019). Retroalimentaci\u00f3n musical interactiva para el entrenamiento del balanceo de brazos en la enfermedad de Parkinson. Congreso DPG, 9 de marzo de 2019, D\u00fcsseldorf.<\/p>\n\n\n\n<p><strong>Mainka, S.<\/strong>, Ebersbach, G. y Rizzonelli, M. (2018). Estimulaci\u00f3n musical con y sin retroalimentaci\u00f3n en el entrenamiento de la marcha para la enfermedad de Parkinson. Congelaci\u00f3n de la marcha. Lovaina, 6-8 de junio de 2018. Lovaina, B\u00e9lgica.<\/p>\n\n\n\n<p><strong>Mainka, S.<\/strong> (2017). Evaluaci\u00f3n del entrenamiento en cinta rodante asistido por m\u00fasica para pacientes hemipar\u00e9ticos tras un ictus. 25.\u00aa Reuni\u00f3n Anual de la Sociedad Alemana de Neurorrehabilitaci\u00f3n, 7-9 de diciembre de 2017. Berl\u00edn.<\/p>\n\n\n\n<p><strong>Mainka, S.<\/strong>, Ebersbach, G. y Rizzonelli, M. (2017). Estimulaci\u00f3n r\u00edtmico-auditiva (EAR) con y sin retroalimentaci\u00f3n musical durante el entrenamiento de la marcha en pacientes con enfermedad de Parkinson idiop\u00e1tica. 25.\u00aa Reuni\u00f3n Anual de la Sociedad Alemana de Neurorrehabilitaci\u00f3n, 7-9 de diciembre de 2017. Berl\u00edn.<\/p>\n\n\n\n<p><strong>Mainka, S.<\/strong> &amp; Wissel, J. (2017). Evaluaci\u00f3n de un entrenamiento en cinta de correr guiado por m\u00fasica para pacientes hemipar\u00e9ticos tras un ictus. Congreso Europeo de Neurorrehabilitaci\u00f3n, 25-28 de octubre de 2017. Lausana, Suiza.<\/p>\n\n\n\n<p><strong>Mainka, S. <\/strong>(2017). Estimulaci\u00f3n r\u00edtmico-auditiva en el entrenamiento de la marcha con y sin retroalimentaci\u00f3n musical basada en sensores. X Congreso Alem\u00e1n de Parkinson y otros Trastornos del Movimiento, 4-6 de mayo de 2017. Baden-Baden, Alemania.<\/p>\n\n\n\n<p><strong>Mainka, S.<\/strong> (2016). Introducci\u00f3n a la Musicoterapia Neurol\u00f3gica. Reuni\u00f3n Anual de la Sociedad Austriaca de Neurorrehabilitaci\u00f3n. 13-15 de octubre de 2016. P\u00f6rtschach, Austria.<\/p>\n\n\n\n<p>Straub, S. y <strong>Mainka, S.<\/strong> (2007). Cat\u00e1logo de Indicaciones de Musicoterapia en Rehabilitaci\u00f3n Neurol\u00f3gica. VII Congreso Europeo de Musicoterapia, 15-19 de agosto de 2007. Eindhoven, Pa\u00edses Bajos.<\/p>\n\n\n\n<hr class=\"wp-block-separator has-alpha-channel-opacity\"\/>\n\n\n\n<p><strong><em>Conferencias:<\/em><\/strong><\/p>\n\n\n\n<p>Mainka, S (2025). Presentaci\u00f3n en p\u00f3ster \u201eMusificaci\u00f3n para el entrenamiento de la marcha en pacientes con enfermedad de Parkinson\u201c. Congreso Europeo de Musicoterapia (EMTC), Hamburgo, Alemania, 24 de julio de 2025<\/p>\n\n\n\n<figure class=\"wp-block-embed is-type-video is-provider-vimeo wp-block-embed-vimeo\"><div class=\"wp-block-embed__wrapper\">\n<iframe loading=\"lazy\" title=\"Presentaci\u00f3n del p\u00f3ster &quot;Musificaci\u00f3n para el entrenamiento de la marcha&quot; en EMTC 2025\" src=\"https:\/\/player.vimeo.com\/video\/1106222107?dnt=1&amp;app_id=122963\" width=\"768\" height=\"504\" frameborder=\"0\" allow=\"autoplay; fullscreen; picture-in-picture; clipboard-write; encrypted-media; web-share\" referrerpolicy=\"strict-origin-when-cross-origin\"><\/iframe>\n<\/div><\/figure>\n\n\n\n<p>Mainka, S. (2024). Terapia musicoasistida para la enfermedad de Parkinson. Escuela de Parkinson en L\u00ednea, 24 de septiembre de 2024<\/p>\n\n\n\n<figure class=\"wp-block-embed is-type-video is-provider-youtube wp-block-embed-youtube wp-embed-aspect-16-9 wp-has-aspect-ratio\"><div class=\"wp-block-embed__wrapper\">\n<iframe loading=\"lazy\" title=\"Escuela Parkinson 1.4 Musicoterapia\" width=\"768\" height=\"432\" src=\"https:\/\/www.youtube.com\/embed\/WfwCh0zrObc?feature=oembed\" frameborder=\"0\" allow=\"accelerometer; autoplay; clipboard-write; encrypted-media; gyroscope; picture-in-picture; web-share\" referrerpolicy=\"strict-origin-when-cross-origin\" allowfullscreen><\/iframe>\n<\/div><\/figure>\n\n\n\n<p><\/p>","protected":false},"excerpt":{"rendered":"<p>Musiktherapeut (Nat. Register 210817), Rehabilitationswissenschaftler Kontakt: S.Mainka @ UdK-Berlin.de, auch auf Research Gate ___ Ver\u00f6ffentlichungen: Peer-reviewed Journals Mainka, S., &amp; Weymann, E. (2025). Music therapy newly defined. Approaches: An Interdisciplinary Journal of Music Therapy. https:\/\/doi.org\/10.56883\/AIJMT.2025.631 Mainka, S. (2024). Pers\u00f6nlicher Musikgebrauch von Parkinson-Patienten beim Gehen. Neurol Rehabil 20(1): 27-30. Mainka, S., Lauermann, M. &amp; Ebersbach, G. [&hellip;]<\/p>\n","protected":false},"author":1,"featured_media":0,"parent":0,"menu_order":80,"comment_status":"closed","ping_status":"closed","template":"","meta":{"footnotes":""},"class_list":["post-163","page","type-page","status-publish","hentry"],"_links":{"self":[{"href":"http:\/\/mit-musik-geht-reha-besser.de\/es\/wp-json\/wp\/v2\/pages\/163","targetHints":{"allow":["GET"]}}],"collection":[{"href":"http:\/\/mit-musik-geht-reha-besser.de\/es\/wp-json\/wp\/v2\/pages"}],"about":[{"href":"http:\/\/mit-musik-geht-reha-besser.de\/es\/wp-json\/wp\/v2\/types\/page"}],"author":[{"embeddable":true,"href":"http:\/\/mit-musik-geht-reha-besser.de\/es\/wp-json\/wp\/v2\/users\/1"}],"replies":[{"embeddable":true,"href":"http:\/\/mit-musik-geht-reha-besser.de\/es\/wp-json\/wp\/v2\/comments?post=163"}],"version-history":[{"count":99,"href":"http:\/\/mit-musik-geht-reha-besser.de\/es\/wp-json\/wp\/v2\/pages\/163\/revisions"}],"predecessor-version":[{"id":1418,"href":"http:\/\/mit-musik-geht-reha-besser.de\/es\/wp-json\/wp\/v2\/pages\/163\/revisions\/1418"}],"wp:attachment":[{"href":"http:\/\/mit-musik-geht-reha-besser.de\/es\/wp-json\/wp\/v2\/media?parent=163"}],"curies":[{"name":"wp","href":"https:\/\/api.w.org\/{rel}","templated":true}]}}