{"id":205,"date":"2019-01-19T15:26:08","date_gmt":"2019-01-19T15:26:08","guid":{"rendered":"http:\/\/mit-musik-geht-reha-besser.de\/?page_id=205"},"modified":"2021-04-19T04:09:51","modified_gmt":"2021-04-19T04:09:51","slug":"wachkoma-2","status":"publish","type":"page","link":"http:\/\/mit-musik-geht-reha-besser.de\/es\/wachkoma-2\/","title":{"rendered":"estado vegetativo"},"content":{"rendered":"<p class=\"has-text-align-center\"><em>por Karin B\u00f6seler<\/em><\/p>\n\n\n\n<div class=\"wp-block-image\"><figure class=\"alignright is-resized\"><img loading=\"lazy\" decoding=\"async\" src=\"http:\/\/mit-musik-geht-reha-besser.de\/wp-content\/uploads\/2019\/01\/Chimes_handson.jpg\" alt=\"\" class=\"wp-image-18\" width=\"129\" height=\"86\" srcset=\"https:\/\/mit-musik-geht-reha-besser.de\/wp-content\/uploads\/2019\/01\/Chimes_handson.jpg 350w, https:\/\/mit-musik-geht-reha-besser.de\/wp-content\/uploads\/2019\/01\/Chimes_handson-300x200.jpg 300w\" sizes=\"auto, (max-width: 129px) 100vw, 129px\" \/><\/figure><\/div>\n\n\n\n<p>Las personas en coma (o en estado vegetativo o s\u00edndrome ap\u00e1lico) requieren no solo atenci\u00f3n m\u00e9dica, de enfermer\u00eda, fisioterapia, terapia ocupacional y neuropsicol\u00f3gica intensiva, sino tambi\u00e9n atenci\u00f3n y apoyo especiales. Necesitan un contacto interpersonal intensivo. <\/p>\n\n\n\n<p>Las actividades de musicoterapia, como cantar, tararear o improvisar con instrumentos musicales, ofrecen una manera de brindar a las personas en estado vegetativo una sensaci\u00f3n de seguridad, protecci\u00f3n, conexi\u00f3n humana y calidez mediante un di\u00e1logo cercano e intenso. Esto es especialmente importante cuando las personas afectadas han sufrido trauma psicol\u00f3gico, adem\u00e1s de graves discapacidades f\u00edsicas y posiblemente cognitivas.<\/p>\n\n\n\n<p>Los di\u00e1logos musicales interpersonales con personas en estado vegetativo est\u00e1n estrechamente vinculados a experiencias prenatales profundamente arraigadas. Se asemejan al di\u00e1logo \u00edntimo entre madre e hijo (lenguaje maternal, lenguaje infantil). Bas\u00e1ndose en estas experiencias, la musicoterapia permite a las personas en estado vegetativo reconectar con su mundo interior. <\/p>\n\n\n\n<div class=\"wp-block-image\"><figure class=\"alignleft is-resized\"><img loading=\"lazy\" decoding=\"async\" src=\"http:\/\/mit-musik-geht-reha-besser.de\/wp-content\/uploads\/2019\/01\/haende_kind-im-bett.jpg\" alt=\"\" class=\"wp-image-57\" width=\"114\" height=\"75\" srcset=\"https:\/\/mit-musik-geht-reha-besser.de\/wp-content\/uploads\/2019\/01\/haende_kind-im-bett.jpg 1000w, https:\/\/mit-musik-geht-reha-besser.de\/wp-content\/uploads\/2019\/01\/haende_kind-im-bett-300x200.jpg 300w, https:\/\/mit-musik-geht-reha-besser.de\/wp-content\/uploads\/2019\/01\/haende_kind-im-bett-768x511.jpg 768w\" sizes=\"auto, (max-width: 114px) 100vw, 114px\" \/><\/figure><\/div>\n\n\n\n<p>Adem\u00e1s, la m\u00fasica afecta el centro de recompensa y placer del cerebro (estriado ventral), de forma similar a una mirada o caricia cari\u00f1osa en un ambiente relajado. El Dr. Andreas Zieger, m\u00e9dico jefe de rehabilitaci\u00f3n neurol\u00f3gica temprana en Oldenburg, escribe: \u201eLa m\u00fasica afecta de forma demostrable a todo el cerebro: activa y calma las estructuras t\u00f3nicas del tronco encef\u00e1lico\u201c. \u201eLa m\u00fasica afecta a ambos hemisferios cerebrales: el hemisferio derecho reacciona al sonido, la entonaci\u00f3n, la din\u00e1mica y las emociones negativas, mientras que el hemisferio izquierdo gestiona funciones anal\u00edticas y racionales como la melod\u00eda, el ritmo, el reconocimiento del tono y las emociones positivas\u201c.\u201e <\/p>\n\n\n\n<p>Las personas en estado vegetativo responden a la m\u00fasica. El musicoterapeuta presta atenci\u00f3n a los movimientos m\u00e1s sutiles, como masticar y chasquear los dedos, los movimientos de los p\u00e1rpados, los cambios en la direcci\u00f3n de la mirada, la fijaci\u00f3n de los ojos, los cambios en la respiraci\u00f3n (inhalaci\u00f3n y exhalaci\u00f3n profundas), la relajaci\u00f3n o tensi\u00f3n f\u00edsica, los giros de la cabeza y otros movimientos corporales. Signos emocionales como expresiones faciales alteradas, la sonrisa o el llanto tambi\u00e9n sugieren que las personas en estado vegetativo pueden reaccionar a su entorno y percibir la m\u00fasica como un apoyo positivo, reconfortante y vital. <\/p>\n\n\n\n<p>La musicoterapia para personas en estado vegetativo es un complemento importante a la amplia gama de servicios terap\u00e9uticos, ya que aborda y percibe las necesidades humanas b\u00e1sicas, cambia y ampl\u00eda las experiencias emocionales y ayuda a superar las ansiedades y las experiencias traum\u00e1ticas. <\/p>\n\n\n\n<p class=\"has-text-align-right\"><em>Fuente: Andreas Zieger, La m\u00fasica como mediadora de una nueva vida. Un signo social de esperanza para personas en coma y s\u00edndrome ap\u00e1lico. En: Neander, K.-D. (ed.): M\u00fasica y Cuidado. M\u00fanich: Urban &amp; Fischer, 1999, pp. 145-164.<\/em><\/p>\n\n\n\n<p class=\"has-text-align-right\"><a href=\"http:\/\/mit-musik-geht-reha-besser.de\/wp-content\/uploads\/2021\/04\/Musiktherapie-Anamnese-Wachkoma.pdf\" data-type=\"page\">Musicoterapia (antecedentes colaterales)<\/a> bajo <a href=\"http:\/\/mit-musik-geht-reha-besser.de\/es\/zubehoer\/\" data-type=\"page\" data-id=\"336\">Accesorios<\/a><\/p>","protected":false},"excerpt":{"rendered":"<p>von Karin B\u00f6seler Menschen im Koma (bzw. Wachkoma od. apallisches Syndrom) ben\u00f6tigen neben intensiver \u00e4rztlicher, pflegerischer, physio-, ergotherapeutischer und neuropsychologischer Betreuung und Versorgung eine besondere Zuwendung und Aufmerksamkeit. Sie brauchen einen intensiven zwischenmenschlichen Kontakt. Musiktherapeutische Angebote wie Singen, Summen oder Improvisation auf Musikinstrumenten sind eine M\u00f6glichkeit, Menschen im Wachkoma in nahen und intensiven Dialogen Geborgenheit, [&hellip;]<\/p>\n","protected":false},"author":1,"featured_media":0,"parent":0,"menu_order":3,"comment_status":"closed","ping_status":"closed","template":"","meta":{"footnotes":""},"class_list":["post-205","page","type-page","status-publish","hentry"],"_links":{"self":[{"href":"http:\/\/mit-musik-geht-reha-besser.de\/es\/wp-json\/wp\/v2\/pages\/205","targetHints":{"allow":["GET"]}}],"collection":[{"href":"http:\/\/mit-musik-geht-reha-besser.de\/es\/wp-json\/wp\/v2\/pages"}],"about":[{"href":"http:\/\/mit-musik-geht-reha-besser.de\/es\/wp-json\/wp\/v2\/types\/page"}],"author":[{"embeddable":true,"href":"http:\/\/mit-musik-geht-reha-besser.de\/es\/wp-json\/wp\/v2\/users\/1"}],"replies":[{"embeddable":true,"href":"http:\/\/mit-musik-geht-reha-besser.de\/es\/wp-json\/wp\/v2\/comments?post=205"}],"version-history":[{"count":5,"href":"http:\/\/mit-musik-geht-reha-besser.de\/es\/wp-json\/wp\/v2\/pages\/205\/revisions"}],"predecessor-version":[{"id":626,"href":"http:\/\/mit-musik-geht-reha-besser.de\/es\/wp-json\/wp\/v2\/pages\/205\/revisions\/626"}],"wp:attachment":[{"href":"http:\/\/mit-musik-geht-reha-besser.de\/es\/wp-json\/wp\/v2\/media?parent=205"}],"curies":[{"name":"wp","href":"https:\/\/api.w.org\/{rel}","templated":true}]}}