{"id":209,"date":"2019-01-19T15:33:42","date_gmt":"2019-01-19T15:33:42","guid":{"rendered":"http:\/\/mit-musik-geht-reha-besser.de\/?page_id=209"},"modified":"2025-06-25T19:14:19","modified_gmt":"2025-06-25T19:14:19","slug":"neurologische-musiktherapie-motoriktraining","status":"publish","type":"page","link":"http:\/\/mit-musik-geht-reha-besser.de\/es\/neurologische-musiktherapie-motoriktraining\/","title":{"rendered":"NMT\u2122 \u2013 Entrenamiento de habilidades motoras"},"content":{"rendered":"<p>Aqu\u00ed, las aplicaciones motoras del <a href=\"http:\/\/mit-musik-geht-reha-besser.de\/es\/neurologische-musiktherapie\/\">Musicoterapia neurol\u00f3gica<\/a><sup>\u00ae<\/sup> como lo describe Thaut.<\/p>\n\n\n\n<h4 class=\"wp-block-heading\"><strong><a>Entrenamiento de la marcha con m\u00fasica \u2013 RAS<\/a><\/strong><\/h4>\n\n\n<div class=\"wp-block-image\">\n<figure class=\"alignright is-resized\"><img loading=\"lazy\" decoding=\"async\" width=\"250\" height=\"333\" src=\"http:\/\/mit-musik-geht-reha-besser.de\/wp-content\/uploads\/2019\/01\/gang.jpg\" alt=\"\" class=\"wp-image-14\" style=\"width:111px;height:148px\" srcset=\"https:\/\/mit-musik-geht-reha-besser.de\/wp-content\/uploads\/2019\/01\/gang.jpg 250w, https:\/\/mit-musik-geht-reha-besser.de\/wp-content\/uploads\/2019\/01\/gang-225x300.jpg 225w\" sizes=\"auto, (max-width: 250px) 100vw, 250px\" \/><\/figure>\n<\/div>\n\n\n<p>Entrenamiento rehabilitador de la marcha<strong> <\/strong>(p. ej., en casos de ictus, enfermedad de Parkinson, traumatismo craneoencef\u00e1lico, cirug\u00eda de cadera, etc.) se vuelve m\u00e1s eficiente con la ayuda de la m\u00fasica. Esto implica el uso de una t\u00e9cnica llamada RAS\u2122 (Estimulaci\u00f3n R\u00edtmico-Ac\u00fastica). Esta se presenta mediante un metr\u00f3nomo o como m\u00fasica a trav\u00e9s de auriculares. El tempo y la estructura de la <a href=\"http:\/\/mit-musik-geht-reha-besser.de\/es\/musik\/\" target=\"_blank\" rel=\"noreferrer noopener\">M\u00fasica de entrenamiento<\/a>\u00a0adaptarse al patr\u00f3n de marcha alterado.\u00a0<br>Protocolo de terapia digital para RAS\u2122: entrenamiento de la marcha. Con editor de f\u00f3rmulas integrado.<\/p>\n\n\n\n<div class=\"wp-block-file\"><a href=\"http:\/\/mit-musik-geht-reha-besser.de\/wp-content\/uploads\/2019\/02\/RAS-Protokoll.xls\">Protocolo RAS\u2122<\/a><a href=\"http:\/\/mit-musik-geht-reha-besser.de\/wp-content\/uploads\/2019\/02\/RAS-Protokoll.xls\" class=\"wp-block-file__button wp-element-button\" download>Descargar<\/a><\/div>\n\n\n\n<figure class=\"wp-block-embed alignleft is-type-video is-provider-vimeo wp-block-embed-vimeo wp-embed-aspect-4-3 wp-has-aspect-ratio\"><div class=\"wp-block-embed__wrapper\">\n<iframe loading=\"lazy\" title=\"Interpretaci\u00f3n instrumental terap\u00e9utica tras una lesi\u00f3n nerviosa\" src=\"https:\/\/player.vimeo.com\/video\/346514321?dnt=1&amp;app_id=122963\" width=\"640\" height=\"480\" frameborder=\"0\" allow=\"autoplay; fullscreen; picture-in-picture; clipboard-write; encrypted-media; web-share\"><\/iframe>\n<\/div><\/figure>\n\n\n\n<h4 class=\"wp-block-heading\"><a>La interpretaci\u00f3n instrumental como entrenamiento del movimiento<\/a><\/h4>\n\n\n\n<p>Tocar instrumentos musicales permite a los pacientes, incluso a aquellos sin experiencia musical previa, entrenar eficazmente los movimientos de los brazos, el torso, las manos, los dedos, etc.<strong> <\/strong>Para musicalizar los ejercicios de movimiento se utilizan instrumentos musicales como la bater\u00eda, los instrumentos de mazo, el piano o la mel\u00f3dica.<strong> <\/strong>Para optimizar. La disposici\u00f3n de los instrumentos y la estimulaci\u00f3n musical \u2014tocada en directo por el terapeuta al piano\u2014 garantizan que el mismo movimiento se practique una y otra vez.&nbsp;<\/p>\n\n\n\n<figure class=\"wp-block-embed alignleft is-type-video is-provider-vimeo wp-block-embed-vimeo wp-embed-aspect-4-3 wp-has-aspect-ratio\"><div class=\"wp-block-embed__wrapper\">\n<iframe loading=\"lazy\" title=\"Entrenamiento manual al piano para pacientes con Parkinson\" src=\"https:\/\/player.vimeo.com\/video\/112469229?dnt=1&amp;app_id=122963\" width=\"720\" height=\"576\" frameborder=\"0\" allow=\"autoplay; fullscreen; picture-in-picture; clipboard-write; encrypted-media; web-share\"><\/iframe>\n<\/div><\/figure>\n\n\n\n<p>Entrenamiento de motricidad fina al piano para personas con enfermedad de Parkinson: una excelente manera de mantener y entrenar la destreza vital de dedos y manos. El entrenamiento de piano se controla r\u00edtmicamente, lo que promueve un movimiento \u00f3ptimo y selectivo de los dedos, a la vez que inhibe la ineficiencia y la rigidez.<\/p>\n\n\n\n<p>Este entrenamiento repetitivo representa un enfoque muy prometedor en el marco de las terapias de rehabilitaci\u00f3n, especialmente cuando d\u00e9ficits adicionales (negligencia, espasticidad, d\u00e9ficit de atenci\u00f3n, etc.) dificultan el progreso del entrenamiento. Con la gu\u00eda del terapeuta, incluso los m\u00fasculos gravemente paralizados pueden entrenarse eficazmente. En musicoterapia neurol\u00f3gica, esta t\u00e9cnica se denomina TIMP\u2122 (Interpretaci\u00f3n Musical Instrumental Terap\u00e9utica).<\/p>\n\n\n\n<h4 class=\"wp-block-heading\"><strong><a>Entrenamiento en secuencias de musicoterapia<\/a><\/strong><\/h4>\n\n\n<div class=\"wp-block-image\">\n<figure class=\"alignleft is-resized\"><img loading=\"lazy\" decoding=\"async\" width=\"350\" height=\"233\" src=\"http:\/\/mit-musik-geht-reha-besser.de\/wp-content\/uploads\/2019\/01\/Chimes_handson.jpg\" alt=\"\" class=\"wp-image-18\" style=\"width:126px;height:84px\" srcset=\"https:\/\/mit-musik-geht-reha-besser.de\/wp-content\/uploads\/2019\/01\/Chimes_handson.jpg 350w, https:\/\/mit-musik-geht-reha-besser.de\/wp-content\/uploads\/2019\/01\/Chimes_handson-300x200.jpg 300w\" sizes=\"auto, (max-width: 350px) 100vw, 350px\" \/><\/figure>\n<\/div>\n\n\n<p>En este entrenamiento, el paciente practica un movimiento complejo o una secuencia de movimientos (p. ej., de sentarse a ponerse de pie, manipular un objeto, etc.) con el apoyo de una pieza musical especialmente compuesta. Todos los movimientos individuales se integran en una melod\u00eda cinem\u00e1tica. Esta t\u00e9cnica de tratamiento se denomina <em>Mejora sensorial modelada<\/em>\u2122. En este proceso, los patrones musicales respaldaban aspectos espec\u00edficos de un movimiento, como el rango de movimiento.<\/p>\n\n\n\n<p>Esta m\u00fasica especial facilita un mejor control motor. Adem\u00e1s, el entrenamiento se convierte en una experiencia auditiva y est\u00e9tica, lo que favorece el aprendizaje mental. Por \u00faltimo, pero no menos importante, hace que el entrenamiento sea m\u00e1s agradable, aumentando la resistencia y la motivaci\u00f3n. V\u00e9ase tambi\u00e9n. <a href=\"https:\/\/www.youtube.com\/channel\/UCKS1ewyg0UOHv3E1AiK3TVw\" target=\"_blank\" rel=\"noreferrer noopener\">Gimnasia musical Beelitz.<\/a><\/p>","protected":false},"excerpt":{"rendered":"<p>Hier werden motorische Anwendungen der Neurologischen Musiktherapie\u00ae nach Thaut beschrieben. Gangtraining mit Musik &#8211; RAS Das rehabilitative Gangtraining (z.Bsp. bei Schlaganfall, Parkinson, Sch\u00e4delhirntrauma, H\u00fcft-OP etc.) wird mittels Musik effizienter. Dabei wird eine sogenannte RAS\u2122 (Rhythmisch-akustische Stimulation) verwendet. Diese wird von einem Metronom oder\u00a0als Musik \u00fcber Kopfh\u00f6rer pr\u00e4sentiert. Dabei m\u00fcssen Tempo und Struktur der Trainingsmusik\u00a0an das [&hellip;]<\/p>\n","protected":false},"author":1,"featured_media":0,"parent":0,"menu_order":4,"comment_status":"closed","ping_status":"closed","template":"","meta":{"footnotes":""},"class_list":["post-209","page","type-page","status-publish","hentry"],"_links":{"self":[{"href":"http:\/\/mit-musik-geht-reha-besser.de\/es\/wp-json\/wp\/v2\/pages\/209","targetHints":{"allow":["GET"]}}],"collection":[{"href":"http:\/\/mit-musik-geht-reha-besser.de\/es\/wp-json\/wp\/v2\/pages"}],"about":[{"href":"http:\/\/mit-musik-geht-reha-besser.de\/es\/wp-json\/wp\/v2\/types\/page"}],"author":[{"embeddable":true,"href":"http:\/\/mit-musik-geht-reha-besser.de\/es\/wp-json\/wp\/v2\/users\/1"}],"replies":[{"embeddable":true,"href":"http:\/\/mit-musik-geht-reha-besser.de\/es\/wp-json\/wp\/v2\/comments?post=209"}],"version-history":[{"count":13,"href":"http:\/\/mit-musik-geht-reha-besser.de\/es\/wp-json\/wp\/v2\/pages\/209\/revisions"}],"predecessor-version":[{"id":1339,"href":"http:\/\/mit-musik-geht-reha-besser.de\/es\/wp-json\/wp\/v2\/pages\/209\/revisions\/1339"}],"wp:attachment":[{"href":"http:\/\/mit-musik-geht-reha-besser.de\/es\/wp-json\/wp\/v2\/media?parent=209"}],"curies":[{"name":"wp","href":"https:\/\/api.w.org\/{rel}","templated":true}]}}