{"id":220,"date":"2019-01-19T15:43:33","date_gmt":"2019-01-19T15:43:33","guid":{"rendered":"http:\/\/mit-musik-geht-reha-besser.de\/?page_id=220"},"modified":"2026-01-07T15:37:25","modified_gmt":"2026-01-07T15:37:25","slug":"musiktherapeutische-psychotherapie","status":"publish","type":"page","link":"http:\/\/mit-musik-geht-reha-besser.de\/es\/musiktherapeutische-psychotherapie\/","title":{"rendered":"Psicoterapia musical"},"content":{"rendered":"<div class=\"wp-block-image\">\n<figure class=\"alignright is-resized\"><img loading=\"lazy\" decoding=\"async\" width=\"600\" height=\"371\" src=\"http:\/\/mit-musik-geht-reha-besser.de\/wp-content\/uploads\/2019\/01\/rahmentrommel.jpg\" alt=\"\" class=\"wp-image-66\" style=\"width:96px;height:59px\" srcset=\"https:\/\/mit-musik-geht-reha-besser.de\/wp-content\/uploads\/2019\/01\/rahmentrommel.jpg 600w, https:\/\/mit-musik-geht-reha-besser.de\/wp-content\/uploads\/2019\/01\/rahmentrommel-300x186.jpg 300w\" sizes=\"auto, (max-width: 600px) 100vw, 600px\" \/><\/figure>\n<\/div>\n\n\n<p>Las personas con trastornos neurol\u00f3gicos suelen estar expuestas a un estr\u00e9s psicol\u00f3gico extremo. La p\u00e9rdida de aspectos esenciales de su identidad, su comunicaci\u00f3n y sus perspectivas de futuro puede mermar su percepci\u00f3n de calidad de vida. Por lo tanto, es fundamental abordar no solo los objetivos de rehabilitaci\u00f3n f\u00edsica y funcional, sino tambi\u00e9n... <strong>realidad psicol\u00f3gica<\/strong> Integrar al paciente en el concepto de tratamiento. Los m\u00e9todos psicoterap\u00e9uticos de musicoterapia son ideales para ello. Facilitan el contacto y la comunicaci\u00f3n incluso cuando otras formas de tratamiento son inaccesibles.<\/p>\n\n\n<div class=\"wp-block-image\">\n<figure class=\"alignleft is-resized\"><img loading=\"lazy\" decoding=\"async\" width=\"1000\" height=\"665\" src=\"http:\/\/mit-musik-geht-reha-besser.de\/wp-content\/uploads\/2019\/01\/frau_lautiert.jpg\" alt=\"\" class=\"wp-image-52\" style=\"width:99px;height:65px\" srcset=\"https:\/\/mit-musik-geht-reha-besser.de\/wp-content\/uploads\/2019\/01\/frau_lautiert.jpg 1000w, https:\/\/mit-musik-geht-reha-besser.de\/wp-content\/uploads\/2019\/01\/frau_lautiert-300x200.jpg 300w, https:\/\/mit-musik-geht-reha-besser.de\/wp-content\/uploads\/2019\/01\/frau_lautiert-768x511.jpg 768w\" sizes=\"auto, (max-width: 1000px) 100vw, 1000px\" \/><\/figure>\n<\/div>\n\n\n<p>En la musicoterapia, la m\u00fasica sirve como veh\u00edculo para las emociones y la expresi\u00f3n. La m\u00fasica evoca sentimientos y estados de \u00e1nimo en cada persona, seg\u00fan su biograf\u00eda y situaci\u00f3n. Estos sirven como punto de partida para el trabajo psicoterap\u00e9utico, conectando con el estado psicol\u00f3gico del individuo. De esta manera, el importante proceso de [informaci\u00f3n faltante] se aborda por la puerta trasera.<strong>\nC\u00f3mo afrontar la enfermedad <\/strong>iniciado.<\/p>\n\n\n<div class=\"wp-block-image\">\n<figure class=\"alignright is-resized\"><img loading=\"lazy\" decoding=\"async\" width=\"523\" height=\"600\" src=\"http:\/\/mit-musik-geht-reha-besser.de\/wp-content\/uploads\/2019\/01\/holzfloete.jpg\" alt=\"\" class=\"wp-image-59\" style=\"width:60px;height:69px\" srcset=\"https:\/\/mit-musik-geht-reha-besser.de\/wp-content\/uploads\/2019\/01\/holzfloete.jpg 523w, https:\/\/mit-musik-geht-reha-besser.de\/wp-content\/uploads\/2019\/01\/holzfloete-262x300.jpg 262w\" sizes=\"auto, (max-width: 523px) 100vw, 523px\" \/><\/figure>\n<\/div>\n\n\n<p>En un contexto psicoterap\u00e9utico, las sesiones de musicoterapia grupal tambi\u00e9n pueden ser importantes. M\u00e9todos como la improvisaci\u00f3n instrumental grupal, la musicoterapia grupal receptiva o la cantoterapia grupal permiten a los participantes explorar su propia situaci\u00f3n en un ambiente no orientado a la interpretaci\u00f3n.<\/p>","protected":false},"excerpt":{"rendered":"<p>Menschen mit neurologischen Erkrankungen stehen sind oft extremer seelischer Belastung ausgesetzt. Der Verlust wesentlicher Aspekte ihrer Identit\u00e4t, ihrer Kommunikation und ihrer Zukunftsperspektiven k\u00f6nnen die erlebte Lebensqualit\u00e4t mindern. Daher ist es sehr wichtig neben k\u00f6rperlich-funktionalen Rehazielen auch die seelische Lebensrealit\u00e4t der Patienten mit ins Behandlungskonzept zu integrieren. Daf\u00fcr sind die psychotherapeutischen Verfahren der Musiktherapie pr\u00e4destiniert. Sie [&hellip;]<\/p>\n","protected":false},"author":1,"featured_media":0,"parent":0,"menu_order":5,"comment_status":"closed","ping_status":"closed","template":"","meta":{"footnotes":""},"class_list":["post-220","page","type-page","status-publish","hentry"],"_links":{"self":[{"href":"http:\/\/mit-musik-geht-reha-besser.de\/es\/wp-json\/wp\/v2\/pages\/220","targetHints":{"allow":["GET"]}}],"collection":[{"href":"http:\/\/mit-musik-geht-reha-besser.de\/es\/wp-json\/wp\/v2\/pages"}],"about":[{"href":"http:\/\/mit-musik-geht-reha-besser.de\/es\/wp-json\/wp\/v2\/types\/page"}],"author":[{"embeddable":true,"href":"http:\/\/mit-musik-geht-reha-besser.de\/es\/wp-json\/wp\/v2\/users\/1"}],"replies":[{"embeddable":true,"href":"http:\/\/mit-musik-geht-reha-besser.de\/es\/wp-json\/wp\/v2\/comments?post=220"}],"version-history":[{"count":6,"href":"http:\/\/mit-musik-geht-reha-besser.de\/es\/wp-json\/wp\/v2\/pages\/220\/revisions"}],"predecessor-version":[{"id":1422,"href":"http:\/\/mit-musik-geht-reha-besser.de\/es\/wp-json\/wp\/v2\/pages\/220\/revisions\/1422"}],"wp:attachment":[{"href":"http:\/\/mit-musik-geht-reha-besser.de\/es\/wp-json\/wp\/v2\/media?parent=220"}],"curies":[{"name":"wp","href":"https:\/\/api.w.org\/{rel}","templated":true}]}}