{"id":236,"date":"2019-01-20T10:35:25","date_gmt":"2019-01-20T10:35:25","guid":{"rendered":"http:\/\/mit-musik-geht-reha-besser.de\/?page_id=236"},"modified":"2026-01-07T15:39:28","modified_gmt":"2026-01-07T15:39:28","slug":"parkinson","status":"publish","type":"page","link":"http:\/\/mit-musik-geht-reha-besser.de\/es\/parkinson\/","title":{"rendered":"enfermedad de Parkinson"},"content":{"rendered":"<div class=\"wp-block-image\">\n<figure class=\"alignright is-resized\"><img loading=\"lazy\" decoding=\"async\" width=\"250\" height=\"333\" src=\"http:\/\/mit-musik-geht-reha-besser.de\/wp-content\/uploads\/2019\/01\/gang.jpg\" alt=\"\" class=\"wp-image-14\" style=\"width:133px;height:177px\" srcset=\"https:\/\/mit-musik-geht-reha-besser.de\/wp-content\/uploads\/2019\/01\/gang.jpg 250w, https:\/\/mit-musik-geht-reha-besser.de\/wp-content\/uploads\/2019\/01\/gang-225x300.jpg 225w\" sizes=\"auto, (max-width: 250px) 100vw, 250px\" \/><\/figure>\n<\/div>\n\n\n<p>La enfermedad de Parkinson es actualmente incurable. Si la medicaci\u00f3n es ineficaz o ya no es lo suficientemente eficaz, los pacientes pueden buscar tratamiento en cl\u00ednicas especializadas. Estos hospitales especializados o cl\u00ednicas de neurorrehabilitaci\u00f3n a veces tambi\u00e9n ofrecen musicoterapia, una terapia complementaria importante para la enfermedad de Parkinson.<\/p>\n\n\n<div class=\"wp-block-image\">\n<figure class=\"alignleft is-resized\"><img loading=\"lazy\" decoding=\"async\" width=\"500\" height=\"667\" src=\"http:\/\/mit-musik-geht-reha-besser.de\/wp-content\/uploads\/2019\/01\/klavier-mit-therapeutin.jpg\" alt=\"\" class=\"wp-image-10\" style=\"width:119px;height:159px\" srcset=\"https:\/\/mit-musik-geht-reha-besser.de\/wp-content\/uploads\/2019\/01\/klavier-mit-therapeutin.jpg 500w, https:\/\/mit-musik-geht-reha-besser.de\/wp-content\/uploads\/2019\/01\/klavier-mit-therapeutin-225x300.jpg 225w\" sizes=\"auto, (max-width: 500px) 100vw, 500px\" \/><\/figure>\n<\/div>\n\n\n<p>A trav\u00e9s de <a href=\"file:\/\/\/G:\/web%20site\/WEB%20SPACE%201&amp;1\/Mit-Musik-geht-Reha-besser\/html\/nmt-motor.html#ras\"><strong>RAS \u2013 <\/strong><\/a><strong><a href=\"http:\/\/mit-musik-geht-reha-besser.de\/es\/neurologische-musiktherapie-motoriktraining\/\">Entrenamiento de la marcha <\/a><\/strong>Las personas con enfermedad de Parkinson pueden mejorar su capacidad para caminar con m\u00fasica o un metr\u00f3nomo. Seg\u00fan el objetivo, se puede trabajar en una zancada m\u00e1s larga, un balanceo de brazos m\u00e1s fuerte o una marcha m\u00e1s estable. El enfoque correcto es crucial para el \u00e9xito de la terapia. <a href=\"http:\/\/mit-musik-geht-reha-besser.de\/es\/musik\/\">M\u00fasica de entrenamiento<\/a>. El ritmo del ejercicio se ajusta individualmente seg\u00fan la terapia. Si camina a un ritmo lento, se aumentar\u00e1. Por el contrario, si tiene inestabilidad al caminar, deber\u00eda elegir ritmos m\u00e1s lentos, de 95 a un m\u00e1ximo de 105 lpm. <a href=\"https:\/\/mit-musik-geht-reha-besser.de\/es\/musik\/\" data-type=\"page\" data-id=\"90\">M\u00fasica<\/a> Encuentra listas de reproducci\u00f3n y descargas perfectamente personalizadas para enriquecer y mejorar tu rutina diaria de ejercicios.<\/p>\n\n\n\n<p>Esto tambi\u00e9n ocurre con la gimnasia musical Beelitz. Fue desarrollada por terapeutas del Centro de Parkinson Beelitz-Heilst\u00e4tten para el autoentrenamiento en casa de personas con enfermedad de Parkinson. Puede encontrar m\u00e1s informaci\u00f3n al respecto en el Centro de Parkinson. <a href=\"https:\/\/www.parkinson-beelitz.de\/search-kbgp\/leistungsspektrum\/musiktherapie-27.html\" data-type=\"link\" data-id=\"https:\/\/www.parkinson-beelitz.de\/parkinson-infos\/links.html\" target=\"_blank\" rel=\"noreferrer noopener\">2 CD con folleto de fotos<\/a> relatar.<\/p>\n\n\n\n<figure class=\"wp-block-embed is-type-video is-provider-youtube wp-block-embed-youtube wp-embed-aspect-16-9 wp-has-aspect-ratio\"><div class=\"wp-block-embed__wrapper\">\n<iframe loading=\"lazy\" title=\"Gimnasia musical Beelitz como entrenamiento en casa para personas con enfermedad de Parkinson\" width=\"768\" height=\"432\" src=\"https:\/\/www.youtube.com\/embed\/TbougNQt_pM?feature=oembed\" frameborder=\"0\" allow=\"accelerometer; autoplay; clipboard-write; encrypted-media; gyroscope; picture-in-picture; web-share\" referrerpolicy=\"strict-origin-when-cross-origin\" allowfullscreen><\/iframe>\n<\/div><figcaption class=\"wp-element-caption\"><a href=\"https:\/\/www.youtube.com\/watch?v=kxkVUIPqRYA\">Versi\u00f3n en ingl\u00e9s<\/a><\/figcaption><\/figure>\n\n\n\n<p>En el Centro de Parkinson de Beelitz-Heilst\u00e4tten, tambi\u00e9n se desarroll\u00f3 una aplicaci\u00f3n que genera retroalimentaci\u00f3n musical del movimiento para el entrenamiento de la marcha. Esta aplicaci\u00f3n se llama <a href=\"http:\/\/www.curaswing.de\" data-type=\"link\" data-id=\"https:\/\/apps.apple.com\/de\/app\/curaswing\/id1350473198\" target=\"_blank\" rel=\"noreferrer noopener\">CuraSwing<\/a>, Est\u00e1 adaptada a las necesidades de los pacientes con p\u00e1rkinson. La aplicaci\u00f3n permite un entrenamiento de marcha personalizado con m\u00fasica para ayudar a los usuarios a mantenerse activos a diario.<\/p>\n\n\n\n<p>En casos de bloqueo de la marcha, el llamado <em>Congelaci\u00f3n<\/em> El entrenamiento r\u00edtmico con metr\u00f3nomo suele ayudar a recuperar una marcha m\u00e1s fluida. Esto se practica a una velocidad significativamente menor. Otra forma de superar estos bloqueos es el llamado &quot;canto mental&quot; al caminar. En este m\u00e9todo, las personas afectadas aprenden a concentrarse en una canci\u00f3n espec\u00edfica elegida para ellas mientras caminan. De nuevo, un ritmo m\u00e1s bien lento es crucial. Para un inicio marcado, &quot;H\u00e4nschen klein&quot;, una canci\u00f3n infantil alemana sencilla pero con una estructura muy clara, es especialmente adecuada. <\/p>\n\n\n\n<p>A trav\u00e9s de <strong>canto terap\u00e9utico<\/strong> Los pacientes con p\u00e1rkinson pueden entrenar intensamente su voz y respiraci\u00f3n. Esto mejora la calidad de la voz y la coordinaci\u00f3n entre la respiraci\u00f3n y la voz. Esto tambi\u00e9n tiene efectos positivos en el habla y, por lo tanto, en la comunicaci\u00f3n. Las canciones se adaptan al rango vocal y a los s\u00edntomas vocales espec\u00edficos. Por lo tanto, un entrenamiento \u00f3ptimo tambi\u00e9n es posible y beneficioso para la hipofon\u00eda relacionada con el p\u00e1rkinson. <a href=\"http:\/\/mit-musik-geht-reha-besser.de\/es\/zubehoer\/\" data-type=\"page\" data-id=\"336\">Accesorios<\/a> Puedes encontrar el cancionero de LiLa para autoimprimir, con enlaces para karaoke terap\u00e9utico. La app Karafun tambi\u00e9n es ideal para este prop\u00f3sito, ya que permite ajustar individualmente el tempo y el tono.<\/p>\n\n\n\n<p><br>En el <strong>musicoterapia de baile<\/strong> Los movimientos se practican de forma l\u00fadica en c\u00edrculos, bloques o danzas en pareja. Adem\u00e1s del potente efecto terap\u00e9utico en la movilidad y la coordinaci\u00f3n, los pacientes con p\u00e1rkinson tambi\u00e9n pueden redescubrir el placer del movimiento. (Ver tambi\u00e9n...) <a href=\"file:\/\/\/G:\/web%20site\/WEB%20SPACE%201&amp;1\/Mit-Musik-geht-Reha-besser\/html\/publik\/publik012008.html\">Noticias: Bailar ayuda <\/a><a href=\"http:\/\/mit-musik-geht-reha-besser.de\/es\/nachrichten\/\">en <\/a><a href=\"file:\/\/\/G:\/web%20site\/WEB%20SPACE%201&amp;1\/Mit-Musik-geht-Reha-besser\/html\/publik\/publik012008.html\">Parkinson<\/a>)<\/p>\n\n\n\n<p>Al <strong><a href=\"http:\/\/mit-musik-geht-reha-besser.de\/es\/neurologische-musiktherapie-sprach-sprech-und-stimmtraining\/\">Entrenamiento del habla r\u00edtmica<\/a><\/strong> Los pacientes que antes ten\u00edan dificultades para comprender aprenden a articular con mayor claridad y ritmo. Muchos afectados sufren una reducci\u00f3n en la frecuencia de degluci\u00f3n. Para ello, el <a href=\"http:\/\/mit-musik-geht-reha-besser.de\/es\/schluck-wecker\/\" data-type=\"page\" data-id=\"814\">Despertador de golondrinas <\/a>desarrollado. En el <strong>improvisaci\u00f3n instrumental<\/strong> Incluso los pacientes de Parkinson sin experiencia musical pueden probar suerte con los instrumentos musicales. En terapia individual o grupal, este m\u00e9todo promueve no solo las habilidades motoras, sino tambi\u00e9n el afrontamiento de la enfermedad. Por lo tanto, corresponde a... <a href=\"file:\/\/\/G:\/web%20site\/WEB%20SPACE%201&amp;1\/Mit-Musik-geht-Reha-besser\/html\/psyche.html\">Terapia musical <\/a><a href=\"http:\/\/mit-musik-geht-reha-besser.de\/es\/musiktherapeutische-psychotherapie\/\">psicoterapia<\/a>. En el <a href=\"file:\/\/\/G:\/web%20site\/WEB%20SPACE%201&amp;1\/Mit-Musik-geht-Reha-besser\/html\/nmt-motor.html#timp\">Con apoyo musical <\/a><a href=\"http:\/\/mit-musik-geht-reha-besser.de\/es\/neurologische-musiktherapie-motoriktraining\/\">Entrenamiento de habilidades motoras finas<\/a> Las manos y los dedos se pueden entrenar de tal manera que las actividades cotidianas vuelvan a resultar m\u00e1s f\u00e1ciles.<\/p>\n\n\n\n<p>Los diversos efectos de la m\u00fasica sobre la relajaci\u00f3n, la mejora del estado de \u00e1nimo y la motivaci\u00f3n y la estimulaci\u00f3n de la movilidad y la marcha en la enfermedad de Parkinson pueden ser aprovechados por... <a href=\"https:\/\/mit-musik-geht-reha-besser.de\/es\/playlists\/\" data-type=\"page\" data-id=\"1233\">lista de reproducci\u00f3n personal<\/a> Crea una lista de reproducci\u00f3n de este tipo. Con ella, se puede... <a href=\"https:\/\/mit-musik-geht-reha-besser.de\/es\/musik\/\" data-type=\"page\" data-id=\"90\">Paso<\/a> o influir en el estado de \u00e1nimo actual. Para esto \u00faltimo, tenemos nuestro <a href=\"https:\/\/open.spotify.com\/playlist\/37MZev9u0s1AlYljQRPRBX?si=ziQ0t4wjTOCud5dQx5qZlw\" target=\"_blank\" rel=\"noreferrer noopener\">Lista de reproducci\u00f3n \u201eGet Happy\u201c<\/a> compilado.<\/p>\n\n\n\n<p>Puede encontrar m\u00e1s informaci\u00f3n sobre caminar con m\u00fasica para personas con enfermedad de Parkinson en este art\u00edculo de descripci\u00f3n general en ingl\u00e9s. <a href=\"https:\/\/www.frontiersin.org\/journals\/psychology\/articles\/10.3389\/fpsyg.2015.01547\/full\" data-type=\"link\" data-id=\"https:\/\/www.frontiersin.org\/journals\/psychology\/articles\/10.3389\/fpsyg.2015.01547\/full\" target=\"_blank\" rel=\"noreferrer noopener\">\u201eLa m\u00fasica estimula los m\u00fasculos, la mente y los sentimientos a la vez\u201c<\/a>. Y en el podcast de BR IQ Science del 11 de marzo de 2025 con el profesor Stefan Mainka:<\/p>\n\n\n\n<figure class=\"wp-block-audio\"><audio controls src=\"https:\/\/mit-musik-geht-reha-besser.de\/wp-content\/uploads\/2025\/03\/250311_1815_IQ-Wissenschaft-und-Forschung_PODCAST-Musiktherapie-Kann-Musik-Medizin-.mp3\"><\/audio><\/figure>\n\n\n\n<p><br><\/p>","protected":false},"excerpt":{"rendered":"<p>Die Parkinsonerkrankung l\u00e4sst sich bis heute nicht urs\u00e4chlich heilen. Wenn medikament\u00f6se Therapien nicht oder nicht mehr ausreichend helfen, k\u00f6nnen Betroffene sich in Spezialkliniken behandeln lassen. Diese Fachkrankenh\u00e4user oder Neuro-Reha-Kliniken bieten teilweise auch Musiktherapie an. Dies ist bei Morbus Parkinson eine wichtige begleitende Therapie. Durch RAS &#8211; Gangtraining mit Musik oder Metronom k\u00f6nnen Parkinsonkranke ihre Gehf\u00e4higkeit [&hellip;]<\/p>\n","protected":false},"author":1,"featured_media":14,"parent":0,"menu_order":3,"comment_status":"closed","ping_status":"closed","template":"","meta":{"footnotes":""},"class_list":["post-236","page","type-page","status-publish","has-post-thumbnail","hentry"],"_links":{"self":[{"href":"http:\/\/mit-musik-geht-reha-besser.de\/es\/wp-json\/wp\/v2\/pages\/236","targetHints":{"allow":["GET"]}}],"collection":[{"href":"http:\/\/mit-musik-geht-reha-besser.de\/es\/wp-json\/wp\/v2\/pages"}],"about":[{"href":"http:\/\/mit-musik-geht-reha-besser.de\/es\/wp-json\/wp\/v2\/types\/page"}],"author":[{"embeddable":true,"href":"http:\/\/mit-musik-geht-reha-besser.de\/es\/wp-json\/wp\/v2\/users\/1"}],"replies":[{"embeddable":true,"href":"http:\/\/mit-musik-geht-reha-besser.de\/es\/wp-json\/wp\/v2\/comments?post=236"}],"version-history":[{"count":29,"href":"http:\/\/mit-musik-geht-reha-besser.de\/es\/wp-json\/wp\/v2\/pages\/236\/revisions"}],"predecessor-version":[{"id":1423,"href":"http:\/\/mit-musik-geht-reha-besser.de\/es\/wp-json\/wp\/v2\/pages\/236\/revisions\/1423"}],"wp:featuredmedia":[{"embeddable":true,"href":"http:\/\/mit-musik-geht-reha-besser.de\/es\/wp-json\/wp\/v2\/media\/14"}],"wp:attachment":[{"href":"http:\/\/mit-musik-geht-reha-besser.de\/es\/wp-json\/wp\/v2\/media?parent=236"}],"curies":[{"name":"wp","href":"https:\/\/api.w.org\/{rel}","templated":true}]}}