{"id":329,"date":"2019-02-26T15:44:50","date_gmt":"2019-02-26T15:44:50","guid":{"rendered":"http:\/\/mit-musik-geht-reha-besser.de\/?page_id=329"},"modified":"2019-03-10T15:33:57","modified_gmt":"2019-03-10T15:33:57","slug":"news-mt160712","status":"publish","type":"page","link":"http:\/\/mit-musik-geht-reha-besser.de\/es\/news-mt160712\/","title":{"rendered":"La musicoterapia est\u00e1 arraigada en las pautas de tratamiento del Parkinson"},"content":{"rendered":"\n<p><em>12-06-2016.<\/em> Unter dem Dach der Arbeitsgemeinschaft der wissenschaftlichen medizinischen Fachgesellschaften (AWMF) wurde eine neue Behanldungsleitlinie f\u00fcr Morbus Parkinson (auch: ideopathisches Parkinsonsyndrom) herausgeben. Erstmals werden dort musiktherapeutische Behandlungsans\u00e4tze wie Gangtraining mit Musik, therapeutisches Singen und Gruppenmusiktherapie als m\u00f6gliche therapeutische Optionen bei dieser neuro-degenerativen Erkrankung aufgef\u00fchrt.<\/p>\n\n\n\n<p>Damit tr\u00e4gt die Leitlinie der verbesserten wissenschaftlichen Nachweislage der Musiktherapie Rechnung. Diese Datenlage ist im Falle von Parkinson auch bei den etablierteren Therapieverfahren wie Physiotherapie, Logop\u00e4die und Ergotherapie insgesamt noch recht d\u00fcnn. Obwohl sich alle Experten einig sind, dass regelm\u00e4\u00dfige Therapie (wie Physiotherapie und Logop\u00e4die) den Krankheitsverlauf g\u00fcnstig beeinflussen kann, herrscht weitestgehend Unklarheit dar\u00fcber, welche Therapie f\u00fcr welchen Verlaufstyp den besten Erfolg garantiert. Die wurde j\u00fcngst in einer breit angelegten Therapiestudie aus England deutlich. Die im Januar 2016 vorlegte Arbeit von Clarke und Kollegen beschreibt die Effekte einer Kombinationstherapie aus Physio- und Ergotherapie \u00fcber 3 Montate an 381 Patienten. Das ist eine f\u00fcr Therapiestudien sehr hohe Zahl an Probanden, die normalerweise geeignet ist auch feine Unterschiede zu einer unbehandelten Kontrollgruppe herauszufinden. In dieser Arbeit jedoch gab es keine positiven Auswirkungen der Therapien auf die Ausf\u00fchrung von Alltagsaktivit\u00e4ten oder die allgemeine Lebensqualit\u00e4t. So ein Ergebnis wirft einiges an Fragen auf: Waren es die richtigen Therapieinhalte? Welche Rolle spielt die Therapiefrequenz (untersucht wurde &nbsp;eine Anwendung von 2 w\u00f6chentlichen Einheiten)? &nbsp;H\u00e4tte man die Patienten st\u00e4rker vorselektieren sollen, z.Bsp. nach tremordominant oder spezifischen Symptomen wie Gangfestination? (Clarke et al. 2016, in S3 Leitlinie nicht ber\u00fccksichtigt)<\/p>\n\n\n\n<p>Die Parkinsontherapie an Ganzes braucht spezifischere und ausgefeiltere Herangehensweisen f\u00fcr klar umrissene klinische Problemstellungen. Sogesehen sollten ermutigende Laborbefunde neuer Behandlungsans\u00e4tze wie Musiktherapie &nbsp;konsequenter verfolgt und in die bestehende Versorgung integriert werden. Die neue Leitlinie der AWMF hat dies getan. Durch die Auflistung als m\u00f6gliche Behandlung erh\u00e4lt der verordnende Arzt jetzt inhaltlich-wissenschaftliche R\u00fcckendeckung. Freilich ist die Musiktherapie immernoch nicht abrechenbar, da Krankenkassen nicht daran gebunden sind, diese Leistungen zu refinanzieren. Gleichwohl ist es ein Schritt zu einer tieferen Verankerung von Musiktherapie in klinische Behandlungsroutinen. Die Therapeuten und Forscher sind gefragt, dies durch weitere empirische Wirknachweise zu untermauern.<\/p>\n\n\n\n<p style=\"text-align:right\" class=\"has-small-font-size\"><a href=\"http:\/\/www.awmf.org\/leitlinien\/detail\/ll\/030-010.html\">S3 Behandlungsleitlinie Parkinson der AWMF<\/a><\/p>\n\n\n\n<p style=\"text-align:right\" class=\"has-small-font-size\">Clarke, C, Patel, S, Ives, N, Rick, C, Dowling, F, Wooley, R, Wheatley, K, Walker, MF, Sackley, CM. (2016). Physiotherapy and Occupational Therapy vs No Therapy in Mild to Moderate Parkinson Disease. JAMA Neurol. doi:10.1001\/jamaneurol.2015.4452<\/p>\n\n\n\n<p style=\"text-align:center\"><a href=\"http:\/\/mit-musik-geht-reha-besser.de\/nachrichten\">[Nachrichten im \u00dcberblick \u2026]<\/a><\/p>\n","protected":false},"excerpt":{"rendered":"<p>12-06-2016. Unter dem Dach der Arbeitsgemeinschaft der wissenschaftlichen medizinischen Fachgesellschaften (AWMF) wurde eine neue Behanldungsleitlinie f\u00fcr Morbus Parkinson (auch: ideopathisches Parkinsonsyndrom) herausgeben. Erstmals werden dort musiktherapeutische Behandlungsans\u00e4tze wie Gangtraining mit Musik, therapeutisches Singen und Gruppenmusiktherapie als m\u00f6gliche therapeutische Optionen bei dieser neuro-degenerativen Erkrankung aufgef\u00fchrt. Damit tr\u00e4gt die Leitlinie der verbesserten wissenschaftlichen Nachweislage der Musiktherapie Rechnung. [&hellip;]<\/p>\n","protected":false},"author":1,"featured_media":0,"parent":0,"menu_order":100,"comment_status":"closed","ping_status":"closed","template":"","meta":{"footnotes":""},"class_list":["post-329","page","type-page","status-publish","hentry"],"_links":{"self":[{"href":"http:\/\/mit-musik-geht-reha-besser.de\/es\/wp-json\/wp\/v2\/pages\/329","targetHints":{"allow":["GET"]}}],"collection":[{"href":"http:\/\/mit-musik-geht-reha-besser.de\/es\/wp-json\/wp\/v2\/pages"}],"about":[{"href":"http:\/\/mit-musik-geht-reha-besser.de\/es\/wp-json\/wp\/v2\/types\/page"}],"author":[{"embeddable":true,"href":"http:\/\/mit-musik-geht-reha-besser.de\/es\/wp-json\/wp\/v2\/users\/1"}],"replies":[{"embeddable":true,"href":"http:\/\/mit-musik-geht-reha-besser.de\/es\/wp-json\/wp\/v2\/comments?post=329"}],"version-history":[{"count":6,"href":"http:\/\/mit-musik-geht-reha-besser.de\/es\/wp-json\/wp\/v2\/pages\/329\/revisions"}],"predecessor-version":[{"id":410,"href":"http:\/\/mit-musik-geht-reha-besser.de\/es\/wp-json\/wp\/v2\/pages\/329\/revisions\/410"}],"wp:attachment":[{"href":"http:\/\/mit-musik-geht-reha-besser.de\/es\/wp-json\/wp\/v2\/media?parent=329"}],"curies":[{"name":"wp","href":"https:\/\/api.w.org\/{rel}","templated":true}]}}