{"id":638,"date":"2021-06-03T15:19:51","date_gmt":"2021-06-03T15:19:51","guid":{"rendered":"http:\/\/mit-musik-geht-reha-besser.de\/?page_id=638"},"modified":"2022-02-27T11:29:52","modified_gmt":"2022-02-27T11:29:52","slug":"mobil-bleiben-beelitzer-musikgymnastik-bei-parkinson","status":"publish","type":"page","link":"http:\/\/mit-musik-geht-reha-besser.de\/es\/mobil-bleiben-beelitzer-musikgymnastik-bei-parkinson\/","title":{"rendered":"Mantenerse en movimiento: Gimnasia musical Beelitz para personas con enfermedad de Parkinson"},"content":{"rendered":"<p>3 de junio de 2021. Mantenerse activo es crucial para las personas con enfermedad de Parkinson. El ejercicio regular puede ayudar a retrasar la progresi\u00f3n de los s\u00edntomas. Adem\u00e1s de la cantidad, la calidad tambi\u00e9n es importante. Ambas pueden estimularse con m\u00fasica. La m\u00fasica mejora la motivaci\u00f3n, haciendo que el ejercicio sea m\u00e1s placentero. Adem\u00e1s, el ritmo y el volumen de la m\u00fasica estimulan el sistema nervioso motor. Esto reduce directamente los s\u00edntomas del Parkinson, como la rigidez y la bradicinesia (ver tambi\u00e9n...). <a href=\"http:\/\/mit-musik-geht-reha-besser.de\/es\/news-mt160712\/\">La musicoterapia est\u00e1 arraigada en las pautas de tratamiento del Parkinson<\/a>).<\/p>\n<p>En el Centro de Parkinson de Beelitz-Heilst\u00e4tten, musicoterapeutas y fisioterapeutas desarrollaron un programa especial de gimnasia con m\u00fasica. Este programa fue probado durante tres semanas por la musicoterapeuta Selma Gros en la Cl\u00ednica de Parkinson de Bad Segeberg. Gros investig\u00f3 los efectos del entrenamiento diario con esta gimnasia musical en la movilidad de personas con enfermedad de Parkinson avanzada.<\/p>\n<p>El programa se basa en hallazgos neurocient\u00edficos en musicoterapia neurol\u00f3gica. La m\u00fasica proporciona una estructura temporal a la secuencia de ejercicios, una mejora espont\u00e1nea de la movilidad y, adem\u00e1s, aumenta la motivaci\u00f3n y el estado de \u00e1nimo. (V\u00e9ase tambi\u00e9n <a href=\"http:\/\/mit-musik-geht-reha-besser.de\/es\/bewegungstraining-aus-dem-cd-player\/\">Entrenamiento f\u00edsico desde el reproductor de CD<\/a>)<\/p>\n<p>Para el estudio, un grupo de pacientes recibi\u00f3 entrenamiento grupal guiado diario adicional con el programa &quot;Gimnasia Musical Beelitz&quot;. El grupo de control solo recibi\u00f3 el programa de terapia est\u00e1ndar. Debido a la pandemia de COVID-19, solo se logr\u00f3 un n\u00famero reducido de participantes, por lo que los resultados no permiten extraer conclusiones sobre las diferencias entre los grupos. Sin embargo, los participantes se mostraron muy satisfechos con la gimnasia musical durante todo el per\u00edodo y muy motivados para continuar el programa al finalizarlo. Por lo tanto, el estudio demostr\u00f3 que el programa de ejercicios es adecuado para el entrenamiento cl\u00ednico intensivo. En el futuro, ser\u00e1 importante determinar si el programa de Gimnasia Musical Beelitz tambi\u00e9n puede aumentar la eficacia del autoentrenamiento en casa para pacientes con enfermedad de Parkinson.<\/p>\n<p style=\"text-align: right;\">Fuente: Gros S, Mainka S. Ritmos motivadores: \u201eGimnasia musical Beelitz\u201c para la enfermedad de Parkinson idiop\u00e1tica. <a href=\"https:\/\/www.thieme-connect.de\/products\/ejournals\/abstract\/10.1055\/a-1400-0458\">Pr\u00e1ctica de fisioterapia 2021; 19:34\u201338<\/a><\/p>\n<p style=\"text-align: right;\">Gimnasia musical de Beelitz en YouTube \u2013 <a href=\"https:\/\/www.youtube.com\/channel\/UCKS1ewyg0UOHv3E1AiK3TVw\">https:\/\/www.youtube.com\/channel\/UCKS1ewyg0UOHv3E1AiK3TVw<\/a><\/p>\n<p>\u00a0<\/p>","protected":false},"excerpt":{"rendered":"","protected":false},"author":1,"featured_media":0,"parent":0,"menu_order":0,"comment_status":"closed","ping_status":"closed","template":"","meta":{"footnotes":""},"class_list":["post-638","page","type-page","status-publish","hentry"],"_links":{"self":[{"href":"http:\/\/mit-musik-geht-reha-besser.de\/es\/wp-json\/wp\/v2\/pages\/638","targetHints":{"allow":["GET"]}}],"collection":[{"href":"http:\/\/mit-musik-geht-reha-besser.de\/es\/wp-json\/wp\/v2\/pages"}],"about":[{"href":"http:\/\/mit-musik-geht-reha-besser.de\/es\/wp-json\/wp\/v2\/types\/page"}],"author":[{"embeddable":true,"href":"http:\/\/mit-musik-geht-reha-besser.de\/es\/wp-json\/wp\/v2\/users\/1"}],"replies":[{"embeddable":true,"href":"http:\/\/mit-musik-geht-reha-besser.de\/es\/wp-json\/wp\/v2\/comments?post=638"}],"version-history":[{"count":4,"href":"http:\/\/mit-musik-geht-reha-besser.de\/es\/wp-json\/wp\/v2\/pages\/638\/revisions"}],"predecessor-version":[{"id":722,"href":"http:\/\/mit-musik-geht-reha-besser.de\/es\/wp-json\/wp\/v2\/pages\/638\/revisions\/722"}],"wp:attachment":[{"href":"http:\/\/mit-musik-geht-reha-besser.de\/es\/wp-json\/wp\/v2\/media?parent=638"}],"curies":[{"name":"wp","href":"https:\/\/api.w.org\/{rel}","templated":true}]}}