{"id":728,"date":"2022-02-27T12:45:13","date_gmt":"2022-02-27T12:45:13","guid":{"rendered":"http:\/\/mit-musik-geht-reha-besser.de\/?page_id=728"},"modified":"2022-02-27T18:33:00","modified_gmt":"2022-02-27T18:33:00","slug":"musik-hilft-bei-multipler-sklerose","status":"publish","type":"page","link":"http:\/\/mit-musik-geht-reha-besser.de\/es\/musik-hilft-bei-multipler-sklerose\/","title":{"rendered":"La m\u00fasica ayuda en la rehabilitaci\u00f3n de la esclerosis m\u00faltiple"},"content":{"rendered":"<p>27 de febrero de 2022. La esclerosis m\u00faltiple es una enfermedad neurol\u00f3gica progresiva con una amplia gama de s\u00edntomas. Existen casos muy leves y de progresi\u00f3n lenta, con un impacto m\u00ednimo en la calidad de vida. Por otro lado, tambi\u00e9n existen casos muy virulentos con s\u00edntomas neurol\u00f3gicos, a veces graves, como parestesias, alteraciones visuales, alteraciones sensoriomotoras como par\u00e1lisis parcial y problemas de coordinaci\u00f3n, e incluso d\u00e9ficits cognitivos como problemas de atenci\u00f3n o memoria.<\/p>\n<p>La enfermedad suele progresar con reca\u00eddas. Los per\u00edodos m\u00e1s largos de estabilidad sintom\u00e1tica son seguidos por exacerbaciones repentinas y graves. Estas reca\u00eddas se tratan farmacol\u00f3gicamente. Los s\u00edntomas suelen remitir r\u00e1pidamente. Sin embargo, si las limitaciones persisten durante un per\u00edodo prolongado, se recomiendan medidas de rehabilitaci\u00f3n y tambi\u00e9n se pueden considerar m\u00e9todos de musicoterapia.<\/p>\n<p>Se sabe desde hace tiempo que la musicoterapia puede contribuir al afrontamiento psicol\u00f3gico de la esclerosis m\u00faltiple. Una revisi\u00f3n reciente ha documentado que esto tambi\u00e9n aplica a las limitaciones funcionales f\u00edsicas. Se evaluaron un total de 10 ensayos cl\u00ednicos con 429 pacientes. Todos los estudios incluyeron un grupo de control junto con la intervenci\u00f3n musical. Este grupo de control consisti\u00f3 en tratamiento est\u00e1ndar o ninguna terapia. Las intervenciones musicales incluyeron... <a href=\"http:\/\/mit-musik-geht-reha-besser.de\/es\/neurologische-musiktherapie-motoriktraining\/\">entrenamiento de la marcha asistido por m\u00fasica<\/a>, El juego instrumental terap\u00e9utico, la danza terap\u00e9utica o la llamada <a href=\"http:\/\/mit-musik-geht-reha-besser.de\/es\/neurologische-musiktherapie\/\">Musicoterapia neurol\u00f3gica<\/a>.<\/p>\n<p>La evaluaci\u00f3n cient\u00edfica de los estudios revel\u00f3 efectos claramente positivos para la salud de los pacientes con EM. Estos incluyeron mejoras en la marcha, el equilibrio, la resistencia al caminar, la motricidad fina, la fuerza, la fatiga, el bienestar emocional y el dolor.<\/p>\n<p>Por lo tanto, la musicoterapia puede considerarse una terapia importante en la rehabilitaci\u00f3n de la esclerosis m\u00faltiple.<\/p>\n<p>\u00a0<\/p>\n<p style=\"text-align: right;\">Fuente: Lopes, J, Keppers, II (2021). Terapia musicoterap\u00e9utica en la rehabilitaci\u00f3n de personas con esclerosis m\u00faltiple: una revisi\u00f3n sistem\u00e1tica de ensayos cl\u00ednicos. Arq Neuropsiquiatr. Junio de 2021;79(6):527-535. <a href=\"https:\/\/www.scielo.br\/j\/anp\/a\/nR4kvsmGpddytNWyfFZwfKG\/?lang=en\">enlace<\/a>.<\/p>\n<p>\u00a0<\/p>\n<p>\u00a0<\/p>","protected":false},"excerpt":{"rendered":"","protected":false},"author":1,"featured_media":0,"parent":0,"menu_order":0,"comment_status":"closed","ping_status":"closed","template":"","meta":{"footnotes":""},"class_list":["post-728","page","type-page","status-publish","hentry"],"_links":{"self":[{"href":"http:\/\/mit-musik-geht-reha-besser.de\/es\/wp-json\/wp\/v2\/pages\/728","targetHints":{"allow":["GET"]}}],"collection":[{"href":"http:\/\/mit-musik-geht-reha-besser.de\/es\/wp-json\/wp\/v2\/pages"}],"about":[{"href":"http:\/\/mit-musik-geht-reha-besser.de\/es\/wp-json\/wp\/v2\/types\/page"}],"author":[{"embeddable":true,"href":"http:\/\/mit-musik-geht-reha-besser.de\/es\/wp-json\/wp\/v2\/users\/1"}],"replies":[{"embeddable":true,"href":"http:\/\/mit-musik-geht-reha-besser.de\/es\/wp-json\/wp\/v2\/comments?post=728"}],"version-history":[{"count":2,"href":"http:\/\/mit-musik-geht-reha-besser.de\/es\/wp-json\/wp\/v2\/pages\/728\/revisions"}],"predecessor-version":[{"id":735,"href":"http:\/\/mit-musik-geht-reha-besser.de\/es\/wp-json\/wp\/v2\/pages\/728\/revisions\/735"}],"wp:attachment":[{"href":"http:\/\/mit-musik-geht-reha-besser.de\/es\/wp-json\/wp\/v2\/media?parent=728"}],"curies":[{"name":"wp","href":"https:\/\/api.w.org\/{rel}","templated":true}]}}