{"id":163,"date":"2019-01-19T13:28:40","date_gmt":"2019-01-19T13:28:40","guid":{"rendered":"http:\/\/mit-musik-geht-reha-besser.de\/?page_id=163"},"modified":"2026-01-07T08:59:44","modified_gmt":"2026-01-07T08:59:44","slug":"stefan-mainka","status":"publish","type":"page","link":"http:\/\/mit-musik-geht-reha-besser.de\/fr\/stefan-mainka\/","title":{"rendered":"Professeur Dr. phil. Stefan Mainka"},"content":{"rendered":"<div class=\"wp-block-image\">\n<figure class=\"alignright size-large is-resized\"><img loading=\"lazy\" decoding=\"async\" width=\"958\" height=\"1024\" src=\"http:\/\/mit-musik-geht-reha-besser.de\/wp-content\/uploads\/2024\/02\/d7159aaa-scaled-e1708868317509-958x1024.jpg\" alt=\"Stefan Mainka\" class=\"wp-image-1192\" style=\"width:216px;height:auto\" srcset=\"https:\/\/mit-musik-geht-reha-besser.de\/wp-content\/uploads\/2024\/02\/d7159aaa-scaled-e1708868317509-958x1024.jpg 958w, https:\/\/mit-musik-geht-reha-besser.de\/wp-content\/uploads\/2024\/02\/d7159aaa-scaled-e1708868317509-281x300.jpg 281w, https:\/\/mit-musik-geht-reha-besser.de\/wp-content\/uploads\/2024\/02\/d7159aaa-scaled-e1708868317509-768x821.jpg 768w, https:\/\/mit-musik-geht-reha-besser.de\/wp-content\/uploads\/2024\/02\/d7159aaa-scaled-e1708868317509-11x12.jpg 11w, https:\/\/mit-musik-geht-reha-besser.de\/wp-content\/uploads\/2024\/02\/d7159aaa-scaled-e1708868317509.jpg 1356w\" sizes=\"auto, (max-width: 958px) 100vw, 958px\" \/><\/figure>\n<\/div>\n\n\n<p>musicoth\u00e9rapeute (<a href=\"https:\/\/nationales-register.bag-musiktherapie.de\/search\/profile\/233\" target=\"_blank\" rel=\"noreferrer noopener\">Registre national 210817<\/a>), sp\u00e9cialiste en r\u00e9adaptation<\/p>\n\n\n\n<ul class=\"wp-block-list\">\n<li>Directeur adjoint du programme d&#039;\u00e9tudes <a href=\"http:\/\/www.udk-berlin.de\/musiktherapie\">Programme de ma\u00eetrise en musicoth\u00e9rapie<\/a> \u00e0 l&#039;Universit\u00e9 des Arts de Berlin<\/li>\n\n\n\n<li>actif dans&nbsp;<a href=\"http:\/\/www.parkinson-beelitz.de\/\" target=\"_blank\" rel=\"noreferrer noopener\">Centre Parkinson Beelitz-Heilst\u00e4tten<\/a><\/li>\n\n\n\n<li>Domaines d&#039;intervention\u00a0: r\u00e9troaction musicale bas\u00e9e sur les capteurs, chant th\u00e9rapeutique, stimulation auditive rythmique (SAR), r\u00e9\u00e9ducation de la marche, production musicale\u00a0: musique d&#039;entra\u00eenement fonctionnel, maladie de Parkinson, accident vasculaire c\u00e9r\u00e9bral (AVC)<\/li>\n\n\n\n<li>Exploitant du portail d&#039;information <a href=\"http:\/\/mit-musik-geht-reha-besser.de\/fr\/\">La r\u00e9adaptation est meilleure avec la musique.de<\/a>&nbsp;<\/li>\n\n\n\n<li>a consid\u00e9rablement <a href=\"https:\/\/www.youtube.com\/watch?v=TbougNQt_pM\" target=\"_blank\" rel=\"noreferrer noopener\">gymnastique musicale de Beelitz<\/a>, le <a href=\"http:\/\/mit-musik-geht-reha-besser.de\/fr\/schluck-wecker\/\" data-type=\"page\" data-id=\"814\" target=\"_blank\" rel=\"noreferrer noopener\">R\u00e9veil hirondelle<\/a> et le <a href=\"https:\/\/curaswing.de\" target=\"_blank\" rel=\"noreferrer noopener\">Application CuraSwing<\/a>, a co-d\u00e9velopp\u00e9 une application de r\u00e9troaction musicale th\u00e9rapeutique bas\u00e9e sur des capteurs<\/li>\n\n\n\n<li>repr\u00e9sentants de <a href=\"http:\/\/www.musiktherapie.de\" target=\"_blank\" rel=\"noreferrer noopener\">Soci\u00e9t\u00e9 allemande de musicoth\u00e9rapie<\/a> dans le <a href=\"http:\/\/www.bag-musiktherapie.de\" target=\"_blank\" rel=\"noreferrer noopener\">Association f\u00e9d\u00e9rale de musicoth\u00e9rapie<\/a> <\/li>\n\n\n\n<li>fonctionne avec le <a href=\"http:\/\/stimmzirkel-potsdam.de\" target=\"_blank\" rel=\"noreferrer noopener\">Cercle \u00e9lectoral de Potsdam<\/a> un projet sur l&#039;improvisation vocale chorale<\/li>\n<\/ul>\n\n\n\n<p>Contact\u00a0: S.Mainka @ UdK-Berlin.de, \u00e9galement sur <a href=\"https:\/\/www.researchgate.net\/profile\/Stefan-Mainka\" target=\"_blank\" rel=\"noreferrer noopener\">Research Gate<\/a><\/p>\n\n\n\n<p>___<\/p>\n\n\n\n<p><strong>Publications :<\/strong><\/p>\n\n\n\n<p><strong><em>Revues \u00e0 comit\u00e9 de lecture<\/em><\/strong><\/p>\n\n\n\n<p><strong>Mainka, S.<\/strong>, &amp; Weymann, E. (2025). La musicoth\u00e9rapie nouvellement d\u00e9finie. <em>Approches : Revue interdisciplinaire de musicoth\u00e9rapie<\/em>. <a href=\"https:\/\/doi.org\/10.56883\/AIJMT.2025.631\" target=\"_blank\" rel=\"noreferrer noopener\">https:\/\/doi.org\/10.56883\/AIJMT.2025.631<\/a><\/p>\n\n\n\n<p><strong>Mainka, S.<\/strong> (2024). Utilisation personnelle de la musique par les patients atteints de Parkinson pendant la marche. Neurol Rehabil 20(1) : 27-30.<\/p>\n\n\n\n<p><strong>Mainka, S.<\/strong>, Lauermann, M. &amp; Ebersbach, G. (2023). D\u00e9viations du balancement des bras chez les patients atteints de la maladie de Parkinson \u00e0 diff\u00e9rentes vitesses de marche. J Neural Transm. 2023 mai; 130(5):655-611. <a href=\"https:\/\/doi.org\/10.1007\/s00702-023-02619-4\" target=\"_blank\" rel=\"noreferrer noopener\">https:\/\/doi.org\/10.1007\/s00702-023-02619-4<\/a><\/p>\n\n\n\n<p><strong>Mainka, S.<\/strong> &amp; Weymann, E. (2023). La musicoth\u00e9rapie nouvellement d\u00e9finie. GMS J Art Ther 2023; 5:Doc02.&nbsp;<a href=\"https:\/\/dx.doi.org\/10.3205\/jat000030\" target=\"_blank\" rel=\"noreferrer noopener\">https:\/\/dx.doi.org\/10.3205\/jat000030<\/a><\/p>\n\n\n\n<p><strong>Mainka, S.<\/strong> &amp; Irons, JY (2022). Le chant comme intervention th\u00e9rapeutique pour les personnes atteintes de la maladie de Parkinson. Une revue syst\u00e9matique. Music Therapy Review 43; 3:210-223. <a href=\"http:\/\/dx.doi.org\/10.13109\/muum.2022.43.3.210\" target=\"_blank\" rel=\"noreferrer noopener\">http:\/\/dx.doi.org\/10.13109\/muum.2022.43.3.210<\/a><\/p>\n\n\n\n<p><strong>Mainka, S.<\/strong>, Schroll, A., Warmerdam, E., Gandor, F., Maetzler, W. et Ebersbach, G. (2021). Le pouvoir de la musification\u00a0: la r\u00e9troaction musicale bas\u00e9e sur des capteurs am\u00e9liore le balancement des bras dans la maladie de Parkinson. Mov Dis Clin Prac 2021 Oct 22\u00a0; 8(8)\u00a0: 1240-1247.&nbsp;<a href=\"https:\/\/doi.org\/10.1002\/mdc3.13352\" target=\"_blank\" rel=\"noreferrer noopener\">https:\/\/doi.org\/10.1002\/mdc3.13352<\/a><\/p>\n\n\n\n<p><strong>Mainka, S.<\/strong>, Wissel, J., V\u00f6ller, H. et Evers, S. (2018). L&#039;utilisation de la stimulation auditive rythmique pour optimiser l&#039;entra\u00eenement sur tapis roulant chez les patients victimes d&#039;un AVC\u00a0: un essai contr\u00f4l\u00e9 randomis\u00e9. Front Neurol Sep 2018\u00a0; 14(9)\u00a0:755. <a href=\"https:\/\/doi.org\/10.3389\/fneur.2018.00755\" target=\"_blank\" rel=\"noreferrer noopener\">https:\/\/doi.org\/10.3389\/fneur.2018.00755<\/a><\/p>\n\n\n\n<p>Dalla Bella, S., Benoit, CE, Farrugia, N., Obrig, H., Keller, Peter E., <strong>Mainka, S.<\/strong> &amp; Kotz, S.A. (2017). L&#039;am\u00e9lioration de la marche par stimulation rythmique dans la maladie de Parkinson est li\u00e9e aux comp\u00e9tences rythmiques. Sci Rep F\u00e9v 2017; 24(7):42005. <a href=\"https:\/\/doi.org\/10.1038\/srep42005 \">https:\/\/doi.org\/10.1038\/srep42005 <\/a><\/p>\n\n\n\n<p><strong>Mainka, S.<\/strong>&nbsp;(2016) : La musique stimule simultan\u00e9ment les muscles, l&#039;esprit et les \u00e9motions. Dans :&nbsp;<a href=\"http:\/\/www.frontiersin.org\/books\/Sound_Music_and_Movement_in_Parkinsons_Disease\/1083\">Son, musique et mouvement dans la maladie de Parkinson<\/a>. \u00c9d. Marta Bienkiewicz, Cathy Craig Front Psychol. Front Psychol Oct 2015; 8(6):1547. <a href=\"http:\/\/dx.doi.org\/10.3389\/fpsyg.2015.01547\">http:\/\/dx.doi.org\/10.3389\/fpsyg.2015.01547<\/a><\/p>\n\n\n\n<p>Benoit, CE, Dalla Bella, S., Farrugia, N., Obrig, H., <strong>Mainka, S<\/strong>. &amp; Kotz, S.A. (2014). L&#039;entra\u00eenement \u00e0 la marche guid\u00e9 par la musique am\u00e9liore \u00e0 la fois la perception et la synchronisation motrice dans la maladie de Parkinson. Front Hum Neurosci Jul 2014; 7(8):494. <a href=\"http:\/\/journal.frontiersin.org\/Journal\/10.3389\/fnhum.2014.00494\/abstract\">https:\/\/doi.org\/10.3389\/fnhum.2014.00494<\/a><\/p>\n\n\n\n<p>___<\/p>\n\n\n\n<p><strong><em>Article acad\u00e9mique, non \u00e9valu\u00e9 par les pairs<\/em><\/strong><\/p>\n\n\n\n<p>Geipel, J., <strong>Mainka, S.<\/strong>, Riedl, H., Roelcke, B. (2024). Options de facturation de la musicoth\u00e9rapie en Allemagne, en Autriche et en Suisse. Journal of Complementary Medicine 16(2):70-72. <a href=\"http:\/\/dx.doi.org\/10.1055\/a-2266-3708\">http:\/\/dx.doi.org\/10.1055\/a-2266-3708<\/a><\/p>\n\n\n\n<p><strong>Mainka, S. <\/strong>(2022). Sur l&#039;effet de la musique sur le mouvement. Revue de musicoth\u00e9rapie, 43(4) : 404-406.<\/p>\n\n\n\n<p><strong>Mainka, S.<\/strong> (2022). Musicoth\u00e9rapie en neuror\u00e9habilitation. neuroreha : 14(02) : 64-68.<\/p>\n\n\n\n<p>Grand. &amp; <strong>Mainka, S<\/strong>. (2021). Rythmes motivants \u2013 Gymnastique musicale Beelitz pour la maladie de Parkinson idiopathique. physiopraxis 2021; 19(04): 34-38.<\/p>\n\n\n\n<p>Dimanche, J. &amp; <strong>Mainka, S.<\/strong> (2020). Musicoth\u00e9rapie neurologique et concept d&#039;atmosph\u00e8re \u2013 une relation r\u00e9sonnante. Revue de musicoth\u00e9rapie, 41(1)\u00a0: 152-157.<\/p>\n\n\n\n<p><strong>Mainka, S.<\/strong> (2018). Musicoth\u00e9rapie pour la maladie de Parkinson. neuroreha. Mars 2018\u00a0: 32-37.<\/p>\n\n\n\n<p>Rizzonelli, M., Kim, JH, Gladow, T. &amp; <strong>Mainka, S.<\/strong> (2017). Stimulation musicale avec r\u00e9troaction dans la r\u00e9\u00e9ducation de la marche chez les patients atteints de la maladie de Parkinson. Psychomusicology: Music, Mind, and Brain. Septembre 2017\u00a0; 27(3)\u00a0: 213-218. http:\/\/dx.doi.org\/10.1037\/pmu0000182<\/p>\n\n\n\n<p><strong>Mainka, S.<\/strong>, Koch, S., Schumacher, C. et Eberhard-Kaechele, M. (2016). Quelle est l&#039;efficacit\u00e9 des art-th\u00e9rapies par rapport \u00e0 la th\u00e9rapie standard dans le traitement de l&#039;IPS (AHP6)\u00a0? Dans\u00a0:&nbsp;<a href=\"http:\/\/www.awmf.org\/uploads\/tx_szleitlinien\/030-010l_S3_Parkinson_Syndrome_Idiopathisch_2016-06.pdf\">Recommandations th\u00e9rapeutiques S3 pour le syndrome de Parkinson idiopathique<\/a>&nbsp;par la Soci\u00e9t\u00e9 allemande de neurologie (\u00e9d.) et le Groupe de travail pour la recherche scientifique et m\u00e9dicale.<\/p>\n\n\n\n<p><strong>Mainka, S.<\/strong> (2012). Pas de peur de pratiquer \u2013 la musicoth\u00e9rapie comme m\u00e9thode ax\u00e9e sur la pratique. Revue de musicoth\u00e9rapie. 4 \u2013 2012\u00a0: 378-387.<\/p>\n\n\n\n<p><strong>Mainka, S.<\/strong> &amp; Trebs, S. (2011). <a href=\"https:\/\/www.thieme-connect.de\/products\/ejournals\/abstract\/10.1055\/s-0031-1280585\" target=\"_blank\" rel=\"noreferrer noopener\">Stimulation rythmique-acoustique dans la maladie de Parkinson \u2013 dopamine auditive.<\/a>&nbsp; Physiopraxis 2011; 9(5): 28-31.<\/p>\n\n\n\n<p><strong>Mainka, S.<\/strong>, Ebersbach, G. et Ceballos-Baumann, A. (2009). Exploiter les possibilit\u00e9s de la musicoth\u00e9rapie. DNP Le neurologue et le psychiatre. Springer.<\/p>\n\n\n\n<p><strong>Mainka, S.<\/strong> (2009). En rythme \u2013 La musicoth\u00e9rapie dans la r\u00e9adaptation apr\u00e8s un AVC. Physiopraxis 7(02) : 30-33.<\/p>\n\n\n\n<p>Baumann, M., Hinkelmann, A., Jochheim M., <strong>Mainka, S.<\/strong>, Straub, S. &amp; Unterharnscheidt, M. (2005). Catalogue d&#039;indications pour la musicoth\u00e9rapie en r\u00e9adaptation neurologique. Soci\u00e9t\u00e9 allemande de musicoth\u00e9rapie. Berlin.<\/p>\n\n\n\n<p>___<\/p>\n\n\n\n<p><strong><em>Monographies<\/em><\/strong><\/p>\n\n\n\n<p><strong>Mainka, S.<\/strong> (2018). R\u00e9apprendre \u00e0 marcher gr\u00e2ce \u00e0 la musique\u00a0: \u00e9valuation de l\u2019entra\u00eenement sur tapis roulant assist\u00e9 par la musique chez des patients h\u00e9mipl\u00e9giques apr\u00e8s un AVC. Universit\u00e9 de Potsdam. <a href=\"https:\/\/doi.org\/10.25932\/publishup-43004\" target=\"_blank\" rel=\"noreferrer noopener\">https:\/\/doi.org\/10.25932\/publishup-43004<\/a><\/p>\n\n\n\n<p><strong>Mainka, S.<\/strong> (2002). La musicoth\u00e9rapie comme partie int\u00e9grante d&#039;un concept de traitement biopsychosocial dans la clinique de jour psychiatrique.&nbsp;<a href=\"https:\/\/mit-musik-geht-reha-besser.de\/wp-content\/uploads\/2019\/01\/2002_Mainka_Musiktherapie_in_Psychiatrischer_Tagesklinik.pdf\" data-type=\"attachment\" data-id=\"201\" target=\"_blank\" rel=\"noreferrer noopener\">Lien.<\/a><\/p>\n\n\n\n<p><\/p>\n\n\n\n<p>___<\/p>\n\n\n\n<p><strong><em>Chapitre de livre<\/em><\/strong><\/p>\n\n\n\n<p>Thaut, MH, H\u00f6mberg, V.,<strong> Mainka, S.<\/strong> (2025). Introduction \u00e0 la musicoth\u00e9rapie neurologique. Dans\u00a0: Kreutz, G., Bernatzky, G. (dir.) Musique et m\u00e9decine. Sant\u00e9 et bien-\u00eatre neuroculturels. Springer, Berlin, Heidelberg. https:\/\/doi.org\/10.1007\/978-3-662-72175-9_11<\/p>\n\n\n\n<p><strong>Mainka, S.<\/strong>, &amp; Mallien, G. (2025). Rhythmic Speech Cueing (RSC)\u00ae. Dans MH Thaut &amp; V. Hoemberg (Eds.), <em>Manuel de musicoth\u00e9rapie neurologique<\/em> (2e \u00e9d., p. 167-178). Oxford University Press. DOI\u00a0: <a href=\"https:\/\/doi.org\/10.1093\/OSO\/9780192844491.003.0013\" target=\"_blank\" rel=\"noreferrer noopener\">10.1093\/OSO\/9780192844491.003.0013<\/a>&nbsp;<\/p>\n\n\n\n<p><strong>Mainka, S.<\/strong>, Groothuis, M., Werger, C., &amp; Roth, E.A. (2025). Technologie musicale pour la musicoth\u00e9rapie neurologique (NMT)\u00ae. Dans MH Thaut &amp; V. Hoemberg (Eds.), <em>Manuel de musicoth\u00e9rapie neurologique<\/em> (2e \u00e9d., p. 15-27). Oxford University Press. DOI\u00a0: <a href=\"https:\/\/doi.org\/10.1093\/OSO\/9780192844491.003.0003\" target=\"_blank\" rel=\"noreferrer noopener\">10.1093\/OSO\/9780192844491.003.0003<\/a>&nbsp;<\/p>\n\n\n\n<p><strong>Mainka, S.<\/strong>, Engel, A. (2024)\u00a0: La musicoth\u00e9rapie en neuror\u00e9adaptation. Dans\u00a0: Neuror\u00e9adaptation. Sous la direction de P. Frommelt, A. Th\u00f6ne-Otto et H. Gr\u00f6tzbach, Springer Link. 5 juillet\u00a0: 655-665. DOI\u00a0:&nbsp;<a href=\"http:\/\/dx.doi.org\/10.1007\/978-3-662-66957-0_41\" target=\"_blank\" rel=\"noreferrer noopener\">10.1007\/978-3-662-66957-0_41<\/a><\/p>\n\n\n\n<p><strong>Mainka, S.<\/strong> (2017)\u00a0: Musicoth\u00e9rapie dans la maladie de Parkinson. Dans\u00a0: Activating therapies for Parkinson&#039;s syndromes. \u00c9d. G. Ebersbach et A. Ceballos-Baumann. 3e \u00e9dition r\u00e9vis\u00e9e. Thieme, Stuttgart.<\/p>\n\n\n\n<p><strong>Mainka, S.<\/strong>, Spintge, R. et Thaut, M. (2016)\u00a0: La musicoth\u00e9rapie dans les contextes de r\u00e9adaptation m\u00e9dicale et neurologique. Dans\u00a0: The Oxford Handbook of Music Psychology. \u00c9d. S. Hallam, I. Cross, M. Thaut. Oxford University Press. 2e \u00e9dition. 857-876.<\/p>\n\n\n\n<p><strong>Mainka, S.<\/strong> &amp; Mallien, G. (2014). Rhythmic Speech Cueing. Dans : Handbook for Neurologic Music Therapy. \u00c9ds Thaut, M, Hoemberg, V. Oxford University Press.&nbsp;<\/p>\n\n\n\n<p><strong>Mainka, S.<\/strong> Reinhardt, A. (2012). Musicoth\u00e9rapie dans la maladie de Parkinson. Dans\u00a0: Activating therapies for Parkinson&#039;s syndromes. \u00c9d. G. Ebersbach et A. Ceballos-Baumann. 2e \u00e9dition. Thieme, Stuttgart.<\/p>\n\n\n\n<p><strong>Mainka, S.<\/strong> Reinhardt, A. (2009). Musicoth\u00e9rapie dans la maladie de Parkinson. Dans\u00a0: Activating therapies for Parkinson&#039;s syndromes. \u00c9d. G. Ebersbach et A. Ceballos-Baumann. 1re \u00e9dition. Thieme, Stuttgart.<\/p>\n\n\n\n<p><strong>Mainka, S.<\/strong> (2009). L\u2019entra\u00eenement rythmique de la parole comme approche possible de l\u2019orthophonie chez les patients atteints de paralysie supranucl\u00e9aire progressive. Dans\u00a0: Paralysie supranucl\u00e9aire progressive (PSP) \u2013 Parole, langage, communication. Sous la direction de S. Wagner et S. Kotz.<\/p>\n\n\n\n<p><strong>Mainka, S.<\/strong> (2005). L\u2019utilisation de la stimulation auditive puls\u00e9e (SAP) en r\u00e9\u00e9ducation sensorimotrice. Dans\u00a0: Musicoth\u00e9rapie de neuror\u00e9adaptation. \u00c9d. S. Jochims. 99-112. Hippocampus Verlag, Bad Honnef.<\/p>\n\n\n\n<p>___<\/p>\n\n\n\n<p><strong><em>Pr\u00e9sentations\/affiches de conf\u00e9rence\u00a0:<\/em><\/strong><\/p>\n\n\n\n<p><strong>Mainka, S.<\/strong> (2025). Musicification pour la r\u00e9\u00e9ducation de la marche chez les patients atteints de la maladie de Parkinson\u00a0: r\u00e9sultats pr\u00e9liminaires d\u2019un essai contr\u00f4l\u00e9 randomis\u00e9. Conf\u00e9rence europ\u00e9enne de musicoth\u00e9rapie, 23-27 juillet 2025, Hambourg. <\/p>\n\n\n\n<p><strong>Mainka, S.<\/strong> (2024). Utilisation personnelle de la musique par les patients atteints de la maladie de Parkinson pendant la marche. Congr\u00e8s DPG, 25-27 avril 2024, Rostock.<\/p>\n\n\n\n<p><strong>Mainka, S.<\/strong> &amp; Ebersbach, G. (2023). D\u00e9viations du balancement des bras chez les patients atteints de MP \u00e0 diff\u00e9rentes vitesses de marche. Congr\u00e8s international de la Soci\u00e9t\u00e9 des troubles du mouvement, 26-29 ao\u00fbt 2023, Copenhague.<\/p>\n\n\n\n<p><strong>Mainka, S.<\/strong> (2022). Musicoth\u00e9rapie neurologique dans un h\u00f4pital sp\u00e9cialis\u00e9 pour patients atteints de la maladie de Parkinson. 13e Congr\u00e8s mondial de r\u00e9adaptation neurologique. WFNR, 14-17 d\u00e9cembre 2022, Vienne.<\/p>\n\n\n\n<p><strong>Mainka, S.<\/strong> Ebersbach, G. (2022). Faisabilit\u00e9 d&#039;un retour musical bas\u00e9 sur des capteurs chez les patients atteints de la maladie de Parkinson. Congr\u00e8s international de la Soci\u00e9t\u00e9 des troubles du mouvement, 15-18 septembre 2022, Madrid. https:\/\/doi.org\/<a href=\"http:\/\/dx.doi.org\/10.13140\/RG.2.2.12831.43680\/1\">10.13140\/RG.2.2.12831.43680\/1<\/a><\/p>\n\n\n\n<p><strong>Mainka, S.<\/strong>, Engel, A., Gros, S., Magee, W., Oliver, S. et Rohde, E. (2022). Implications cliniques de la musicoth\u00e9rapie neurologique. Table ronde lors du 12e Congr\u00e8s europ\u00e9en de musicoth\u00e9rapie, du 8 au 12 juin 2022, \u00c9dimbourg.<\/p>\n\n\n\n<p><strong>Mainka, S.<\/strong> Ebersbach, G. (2021). Effet spontan\u00e9 d&#039;un retour musical bas\u00e9 sur des capteurs sur le balancement des bras pendant la marche chez les patients atteints de la maladie de Parkinson. DPG Congress Highlights Digital 2021<\/p>\n\n\n\n<p>Dimanche, J. &amp; <strong>Mainka, S.<\/strong> (2019). Musicoth\u00e9rapie neurologique et concept d&#039;atmosph\u00e8re\u00a0: un champ de r\u00e9sonance. 11e Congr\u00e8s europ\u00e9en de musicoth\u00e9rapie, 26-30 septembre 2019, Aalborg.<\/p>\n\n\n\n<p><strong>Mainka, S.<\/strong> Ebersbach, G. (2019). Retour musical interactif pour l&#039;entra\u00eenement au balancement des bras dans la maladie de Parkinson. Congr\u00e8s DPG, 9 mars 2019, D\u00fcsseldorf<\/p>\n\n\n\n<p><strong>Mainka, S.<\/strong>, Ebersbach, G. et Rizzonelli, M. (2018). Stimulation musicale avec et sans r\u00e9troaction dans la r\u00e9\u00e9ducation de la marche chez les patients atteints de la maladie de Parkinson. Freezing of Gait, Louvain, 6-8 juin 2018, Louvain, Belgique.<\/p>\n\n\n\n<p><strong>Mainka, S.<\/strong> (2017). \u00c9valuation de l&#039;entra\u00eenement sur tapis roulant assist\u00e9 par la musique chez les patients h\u00e9mipl\u00e9giques apr\u00e8s un AVC. 25e congr\u00e8s annuel de la Soci\u00e9t\u00e9 allemande de neuror\u00e9adaptation, 7-9 d\u00e9cembre 2017, Berlin.<\/p>\n\n\n\n<p><strong>Mainka, S.<\/strong>, Ebersbach, G. et Rizzonelli, M. (2017). Stimulation auditive rythmique (SAR) avec et sans retour musical lors de la r\u00e9\u00e9ducation de la marche chez des patients atteints de la maladie de Parkinson idiopathique. 25e congr\u00e8s annuel de la Soci\u00e9t\u00e9 allemande de neuror\u00e9adaptation, 7-9 d\u00e9cembre 2017, Berlin.<\/p>\n\n\n\n<p><strong>Mainka, S.<\/strong> Wissel, J. (2017). \u00c9valuation d&#039;un entra\u00eenement sur tapis roulant guid\u00e9 par la musique pour les patients h\u00e9mipl\u00e9giques apr\u00e8s un AVC. Congr\u00e8s europ\u00e9en de neuror\u00e9adaptation, 25-28 octobre 2017, Lausanne, Suisse.<\/p>\n\n\n\n<p><strong>Mainka, S. <\/strong>(2017). Stimulation auditive rythmique dans la r\u00e9\u00e9ducation de la marche avec et sans retour musical bas\u00e9 sur des capteurs. 10e Congr\u00e8s allemand sur la maladie de Parkinson et autres troubles du mouvement, 4-6 mai 2017. Baden-Baden, Allemagne.<\/p>\n\n\n\n<p><strong>Mainka, S.<\/strong> (2016). Introduction \u00e0 la musicoth\u00e9rapie neurologique. R\u00e9union annuelle de la Soci\u00e9t\u00e9 autrichienne de neuror\u00e9adaptation. 13-15 octobre 2016. P\u00f6rtschach, Autriche.<\/p>\n\n\n\n<p>Straub, S. &amp; <strong>Mainka, S.<\/strong> (2007). Catalogue des indications de la musicoth\u00e9rapie en r\u00e9adaptation neurologique. VIIe Congr\u00e8s europ\u00e9en de musicoth\u00e9rapie, 15-19 ao\u00fbt 2007, Eindhoven, Pays-Bas.<\/p>\n\n\n\n<hr class=\"wp-block-separator has-alpha-channel-opacity\"\/>\n\n\n\n<p><strong><em>Conf\u00e9rences :<\/em><\/strong><\/p>\n\n\n\n<p>Mainka, S. (2025). Pr\u00e9sentation par affiche\u00a0: \u201e\u00a0Musification pour la r\u00e9\u00e9ducation de la marche chez les patients atteints de la maladie de Parkinson\u00a0\u201c. Conf\u00e9rence europ\u00e9enne de musicoth\u00e9rapie (EMTC), Hambourg, Allemagne, 24\u00a0juillet\u00a02025.<\/p>\n\n\n\n<figure class=\"wp-block-embed is-type-video is-provider-vimeo wp-block-embed-vimeo\"><div class=\"wp-block-embed__wrapper\">\n<iframe loading=\"lazy\" title=\"Pr\u00e9sentation d&#039;affiche sur la musification pour la r\u00e9\u00e9ducation de la marche \u00e0 EMTC 2025\" src=\"https:\/\/player.vimeo.com\/video\/1106222107?dnt=1&amp;app_id=122963\" width=\"768\" height=\"504\" frameborder=\"0\" allow=\"autoplay; fullscreen; picture-in-picture; clipboard-write; encrypted-media; web-share\" referrerpolicy=\"strict-origin-when-cross-origin\"><\/iframe>\n<\/div><\/figure>\n\n\n\n<p>Mainka, S. (2024). Musicoth\u00e9rapie pour la maladie de Parkinson. \u00c9cole Parkinson en ligne, 24 septembre 2024.<\/p>\n\n\n\n<figure class=\"wp-block-embed is-type-video is-provider-youtube wp-block-embed-youtube wp-embed-aspect-16-9 wp-has-aspect-ratio\"><div class=\"wp-block-embed__wrapper\">\n<iframe loading=\"lazy\" title=\"\u00c9cole Parkinson 1.4 Musicoth\u00e9rapie\" width=\"768\" height=\"432\" src=\"https:\/\/www.youtube.com\/embed\/WfwCh0zrObc?feature=oembed\" frameborder=\"0\" allow=\"accelerometer; autoplay; clipboard-write; encrypted-media; gyroscope; picture-in-picture; web-share\" referrerpolicy=\"strict-origin-when-cross-origin\" allowfullscreen><\/iframe>\n<\/div><\/figure>\n\n\n\n<p><\/p>","protected":false},"excerpt":{"rendered":"<p>Musiktherapeut (Nat. Register 210817), Rehabilitationswissenschaftler Kontakt: S.Mainka @ UdK-Berlin.de, auch auf Research Gate ___ Ver\u00f6ffentlichungen: Peer-reviewed Journals Mainka, S., &amp; Weymann, E. (2025). Music therapy newly defined. Approaches: An Interdisciplinary Journal of Music Therapy. https:\/\/doi.org\/10.56883\/AIJMT.2025.631 Mainka, S. (2024). Pers\u00f6nlicher Musikgebrauch von Parkinson-Patienten beim Gehen. Neurol Rehabil 20(1): 27-30. Mainka, S., Lauermann, M. &amp; Ebersbach, G. [&hellip;]<\/p>\n","protected":false},"author":1,"featured_media":0,"parent":0,"menu_order":80,"comment_status":"closed","ping_status":"closed","template":"","meta":{"footnotes":""},"class_list":["post-163","page","type-page","status-publish","hentry"],"_links":{"self":[{"href":"http:\/\/mit-musik-geht-reha-besser.de\/fr\/wp-json\/wp\/v2\/pages\/163","targetHints":{"allow":["GET"]}}],"collection":[{"href":"http:\/\/mit-musik-geht-reha-besser.de\/fr\/wp-json\/wp\/v2\/pages"}],"about":[{"href":"http:\/\/mit-musik-geht-reha-besser.de\/fr\/wp-json\/wp\/v2\/types\/page"}],"author":[{"embeddable":true,"href":"http:\/\/mit-musik-geht-reha-besser.de\/fr\/wp-json\/wp\/v2\/users\/1"}],"replies":[{"embeddable":true,"href":"http:\/\/mit-musik-geht-reha-besser.de\/fr\/wp-json\/wp\/v2\/comments?post=163"}],"version-history":[{"count":99,"href":"http:\/\/mit-musik-geht-reha-besser.de\/fr\/wp-json\/wp\/v2\/pages\/163\/revisions"}],"predecessor-version":[{"id":1418,"href":"http:\/\/mit-musik-geht-reha-besser.de\/fr\/wp-json\/wp\/v2\/pages\/163\/revisions\/1418"}],"wp:attachment":[{"href":"http:\/\/mit-musik-geht-reha-besser.de\/fr\/wp-json\/wp\/v2\/media?parent=163"}],"curies":[{"name":"wp","href":"https:\/\/api.w.org\/{rel}","templated":true}]}}