{"id":208,"date":"2019-01-19T15:43:54","date_gmt":"2019-01-19T15:43:54","guid":{"rendered":"http:\/\/mit-musik-geht-reha-besser.de\/?page_id=208"},"modified":"2025-06-25T19:11:11","modified_gmt":"2025-06-25T19:11:11","slug":"neurologische-musiktherapie","status":"publish","type":"page","link":"http:\/\/mit-musik-geht-reha-besser.de\/fr\/neurologische-musiktherapie\/","title":{"rendered":"Musicoth\u00e9rapie neurologique\u00ae"},"content":{"rendered":"<div class=\"wp-block-image\">\n<figure class=\"alignright is-resized\"><img loading=\"lazy\" decoding=\"async\" width=\"500\" height=\"667\" src=\"http:\/\/mit-musik-geht-reha-besser.de\/wp-content\/uploads\/2019\/01\/klavier-mit-therapeutin.jpg\" alt=\"\" class=\"wp-image-10\" style=\"width:92px;height:123px\" srcset=\"https:\/\/mit-musik-geht-reha-besser.de\/wp-content\/uploads\/2019\/01\/klavier-mit-therapeutin.jpg 500w, https:\/\/mit-musik-geht-reha-besser.de\/wp-content\/uploads\/2019\/01\/klavier-mit-therapeutin-225x300.jpg 225w\" sizes=\"auto, (max-width: 500px) 100vw, 500px\" \/><\/figure>\n<\/div>\n\n\n<p>Musicoth\u00e9rapie neurologique<sup>\u00ae<\/sup> (NMT\u2122) est l&#039;application th\u00e9rapeutique de la musique dans <a href=\"http:\/\/mit-musik-geht-reha-besser.de\/fr\/neurologische-musiktherapie-hirnleistungstraining\/\">cognitif<\/a>, et\u00a0<a href=\"http:\/\/mit-musik-geht-reha-besser.de\/fr\/neurologische-musiktherapie-motoriktraining\/\">entra\u00eenement fonctionnel sensorimoteur<\/a> \u2013 comme c\u2019est \u00e9galement le cas pour la formation de <a href=\"http:\/\/mit-musik-geht-reha-besser.de\/fr\/neurologische-musiktherapie-sprach-sprech-und-stimmtraining\/\">Parler et le langage<\/a> pour les patients neurologiques.\u00a0<\/p>\n\n\n\n<p>La NMT\u2122 est une m\u00e9thode de traitement fond\u00e9e sur la recherche. Les techniques de traitement reposent sur la compr\u00e9hension scientifique de la perception et de la production musicales et de leur impact sur les fonctions c\u00e9r\u00e9brales et comportementales non musicales.\u00a0<\/p>\n\n\n\n<figure class=\"wp-block-embed alignleft is-type-video is-provider-vimeo wp-block-embed-vimeo\"><div class=\"wp-block-embed__wrapper\">\n<iframe loading=\"lazy\" title=\"Musicoth\u00e9rapie neurologique pour la maladie de Parkinson et l&#039;AVC\" src=\"https:\/\/player.vimeo.com\/video\/317795196?dnt=1&amp;app_id=122963\" width=\"380\" height=\"240\" frameborder=\"0\" allow=\"autoplay; fullscreen; picture-in-picture; clipboard-write; encrypted-media; web-share\"><\/iframe>\n<\/div><\/figure>\n\n\n\n<p>Le spectre d&#039;indications de NMT\u2122 comprend\u00a0: <a href=\"http:\/\/mit-musik-geht-reha-besser.de\/fr\/stroke\/\">accident vasculaire c\u00e9r\u00e9bral<\/a>, <a href=\"http:\/\/mit-musik-geht-reha-besser.de\/fr\/sht\/\">traumatisme cr\u00e2nien<\/a>, <a href=\"http:\/\/mit-musik-geht-reha-besser.de\/fr\/parkinson\/\">M. Parkinson<\/a> et la maladie de Huntington, la paralysie c\u00e9r\u00e9brale infantile, la maladie d&#039;Alzheimer, l&#039;autisme et d&#039;autres troubles neurologiques, qui <a href=\"file:\/\/\/G:\/web%20site\/WEB%20SPACE%201&amp;1\/Mit-Musik-geht-Reha-besser\/html\/nmt-kogni.html\">Cognition<\/a>, <a href=\"file:\/\/\/G:\/web%20site\/WEB%20SPACE%201&amp;1\/Mit-Musik-geht-Reha-besser\/html\/nmt-motor.html\">Mouvement<\/a> et <a href=\"http:\/\/mit-musik-geht-reha-besser.de\/fr\/neurologische-musiktherapie-sprach-sprech-und-stimmtraining\/\">communication<\/a> alt\u00e9rer (par exemple, la scl\u00e9rose en plaques, la dystrophie musculaire, etc.).<\/p>\n\n\n\n<p>La NMT\u2122 est utilis\u00e9e par des musicoth\u00e9rapeutes certifi\u00e9s. Ces derniers sont form\u00e9s \u00e0\u2026 <a href=\"https:\/\/nmtacademy.co\/home-2\/\">registre<\/a> le <a aria-label=\" (ouvre dans un nouvel onglet)\" href=\"https:\/\/nmtacademy.co\/\" target=\"_blank\" rel=\"noreferrer noopener\">Acad\u00e9mie RF Unkefer de musicoth\u00e9rapie neurologique<\/a>La NMT\u2122 est une m\u00e9thode scientifiquement reconnue par la F\u00e9d\u00e9ration mondiale de r\u00e9adaptation neurologique (WFNR).<\/p>\n\n\n\n<p>Les th\u00e9rapeutes NMT\u2122 se r\u00e9unissent r\u00e9guli\u00e8rement pour <a href=\"http:\/\/mit-musik-geht-reha-besser.de\/fr\/nmt-online-intervision\/\" data-type=\"page\" data-id=\"422\">Intervision en ligne.<\/a><\/p>","protected":false},"excerpt":{"rendered":"<p>Neurologische Musiktherapie\u00ae (NMT\u2122) ist die therapeutische Anwendung von Musik bei kognitivem,\u00a0und\u00a0sensomotorischem Funktionstraining &#8211; wie auch beim Training von Sprechen und Sprache f\u00fcr neurologische Patienten.\u00a0 NMT\u2122 ist eine forschungsbasierte Behandlungsmethodik. Die Behandlungstechniken basieren auf dem wissenschaftlichen Erkenntnisstand \u00fcber Musikwahrnehmung und -produktion und deren Auswirkung auf nichtmusikalische Gehirn- und Verhaltensfunktionen.\u00a0 Das Indikationsspektrum von NMT\u2122 beinhaltet: Schlaganfall, Sch\u00e4delhirntrauma, [&hellip;]<\/p>\n","protected":false},"author":1,"featured_media":0,"parent":0,"menu_order":2,"comment_status":"closed","ping_status":"closed","template":"","meta":{"footnotes":""},"class_list":["post-208","page","type-page","status-publish","hentry"],"_links":{"self":[{"href":"http:\/\/mit-musik-geht-reha-besser.de\/fr\/wp-json\/wp\/v2\/pages\/208","targetHints":{"allow":["GET"]}}],"collection":[{"href":"http:\/\/mit-musik-geht-reha-besser.de\/fr\/wp-json\/wp\/v2\/pages"}],"about":[{"href":"http:\/\/mit-musik-geht-reha-besser.de\/fr\/wp-json\/wp\/v2\/types\/page"}],"author":[{"embeddable":true,"href":"http:\/\/mit-musik-geht-reha-besser.de\/fr\/wp-json\/wp\/v2\/users\/1"}],"replies":[{"embeddable":true,"href":"http:\/\/mit-musik-geht-reha-besser.de\/fr\/wp-json\/wp\/v2\/comments?post=208"}],"version-history":[{"count":12,"href":"http:\/\/mit-musik-geht-reha-besser.de\/fr\/wp-json\/wp\/v2\/pages\/208\/revisions"}],"predecessor-version":[{"id":1335,"href":"http:\/\/mit-musik-geht-reha-besser.de\/fr\/wp-json\/wp\/v2\/pages\/208\/revisions\/1335"}],"wp:attachment":[{"href":"http:\/\/mit-musik-geht-reha-besser.de\/fr\/wp-json\/wp\/v2\/media?parent=208"}],"curies":[{"name":"wp","href":"https:\/\/api.w.org\/{rel}","templated":true}]}}