{"id":336,"date":"2019-03-10T06:31:02","date_gmt":"2019-03-10T06:31:02","guid":{"rendered":"http:\/\/mit-musik-geht-reha-besser.de\/?page_id=336"},"modified":"2025-12-29T08:59:26","modified_gmt":"2025-12-29T08:59:26","slug":"zubehoer","status":"publish","type":"page","link":"http:\/\/mit-musik-geht-reha-besser.de\/fr\/zubehoer\/","title":{"rendered":"Accessoires"},"content":{"rendered":"<p>Ressources utiles, pratiques et sp\u00e9cifiques pour la musicoth\u00e9rapie en r\u00e9adaptation.*<\/p>\n\n\n\n<p>N&#039;y a-t-il pas quelque chose qui manque ici ? <a href=\"http:\/\/mit-musik-geht-reha-besser.de\/fr\/impressum\/\">Aidez-moi s&#039;il vous pla\u00eet<\/a> pour compl\u00e9ter notre aper\u00e7u !<\/p>\n\n\n<div class=\"wp-block-image\">\n<figure class=\"alignleft size-full\"><a href=\"https:\/\/mit-musik-geht-reha-besser.de\/wp-content\/uploads\/2025\/12\/LiLaLiederheft.pdf\" target=\"_blank\" rel=\"noopener\"><img loading=\"lazy\" decoding=\"async\" width=\"30\" height=\"31\" src=\"http:\/\/mit-musik-geht-reha-besser.de\/wp-content\/uploads\/2019\/01\/PDF.gif\" alt=\"\" class=\"wp-image-200\"\/><\/a><\/figure>\n<\/div>\n\n\n<p>Le <a href=\"https:\/\/mit-musik-geht-reha-besser.de\/wp-content\/uploads\/2025\/12\/LiLaLiederheft.pdf\" data-type=\"attachment\" data-id=\"1369\" target=\"_blank\" rel=\"noreferrer noopener\">Recueil de chansons LiLa \u00e0 imprimer soi-m\u00eame<\/a> Retrouvez des chansons d&#039;hier et d&#039;aujourd&#039;hui\u00a0! Au programme\u00a0: musique folk, pop, rock et tubes allemands. T\u00e9l\u00e9chargez, imprimez, agrafez et chantez\u00a0! Inclut des liens karaok\u00e9 et des r\u00e9glages pour les voix matures et les personnes ayant des difficult\u00e9s vocales. 13\/11\/2025.<\/p>\n\n\n\n<p><strong><a href=\"https:\/\/transpose.video\" target=\"_blank\" rel=\"noopener\"><img loading=\"lazy\" decoding=\"async\" class=\"alignright wp-image-1001\" src=\"http:\/\/mit-musik-geht-reha-besser.de\/wp-content\/uploads\/2023\/03\/Transpose-Plugin-187x300.png\" alt=\"\" width=\"57\" height=\"91\" srcset=\"https:\/\/mit-musik-geht-reha-besser.de\/wp-content\/uploads\/2023\/03\/Transpose-Plugin-187x300.png 187w, https:\/\/mit-musik-geht-reha-besser.de\/wp-content\/uploads\/2023\/03\/Transpose-Plugin-7x12.png 7w, https:\/\/mit-musik-geht-reha-besser.de\/wp-content\/uploads\/2023\/03\/Transpose-Plugin.png 314w\" sizes=\"auto, (max-width: 57px) 100vw, 57px\" \/><\/a>Extension de navigateur pour transposer la musique en streaming<\/strong>. Ce plugin permet de modifier la hauteur et le tempo. Id\u00e9al pour les applications de karaok\u00e9 th\u00e9rapeutique (par exemple, via YouTube). Disponible pour Google Chrome. <a href=\"https:\/\/transpose.video\/\">transposer.vid\u00e9o\/<\/a><\/p>\n\n\n\n<p><strong>Application Karafun : <\/strong>Cette application transforme le karaok\u00e9 en une activit\u00e9 th\u00e9rapeutique. Vous pouvez ajuster la tonalit\u00e9 et le tempo selon vos pr\u00e9f\u00e9rences. Disponible sur Android, iOS et PC. La version de base gratuite inclut plusieurs versions compl\u00e8tes \u00e0 essayer. L&#039;abonnement co\u00fbte actuellement 10 \u20ac\/mois. <a href=\"https:\/\/www.karafun.de\/apps\/\">www.karafun.de<\/a><\/p>\n\n\n\n<p><strong>Compteur de pression BPM<\/strong> est une application qui permet de d\u00e9terminer tr\u00e8s facilement le tempo musical ou moteur (par exemple, la fr\u00e9quence des pas). <a href=\"https:\/\/play.google.com\/store\/apps\/details?id=net.oxdb.EasyBPMs&amp;hl=de\">Play Store<\/a> \u2013 <a href=\"https:\/\/apps.apple.com\/de\/app\/bpm-tap-counter\/id548740985\">App Store<\/a><\/p>\n\n\n<div class=\"wp-block-image\">\n<figure class=\"alignleft size-large is-resized\"><img loading=\"lazy\" decoding=\"async\" width=\"1024\" height=\"1024\" src=\"http:\/\/mit-musik-geht-reha-besser.de\/wp-content\/uploads\/2022\/11\/Mainka_Piktogramm_Klang_10-1024x1024.png\" alt=\"\" class=\"wp-image-815\" style=\"width:58px;height:58px\" srcset=\"https:\/\/mit-musik-geht-reha-besser.de\/wp-content\/uploads\/2022\/11\/Mainka_Piktogramm_Klang_10-1024x1024.png 1024w, https:\/\/mit-musik-geht-reha-besser.de\/wp-content\/uploads\/2022\/11\/Mainka_Piktogramm_Klang_10-300x300.png 300w, https:\/\/mit-musik-geht-reha-besser.de\/wp-content\/uploads\/2022\/11\/Mainka_Piktogramm_Klang_10-150x150.png 150w, https:\/\/mit-musik-geht-reha-besser.de\/wp-content\/uploads\/2022\/11\/Mainka_Piktogramm_Klang_10-768x768.png 768w, https:\/\/mit-musik-geht-reha-besser.de\/wp-content\/uploads\/2022\/11\/Mainka_Piktogramm_Klang_10-1536x1536.png 1536w, https:\/\/mit-musik-geht-reha-besser.de\/wp-content\/uploads\/2022\/11\/Mainka_Piktogramm_Klang_10-12x12.png 12w, https:\/\/mit-musik-geht-reha-besser.de\/wp-content\/uploads\/2022\/11\/Mainka_Piktogramm_Klang_10.png 1944w\" sizes=\"auto, (max-width: 1024px) 100vw, 1024px\" \/><\/figure>\n<\/div>\n\n\n<p>Le <a href=\"http:\/\/mit-musik-geht-reha-besser.de\/fr\/schluck-wecker\/\" data-type=\"page\" data-id=\"814\">R\u00e9veil hirondelle <\/a>\u2013 un entra\u00eenement de la m\u00e9moire audio pour am\u00e9liorer la fonction de d\u00e9glutition.<\/p>\n\n\n<div class=\"wp-block-image\">\n<figure class=\"alignright size-full\"><a href=\"http:\/\/mit-musik-geht-reha-besser.de\/wp-content\/uploads\/2019\/03\/Musiktherapie-mit-keimbedingt-isolierten-Patienten.pdf\"><img loading=\"lazy\" decoding=\"async\" width=\"30\" height=\"31\" src=\"http:\/\/mit-musik-geht-reha-besser.de\/wp-content\/uploads\/2019\/01\/PDF.gif\" alt=\"\" class=\"wp-image-200\"\/><\/a><\/figure>\n<\/div>\n\n\n<p><a rel=\"noreferrer noopener\" href=\"http:\/\/mit-musik-geht-reha-besser.de\/wp-content\/uploads\/2019\/03\/Musiktherapie-mit-keimbedingt-isolierten-Patienten.pdf\" target=\"_blank\">Fiche d&#039;information sur la musicoth\u00e9rapie pendant l&#039;isolement de contact<\/a> \u2013 Mat\u00e9riel et conseils. Quels instruments, dispositifs, logiciels, etc. sont particuli\u00e8rement adapt\u00e9s si la th\u00e9rapie doit avoir lieu dans la chambre du patient en raison d&#039;un isolement li\u00e9 aux germes\u00a0? <\/p>\n\n\n<div class=\"wp-block-image\">\n<figure class=\"alignleft size-large is-resized\"><img loading=\"lazy\" decoding=\"async\" width=\"1024\" height=\"746\" src=\"http:\/\/mit-musik-geht-reha-besser.de\/wp-content\/uploads\/2022\/01\/Handglocken-1024x746.jpg\" alt=\"\" class=\"wp-image-698\" style=\"aspect-ratio:1.3835616438356164;width:92px;height:auto\" srcset=\"https:\/\/mit-musik-geht-reha-besser.de\/wp-content\/uploads\/2022\/01\/Handglocken-1024x746.jpg 1024w, https:\/\/mit-musik-geht-reha-besser.de\/wp-content\/uploads\/2022\/01\/Handglocken-300x219.jpg 300w, https:\/\/mit-musik-geht-reha-besser.de\/wp-content\/uploads\/2022\/01\/Handglocken-768x560.jpg 768w, https:\/\/mit-musik-geht-reha-besser.de\/wp-content\/uploads\/2022\/01\/Handglocken-16x12.jpg 16w, https:\/\/mit-musik-geht-reha-besser.de\/wp-content\/uploads\/2022\/01\/Handglocken.jpg 1098w\" sizes=\"auto, (max-width: 1024px) 100vw, 1024px\" \/><\/figure>\n<\/div>\n\n\n<p><strong>Cloches \u00e0 main pour la table.<\/strong> Ces cloches accord\u00e9es tonalement n&#039;ont pas besoin d&#039;\u00eatre tenues ni frapp\u00e9es, il suffit de les effleurer. \u00c0 d\u00e9couvrir sur www.thomann.de <a href=\"https:\/\/www.thomann.de\/de\/thomann_rainbow_handbells_trhb_20.htm\">(Cloches arc-en-ciel)<\/a>)<\/p>\n\n\n\n<p><strong>Anamn\u00e8se en musicoth\u00e9rapie chez un patient en \u00e9tat v\u00e9g\u00e9tatif\u00a0:<\/strong> <a href=\"http:\/\/mit-musik-geht-reha-besser.de\/wp-content\/uploads\/2021\/04\/Musiktherapie-Anamnese-Wachkoma.pdf\" data-type=\"attachment\" data-id=\"615\">\u00c9valuation externe de la biographie musicale<\/a> par Stefan Emde<\/p>\n\n\n\n<p><\/p>\n\n\n<div class=\"wp-block-image\">\n<figure class=\"alignright is-resized\"><img loading=\"lazy\" decoding=\"async\" width=\"416\" height=\"1024\" src=\"http:\/\/mit-musik-geht-reha-besser.de\/wp-content\/uploads\/2019\/01\/Staender_Rahmentrommel-416x1024.jpg\" alt=\"\" class=\"wp-image-42\" style=\"width:49px;height:120px\" srcset=\"https:\/\/mit-musik-geht-reha-besser.de\/wp-content\/uploads\/2019\/01\/Staender_Rahmentrommel-416x1024.jpg 416w, https:\/\/mit-musik-geht-reha-besser.de\/wp-content\/uploads\/2019\/01\/Staender_Rahmentrommel-122x300.jpg 122w, https:\/\/mit-musik-geht-reha-besser.de\/wp-content\/uploads\/2019\/01\/Staender_Rahmentrommel.jpg 608w\" sizes=\"auto, (max-width: 416px) 100vw, 416px\" \/><\/figure>\n<\/div>\n\n<div class=\"wp-block-image\">\n<figure class=\"alignleft size-full is-resized\"><img loading=\"lazy\" decoding=\"async\" width=\"540\" height=\"546\" src=\"https:\/\/mit-musik-geht-reha-besser.de\/wp-content\/uploads\/2024\/05\/Sonodrum.jpg\" alt=\"\" class=\"wp-image-1255\" style=\"width:67px;height:auto\" srcset=\"https:\/\/mit-musik-geht-reha-besser.de\/wp-content\/uploads\/2024\/05\/Sonodrum.jpg 540w, https:\/\/mit-musik-geht-reha-besser.de\/wp-content\/uploads\/2024\/05\/Sonodrum-297x300.jpg 297w, https:\/\/mit-musik-geht-reha-besser.de\/wp-content\/uploads\/2024\/05\/Sonodrum-12x12.jpg 12w\" sizes=\"auto, (max-width: 540px) 100vw, 540px\" \/><\/figure>\n<\/div>\n\n\n<p><strong>Sonodrum<\/strong> \u2013 Instrument m\u00e9lodique, parfaitement adapt\u00e9 \u00e0 une utilisation dans les unit\u00e9s de soins intensifs.<\/p>\n\n\n\n<p><\/p>\n\n\n\n<p><strong>Support pour tambour sur cadre :<\/strong> Support : Percussion<strong> <\/strong>ST30, support : support de tambour sur cadre Schlagwerk RTH 20, tambour : universel, ici de Meinl <\/p>\n\n\n<div class=\"wp-block-image\">\n<figure class=\"alignleft is-resized\"><img loading=\"lazy\" decoding=\"async\" width=\"100\" height=\"100\" src=\"http:\/\/mit-musik-geht-reha-besser.de\/wp-content\/uploads\/2019\/01\/Saugheber.jpg\" alt=\"\" class=\"wp-image-34\" style=\"width:56px;height:56px\"\/><\/figure>\n<\/div>\n\n\n<p><strong>Ventouses pour bols chantants<\/strong> Pour une meilleure prise en main lors de travaux \u00e0 proximit\u00e9 du corps. Diff\u00e9rents mod\u00e8les et tailles. Vu \u00e0<strong> <\/strong><a href=\"http:\/\/www.nepal-importe.de\/gongreiber-schlaegel-saugheber-kloeppel-saugscheiben-u-heber-c-83_226.html\">www.nepal-importe.de<\/a><\/p>\n\n\n<div class=\"wp-block-image\">\n<figure class=\"alignright is-resized\"><img loading=\"lazy\" decoding=\"async\" width=\"400\" height=\"313\" src=\"http:\/\/mit-musik-geht-reha-besser.de\/wp-content\/uploads\/2019\/03\/Ergoplay.jpg\" alt=\"\" class=\"wp-image-348\" style=\"width:68px;height:53px\" srcset=\"https:\/\/mit-musik-geht-reha-besser.de\/wp-content\/uploads\/2019\/03\/Ergoplay.jpg 400w, https:\/\/mit-musik-geht-reha-besser.de\/wp-content\/uploads\/2019\/03\/Ergoplay-300x235.jpg 300w\" sizes=\"auto, (max-width: 400px) 100vw, 400px\" \/><\/figure>\n<\/div>\n\n\n<p><strong>Support guitare Ergoplay Tappert<\/strong> Jouer de la guitare devient d\u00e9sormais ergonomique ! Con\u00e7ue pr\u00e9cis\u00e9ment pour r\u00e9pondre \u00e0 vos besoins par un guitariste passionn\u00e9, elle est enti\u00e8rement r\u00e9glable. \u00c0 d\u00e9couvrir sur thomann.de<\/p>\n\n\n\n<p><strong>Audacity logiciel<\/strong>. Nous proposons ce logiciel gratuit depuis un certain temps d\u00e9j\u00e0. <a href=\"http:\/\/mit-musik-geht-reha-besser.de\/fr\/links\/\">Gauche<\/a> avant. Dans <a href=\"https:\/\/vimeo.com\/105323423\">vid\u00e9o<\/a> Ceci montre comment modifier facilement la hauteur des morceaux de musique. T\u00e9l\u00e9charger sur<strong> <\/strong><a href=\"http:\/\/www.audacity.de\/\" target=\"_blank\" rel=\"noreferrer noopener\">www.audacity.de<\/a><\/p>\n\n\n<div class=\"wp-block-image\">\n<figure class=\"alignleft is-resized\"><img loading=\"lazy\" decoding=\"async\" width=\"940\" height=\"280\" src=\"http:\/\/mit-musik-geht-reha-besser.de\/wp-content\/uploads\/2019\/01\/slide_tamb_1.jpg\" alt=\"\" class=\"wp-image-39\" style=\"width:182px;height:53px\" srcset=\"https:\/\/mit-musik-geht-reha-besser.de\/wp-content\/uploads\/2019\/01\/slide_tamb_1.jpg 940w, https:\/\/mit-musik-geht-reha-besser.de\/wp-content\/uploads\/2019\/01\/slide_tamb_1-300x89.jpg 300w, https:\/\/mit-musik-geht-reha-besser.de\/wp-content\/uploads\/2019\/01\/slide_tamb_1-768x229.jpg 768w\" sizes=\"auto, (max-width: 940px) 100vw, 940px\" \/><figcaption class=\"wp-element-caption\"><br><\/figcaption><\/figure>\n<\/div>\n\n\n<p><strong>Tambura du corps<\/strong> Proche du monocorde, cet instrument offre d&#039;excellentes possibilit\u00e9s de jeu avec et pour les patients. Son spectre sonore est tout aussi riche en harmoniques et tr\u00e8s variable, avec trois hauteurs diff\u00e9rentes. Vu \u00e0\u00a0: <a rel=\"noreferrer noopener\" href=\"http:\/\/www.deutz-klangwerkstatt.de\/instrumente\/koerpertambura\" target=\"_blank\">deutz-klangwerkstatt.de<\/a> , Des lits sonores et des monochordes th\u00e9rapeutiques sont \u00e9galement disponibles \u00e0 <a rel=\"noreferrer noopener\" href=\"https:\/\/naturtonmusik.de\/instrumente\/\" target=\"_blank\">naturtonmusik.de<\/a><\/p>\n\n\n\n<p><img loading=\"lazy\" decoding=\"async\" class=\"wp-image-6 lazy-loaded alignright\" src=\"https:\/\/curaswing.de\/wp-content\/uploads\/2019\/04\/CuraSwing_Logo_dunkel-300x300.png\" alt=\"\" data-lazy-type=\"image\" data-src=\"https:\/\/curaswing.de\/wp-content\/uploads\/2019\/04\/CuraSwing_Logo_dunkel-300x300.png\" width=\"105\" height=\"105\"><\/p>\n\n\n\n<p>Le <strong>Application Curaswing<\/strong> Il produit de la musique. L&#039;iPhone se transforme ainsi en instrument de musique. Gr\u00e2ce aux capteurs de mouvement de l&#039;appareil, il g\u00e9n\u00e8re un retour haptique stimulant\u2026 sous forme de musique ! <a href=\"http:\/\/www.curaswing.de\">www.curaswing.de<\/a><\/p>\n\n\n\n<p><strong>Harpe magique<\/strong> Instrument \u00e0 cordes facile \u00e0 manier gr\u00e2ce \u00e0 l&#039;espacement plus large des cordes. Partitions sp\u00e9ciales en notation symbolique disponibles en encart pour l&#039;instrument. Vu \u00e0<strong> <\/strong><a href=\"http:\/\/www.zauberharfe.de\/\">www.zauberharfe.de<\/a><\/p>\n\n\n<div class=\"wp-block-image\">\n<figure class=\"alignright is-resized\"><img loading=\"lazy\" decoding=\"async\" width=\"460\" height=\"259\" src=\"http:\/\/mit-musik-geht-reha-besser.de\/wp-content\/uploads\/2019\/01\/Skoog-USB_460.png\" alt=\"\" class=\"wp-image-38\" style=\"width:161px;height:91px\" srcset=\"https:\/\/mit-musik-geht-reha-besser.de\/wp-content\/uploads\/2019\/01\/Skoog-USB_460.png 460w, https:\/\/mit-musik-geht-reha-besser.de\/wp-content\/uploads\/2019\/01\/Skoog-USB_460-300x169.png 300w\" sizes=\"auto, (max-width: 460px) 100vw, 460px\" \/><\/figure>\n<\/div>\n\n\n<p><strong>Skoog \u2013 Instrument MIDI<\/strong> avec des applications tr\u00e8s pratiques. Vu \u00e0<strong> <\/strong><a href=\"http:\/\/www.skoogmusic.com\/skoog\">www.skoogmusic.com\/skoog<\/a><\/p>\n\n\n<div class=\"wp-block-image\">\n<figure class=\"alignleft is-resized\"><img loading=\"lazy\" decoding=\"async\" width=\"292\" height=\"300\" src=\"http:\/\/mit-musik-geht-reha-besser.de\/wp-content\/uploads\/2019\/01\/sizzle_board.jpg\" alt=\"\" class=\"wp-image-37\" style=\"width:75px;height:77px\"\/><\/figure>\n<\/div>\n\n\n<p><strong>Sizzle Board<\/strong> Cet instrument, le percussion SIZ10, se fixe \u00e0 la cuisse et se joue \u00e0 la main ou avec des baguettes\u00a0; son son rappelle celui d\u2019une caisse claire. Vu sur thomann.de<\/p>\n\n\n<div class=\"wp-block-image\">\n<figure class=\"alignright is-resized\"><img loading=\"lazy\" decoding=\"async\" width=\"180\" height=\"113\" src=\"http:\/\/mit-musik-geht-reha-besser.de\/wp-content\/uploads\/2019\/01\/hz_1_k.png\" alt=\"\" class=\"wp-image-24\" style=\"width:131px;height:82px\"\/><\/figure>\n<\/div>\n\n\n<p>Le <strong>Autoharpe (\u00e9galement connue sous le nom de cithare harpe ou cithare \u00e0 clavier)<\/strong> C&#039;est l&#039;instrument d&#039;accompagnement id\u00e9al\u00a0: nettement plus puissant et avec une tessiture beaucoup plus \u00e9tendue qu&#039;une guitare. Tr\u00e8s facile \u00e0 jouer au m\u00e9diator. Pour jouer, on le tient soit \u00e0 deux mains devant la poitrine, soit pos\u00e9 sur les genoux en position assise. Les produits Oscar Schmidt sont recommand\u00e9s. Vu sur thomann.de<\/p>\n\n\n<div class=\"wp-block-image\">\n<figure class=\"alignleft is-resized\"><img loading=\"lazy\" decoding=\"async\" width=\"115\" height=\"115\" src=\"http:\/\/mit-musik-geht-reha-besser.de\/wp-content\/uploads\/2019\/01\/rollpiano.jpg\" alt=\"\" class=\"wp-image-33\" style=\"width:95px;height:95px\"\/><\/figure>\n<\/div>\n\n\n<p><strong>Piano \u00e0 roulettes<\/strong> Un piano pour les malades. Il poss\u00e8de m\u00eame un clavier complet, des haut-parleurs int\u00e9gr\u00e9s, une prise casque et peut \u00eatre aliment\u00e9 par un adaptateur secteur. La qualit\u00e9 sonore des haut-parleurs int\u00e9gr\u00e9s est plut\u00f4t m\u00e9diocre. Vu sur amazon.de<\/p>\n\n\n<div class=\"wp-block-image\">\n<figure class=\"alignright is-resized\"><img loading=\"lazy\" decoding=\"async\" width=\"128\" height=\"460\" src=\"http:\/\/mit-musik-geht-reha-besser.de\/wp-content\/uploads\/2019\/01\/krix.jpg\" alt=\"\" class=\"wp-image-28\" style=\"width:20px;height:72px\"\/><\/figure>\n<\/div>\n\n\n<p><strong>Krix<\/strong> De la musique dans votre chaussure. Cet appareil s&#039;ins\u00e8re simplement dans votre chaussure. Et puis, \u00e7a fait \u201e uffz \u201c. Marque : Schlagwerk<\/p>\n\n\n<div class=\"wp-block-image\">\n<figure class=\"alignleft is-resized\"><img loading=\"lazy\" decoding=\"async\" width=\"584\" height=\"361\" src=\"http:\/\/mit-musik-geht-reha-besser.de\/wp-content\/uploads\/2019\/01\/fusspercussion.jpg\" alt=\"\" class=\"wp-image-23\" style=\"width:120px;height:74px\" srcset=\"https:\/\/mit-musik-geht-reha-besser.de\/wp-content\/uploads\/2019\/01\/fusspercussion.jpg 584w, https:\/\/mit-musik-geht-reha-besser.de\/wp-content\/uploads\/2019\/01\/fusspercussion-300x185.jpg 300w\" sizes=\"auto, (max-width: 584px) 100vw, 584px\" \/><\/figure>\n<\/div>\n\n\n<p><strong>percussions au pied<\/strong> \u2013 Un atelier de tournage sur bois de Wittstock a invent\u00e9 quelque chose de vraiment bien\u00a0: en plus de cet accessoire de percussion pour chaussures, cette entreprise propose \u00e9galement d\u2019autres petits instruments de percussion sophistiqu\u00e9s pour les pieds.<br> Vu sur fusspercussion.de<\/p>\n\n\n<div class=\"wp-block-image\">\n<figure class=\"alignright is-resized\"><img loading=\"lazy\" decoding=\"async\" width=\"484\" height=\"191\" src=\"http:\/\/mit-musik-geht-reha-besser.de\/wp-content\/uploads\/2019\/01\/shakehand.jpg\" alt=\"\" class=\"wp-image-36\" style=\"width:172px;height:68px\" srcset=\"https:\/\/mit-musik-geht-reha-besser.de\/wp-content\/uploads\/2019\/01\/shakehand.jpg 484w, https:\/\/mit-musik-geht-reha-besser.de\/wp-content\/uploads\/2019\/01\/shakehand-300x118.jpg 300w\" sizes=\"auto, (max-width: 484px) 100vw, 484px\" \/><\/figure>\n<\/div>\n\n\n<p><strong>Serrer la main<\/strong> Ce gant de Schlagwerk peut contenir deux maracas et un shaker. Cela permet de jouer simultan\u00e9ment des maracas et des percussions.<\/p>\n\n\n<div class=\"wp-block-image\">\n<figure class=\"alignleft is-resized\"><img loading=\"lazy\" decoding=\"async\" width=\"380\" height=\"237\" src=\"http:\/\/mit-musik-geht-reha-besser.de\/wp-content\/uploads\/2019\/01\/Multifunktionsklangschale.jpg\" alt=\"\" class=\"wp-image-31\" style=\"width:101px;height:63px\" srcset=\"https:\/\/mit-musik-geht-reha-besser.de\/wp-content\/uploads\/2019\/01\/Multifunktionsklangschale.jpg 380w, https:\/\/mit-musik-geht-reha-besser.de\/wp-content\/uploads\/2019\/01\/Multifunktionsklangschale-300x187.jpg 300w\" sizes=\"auto, (max-width: 380px) 100vw, 380px\" \/><\/figure>\n<\/div>\n\n\n<p><strong>bol chantant multifonctionnel<\/strong> Enfin, un bol chantant avec une poign\u00e9e ! Ce bol chantant multifonctionnel est disponible en diff\u00e9rentes tailles. Il est particuli\u00e8rement adapt\u00e9 \u00e0 une utilisation sur les zones r\u00e9flexes des pieds ou des mains, ou sur les articulations. Actuellement indisponible en ligne.&nbsp;<a href=\"http:\/\/mit-musik-geht-reha-besser.de\/fr\/impressum\/\">informez-nous<\/a>, si vous savez o\u00f9 ce produit est disponible.<\/p>\n\n\n<div class=\"wp-block-image\">\n<figure class=\"alignright is-resized\"><img loading=\"lazy\" decoding=\"async\" width=\"300\" height=\"203\" src=\"http:\/\/mit-musik-geht-reha-besser.de\/wp-content\/uploads\/2019\/01\/mp3-spieler-akku.jpg\" alt=\"\" class=\"wp-image-30\" style=\"width:122px;height:83px\"\/><\/figure>\n<\/div>\n\n\n<p>Ce portable <strong>Lecteur MP3 SanDisk Clip Sport<\/strong>&nbsp;Il est relativement facile \u00e0 utiliser. Les morceaux de musique sont transf\u00e9r\u00e9s sur un PC via un c\u00e2ble USB. L&#039;appareil se recharge automatiquement lorsqu&#039;il est connect\u00e9 \u00e0 un PC. Une pince \u00e0 l&#039;arri\u00e8re permet de l&#039;accrocher facilement aux v\u00eatements. Vu sur amazon.de<\/p>\n\n\n<div class=\"wp-block-image\">\n<figure class=\"alignleft is-resized\"><img loading=\"lazy\" decoding=\"async\" width=\"266\" height=\"300\" src=\"http:\/\/mit-musik-geht-reha-besser.de\/wp-content\/uploads\/2019\/01\/lefima_staender.jpg\" alt=\"\" class=\"wp-image-29\" style=\"width:73px;height:82px\"\/><\/figure>\n<\/div>\n\n\n<p>Le <strong>Chariot support pour la grande batterie d&#039;orchestre<\/strong> Lefima offre une excellente solution pour que les xylophones, m\u00e9tallophones, instruments \u00e0 maillets, etc. soient r\u00e9glables en hauteur, inclinables et mobiles.<br> Certains instruments sont d\u00e9j\u00e0 pr\u00e9-perc\u00e9s pour les vis. (Vu sur reisser-musik.de)<\/p>\n\n\n<div class=\"wp-block-image\">\n<figure class=\"alignright is-resized\"><img loading=\"lazy\" decoding=\"async\" width=\"160\" height=\"240\" src=\"http:\/\/mit-musik-geht-reha-besser.de\/wp-content\/uploads\/2019\/01\/Kreuzhalter.jpg\" alt=\"\" class=\"wp-image-27\" style=\"width:40px;height:60px\"\/><\/figure>\n<\/div>\n\n\n<p><strong>support de tr\u00e9pied<\/strong> Pour diff\u00e9rents tambours de cadre, y compris la croix de montage.<br> Vu sur thieme-sport.de<\/p>\n\n\n<div class=\"wp-block-image\">\n<figure class=\"alignleft is-resized\"><img loading=\"lazy\" decoding=\"async\" width=\"960\" height=\"960\" src=\"http:\/\/mit-musik-geht-reha-besser.de\/wp-content\/uploads\/2019\/05\/Meinl-Knee-Jingle-Pad-1.jpg\" alt=\"\" class=\"wp-image-435\" style=\"width:69px;height:69px\" srcset=\"https:\/\/mit-musik-geht-reha-besser.de\/wp-content\/uploads\/2019\/05\/Meinl-Knee-Jingle-Pad-1.jpg 960w, https:\/\/mit-musik-geht-reha-besser.de\/wp-content\/uploads\/2019\/05\/Meinl-Knee-Jingle-Pad-1-150x150.jpg 150w, https:\/\/mit-musik-geht-reha-besser.de\/wp-content\/uploads\/2019\/05\/Meinl-Knee-Jingle-Pad-1-300x300.jpg 300w, https:\/\/mit-musik-geht-reha-besser.de\/wp-content\/uploads\/2019\/05\/Meinl-Knee-Jingle-Pad-1-768x768.jpg 768w\" sizes=\"auto, (max-width: 960px) 100vw, 960px\" \/><\/figure>\n<\/div>\n\n\n<p><strong>Genouill\u00e8re Meinl Jingle Pad<\/strong>, visible sur thomann.de<\/p>\n\n\n<div class=\"wp-block-image\">\n<figure class=\"alignright size-large is-resized\"><img loading=\"lazy\" decoding=\"async\" width=\"256\" height=\"405\" src=\"http:\/\/mit-musik-geht-reha-besser.de\/wp-content\/uploads\/2021\/02\/mhz_28-liedundsong_648.jpg\" alt=\"\" class=\"wp-image-591\" style=\"width:58px;height:92px\" srcset=\"https:\/\/mit-musik-geht-reha-besser.de\/wp-content\/uploads\/2021\/02\/mhz_28-liedundsong_648.jpg 256w, https:\/\/mit-musik-geht-reha-besser.de\/wp-content\/uploads\/2021\/02\/mhz_28-liedundsong_648-190x300.jpg 190w\" sizes=\"auto, (max-width: 256px) 100vw, 256px\" \/><\/figure>\n<\/div>\n\n\n<p><strong>Chanson et chanson<\/strong> Un recueil de chansons tr\u00e8s vari\u00e9, comprenant des morceaux folkloriques, pop et rock, mais aussi des chansons internationales. Disponible chez Schott Music.<\/p>\n\n\n\n\n\n<p>* <em>Toutes les recommandations ont \u00e9t\u00e9 soigneusement \u00e9valu\u00e9es dans une perspective de musicoth\u00e9rapie afin de d\u00e9terminer leur pertinence en mati\u00e8re de r\u00e9adaptation. Nous ne percevons aucune r\u00e9mun\u00e9ration pour nos recommandations. <\/em><\/p>","protected":false},"excerpt":{"rendered":"<p>N\u00fctzliches, Praktisches &amp; Besonderes f\u00fcr Musiktherapie in der Rehabilitation.* Hier fehlt noch was? Bitte helfen Sie uns die \u00dcbersicht zu erg\u00e4nzen! Das LiLaLiederheft zum selber drucken mit Songs von damals bis heute.\u00a0Mit Volksliedern, sowie Pop, Rock und Schlager. Runterladen, Ausdrucken, Heften und Lossingen! Mit Karaoke-Links und Anpassung f\u00fcr reifere und beeintr\u00e4chtigte Stimmen. 13-11-2025. Karafun -App: [&hellip;]<\/p>\n","protected":false},"author":1,"featured_media":0,"parent":0,"menu_order":2,"comment_status":"closed","ping_status":"closed","template":"","meta":{"footnotes":""},"class_list":["post-336","page","type-page","status-publish","hentry"],"_links":{"self":[{"href":"http:\/\/mit-musik-geht-reha-besser.de\/fr\/wp-json\/wp\/v2\/pages\/336","targetHints":{"allow":["GET"]}}],"collection":[{"href":"http:\/\/mit-musik-geht-reha-besser.de\/fr\/wp-json\/wp\/v2\/pages"}],"about":[{"href":"http:\/\/mit-musik-geht-reha-besser.de\/fr\/wp-json\/wp\/v2\/types\/page"}],"author":[{"embeddable":true,"href":"http:\/\/mit-musik-geht-reha-besser.de\/fr\/wp-json\/wp\/v2\/users\/1"}],"replies":[{"embeddable":true,"href":"http:\/\/mit-musik-geht-reha-besser.de\/fr\/wp-json\/wp\/v2\/comments?post=336"}],"version-history":[{"count":78,"href":"http:\/\/mit-musik-geht-reha-besser.de\/fr\/wp-json\/wp\/v2\/pages\/336\/revisions"}],"predecessor-version":[{"id":1412,"href":"http:\/\/mit-musik-geht-reha-besser.de\/fr\/wp-json\/wp\/v2\/pages\/336\/revisions\/1412"}],"wp:attachment":[{"href":"http:\/\/mit-musik-geht-reha-besser.de\/fr\/wp-json\/wp\/v2\/media?parent=336"}],"curies":[{"name":"wp","href":"https:\/\/api.w.org\/{rel}","templated":true}]}}