{"id":638,"date":"2021-06-03T15:19:51","date_gmt":"2021-06-03T15:19:51","guid":{"rendered":"http:\/\/mit-musik-geht-reha-besser.de\/?page_id=638"},"modified":"2022-02-27T11:29:52","modified_gmt":"2022-02-27T11:29:52","slug":"mobil-bleiben-beelitzer-musikgymnastik-bei-parkinson","status":"publish","type":"page","link":"http:\/\/mit-musik-geht-reha-besser.de\/fr\/mobil-bleiben-beelitzer-musikgymnastik-bei-parkinson\/","title":{"rendered":"Rester mobile : la gymnastique musicale Beelitz pour les personnes atteintes de la maladie de Parkinson"},"content":{"rendered":"<p>3 juin 2021. Rester actif est essentiel pour les personnes atteintes de la maladie de Parkinson. Une activit\u00e9 physique r\u00e9guli\u00e8re peut contribuer \u00e0 ralentir la progression des sympt\u00f4mes. Outre la quantit\u00e9, la qualit\u00e9 est \u00e9galement importante. La musique peut stimuler les deux. Elle am\u00e9liore la motivation et rend l&#039;exercice plus agr\u00e9able. De plus, le rythme et le volume de la musique stimulent le syst\u00e8me nerveux moteur, ce qui r\u00e9duit directement les sympt\u00f4mes de la maladie de Parkinson tels que la rigidit\u00e9 et la bradykin\u00e9sie (voir aussi...). <a href=\"http:\/\/mit-musik-geht-reha-besser.de\/fr\/news-mt160712\/\">La musicoth\u00e9rapie est ancr\u00e9e dans les directives de traitement de la maladie de Parkinson<\/a>).<\/p>\n<p>Au Centre Parkinson de Beelitz-Heilst\u00e4tten, des musicoth\u00e9rapeutes et des physioth\u00e9rapeutes ont mis au point un programme de gymnastique musicale sp\u00e9cifique. Ce programme a ensuite \u00e9t\u00e9 test\u00e9 pendant trois semaines par la musicoth\u00e9rapeute Selma Gros \u00e0 la Clinique Parkinson de Bad Segeberg. Gros a \u00e9tudi\u00e9 les effets d&#039;un entra\u00eenement quotidien de cette gymnastique musicale sur la mobilit\u00e9 des personnes atteintes d&#039;une forme avanc\u00e9e de la maladie de Parkinson.<\/p>\n<p>Ce programme s&#039;appuie sur des d\u00e9couvertes neuroscientifiques en musicoth\u00e9rapie neurologique. La musique structure la s\u00e9quence d&#039;exercices, induit une am\u00e9lioration spontan\u00e9e de la mobilit\u00e9 et accro\u00eet la motivation et l&#039;humeur. (voir aussi <a href=\"http:\/\/mit-musik-geht-reha-besser.de\/fr\/bewegungstraining-aus-dem-cd-player\/\">Entra\u00eenement physique \u00e0 partir du lecteur CD<\/a>)<\/p>\n<p>Dans le cadre de cette \u00e9tude, un groupe de patients a b\u00e9n\u00e9fici\u00e9 d&#039;un entra\u00eenement de groupe quotidien guid\u00e9, bas\u00e9 sur le programme \u201e\u00a0Gymnastique musicale Beelitz\u00a0\u201c. Le groupe t\u00e9moin a suivi le programme th\u00e9rapeutique standard. En raison de la pand\u00e9mie de COVID-19, le nombre de participants \u00e9tait limit\u00e9, ce qui ne permet pas de tirer de conclusions quant aux diff\u00e9rences entre les groupes. Cependant, les participants se sont montr\u00e9s tr\u00e8s satisfaits de la gymnastique musicale tout au long de l&#039;\u00e9tude et ont fait preuve d&#039;une forte motivation pour poursuivre le programme. L&#039;\u00e9tude a ainsi d\u00e9montr\u00e9 que ce programme d&#039;exercices est adapt\u00e9 \u00e0 un entra\u00eenement clinique intensif. Il serait important, \u00e0 l&#039;avenir, de d\u00e9terminer si le programme \u00ab\u00a0Gymnastique musicale Beelitz\u00a0\u00bb peut \u00e9galement am\u00e9liorer l&#039;efficacit\u00e9 de l&#039;auto-entra\u00eenement \u00e0 domicile pour les patients atteints de la maladie de Parkinson.<\/p>\n<p style=\"text-align: right;\">Source : Gros S, Mainka S. Rythmes motivants \u2013 \u201e Gymnastique musicale Beelitz \u201c pour la maladie de Parkinson idiopathique. <a href=\"https:\/\/www.thieme-connect.de\/products\/ejournals\/abstract\/10.1055\/a-1400-0458\">Physio Practice 2021; 19:34\u201338<\/a><\/p>\n<p style=\"text-align: right;\">Gymnastique musicale Beelitz sur YouTube \u2013 <a href=\"https:\/\/www.youtube.com\/channel\/UCKS1ewyg0UOHv3E1AiK3TVw\">https:\/\/www.youtube.com\/channel\/UCKS1ewyg0UOHv3E1AiK3TVw<\/a><\/p>\n<p>\u00a0<\/p>","protected":false},"excerpt":{"rendered":"","protected":false},"author":1,"featured_media":0,"parent":0,"menu_order":0,"comment_status":"closed","ping_status":"closed","template":"","meta":{"footnotes":""},"class_list":["post-638","page","type-page","status-publish","hentry"],"_links":{"self":[{"href":"http:\/\/mit-musik-geht-reha-besser.de\/fr\/wp-json\/wp\/v2\/pages\/638","targetHints":{"allow":["GET"]}}],"collection":[{"href":"http:\/\/mit-musik-geht-reha-besser.de\/fr\/wp-json\/wp\/v2\/pages"}],"about":[{"href":"http:\/\/mit-musik-geht-reha-besser.de\/fr\/wp-json\/wp\/v2\/types\/page"}],"author":[{"embeddable":true,"href":"http:\/\/mit-musik-geht-reha-besser.de\/fr\/wp-json\/wp\/v2\/users\/1"}],"replies":[{"embeddable":true,"href":"http:\/\/mit-musik-geht-reha-besser.de\/fr\/wp-json\/wp\/v2\/comments?post=638"}],"version-history":[{"count":4,"href":"http:\/\/mit-musik-geht-reha-besser.de\/fr\/wp-json\/wp\/v2\/pages\/638\/revisions"}],"predecessor-version":[{"id":722,"href":"http:\/\/mit-musik-geht-reha-besser.de\/fr\/wp-json\/wp\/v2\/pages\/638\/revisions\/722"}],"wp:attachment":[{"href":"http:\/\/mit-musik-geht-reha-besser.de\/fr\/wp-json\/wp\/v2\/media?parent=638"}],"curies":[{"name":"wp","href":"https:\/\/api.w.org\/{rel}","templated":true}]}}