{"id":723,"date":"2022-02-27T11:50:18","date_gmt":"2022-02-27T11:50:18","guid":{"rendered":"http:\/\/mit-musik-geht-reha-besser.de\/?page_id=723"},"modified":"2022-02-27T11:50:18","modified_gmt":"2022-02-27T11:50:18","slug":"nationales-register-musiktherapie","status":"publish","type":"page","link":"http:\/\/mit-musik-geht-reha-besser.de\/fr\/nationales-register-musiktherapie\/","title":{"rendered":"Registre national de musicoth\u00e9rapie"},"content":{"rendered":"<p>15 f\u00e9vrier 2022. La musicoth\u00e9rapie joue un r\u00f4le de plus en plus important dans les programmes de r\u00e9adaptation complexes. Un nombre croissant de musicoth\u00e9rapeutes en activit\u00e9 clinique se heurte actuellement \u00e0 un syst\u00e8me de soins ambulatoires plut\u00f4t insuffisant. En milieu hospitalier, la musicoth\u00e9rapie fait souvent partie int\u00e9grante d&#039;un programme de th\u00e9rapie multidisciplinaire. <a href=\"https:\/\/bagkt.de\/implementierung\/ops\/\">proc\u00e9dures de traitement standardis\u00e9es,<\/a> Par exemple, en r\u00e9adaptation neurologique pr\u00e9coce, en th\u00e9rapie complexe pour la maladie de Parkinson ou en r\u00e9adaptation neurog\u00e9riatrique, la musicoth\u00e9rapie est d\u00e9sormais rembours\u00e9e et reconnue comme une prestation m\u00e9dicale standard au sein du syst\u00e8me de sant\u00e9 financ\u00e9 par l&#039;assurance maladie. Cependant, le suivi apr\u00e8s une hospitalisation est souvent impossible ou difficile. Cela s&#039;explique en partie par le fait que la musicoth\u00e9rapie ambulatoire n&#039;est pas encore rembours\u00e9e par les organismes d&#039;assurance maladie. De plus, il est difficile de trouver des services de musicoth\u00e9rapie qualifi\u00e9s \u00e0 proximit\u00e9 du domicile des patients.<\/p>\n<p>Au moins, ce dernier point sera d\u00e9sormais plus facile. L&#039;Association f\u00e9d\u00e9rale allemande de musicoth\u00e9rapie a publi\u00e9 un rapport. <a href=\"https:\/\/nationales-register.bag-musiktherapie.de\/\">Registre national en ligne de musicoth\u00e9rapie<\/a> Un nouveau registre a \u00e9t\u00e9 cr\u00e9\u00e9. Pour la premi\u00e8re fois, tous les musicoth\u00e9rapeutes certifi\u00e9s en Allemagne sont r\u00e9pertori\u00e9s de mani\u00e8re centralis\u00e9e. Un processus de certification d&#039;assurance qualit\u00e9, similaire \u00e0 celui utilis\u00e9 par les associations professionnelles d&#039;autres domaines, garantit que seuls les musicoth\u00e9rapeutes ayant re\u00e7u une formation compl\u00e8te et poss\u00e9dant les qualifications requises sont inscrits au registre. Cela am\u00e9liore consid\u00e9rablement la s\u00e9curit\u00e9 des soins pour les patients.<\/p>\n<p>Une fonction de recherche interactive permet aux utilisateurs d&#039;effectuer des recherches au-del\u00e0 de leur r\u00e9gion. Des champs de recherche suppl\u00e9mentaires leur permettent de trouver plus pr\u00e9cis\u00e9ment des th\u00e9rapeutes sp\u00e9cialis\u00e9s dans des domaines tels que la r\u00e9adaptation. Bien que cela ne r\u00e9solve pas le probl\u00e8me de financement des soins ambulatoires, cela facilitera au moins la recherche d&#039;un musicoth\u00e9rapeute qualifi\u00e9 dans sa r\u00e9gion \u00e0 l&#039;avenir.<\/p>\n<p style=\"text-align: right;\">Le Registre national de musicoth\u00e9rapie est disponible en ligne ici\u00a0: <a href=\"https:\/\/nationales-register.bag-musiktherapie.de\/\">https:\/\/nationales-register.bag-musiktherapie.de\/<\/a><\/p>","protected":false},"excerpt":{"rendered":"","protected":false},"author":1,"featured_media":0,"parent":0,"menu_order":0,"comment_status":"closed","ping_status":"closed","template":"","meta":{"footnotes":""},"class_list":["post-723","page","type-page","status-publish","hentry"],"_links":{"self":[{"href":"http:\/\/mit-musik-geht-reha-besser.de\/fr\/wp-json\/wp\/v2\/pages\/723","targetHints":{"allow":["GET"]}}],"collection":[{"href":"http:\/\/mit-musik-geht-reha-besser.de\/fr\/wp-json\/wp\/v2\/pages"}],"about":[{"href":"http:\/\/mit-musik-geht-reha-besser.de\/fr\/wp-json\/wp\/v2\/types\/page"}],"author":[{"embeddable":true,"href":"http:\/\/mit-musik-geht-reha-besser.de\/fr\/wp-json\/wp\/v2\/users\/1"}],"replies":[{"embeddable":true,"href":"http:\/\/mit-musik-geht-reha-besser.de\/fr\/wp-json\/wp\/v2\/comments?post=723"}],"version-history":[{"count":1,"href":"http:\/\/mit-musik-geht-reha-besser.de\/fr\/wp-json\/wp\/v2\/pages\/723\/revisions"}],"predecessor-version":[{"id":724,"href":"http:\/\/mit-musik-geht-reha-besser.de\/fr\/wp-json\/wp\/v2\/pages\/723\/revisions\/724"}],"wp:attachment":[{"href":"http:\/\/mit-musik-geht-reha-besser.de\/fr\/wp-json\/wp\/v2\/media?parent=723"}],"curies":[{"name":"wp","href":"https:\/\/api.w.org\/{rel}","templated":true}]}}