{"id":728,"date":"2022-02-27T12:45:13","date_gmt":"2022-02-27T12:45:13","guid":{"rendered":"http:\/\/mit-musik-geht-reha-besser.de\/?page_id=728"},"modified":"2022-02-27T18:33:00","modified_gmt":"2022-02-27T18:33:00","slug":"musik-hilft-bei-multipler-sklerose","status":"publish","type":"page","link":"http:\/\/mit-musik-geht-reha-besser.de\/fr\/musik-hilft-bei-multipler-sklerose\/","title":{"rendered":"La musique contribue \u00e0 la r\u00e9adaptation des personnes atteintes de scl\u00e9rose en plaques"},"content":{"rendered":"<p>27 f\u00e9vrier 2022. La scl\u00e9rose en plaques est une maladie neurologique progressive pr\u00e9sentant un large \u00e9ventail de sympt\u00f4mes. Il existe des formes tr\u00e8s l\u00e9g\u00e8res et \u00e0 progression lente, n&#039;ayant que peu d&#039;impact sur la qualit\u00e9 de vie. En revanche, il existe aussi des formes tr\u00e8s s\u00e9v\u00e8res, avec parfois des sympt\u00f4mes neurologiques graves tels que des paresth\u00e9sies, des troubles visuels, des d\u00e9ficits sensorimoteurs comme une paralysie partielle et des probl\u00e8mes de coordination, voire des troubles cognitifs comme des probl\u00e8mes d&#039;attention ou de m\u00e9moire.<\/p>\n<p>La maladie \u00e9volue souvent par pouss\u00e9es. De longues p\u00e9riodes de stabilit\u00e9 des sympt\u00f4mes sont suivies d&#039;exacerbations soudaines et s\u00e9v\u00e8res. Ces pouss\u00e9es sont trait\u00e9es par m\u00e9dicaments. Les sympt\u00f4mes s&#039;att\u00e9nuent alors g\u00e9n\u00e9ralement rapidement. Cependant, si les limitations persistent, des mesures de r\u00e9adaptation sont recommand\u00e9es et la musicoth\u00e9rapie peut \u00e9galement \u00eatre envisag\u00e9e.<\/p>\n<p>On sait depuis un certain temps que la musicoth\u00e9rapie peut contribuer \u00e0 une meilleure gestion psychologique de la scl\u00e9rose en plaques. Une revue r\u00e9cente a d\u00e9montr\u00e9 que cela s&#039;applique \u00e9galement aux limitations fonctionnelles physiques. Au total, 10 essais cliniques portant sur 429 patients ont \u00e9t\u00e9 \u00e9valu\u00e9s. Toutes les \u00e9tudes comportaient un groupe t\u00e9moin recevant soit un traitement standard, soit aucune th\u00e9rapie. Les interventions musicales comprenaient\u2026 <a href=\"http:\/\/mit-musik-geht-reha-besser.de\/fr\/neurologische-musiktherapie-motoriktraining\/\">entra\u00eenement \u00e0 la marche assist\u00e9 par la musique<\/a>, La pratique instrumentale th\u00e9rapeutique, la danse th\u00e9rapeutique, ou ce qu&#039;on appelle <a href=\"http:\/\/mit-musik-geht-reha-besser.de\/fr\/neurologische-musiktherapie\/\">Musicoth\u00e9rapie neurologique<\/a>.<\/p>\n<p>L&#039;\u00e9valuation scientifique des \u00e9tudes a r\u00e9v\u00e9l\u00e9 des effets positifs manifestes sur la sant\u00e9 des patients atteints de SEP. Ces effets incluent des am\u00e9liorations de la marche, de l&#039;\u00e9quilibre, de l&#039;endurance \u00e0 la marche, de la motricit\u00e9 fine, de la force, de la fatigue, du bien-\u00eatre \u00e9motionnel et de la douleur.<\/p>\n<p>Par cons\u00e9quent, la musicoth\u00e9rapie peut \u00eatre consid\u00e9r\u00e9e comme une th\u00e9rapie importante dans la r\u00e9adaptation des personnes atteintes de scl\u00e9rose en plaques.<\/p>\n<p>\u00a0<\/p>\n<p style=\"text-align: right;\">Source : Lopes, J, Keppers, II (2021). Musicoth\u00e9rapie dans la r\u00e9adaptation des personnes atteintes de scl\u00e9rose en plaques : une revue syst\u00e9matique des essais cliniques. Arq Neuropsiquiatr. 2021 juin;79(6):527-535. <a href=\"https:\/\/www.scielo.br\/j\/anp\/a\/nR4kvsmGpddytNWyfFZwfKG\/?lang=en\">lien<\/a>.<\/p>\n<p>\u00a0<\/p>\n<p>\u00a0<\/p>","protected":false},"excerpt":{"rendered":"","protected":false},"author":1,"featured_media":0,"parent":0,"menu_order":0,"comment_status":"closed","ping_status":"closed","template":"","meta":{"footnotes":""},"class_list":["post-728","page","type-page","status-publish","hentry"],"_links":{"self":[{"href":"http:\/\/mit-musik-geht-reha-besser.de\/fr\/wp-json\/wp\/v2\/pages\/728","targetHints":{"allow":["GET"]}}],"collection":[{"href":"http:\/\/mit-musik-geht-reha-besser.de\/fr\/wp-json\/wp\/v2\/pages"}],"about":[{"href":"http:\/\/mit-musik-geht-reha-besser.de\/fr\/wp-json\/wp\/v2\/types\/page"}],"author":[{"embeddable":true,"href":"http:\/\/mit-musik-geht-reha-besser.de\/fr\/wp-json\/wp\/v2\/users\/1"}],"replies":[{"embeddable":true,"href":"http:\/\/mit-musik-geht-reha-besser.de\/fr\/wp-json\/wp\/v2\/comments?post=728"}],"version-history":[{"count":2,"href":"http:\/\/mit-musik-geht-reha-besser.de\/fr\/wp-json\/wp\/v2\/pages\/728\/revisions"}],"predecessor-version":[{"id":735,"href":"http:\/\/mit-musik-geht-reha-besser.de\/fr\/wp-json\/wp\/v2\/pages\/728\/revisions\/735"}],"wp:attachment":[{"href":"http:\/\/mit-musik-geht-reha-besser.de\/fr\/wp-json\/wp\/v2\/media?parent=728"}],"curies":[{"name":"wp","href":"https:\/\/api.w.org\/{rel}","templated":true}]}}