{"id":205,"date":"2019-01-19T15:26:08","date_gmt":"2019-01-19T15:26:08","guid":{"rendered":"http:\/\/mit-musik-geht-reha-besser.de\/?page_id=205"},"modified":"2021-04-19T04:09:51","modified_gmt":"2021-04-19T04:09:51","slug":"wachkoma-2","status":"publish","type":"page","link":"http:\/\/mit-musik-geht-reha-besser.de\/ja\/wachkoma-2\/","title":{"rendered":"\u690d\u7269\u72b6\u614b"},"content":{"rendered":"<p class=\"has-text-align-center\"><em>\u30ab\u30ea\u30f3\u30fb\u30d9\u30fc\u30bc\u30e9\u30fc<\/em><\/p>\n\n\n\n<div class=\"wp-block-image\"><figure class=\"alignright is-resized\"><img loading=\"lazy\" decoding=\"async\" src=\"http:\/\/mit-musik-geht-reha-besser.de\/wp-content\/uploads\/2019\/01\/Chimes_handson.jpg\" alt=\"\" class=\"wp-image-18\" width=\"129\" height=\"86\" srcset=\"https:\/\/mit-musik-geht-reha-besser.de\/wp-content\/uploads\/2019\/01\/Chimes_handson.jpg 350w, https:\/\/mit-musik-geht-reha-besser.de\/wp-content\/uploads\/2019\/01\/Chimes_handson-300x200.jpg 300w\" sizes=\"auto, (max-width: 129px) 100vw, 129px\" \/><\/figure><\/div>\n\n\n\n<p>\u660f\u7761\u72b6\u614b\uff08\u307e\u305f\u306f\u690d\u7269\u72b6\u614b\u3001\u30a2\u30d1\u30ea\u30c3\u30af\u75c7\u5019\u7fa4\uff09\u306e\u60a3\u8005\u306b\u306f\u3001\u96c6\u4e2d\u7684\u306a\u533b\u7642\u3001\u770b\u8b77\u3001\u7406\u5b66\u7642\u6cd5\u3001\u4f5c\u696d\u7642\u6cd5\u3001\u795e\u7d4c\u5fc3\u7406\u5b66\u7684\u30b1\u30a2\u3060\u3051\u3067\u306a\u304f\u3001\u7279\u5225\u306a\u914d\u616e\u3068\u652f\u63f4\u3082\u5fc5\u8981\u3067\u3059\u3002\u5f7c\u3089\u306f\u3001\u5bc6\u63a5\u306a\u5bfe\u4eba\u95a2\u4fc2\u3092\u5fc5\u8981\u3068\u3057\u307e\u3059\u3002. <\/p>\n\n\n\n<p>\u6b4c\u3001\u30cf\u30df\u30f3\u30b0\u3001\u697d\u5668\u306e\u5373\u8208\u6f14\u594f\u3068\u3044\u3063\u305f\u97f3\u697d\u7642\u6cd5\u306f\u3001\u690d\u7269\u4eba\u9593\u72b6\u614b\u306e\u4eba\u3005\u306b\u3001\u5bc6\u63a5\u3067\u96c6\u4e2d\u7684\u306a\u5bfe\u8a71\u3092\u901a\u3057\u3066\u3001\u5b89\u5fc3\u611f\u3001\u5b89\u5168\u611f\u3001\u4eba\u9593\u7684\u306a\u7e4b\u304c\u308a\u3001\u305d\u3057\u3066\u6e29\u304b\u3055\u3092\u4e0e\u3048\u308b\u624b\u6bb5\u3068\u306a\u308a\u307e\u3059\u3002\u3053\u308c\u306f\u3001\u91cd\u5ea6\u306e\u8eab\u4f53\u969c\u5bb3\u3001\u305d\u3057\u3066\u5834\u5408\u306b\u3088\u3063\u3066\u306f\u8a8d\u77e5\u969c\u5bb3\u306b\u52a0\u3048\u3066\u3001\u5fc3\u7406\u7684\u306a\u30c8\u30e9\u30a6\u30de\u3092\u62b1\u3048\u3066\u3044\u308b\u4eba\u306b\u3068\u3063\u3066\u7279\u306b\u91cd\u8981\u3067\u3059\u3002.<\/p>\n\n\n\n<p>\u690d\u7269\u72b6\u614b\u306b\u3042\u308b\u4eba\u3068\u306e\u97f3\u697d\u306b\u3088\u308b\u5bfe\u4eba\u5bfe\u8a71\u306f\u3001\u6df1\u304f\u6839\u4ed8\u3044\u305f\u80ce\u5150\u671f\u306e\u7d4c\u9a13\u3068\u5bc6\u63a5\u306b\u7d50\u3073\u3064\u3044\u3066\u3044\u307e\u3059\u3002\u305d\u308c\u306f\u3001\u6bcd\u5b50\u9593\u306e\u89aa\u5bc6\u306a\u5bfe\u8a71\uff08\u30de\u30b6\u30fc\u30ea\u30fc\u30ba\u3001\u30d9\u30d3\u30fc\u30c8\u30fc\u30af\uff09\u306b\u4f3c\u3066\u3044\u307e\u3059\u3002\u3053\u3046\u3057\u305f\u7d4c\u9a13\u306b\u57fa\u3065\u304d\u3001\u97f3\u697d\u7642\u6cd5\u306f\u690d\u7269\u72b6\u614b\u306b\u3042\u308b\u4eba\u304c\u5185\u306a\u308b\u4e16\u754c\u3068\u518d\u3073\u3064\u306a\u304c\u308b\u3053\u3068\u3092\u53ef\u80fd\u306b\u3057\u307e\u3059\u3002. <\/p>\n\n\n\n<div class=\"wp-block-image\"><figure class=\"alignleft is-resized\"><img loading=\"lazy\" decoding=\"async\" src=\"http:\/\/mit-musik-geht-reha-besser.de\/wp-content\/uploads\/2019\/01\/haende_kind-im-bett.jpg\" alt=\"\" class=\"wp-image-57\" width=\"114\" height=\"75\" srcset=\"https:\/\/mit-musik-geht-reha-besser.de\/wp-content\/uploads\/2019\/01\/haende_kind-im-bett.jpg 1000w, https:\/\/mit-musik-geht-reha-besser.de\/wp-content\/uploads\/2019\/01\/haende_kind-im-bett-300x200.jpg 300w, https:\/\/mit-musik-geht-reha-besser.de\/wp-content\/uploads\/2019\/01\/haende_kind-im-bett-768x511.jpg 768w\" sizes=\"auto, (max-width: 114px) 100vw, 114px\" \/><\/figure><\/div>\n\n\n\n<p>\u3055\u3089\u306b\u3001\u97f3\u697d\u306f\u8133\u5185\u306e\u5831\u916c\u7cfb\u3068\u300c\u5feb\u697d\u4e2d\u67a2\u300d\uff08\u8179\u5074\u7dda\u6761\u4f53\uff09\u306b\u4f5c\u7528\u3057\u307e\u3059\u3002\u3053\u308c\u306f\u3001\u30ea\u30e9\u30c3\u30af\u30b9\u3057\u305f\u96f0\u56f2\u6c17\u306e\u4e2d\u3067\u611b\u60c5\u306e\u3053\u3082\u3063\u305f\u8996\u7dda\u3084\u89e6\u308c\u5408\u3044\u3092\u53d7\u3051\u308b\u306e\u3068\u540c\u69d8\u3067\u3059\u3002\u30aa\u30eb\u30c7\u30f3\u30d6\u30eb\u30af\u306e\u795e\u7d4c\u65e9\u671f\u30ea\u30cf\u30d3\u30ea\u30c6\u30fc\u30b7\u30e7\u30f3\u79d1\u4e3b\u4efb\u533b\u5e2b\u3067\u3042\u308b\u30a2\u30f3\u30c9\u30ec\u30a2\u30b9\u30fb\u30c4\u30a3\u30fc\u30ac\u30fc\u535a\u58eb\u306f\u3001\u300c\u97f3\u697d\u306f\u660e\u3089\u304b\u306b\u8133\u5168\u4f53\u306b\u4f5c\u7528\u3057\u3001\u8133\u5e79\u306e\u7dca\u5f35\u69cb\u9020\u3092\u6d3b\u6027\u5316\u3057\u305f\u308a\u93ae\u9759\u3055\u305b\u305f\u308a\u3057\u307e\u3059\u300d\u3068\u8ff0\u3079\u3066\u3044\u307e\u3059\u3002\u300c\u97f3\u697d\u306f\u8133\u306e\u4e21\u534a\u7403\u306b\u4f5c\u7528\u3057\u307e\u3059\u3002\u53f3\u534a\u7403\u306f\u97f3\u3001\u30a4\u30f3\u30c8\u30cd\u30fc\u30b7\u30e7\u30f3\u3001\u5f37\u5f31\u3001\u305d\u3057\u3066\u30cd\u30ac\u30c6\u30a3\u30d6\u306a\u611f\u60c5\u306b\u53cd\u5fdc\u3057\u3001\u5de6\u534a\u7403\u306f\u30e1\u30ed\u30c7\u30a3\u30fc\u3001\u30bf\u30a4\u30df\u30f3\u30b0\u3001\u30ea\u30ba\u30e0\u3001\u97f3\u7a0b\u8a8d\u8b58\u3001\u30dd\u30b8\u30c6\u30a3\u30d6\u306a\u611f\u60c5\u3068\u3044\u3063\u305f\u5206\u6790\u7684\u30fb\u7406\u6027\u7684\u306a\u6a5f\u80fd\u3092\u62c5\u3044\u307e\u3059\u3002\u300d\u201e <\/p>\n\n\n\n<p>\u690d\u7269\u72b6\u614b\u306b\u3042\u308b\u4eba\u306f\u97f3\u697d\u306e\u7533\u3057\u51fa\u306b\u53cd\u5fdc\u3057\u307e\u3059\u3002\u97f3\u697d\u7642\u6cd5\u58eb\u306f\u3001\u5480\u56bc\u3084\u97f3\u3092\u7acb\u3066\u308b\u52d5\u4f5c\u3001\u307e\u3076\u305f\u306e\u52d5\u304d\u3001\u8996\u7dda\u306e\u65b9\u5411\u306e\u5909\u5316\u3001\u8996\u7dda\u306e\u56fa\u5b9a\u3001\u547c\u5438\u306e\u5909\u5316\uff08\u6df1\u3044\u5438\u6c17\u3068\u5410\u6c17\uff09\u3001\u8eab\u4f53\u306e\u5f1b\u7de9\u307e\u305f\u306f\u7dca\u5f35\u3001\u982d\u3092\u56de\u3059\u3001\u305d\u306e\u4ed6\u306e\u8eab\u4f53\u52d5\u4f5c\u306a\u3069\u3001\u3054\u304f\u308f\u305a\u304b\u306a\u52d5\u304d\u306b\u3082\u6ce8\u610f\u3092\u6255\u3044\u307e\u3059\u3002\u8868\u60c5\u306e\u5909\u5316\u3001\u7b11\u9854\u3001\u6ce3\u304d\u58f0\u3068\u3044\u3063\u305f\u611f\u60c5\u7684\u306a\u5146\u5019\u3082\u3001\u690d\u7269\u72b6\u614b\u306b\u3042\u308b\u4eba\u304c\u5468\u56f2\u306e\u74b0\u5883\u306b\u53cd\u5fdc\u3057\u3001\u97f3\u697d\u3092\u524d\u5411\u304d\u3067\u3001\u4eba\u751f\u3092\u80af\u5b9a\u3057\u3001\u6170\u3081\u3066\u304f\u308c\u308b\u652f\u3048\u3068\u3057\u3066\u6349\u3048\u3066\u3044\u308b\u3053\u3068\u3092\u793a\u5506\u3057\u3066\u3044\u307e\u3059\u3002. <\/p>\n\n\n\n<p>\u690d\u7269\u72b6\u614b\u306b\u3042\u308b\u4eba\u3005\u306b\u5bfe\u3059\u308b\u97f3\u697d\u7642\u6cd5\u306f\u3001\u4eba\u9593\u306e\u57fa\u672c\u7684\u306a\u30cb\u30fc\u30ba\u306b\u5bfe\u51e6\u3057\u3066\u8a8d\u8b58\u3057\u3001\u611f\u60c5\u4f53\u9a13\u3092\u5909\u3048\u3066\u62e1\u5f35\u3057\u3001\u4e0d\u5b89\u3084\u30c8\u30e9\u30a6\u30de\u4f53\u9a13\u3092\u514b\u670d\u3059\u308b\u306e\u306b\u5f79\u7acb\u3064\u305f\u3081\u3001\u5e83\u7bc4\u56f2\u306b\u308f\u305f\u308b\u6cbb\u7642\u30b5\u30fc\u30d3\u30b9\u306b\u91cd\u8981\u306a\u8ffd\u52a0\u8981\u7d20\u3068\u306a\u308a\u307e\u3059\u3002. <\/p>\n\n\n\n<p class=\"has-text-align-right\"><em>\u51fa\u5178\uff1a\u30a2\u30f3\u30c9\u30ec\u30a2\u30b9\u30fb\u30c4\u30a3\u30fc\u30ac\u30fc\u300c\u97f3\u697d\u306f\u65b0\u305f\u306a\u751f\u547d\u306e\u5a92\u4ecb\u8005\u3002\u660f\u7761\u3084\u5931\u8abf\u75c7\u5019\u7fa4\u306e\u60a3\u8005\u306b\u3068\u3063\u3066\u5e0c\u671b\u306e\u793e\u4f1a\u7684\u30b5\u30a4\u30f3\u300dNeander, K.-D.\uff08\u7de8\uff09\u300e\u97f3\u697d\u3068\u30b1\u30a2\u300f\u30df\u30e5\u30f3\u30d8\u30f3\uff1a\u30a2\u30fc\u30d0\u30f3\uff06\u30d5\u30a3\u30c3\u30b7\u30e3\u30fc\u793e\u30011999\u5e74\u3001145-164\u9801\u3002.<\/em><\/p>\n\n\n\n<p class=\"has-text-align-right\"><a href=\"http:\/\/mit-musik-geht-reha-besser.de\/wp-content\/uploads\/2021\/04\/Musiktherapie-Anamnese-Wachkoma.pdf\" data-type=\"page\">\u97f3\u697d\u7642\u6cd5\uff08\u4ed8\u968f\u7684\u5c65\u6b74\uff09<\/a> \u4e0b <a href=\"http:\/\/mit-musik-geht-reha-besser.de\/ja\/zubehoer\/\" data-type=\"page\" data-id=\"336\">\u30a2\u30af\u30bb\u30b5\u30ea\u30fc<\/a><\/p>","protected":false},"excerpt":{"rendered":"<p>von Karin B\u00f6seler Menschen im Koma (bzw. Wachkoma od. apallisches Syndrom) ben\u00f6tigen neben intensiver \u00e4rztlicher, pflegerischer, physio-, ergotherapeutischer und neuropsychologischer Betreuung und Versorgung eine besondere Zuwendung und Aufmerksamkeit. Sie brauchen einen intensiven zwischenmenschlichen Kontakt. Musiktherapeutische Angebote wie Singen, Summen oder Improvisation auf Musikinstrumenten sind eine M\u00f6glichkeit, Menschen im Wachkoma in nahen und intensiven Dialogen Geborgenheit, Sicherheit, menschliche Zuwendung und W\u00e4rme zu vermitteln. Dies ist insbesondere bedeutsam, wenn die Betroffenen neben schweren physischen und m\u00f6glicherweise kognitiven Einschr\u00e4nkungen auch ein seelisches Trauma erlitten haben. Zwischenmenschlich nahe Musikdialoge mit Menschen im Wachkoma kn\u00fcpfen eng an tief verwurzelte und pr\u00e4natalen Erfahrungen an. Sie \u00e4hneln dem engen Mutter-Baby-Dialog (motherese, babytalk). So erm\u00f6glicht die Musiktherapie Menschen [&hellip;]<\/p>\n","protected":false},"author":1,"featured_media":0,"parent":0,"menu_order":3,"comment_status":"closed","ping_status":"closed","template":"","meta":{"footnotes":""},"class_list":["post-205","page","type-page","status-publish","hentry"],"_links":{"self":[{"href":"http:\/\/mit-musik-geht-reha-besser.de\/ja\/wp-json\/wp\/v2\/pages\/205","targetHints":{"allow":["GET"]}}],"collection":[{"href":"http:\/\/mit-musik-geht-reha-besser.de\/ja\/wp-json\/wp\/v2\/pages"}],"about":[{"href":"http:\/\/mit-musik-geht-reha-besser.de\/ja\/wp-json\/wp\/v2\/types\/page"}],"author":[{"embeddable":true,"href":"http:\/\/mit-musik-geht-reha-besser.de\/ja\/wp-json\/wp\/v2\/users\/1"}],"replies":[{"embeddable":true,"href":"http:\/\/mit-musik-geht-reha-besser.de\/ja\/wp-json\/wp\/v2\/comments?post=205"}],"version-history":[{"count":5,"href":"http:\/\/mit-musik-geht-reha-besser.de\/ja\/wp-json\/wp\/v2\/pages\/205\/revisions"}],"predecessor-version":[{"id":626,"href":"http:\/\/mit-musik-geht-reha-besser.de\/ja\/wp-json\/wp\/v2\/pages\/205\/revisions\/626"}],"wp:attachment":[{"href":"http:\/\/mit-musik-geht-reha-besser.de\/ja\/wp-json\/wp\/v2\/media?parent=205"}],"curies":[{"name":"wp","href":"https:\/\/api.w.org\/{rel}","templated":true}]}}