{"id":209,"date":"2019-01-19T15:33:42","date_gmt":"2019-01-19T15:33:42","guid":{"rendered":"http:\/\/mit-musik-geht-reha-besser.de\/?page_id=209"},"modified":"2025-06-25T19:14:19","modified_gmt":"2025-06-25T19:14:19","slug":"neurologische-musiktherapie-motoriktraining","status":"publish","type":"page","link":"http:\/\/mit-musik-geht-reha-besser.de\/ja\/neurologische-musiktherapie-motoriktraining\/","title":{"rendered":"NMT\u2122 \u2013 \u904b\u52d5\u6280\u80fd\u30c8\u30ec\u30fc\u30cb\u30f3\u30b0"},"content":{"rendered":"<p>\u3053\u3053\u3067\u306f\u3001 <a href=\"http:\/\/mit-musik-geht-reha-besser.de\/ja\/neurologische-musiktherapie\/\">\u795e\u7d4c\u5b66\u7684\u97f3\u697d\u7642\u6cd5<\/a><sup>\u00ae<\/sup> Thaut \u6c0f\u306e\u8aac\u660e\u3069\u304a\u308a\u3002.<\/p>\n\n\n\n<h4 class=\"wp-block-heading\"><strong><a>\u97f3\u697d\u3092\u4f7f\u3063\u305f\u6b69\u884c\u8a13\u7df4 \u2013 RAS<\/a><\/strong><\/h4>\n\n\n<div class=\"wp-block-image\">\n<figure class=\"alignright is-resized\"><img loading=\"lazy\" decoding=\"async\" width=\"250\" height=\"333\" src=\"http:\/\/mit-musik-geht-reha-besser.de\/wp-content\/uploads\/2019\/01\/gang.jpg\" alt=\"\" class=\"wp-image-14\" style=\"width:111px;height:148px\" srcset=\"https:\/\/mit-musik-geht-reha-besser.de\/wp-content\/uploads\/2019\/01\/gang.jpg 250w, https:\/\/mit-musik-geht-reha-besser.de\/wp-content\/uploads\/2019\/01\/gang-225x300.jpg 225w\" sizes=\"auto, (max-width: 250px) 100vw, 250px\" \/><\/figure>\n<\/div>\n\n\n<p>\u30ea\u30cf\u30d3\u30ea\u30c6\u30fc\u30b7\u30e7\u30f3\u6b69\u884c\u8a13\u7df4<strong> <\/strong>\uff08\u4f8b\u3048\u3070\u3001\u8133\u5352\u4e2d\u3001\u30d1\u30fc\u30ad\u30f3\u30bd\u30f3\u75c5\u3001\u5916\u50b7\u6027\u8133\u640d\u50b7\u3001\u80a1\u95a2\u7bc0\u624b\u8853\u306a\u3069\uff09\u306e\u56de\u5fa9\u306f\u3001\u97f3\u697d\u306e\u52a9\u3051\u3092\u501f\u308a\u308b\u3053\u3068\u3067\u3088\u308a\u52b9\u679c\u7684\u306b\u306a\u308a\u307e\u3059\u3002\u3053\u308c\u306b\u306f\u3001RAS\u2122\uff08\u30ea\u30ba\u30df\u30c3\u30af\u30fb\u30a2\u30b3\u30fc\u30b9\u30c6\u30a3\u30c3\u30af\u30fb\u30b9\u30c6\u30a3\u30df\u30e5\u30ec\u30fc\u30b7\u30e7\u30f3\uff09\u3068\u547c\u3070\u308c\u308b\u6280\u8853\u304c\u7528\u3044\u3089\u308c\u307e\u3059\u3002\u3053\u306e\u6280\u8853\u306f\u3001\u30e1\u30c8\u30ed\u30ce\u30fc\u30e0\u3084\u30d8\u30c3\u30c9\u30d5\u30a9\u30f3\u3092\u901a\u3057\u3066\u97f3\u697d\u3068\u3057\u3066\u63d0\u793a\u3055\u308c\u307e\u3059\u3002\u97f3\u697d\u306e\u30c6\u30f3\u30dd\u3068\u69cb\u6210\u306f\u3001 <a href=\"http:\/\/mit-musik-geht-reha-besser.de\/ja\/musik\/\" target=\"_blank\" rel=\"noreferrer noopener\">\u30c8\u30ec\u30fc\u30cb\u30f3\u30b0\u97f3\u697d<\/a>\u00a0\u4e71\u308c\u305f\u6b69\u884c\u30d1\u30bf\u30fc\u30f3\u306b\u9069\u5fdc\u3059\u308b\u3002.\u00a0<br>RAS\u2122\uff08\u6b69\u884c\u8a13\u7df4\uff09\u306e\u305f\u3081\u306e\u30c7\u30b8\u30bf\u30eb\u6cbb\u7642\u30d7\u30ed\u30c8\u30b3\u30eb\u3002\u7d71\u5408\u3055\u308c\u305f\u8a08\u7b97\u5f0f\u30a8\u30c7\u30a3\u30bf\u3092\u642d\u8f09\u3002.<\/p>\n\n\n\n<div class=\"wp-block-file\"><a href=\"http:\/\/mit-musik-geht-reha-besser.de\/wp-content\/uploads\/2019\/02\/RAS-Protokoll.xls\">RAS\u2122\u30d7\u30ed\u30c8\u30b3\u30eb<\/a><a href=\"http:\/\/mit-musik-geht-reha-besser.de\/wp-content\/uploads\/2019\/02\/RAS-Protokoll.xls\" class=\"wp-block-file__button wp-element-button\" download>\u30c0\u30a6\u30f3\u30ed\u30fc\u30c9<\/a><\/div>\n\n\n\n<figure class=\"wp-block-embed alignleft is-type-video is-provider-vimeo wp-block-embed-vimeo wp-embed-aspect-4-3 wp-has-aspect-ratio\"><div class=\"wp-block-embed__wrapper\">\n<iframe loading=\"lazy\" title=\"\u795e\u7d4c\u640d\u50b7\u5f8c\u306e\u6cbb\u7642\u7684\u697d\u5668\u6f14\u594f\" src=\"https:\/\/player.vimeo.com\/video\/346514321?dnt=1&amp;app_id=122963\" width=\"640\" height=\"480\" frameborder=\"0\" allow=\"autoplay; fullscreen; picture-in-picture; clipboard-write; encrypted-media; web-share\"><\/iframe>\n<\/div><\/figure>\n\n\n\n<h4 class=\"wp-block-heading\"><a>\u904b\u52d5\u8a13\u7df4\u3068\u3057\u3066\u306e\u697d\u5668\u6f14\u594f<\/a><\/h4>\n\n\n\n<p>\u697d\u5668\u3092\u6f14\u594f\u3059\u308b\u3053\u3068\u3067\u3001\u60a3\u8005\u306f\u97f3\u697d\u7d4c\u9a13\u304c\u306a\u304f\u3066\u3082\u3001\u8155\u3001\u80f4\u4f53\u3001\u624b\u3001\u6307\u306a\u3069\u306e\u52d5\u304d\u3092\u52b9\u679c\u7684\u306b\u8a13\u7df4\u3059\u308b\u3053\u3068\u304c\u3067\u304d\u307e\u3059\u3002<strong> <\/strong>\u30c9\u30e9\u30e0\u3001\u30de\u30ec\u30c3\u30c8\u697d\u5668\u3001\u30d4\u30a2\u30ce\u3001\u30e1\u30ed\u30c7\u30a3\u30ab\u306a\u3069\u306e\u697d\u5668\u306f\u3001\u904b\u52d5\u3092\u97f3\u697d\u7684\u306b\u3059\u308b\u305f\u3081\u306b\u4f7f\u7528\u3055\u308c\u307e\u3059\u3002<strong> <\/strong>\u6700\u9069\u5316\u3059\u308b\u305f\u3081\u306b\u3002\u697d\u5668\u306e\u914d\u7f6e\u3068\u3001\u30bb\u30e9\u30d4\u30b9\u30c8\u304c\u30d4\u30a2\u30ce\u3067\u751f\u6f14\u594f\u3059\u308b\u97f3\u697d\u523a\u6fc0\u306b\u3088\u308a\u3001\u540c\u3058\u52d5\u304d\u3092\u4f55\u5ea6\u3082\u7e70\u308a\u8fd4\u3057\u7df4\u7fd2\u3059\u308b\u3053\u3068\u304c\u3067\u304d\u307e\u3059\u3002.&nbsp;<\/p>\n\n\n\n<figure class=\"wp-block-embed alignleft is-type-video is-provider-vimeo wp-block-embed-vimeo wp-embed-aspect-4-3 wp-has-aspect-ratio\"><div class=\"wp-block-embed__wrapper\">\n<iframe loading=\"lazy\" title=\"\u30d1\u30fc\u30ad\u30f3\u30bd\u30f3\u75c5\u60a3\u8005\u306e\u305f\u3081\u306e\u30d4\u30a2\u30ce\u3092\u4f7f\u3063\u305f\u624b\u6307\u8a13\u7df4\" src=\"https:\/\/player.vimeo.com\/video\/112469229?dnt=1&amp;app_id=122963\" width=\"720\" height=\"576\" frameborder=\"0\" allow=\"autoplay; fullscreen; picture-in-picture; clipboard-write; encrypted-media; web-share\"><\/iframe>\n<\/div><\/figure>\n\n\n\n<p>\u30d1\u30fc\u30ad\u30f3\u30bd\u30f3\u75c5\u306e\u65b9\u306e\u305f\u3081\u306e\u30d4\u30a2\u30ce\u3092\u4f7f\u3063\u305f\u5fae\u7d30\u904b\u52d5\u6280\u80fd\u30c8\u30ec\u30fc\u30cb\u30f3\u30b0\u306f\u3001\u6307\u3068\u624b\u306e\u91cd\u8981\u306a\u5668\u7528\u3055\u3092\u7dad\u6301\u3057\u3001\u935b\u3048\u308b\u512a\u308c\u305f\u65b9\u6cd5\u3067\u3059\u3002\u30d4\u30a2\u30ce\u30c8\u30ec\u30fc\u30cb\u30f3\u30b0\u306f\u30ea\u30ba\u30e0\u306b\u5408\u308f\u305b\u3066\u30b3\u30f3\u30c8\u30ed\u30fc\u30eb\u3055\u308c\u3001\u975e\u52b9\u7387\u7684\u306a\u52d5\u304d\u3084\u786c\u76f4\u3092\u6291\u5236\u3057\u306a\u304c\u3089\u3001\u6700\u9069\u304b\u3064\u9078\u629e\u7684\u306a\u6307\u306e\u52d5\u304d\u3092\u4fc3\u9032\u3057\u307e\u3059\u3002.<\/p>\n\n\n\n<p>\u3053\u306e\u3088\u3046\u306a\u53cd\u5fa9\u8a13\u7df4\u306f\u3001\u30ea\u30cf\u30d3\u30ea\u30c6\u30fc\u30b7\u30e7\u30f3\u7642\u6cd5\u306e\u67a0\u7d44\u307f\u306b\u304a\u3044\u3066\u975e\u5e38\u306b\u6709\u671b\u306a\u30a2\u30d7\u30ed\u30fc\u30c1\u3067\u3042\u308a\u3001\u7279\u306b\u3001\u4ed6\u306e\u969c\u5bb3\uff08\u7121\u8996\u3001\u75d9\u6027\u3001\u6ce8\u610f\u6b20\u9665\u306a\u3069\uff09\u304c\u8a13\u7df4\u306e\u9032\u884c\u3092\u59a8\u3052\u3066\u3044\u308b\u5834\u5408\u306b\u6709\u52b9\u3067\u3059\u3002\u30bb\u30e9\u30d4\u30b9\u30c8\u306e\u6307\u5c0e\u304c\u3042\u308c\u3070\u3001\u91cd\u5ea6\u306e\u9ebb\u75fa\u306e\u3042\u308b\u7b4b\u8089\u3067\u3042\u3063\u3066\u3082\u52b9\u679c\u7684\u306b\u8a13\u7df4\u3059\u308b\u3053\u3068\u304c\u3067\u304d\u307e\u3059\u3002\u795e\u7d4c\u97f3\u697d\u7642\u6cd5\u3067\u306f\u3001\u3053\u306e\u624b\u6cd5\u306fTIMP\u2122\uff08Therapeutic Instrumental Musical Playing\uff09\u3068\u547c\u3070\u308c\u3066\u3044\u307e\u3059\u3002.<\/p>\n\n\n\n<h4 class=\"wp-block-heading\"><strong><a>\u97f3\u697d\u7642\u6cd5\u30b7\u30fc\u30b1\u30f3\u30b9\u30c8\u30ec\u30fc\u30cb\u30f3\u30b0<\/a><\/strong><\/h4>\n\n\n<div class=\"wp-block-image\">\n<figure class=\"alignleft is-resized\"><img loading=\"lazy\" decoding=\"async\" width=\"350\" height=\"233\" src=\"http:\/\/mit-musik-geht-reha-besser.de\/wp-content\/uploads\/2019\/01\/Chimes_handson.jpg\" alt=\"\" class=\"wp-image-18\" style=\"width:126px;height:84px\" srcset=\"https:\/\/mit-musik-geht-reha-besser.de\/wp-content\/uploads\/2019\/01\/Chimes_handson.jpg 350w, https:\/\/mit-musik-geht-reha-besser.de\/wp-content\/uploads\/2019\/01\/Chimes_handson-300x200.jpg 300w\" sizes=\"auto, (max-width: 350px) 100vw, 350px\" \/><\/figure>\n<\/div>\n\n\n<p>\u3053\u306e\u8a13\u7df4\u3067\u306f\u3001\u60a3\u8005\u306f\u7279\u5225\u306b\u4f5c\u66f2\u3055\u308c\u305f\u97f3\u697d\u306b\u4fc3\u3055\u308c\u306a\u304c\u3089\u3001\u8907\u96d1\u306a\u52d5\u4f5c\u3084\u4e00\u9023\u306e\u52d5\u4f5c\uff08\u4f8b\u3048\u3070\u3001\u5ea7\u4f4d\u304b\u3089\u7acb\u4f4d\u3078\u306e\u79fb\u884c\u3001\u7269\u4f53\u306e\u64cd\u4f5c\u306a\u3069\uff09\u3092\u7df4\u7fd2\u3057\u307e\u3059\u3002\u500b\u3005\u306e\u52d5\u4f5c\u306f\u3059\u3079\u3066\u3001\u3044\u308f\u3086\u308b\u904b\u52d5\u5b66\u7684\u30e1\u30ed\u30c7\u30a3\u30fc\u306b\u7d44\u307f\u8fbc\u307e\u308c\u3066\u3044\u307e\u3059\u3002\u3053\u306e\u6cbb\u7642\u6280\u8853\u306f\u3001 <em>\u30d1\u30bf\u30fc\u30f3\u5316\u3055\u308c\u305f\u611f\u899a\u5f37\u5316<\/em>\u2122\u3002\u3053\u306e\u30d7\u30ed\u30bb\u30b9\u3067\u306f\u3001\u97f3\u697d\u30d1\u30bf\u30fc\u30f3\u304c\u52d5\u304d\u306e\u7279\u5b9a\u306e\u5074\u9762\u3001\u4f8b\u3048\u3070\u53ef\u52d5\u7bc4\u56f2\u306a\u3069\u3092\u30b5\u30dd\u30fc\u30c8\u3057\u307e\u3057\u305f\u3002.<\/p>\n\n\n\n<p>\u3053\u306e\u7279\u5225\u306a\u97f3\u697d\u306f\u3001\u904b\u52d5\u5236\u5fa1\u3092\u5411\u4e0a\u3055\u305b\u307e\u3059\u3002\u3055\u3089\u306b\u3001\u30c8\u30ec\u30fc\u30cb\u30f3\u30b0\u306f\u8074\u899a\u7684\u304b\u3064\u7f8e\u7684\u306a\u4f53\u9a13\u3068\u306a\u308a\u3001\u7cbe\u795e\u7684\u306a\u5b66\u7fd2\u30d7\u30ed\u30bb\u30b9\u3092\u30b5\u30dd\u30fc\u30c8\u3057\u307e\u3059\u3002\u305d\u3057\u3066\u4f55\u3088\u308a\u3001\u30c8\u30ec\u30fc\u30cb\u30f3\u30b0\u3092\u3088\u308a\u697d\u3057\u304f\u3057\u3001\u6301\u4e45\u529b\u3068\u30e2\u30c1\u30d9\u30fc\u30b7\u30e7\u30f3\u3092\u9ad8\u3081\u307e\u3059\u3002\u3053\u3061\u3089\u3082\u3054\u89a7\u304f\u3060\u3055\u3044 <a href=\"https:\/\/www.youtube.com\/channel\/UCKS1ewyg0UOHv3E1AiK3TVw\" target=\"_blank\" rel=\"noreferrer noopener\">\u30d9\u30fc\u30ea\u30c3\u30c4\u30df\u30e5\u30fc\u30b8\u30ab\u30eb\u4f53\u64cd\u3002.<\/a><\/p>","protected":false},"excerpt":{"rendered":"<p>Hier werden motorische Anwendungen der Neurologischen Musiktherapie\u00ae nach Thaut beschrieben. Gangtraining mit Musik &#8211; RAS Das rehabilitative Gangtraining (z.Bsp. bei Schlaganfall, Parkinson, Sch\u00e4delhirntrauma, H\u00fcft-OP etc.) wird mittels Musik effizienter. Dabei wird eine sogenannte RAS\u2122 (Rhythmisch-akustische Stimulation) verwendet. Diese wird von einem Metronom oder\u00a0als Musik \u00fcber Kopfh\u00f6rer pr\u00e4sentiert. Dabei m\u00fcssen Tempo und Struktur der Trainingsmusik\u00a0an das gest\u00f6rte Gangbild angepasst werden.\u00a0Das digitale Therapieprotokoll f\u00fcr RAS\u2122 &#8211; Gangtraining. Mit integriertem Formeleditor. Instrumentalspiel als Bewegungstraining Durch das Spiel auf Musikinstrumenten k\u00f6nnen &#8211; auch bis dato musisch unerfahrene &#8211; Patienten Bewegungen von Armen, Rumpf, H\u00e4nden, Finger u.a. effektiv trainieren. Verschiedenen Musikinstrumente, wie Trommeln, Stabspiele, Klavier oder Melodica dienen dazu Bewegungs\u00fcbungen musikalisch zu optimieren. Die Anordnung [&hellip;]<\/p>\n","protected":false},"author":1,"featured_media":0,"parent":0,"menu_order":4,"comment_status":"closed","ping_status":"closed","template":"","meta":{"footnotes":""},"class_list":["post-209","page","type-page","status-publish","hentry"],"_links":{"self":[{"href":"http:\/\/mit-musik-geht-reha-besser.de\/ja\/wp-json\/wp\/v2\/pages\/209","targetHints":{"allow":["GET"]}}],"collection":[{"href":"http:\/\/mit-musik-geht-reha-besser.de\/ja\/wp-json\/wp\/v2\/pages"}],"about":[{"href":"http:\/\/mit-musik-geht-reha-besser.de\/ja\/wp-json\/wp\/v2\/types\/page"}],"author":[{"embeddable":true,"href":"http:\/\/mit-musik-geht-reha-besser.de\/ja\/wp-json\/wp\/v2\/users\/1"}],"replies":[{"embeddable":true,"href":"http:\/\/mit-musik-geht-reha-besser.de\/ja\/wp-json\/wp\/v2\/comments?post=209"}],"version-history":[{"count":13,"href":"http:\/\/mit-musik-geht-reha-besser.de\/ja\/wp-json\/wp\/v2\/pages\/209\/revisions"}],"predecessor-version":[{"id":1339,"href":"http:\/\/mit-musik-geht-reha-besser.de\/ja\/wp-json\/wp\/v2\/pages\/209\/revisions\/1339"}],"wp:attachment":[{"href":"http:\/\/mit-musik-geht-reha-besser.de\/ja\/wp-json\/wp\/v2\/media?parent=209"}],"curies":[{"name":"wp","href":"https:\/\/api.w.org\/{rel}","templated":true}]}}