{"id":213,"date":"2019-01-19T15:35:18","date_gmt":"2019-01-19T15:35:18","guid":{"rendered":"http:\/\/mit-musik-geht-reha-besser.de\/?page_id=213"},"modified":"2025-07-03T18:25:22","modified_gmt":"2025-07-03T18:25:22","slug":"neurologische-musiktherapie-hirnleistungstraining","status":"publish","type":"page","link":"http:\/\/mit-musik-geht-reha-besser.de\/ja\/neurologische-musiktherapie-hirnleistungstraining\/","title":{"rendered":"NMT\u2122 \u2013 \u8133\u30d1\u30d5\u30a9\u30fc\u30de\u30f3\u30b9\u30c8\u30ec\u30fc\u30cb\u30f3\u30b0"},"content":{"rendered":"<p>\u3053\u306e\u30bb\u30af\u30b7\u30e7\u30f3\u3067\u306f\u3001\u8a8d\u77e5\u30c8\u30ec\u30fc\u30cb\u30f3\u30b0\u306e\u305f\u3081\u306e Thaut \u306b\u3088\u308b\u795e\u7d4c\u97f3\u697d\u7642\u6cd5\u306e\u6cbb\u7642\u30c6\u30af\u30cb\u30c3\u30af\u306b\u3064\u3044\u3066\u8aac\u660e\u3057\u307e\u3059\u3002.<\/p>\n\n\n\n<p>\u97f3\u697d\u7642\u6cd5\u306e\u624b\u6cd5\u306b\u3088\u3063\u3066\u3001\u8a8d\u77e5\u6a5f\u80fd\u306e\u30ea\u30cf\u30d3\u30ea\u30c6\u30fc\u30b7\u30e7\u30f3\u306f\u6301\u7d9a\u7684\u306b\u6539\u5584\u3059\u308b\u3053\u3068\u304c\u3067\u304d\u307e\u3059\u3002\u8a8d\u77e5\u80fd\u529b\u306f\u97f3\u697d\u3092\u594f\u3067\u308b\u3053\u3068\u306b\u5185\u5728\u3057\u3066\u3044\u307e\u3059\u3002\u3053\u308c\u306b\u3088\u308a\u3001\u77e5\u899a\u3001\u6ce8\u610f\u3001\u8a18\u61b6\u3001\u601d\u8003\u306e\u305f\u3081\u306e\u5177\u4f53\u7684\u306a\u97f3\u697d\u30a8\u30af\u30b5\u30b5\u30a4\u30ba\u3092\u958b\u767a\u3059\u308b\u3053\u3068\u304c\u53ef\u80fd\u306b\u306a\u308a\u307e\u3059\u3002.<\/p>\n\n\n\n<h4 class=\"wp-block-heading\">\u97f3\u697d\u306b\u3088\u308b\u899a\u9192\u3068\u610f\u8b58\u306e\u6d3b\u6027\u5316<\/h4>\n\n\n<div class=\"wp-block-image\">\n<figure class=\"alignright is-resized\"><img loading=\"lazy\" decoding=\"async\" width=\"200\" height=\"137\" src=\"http:\/\/mit-musik-geht-reha-besser.de\/wp-content\/uploads\/2019\/01\/Klangtherapie.jpg\" alt=\"\" class=\"wp-image-12\" style=\"width:131px;height:90px\"\/><\/figure>\n<\/div>\n\n\n<p>\u610f\u8b58\u306e\u91cf\u7684\u969c\u5bb3\u306f <em>\u30b3\u30de<\/em> \uff08\u899a\u9192\u4e0d\u80fd\uff09\u3001, <em>\u30bd\u30dd\u30eb<\/em> \uff08\u75db\u307f\u306e\u523a\u6fc0\u306b\u5bfe\u3057\u3066\u4e00\u6642\u7684\u306b\u899a\u9192\u3059\u308b\uff09 <em>\u7720\u6c17<\/em> \uff08\u8a71\u3057\u304b\u3051\u3089\u308c\u308b\u3068\u9577\u6642\u9593\u899a\u9192\u3059\u308b\u3053\u3068\u304c\u3042\u308b\uff09\u3002\u899a\u9192\u3057\u3066\u3044\u308b\u4eba\u306f <em>\u690d\u7269\u72b6\u614b<\/em> \uff08\u610f\u8b58\u306e\u306a\u3044\u72b6\u614b\u3067\uff09\u76ee\u899a\u3081\u3066\u3044\u308b\u72b6\u614b <em>\u6700\u5c0f\u9650\u306e\u5fdc\u7b54\u72b6\u614b<\/em> \uff08\u90e8\u5206\u7684\u306a\u610f\u8b58\u3092\u4f34\u3046\u899a\u9192\uff09\u307e\u305f\u306f <em>\u5b8c\u5168\u306a\u610f\u8b58<\/em> \u6240\u6709\u3059\u308b\u3002\u76ee\u899a\u3081\u3066\u610f\u8b58\u306e\u3042\u308b\u4eba\u306f\u3001 <em>\u6025\u6027\u7cbe\u795e\u75c7\u5019\u7fa4<\/em> \u5f7c\u3089\u306f\u91cd\u5ea6\u306e\u795e\u7d4c\u5fc3\u7406\u5b66\u7684\u969c\u5bb3\u3092\u62b1\u3048\u3066\u3044\u307e\u3059\u3002\u3053\u308c\u3089\u306e\u969c\u5bb3\u306b\u306f\u3001\u6975\u5ea6\u306e\u884c\u52d5\u306e\u9045\u3055\u3001\u6ce8\u610f\u529b\u306e\u6b20\u5982\u3001\u500b\u3005\u306e\u74b0\u5883\u523a\u6fc0\u3078\u306e\u56fa\u57f7\u3001\u898b\u5f53\u8b58\u969c\u5bb3\u3001\u65e5\u5e38\u8a18\u61b6\u306e\u6b20\u5982\u3001\u81ea\u767a\u7684\u53cd\u5fdc\u306e\u6b20\u5982\u3001\u75c5\u6c17\u3078\u306e\u610f\u8b58\u306e\u6b20\u5982\uff08\u75c5\u614b\u5931\u8a8d\uff09\u3001\u7cbe\u795e\u904b\u52d5\u6027\u306e\u843d\u3061\u7740\u304d\u306e\u306a\u3055\u3001\u653b\u6483\u6027\u3001\u307e\u305f\u306f\u7121\u95a2\u5fc3\u306a\u3069\u304c\u542b\u307e\u308c\u307e\u3059\u3002\u3053\u308c\u3089\u306e\u91cd\u5ea6\u306e\u969c\u5bb3\u3092\u6301\u3064\u60a3\u8005\u306b\u306f\u3001\u97f3\u697d\u611f\u899a\u6307\u5411\u8a13\u7df4\uff08MSOT\u2122\uff09\u304c\u521d\u671f\u306e\u6cbb\u7642\u30a2\u30d7\u30ed\u30fc\u30c1\u3068\u306a\u308a\u307e\u3059\u3002. <br>2 \u3064\u306e\u90e8\u5206\u304b\u3089\u69cb\u6210\u3055\u308c\u307e\u3059\u3002<\/p>\n\n\n\n<p>\uff08\uff11\uff09\u76ee\u7684 <em>\u521d\u671f\u306e\u97f3\u697d\u7684\u523a\u6fc0<\/em> \u3053\u308c\u3089\u306f\u3001\u899a\u9192\u3001\u610f\u8b58\u3001\u8eab\u4f53\u3001\u7a7a\u9593\u3001\u6642\u9593\u306b\u5bfe\u3059\u308b\u57fa\u672c\u7684\u306a\u65b9\u5411\u4ed8\u3051\u3001\u304a\u3088\u3073\u72b6\u6cc1\u306b\u5fdc\u3058\u305f\u521d\u671f\u306e\u53cd\u5fdc\u306e\u958b\u59cb\u3067\u3059\u3002.  <\/p>\n\n\n\n<p>\uff08\uff12\uff09\u3053\u308c\u3092\u8e0f\u307e\u3048\u3066\u3001\u5358\u7d14\u306a <em>\u30a2\u30af\u30c6\u30a3\u30d6\u306a\u97f3\u697d\u30a8\u30af\u30b5\u30b5\u30a4\u30ba<\/em> \u6700\u521d\u306f\u3001\u56de\u7b54\u306e\u6b63\u78ba\u3055\u306b\u95a2\u4fc2\u306a\u304f\u3001\u7d99\u7d9a\u7684\u306a\u6ce8\u610f\u304c\u5968\u52b1\u3055\u308c\u307e\u3059\u3002. <\/p>\n\n\n\n<h4 class=\"wp-block-heading\">\u97f3\u697d\u77e5\u899a\u30c8\u30ec\u30fc\u30cb\u30f3\u30b0<\/h4>\n\n\n\n<p>\u8996\u899a\u7cfb\u3068\u306f\u5bfe\u7167\u7684\u306b\u3001\u8074\u899a\u7cfb\u306f\u65e5\u5e38\u751f\u6d3b\u306b\u304a\u3044\u3066\u975e\u5e38\u306b\u91cd\u8981\u3067\u3042\u308b\u306b\u3082\u304b\u304b\u308f\u3089\u305a\u3001\u73fe\u5728\u3001\u795e\u7d4c\u5fc3\u7406\u5b66\u7684\u306a\u8a13\u7df4\u6cd5\u306f\u307b\u3068\u3093\u3069\u5b58\u5728\u3057\u307e\u305b\u3093\u3002\u97f3\u697d\u8a13\u7df4\u306f\u3001\u8074\u899a\u77e5\u899a\u306e\u795e\u7d4c\u75be\u60a3\u306e\u6cbb\u7642\u306b\u52b9\u679c\u7684\u3067\u3042\u308b\u53ef\u80fd\u6027\u304c\u3042\u308a\u307e\u3059\u3002. <br>\u8074\u899a\u77e5\u899a\u30c8\u30ec\u30fc\u30cb\u30f3\u30b0<em>\u2013 \u8074\u899a\u77e5\u899a\u30c8\u30ec\u30fc\u30cb\u30f3\u30b0<\/em><strong> \uff08APT\u2122\uff09<\/strong> 2\u3064\u306e\u90e8\u5206\u304b\u3089\u69cb\u6210\u3055\u308c\u307e\u3059:<\/p>\n\n\n<div class=\"wp-block-image is-resized\">\n<figure class=\"alignright size-full\"><img loading=\"lazy\" decoding=\"async\" width=\"640\" height=\"640\" src=\"https:\/\/mit-musik-geht-reha-besser.de\/wp-content\/uploads\/2025\/07\/thumbnail_IMG_5025.png\" alt=\"\" class=\"wp-image-1342\" style=\"width:179px;height:auto\" srcset=\"https:\/\/mit-musik-geht-reha-besser.de\/wp-content\/uploads\/2025\/07\/thumbnail_IMG_5025.png 640w, https:\/\/mit-musik-geht-reha-besser.de\/wp-content\/uploads\/2025\/07\/thumbnail_IMG_5025-300x300.png 300w, https:\/\/mit-musik-geht-reha-besser.de\/wp-content\/uploads\/2025\/07\/thumbnail_IMG_5025-150x150.png 150w, https:\/\/mit-musik-geht-reha-besser.de\/wp-content\/uploads\/2025\/07\/thumbnail_IMG_5025-12x12.png 12w\" sizes=\"auto, (max-width: 640px) 100vw, 640px\" \/><\/figure>\n<\/div>\n\n\n<p>\uff08\uff11\uff09 <em>\u8074\u899a\u77e5\u899a\u8a13\u7df4<\/em> \u97f3\u306e\u9ad8\u3055\u3001\u6301\u7d9a\u6642\u9593\u3001\u30c6\u30f3\u30dd\u3001\u30ea\u30ba\u30e0\u306a\u3069\u3001\u3055\u307e\u3056\u307e\u306a\u97f3\u306e\u69cb\u6210\u8981\u7d20\u306e\u533a\u5225\u3092\u7df4\u7fd2\u3057\u307e\u3059\u3002. <\/p>\n\n\n\n<p class=\"has-text-align-left\">\uff08\uff12\uff09 <em>\u611f\u899a\u7d71\u5408<\/em> \u3055\u307e\u3056\u307e\u306a\u611f\u899a\u69d8\u5f0f\u304c\u7d44\u307f\u5408\u308f\u3055\u308c\u3066\u3044\u307e\u3059\u3002\u97f3\u697d\u3092\u8074\u304f\u969b\u306b\u306f\u3001\u611f\u899a\uff08\u4f8b\uff1a\u632f\u52d5\uff09\u3001\u52d5\u304d\uff08\u4f8b\uff1a\u63fa\u308c\uff09\u3001\u8996\u899a\uff08\u97f3\u306e\u30a4\u30e1\u30fc\u30b8\u3001\u4f8b\uff1a\u96f2\uff09\u3092\u4f34\u3044\u307e\u3059\u3002. <\/p>\n\n\n\n<h4 class=\"wp-block-heading\">\u97f3\u697d\u7684\u6020\u6162\u8a13\u7df4<\/h4>\n\n\n\n<p>\u7121\u8996\u3067\u306f\u3001\u8133\u640d\u50b7\u3068\u53cd\u5bfe\u5074\u306e\u8eab\u4f53\u306e\u7247\u5074\u304a\u3088\u3073\u7a7a\u9593\u306b\u304a\u3051\u308b\u77e5\u899a\u3068\u6ce8\u610f\u304c\u969c\u5bb3\u3055\u308c\u307e\u3059\u3002\u7121\u8996\u306f\u901a\u5e38\u3001\u591a\u611f\u899a\u7684\u3067\u3042\u308a\u3001\u60a3\u8005\u306f\u969c\u5bb3\u5074\u306e\u8996\u899a\u3001\u8074\u899a\u3001\u89e6\u899a\u523a\u6fc0\u3092\u7121\u8996\u3057\u305f\u308a\u3001\u305d\u306e\u5074\u306e\u56db\u80a2\u3092\u307b\u3068\u3093\u3069\u52d5\u304b\u3055\u306a\u304b\u3063\u305f\u308a\u3057\u307e\u3059\u3002\u8996\u899a\u3001\u8074\u899a\u3001\u611f\u899a\u3001\u904b\u52d5\u6a5f\u80fd\u306f\u901a\u5e38\u7dad\u6301\u3055\u308c\u307e\u3059\u3002\u6cbb\u7642\u306b\u304a\u3051\u308b\u3055\u3089\u306a\u308b\u56f0\u96e3\u306f\u3001\u60a3\u8005\u304c\u969c\u5bb3\u306b\u6c17\u3065\u3044\u3066\u3044\u306a\u3044\u3053\u3068\uff08\u75c5\u614b\u5931\u8a8d\uff09\u3067\u3059\u3002. <br><br> \u97f3\u697d\u7121\u8996\u8a13\u7df4\uff08MNT\u2122\uff09\u3067\u306f\u3001\u60a3\u8005\u306f\u697d\u5668\u3092\u6f14\u594f\u3057\u306a\u304c\u3089\u3001\u7121\u610f\u8b58\u306e\u3046\u3061\u306b\u8996\u899a\u3001\u8074\u899a\u3001\u904b\u52d5\u3001\u305d\u3057\u3066\u6ce8\u610f\u3092\u3001\u7121\u8996\u3055\u308c\u3066\u3044\u308b\u5074\u306b\u5411\u3051\u307e\u3059\u3002\u97f3\u697d\u306e\u69cb\u9020\u3068\u3001\u7121\u8996\u3055\u308c\u3066\u3044\u308b\u5074\u306b\u5411\u3051\u305f\u697d\u5668\u306e\u7a7a\u9593\u914d\u7f6e\u306f\u3001\u3053\u306e\u76ee\u7684\u306b\u6700\u9069\u306a\u30c4\u30fc\u30eb\u3067\u3059\u3002.<\/p>\n\n\n\n<h4 class=\"wp-block-heading\">\u97f3\u697d\u7684\u6ce8\u610f\u529b\u30c8\u30ec\u30fc\u30cb\u30f3\u30b0<\/h4>\n\n\n\n<p>\u6ce8\u610f\u306b\u95a2\u3059\u308b\u795e\u7d4c\u969c\u5bb3\u306f\u3001\u5168\u822c\u7684\u306a\u53cd\u5fdc\u6642\u9593\u306e\u77ed\u7e2e\u3001\u52d5\u4f5c\u306e\u920d\u5316\u3001\u4f5c\u696d\u65b9\u6cd5\u306e\u8aa4\u308a\u3001\u6ce8\u610f\u306e\u5206\u5272\u969c\u5bb3\u3001\u6ce8\u610f\u6563\u6f2b\u3001\u6301\u7d9a\u7684\u306a\u6ce8\u610f\u529b\u306e\u4f4e\u4e0b\u3092\u5f15\u304d\u8d77\u3053\u3057\u307e\u3059\u3002.<\/p>\n\n\n<div class=\"wp-block-image\">\n<figure class=\"alignright size-large is-resized\"><img loading=\"lazy\" decoding=\"async\" width=\"1024\" height=\"768\" src=\"http:\/\/mit-musik-geht-reha-besser.de\/wp-content\/uploads\/2021\/02\/Foto4_Trommel-1024x768.jpg\" alt=\"\" class=\"wp-image-589\" style=\"width:174px;height:131px\" srcset=\"https:\/\/mit-musik-geht-reha-besser.de\/wp-content\/uploads\/2021\/02\/Foto4_Trommel-1024x768.jpg 1024w, https:\/\/mit-musik-geht-reha-besser.de\/wp-content\/uploads\/2021\/02\/Foto4_Trommel-300x225.jpg 300w, https:\/\/mit-musik-geht-reha-besser.de\/wp-content\/uploads\/2021\/02\/Foto4_Trommel-768x576.jpg 768w, https:\/\/mit-musik-geht-reha-besser.de\/wp-content\/uploads\/2021\/02\/Foto4_Trommel-1536x1152.jpg 1536w, https:\/\/mit-musik-geht-reha-besser.de\/wp-content\/uploads\/2021\/02\/Foto4_Trommel-2048x1536.jpg 2048w\" sizes=\"auto, (max-width: 1024px) 100vw, 1024px\" \/><\/figure>\n<\/div>\n\n\n<p>\u30df\u30e5\u30fc\u30b8\u30ab\u30eb\u30fb\u30a2\u30c6\u30f3\u30b7\u30e7\u30f3\u30fb\u30c8\u30ec\u30fc\u30cb\u30f3\u30b0\u306e\u4e00\u74b0\u3068\u3057\u3066 <em>\u97f3\u697d\u7684\u6ce8\u610f\u5236\u5fa1\u30c8\u30ec\u30fc\u30cb\u30f3\u30b0<\/em><strong> <\/strong>(MACT\u2122) \u306f\u3001\u6ce8\u610f\u306e\u3055\u307e\u3056\u307e\u306a\u8981\u7d20\u3092\u4fc3\u9032\u3059\u308b\u305f\u3081\u306e\u7279\u5b9a\u306e\u97f3\u697d\u4ecb\u5165\u3092\u958b\u767a\u3057\u307e\u3057\u305f\u3002 <br> (1) <em>\u6301\u7d9a\u7684\u306a\u6ce8\u610f<\/em> \u5909\u5316\u3059\u308b\u97f3\u697d\u7684\u523a\u6fc0\u306b\u5bfe\u3059\u308b\u4e00\u822c\u7684\u306a\u53cd\u5fdc\u3092\u901a\u3058\u3066\u69cb\u7bc9\u3055\u308c\u307e\u3059\u3002. <br> (2) <em>\u9078\u629e\u7684\u6ce8\u610f<\/em> \u7279\u5b9a\u306e\u97f3\u697d\u523a\u6fc0\u306b\u6ce8\u610f\u3092\u5411\u3051\u3001\u305d\u306e\u523a\u6fc0\u306b\u5bfe\u3057\u3066\u7684\u3092\u7d5e\u3063\u305f\u53cd\u5fdc\u3092\u884c\u3044\u3001\u305d\u306e\u4ed6\u306e\u97f3\u697d\u306b\u3088\u308b\u6c17\u3092\u6563\u3089\u3059\u3082\u306e\u3092\u906e\u65ad\u3059\u308b\u3053\u3068\u3067\u4fc3\u9032\u3055\u308c\u307e\u3059\u3002. <br> (3) <em>\u4ea4\u4e92\u6ce8\u610f<\/em> 2\u3064\u4ee5\u4e0a\u306e\u523a\u6fc0\u306e\u9593\u3067\u6ce8\u610f\u3092\u5207\u308a\u66ff\u3048\u308b\u3053\u3068\u306b\u3088\u3063\u3066\u4fc3\u9032\u3055\u308c\u307e\u3059\u3002. <br> (4) <em>\u5171\u6709\u3055\u308c\u305f\u6ce8\u610f<\/em> \u8907\u6570\u306e\u97f3\u697d\u523a\u6fc0\u306b\u540c\u6642\u306b\u6ce8\u610f\u3092\u6255\u3044\u3001\u305d\u308c\u305e\u308c\u306e\u523a\u6fc0\u306b\u5bfe\u3057\u3066\u7279\u5b9a\u306e\u53cd\u5fdc\u3092\u884c\u3046\u3053\u3068\u3067\u8a13\u7df4\u3055\u308c\u307e\u3059\u3002.<\/p>\n\n\n\n<h4 class=\"wp-block-heading\"><strong>\u97f3\u697d\u8a18\u61b6\u30c8\u30ec\u30fc\u30cb\u30f3\u30b0<\/strong><\/h4>\n\n\n\n<p>\u8a18\u61b6\u306f\u8907\u96d1\u306a\u30b7\u30b9\u30c6\u30e0\u3067\u3042\u308a\u3001\u591a\u304f\u306e\u7570\u306a\u308b\u8981\u7d20\u304b\u3089\u69cb\u6210\u3055\u308c\u3066\u3044\u307e\u3059\u3002\u8a18\u61b6\u969c\u5bb3\u306f\u3001\u8a00\u8a9e\u5185\u5bb9\uff08\u4f8b\uff1a\u30c6\u30ad\u30b9\u30c8\uff09\u3084\u7a7a\u9593\u8996\u899a\u60c5\u5831\uff08\u4f8b\uff1a\u9854\u3001\u7d4c\u8def\uff09\u306b\u5f71\u97ff\u3092\u4e0e\u3048\u308b\u53ef\u80fd\u6027\u304c\u3042\u308a\u307e\u3059\u3002\u8a18\u61b6\u969c\u5bb3\u306f\u3001\u4e2d\u7acb\u7684\u306a\u60c5\u5831\uff08\u4f8b\uff1a\u30cb\u30e5\u30fc\u30b9\u5831\u9053\uff09\u3084\u500b\u4eba\u7684\u306a\u7d4c\u9a13\uff08\u4f8b\uff1a\u4f11\u6687\uff09\u3001\u77ed\u671f\u307e\u305f\u306f\u9577\u671f\u306e\u60c5\u5831\uff08\u6570\u5206\u304b\u3089\u6570\u5e74\uff09\u3001\u610f\u8b58\u7684\u306a\u5185\u5bb9\uff08\u4f8b\uff1a\u4f1a\u8a71\u306e\u8a73\u7d30\uff09\u3084\u7121\u610f\u8b58\u7684\u306a\u7fd2\u6163\uff08\u4f8b\uff1a\u52d5\u4f5c\u306e\u9806\u5e8f\uff09\u306a\u3069\u3001\u591a\u5c90\u306b\u308f\u305f\u308a\u307e\u3059\u3002\u5b66\u7fd2\u306b\u304a\u3044\u3066\u306f\u3001\u65b0\u3057\u3044\u60c5\u5831\uff08\u4f8b\uff1a\u8a9e\u5f59\uff09\u306e\u7e70\u308a\u8fd4\u3057\u8a18\u61b6\u304c\u640d\u306a\u308f\u308c\u308b\u53ef\u80fd\u6027\u304c\u3042\u308a\u3001\u307e\u305f\u3001\u5c55\u671b\u8a18\u61b6\uff08\u672a\u6765\u306e\u305f\u3081\u306e\u8a18\u61b6\uff09\u306b\u304a\u3044\u3066\u306f\u3001\u7d04\u675f\u3084\u5408\u610f\u306e\u60f3\u8d77\u304c\u640d\u306a\u308f\u308c\u308b\u53ef\u80fd\u6027\u304c\u3042\u308a\u307e\u3059\u3002. <br>\u30df\u30e5\u30fc\u30b8\u30ab\u30eb\u30fb\u30cb\u30fc\u30e2\u30cb\u30c3\u30af\u30fb\u30c8\u30ec\u30fc\u30cb\u30f3\u30b0\uff08MMT\u2122\uff09\u3067\u306f\u3001\u97f3\u697d\u523a\u6fc0\uff08\u6b4c\u3001\u899a\u3048\u3084\u3059\u3044\u30e1\u30ed\u30c7\u30a3\u30fc\uff09\u304c\u8a18\u61b6\u30c6\u30f3\u30d7\u30ec\u30fc\u30c8\u3068\u3057\u3066\u6a5f\u80fd\u3057\u3001\u305d\u3053\u306b\u975e\u97f3\u697d\u7684\u8a18\u61b6\u60c5\u5831\uff08\u4f8b\uff1a\u540d\u524d\u3001\u65b9\u5411\u611f\u899a\u306b\u95a2\u3059\u308b\u60c5\u5831\uff09\u304c\u7d71\u5408\u3055\u308c\u307e\u3059\u3002\u97f3\u697d\u69cb\u9020\u3092\u8a18\u61b6\u3059\u308b\u3053\u3068\u3067\u3001\u975e\u97f3\u697d\u7684\u8a18\u61b6\u60c5\u5831\u306e\u60f3\u8d77\u304c\u5bb9\u6613\u306b\u306a\u308a\u307e\u3059\u3002.<br>\u4e00\u3064\u306e\u30d0\u30ea\u30a8\u30fc\u30b7\u30e7\u30f3\u306f\u6c17\u5206\u4f9d\u5b58\u8a18\u61b6\u30c8\u30ec\u30fc\u30cb\u30f3\u30b0\u3067\u3059\u3002<em>\u2013 \u9023\u60f3\u6c17\u5206\u3068\u8a18\u61b6\u306e\u30c8\u30ec\u30fc\u30cb\u30f3\u30b0<\/em><strong> <\/strong>\uff08AMMT\u2122\uff09\u3067\u306f\u3001\u8a18\u61b6\u60c5\u5831\u304c\u97f3\u697d\u306b\u3088\u3063\u3066\u5f15\u304d\u8d77\u3053\u3055\u308c\u308b\u6c17\u5206\u306b\u30ea\u30f3\u30af\u3055\u308c\u3001\u5b66\u7fd2\u3057\u305f\u60c5\u5831\u304c\u611f\u60c5\u306e\u30ce\u30fc\u30c9\u306b\u7d50\u5408\u3055\u308c\u307e\u3059\u3002.<\/p>\n\n\n\n<h4 class=\"wp-block-heading\"><strong>\u97f3\u697d\u4f01\u753b\u7814\u4fee<\/strong><\/h4>\n\n\n<div class=\"wp-block-image\">\n<figure class=\"alignright is-resized\"><img loading=\"lazy\" decoding=\"async\" width=\"350\" height=\"233\" src=\"http:\/\/mit-musik-geht-reha-besser.de\/wp-content\/uploads\/2019\/01\/Chimes_handson.jpg\" alt=\"\" class=\"wp-image-18\" style=\"width:170px;height:113px\" srcset=\"https:\/\/mit-musik-geht-reha-besser.de\/wp-content\/uploads\/2019\/01\/Chimes_handson.jpg 350w, https:\/\/mit-musik-geht-reha-besser.de\/wp-content\/uploads\/2019\/01\/Chimes_handson-300x200.jpg 300w\" sizes=\"auto, (max-width: 350px) 100vw, 350px\" \/><\/figure>\n<\/div>\n\n\n<p>\u5b9f\u884c\u6a5f\u80fd\u3068\u306f\u3001\u5b9f\u8df5\u7684\u3001\u8a00\u8a9e\u7684\u3001\u8a8d\u77e5\u7684\u30ec\u30d9\u30eb\u3067\u306e\u884c\u52d5\u306e\u8a08\u753b\u3001\u5b9f\u884c\u3001\u5236\u5fa1\u3001\u8a55\u4fa1\u3092\u5305\u542b\u3059\u308b\u6a5f\u80fd\u3067\u3059\u3002\u3053\u306e\u6587\u8108\u306b\u304a\u3051\u308b\u4eba\u9593\u306e\u8a8d\u77e5\u80fd\u529b\u306e\u6700\u9ad8\u30ec\u30d9\u30eb\u306f\u62bd\u8c61\u7684\u601d\u8003\u3068\u8003\u3048\u3089\u308c\u3066\u3044\u307e\u3059\u3002\u3053\u308c\u306f\u3001\u7cbe\u795e\u7684\u306a\u6982\u5ff5\u306e\u5f62\u6210\u3092\u901a\u3058\u3066\u5177\u4f53\u7684\u306a\u4e8b\u67c4\u3092\u8d85\u8d8a\u3059\u308b\u3053\u3068\u3092\u53ef\u80fd\u306b\u3057\u307e\u3059\u3002\u3057\u305f\u304c\u3063\u3066\u3001\u5b9f\u884c\u6a5f\u80fd\u4e0d\u5168\u306b\u306f\u3001\u62bd\u8c61\u7684\u601d\u8003\u306e\u6b20\u5982\u3068\u67d4\u8edf\u6027\u306e\u4f4e\u4e0b\u3001\u610f\u601d\u6c7a\u5b9a\u80fd\u529b\u306e\u4f4e\u4e0b\u3001\u8a08\u753b\u3092\u884c\u52d5\u306b\u79fb\u3059\u4e0d\u5341\u5206\u3055\u3001\u610f\u56f3\u3057\u306a\u3044\u884c\u52d5\u306e\u65e9\u3059\u304e\u308b\u4f7f\u7528\u3001\u898f\u5247\u9055\u53cd\u3001\u30a8\u30e9\u30fc\u5236\u5fa1\u3068\u5931\u6557\u304b\u3089\u306e\u5b66\u7fd2\u306e\u4e0d\u5341\u5206\u3055\u3001\u3042\u307e\u308a\u306b\u3082\u7c21\u5358\u306b\u8ae6\u3081\u308b\u3053\u3068\u3001\u554f\u984c\u306e\u6b63\u5f53\u5316\u3001\u6a5f\u80fd\u4e0d\u5168\u3078\u306e\u8a8d\u8b58\u306e\u6b20\u5982\u306a\u3069\u304c\u542b\u307e\u308c\u307e\u3059\u3002\u30df\u30e5\u30fc\u30b8\u30ab\u30eb\u5b9f\u884c\u6a5f\u80fd\u30c8\u30ec\u30fc\u30cb\u30f3\u30b0\uff08MEFT\u2122\uff09\u3067\u306f\u3001\u3053\u308c\u3089\u3059\u3079\u3066\u306e\u8981\u7d20\u3092\u3001\u30b0\u30eb\u30fc\u30d7\u307e\u305f\u306f\u500b\u4eba\u3067\u97f3\u697d\u30a8\u30af\u30b5\u30b5\u30a4\u30ba\u3092\u901a\u3057\u3066\u8a13\u7df4\u3059\u308b\u3053\u3068\u304c\u3067\u304d\u307e\u3059\u3002\u30b0\u30eb\u30fc\u30d7\u30bb\u30e9\u30d4\u30fc\u306f\u3001\u76ee\u6a19\u6307\u5411\u306e\u5bfe\u8a71\u3068\u30b3\u30e9\u30dc\u30ec\u30fc\u30b7\u30e7\u30f3\u306e\u5b9f\u8df5\u306b\u7279\u306b\u9069\u3057\u3066\u3044\u307e\u3059\u3002.<\/p>","protected":false},"excerpt":{"rendered":"<p>Hier werden Behandlungstechniken der Neurologischen Musiktherapie nach Thaut zum Kognitionstraining beschrieben. Die Rehabilitation kognitiver Funktionen kann durch musiktherapeutische Techniken nachhaltig verbessert werden. Kognitive Leistungen sind dem Musik machen immanent. Dies erm\u00f6glicht die Entwicklung von spezifischen musikalischen \u00dcbungen f\u00fcr Wahrnehmung, Aufmerksamkeit, Ged\u00e4chtnis und Denken. Musikalische Aktivierung von Wachheit und Bewusstsein Quantitative Bewusstseinsst\u00f6rungen sind Koma (nicht erweckbar), Sopor (auf Schmerzreiz kurzfristig erweckbar), und Somnolenz (auf Ansprache l\u00e4ngerfristig erweckbar). Wache Menschen k\u00f6nnen sich in einem vegetativem Status befinden (Wachheit ohne Bewusstsein), in einem minimal responsivem Status (Wachheit mit Teilbewusstsein) oder \u00fcber vollst\u00e4ndiges Bewusstsein verf\u00fcgen. Wache und bewusste Menschen k\u00f6nnen an einem akuten Psychosyndrom mit schweren neuropsychologischen St\u00f6rungen leiden. Dazu geh\u00f6ren extreme Verlangsamung, fehlende [&hellip;]<\/p>\n","protected":false},"author":1,"featured_media":0,"parent":0,"menu_order":4,"comment_status":"closed","ping_status":"closed","template":"","meta":{"footnotes":""},"class_list":["post-213","page","type-page","status-publish","hentry"],"_links":{"self":[{"href":"http:\/\/mit-musik-geht-reha-besser.de\/ja\/wp-json\/wp\/v2\/pages\/213","targetHints":{"allow":["GET"]}}],"collection":[{"href":"http:\/\/mit-musik-geht-reha-besser.de\/ja\/wp-json\/wp\/v2\/pages"}],"about":[{"href":"http:\/\/mit-musik-geht-reha-besser.de\/ja\/wp-json\/wp\/v2\/types\/page"}],"author":[{"embeddable":true,"href":"http:\/\/mit-musik-geht-reha-besser.de\/ja\/wp-json\/wp\/v2\/users\/1"}],"replies":[{"embeddable":true,"href":"http:\/\/mit-musik-geht-reha-besser.de\/ja\/wp-json\/wp\/v2\/comments?post=213"}],"version-history":[{"count":8,"href":"http:\/\/mit-musik-geht-reha-besser.de\/ja\/wp-json\/wp\/v2\/pages\/213\/revisions"}],"predecessor-version":[{"id":1345,"href":"http:\/\/mit-musik-geht-reha-besser.de\/ja\/wp-json\/wp\/v2\/pages\/213\/revisions\/1345"}],"wp:attachment":[{"href":"http:\/\/mit-musik-geht-reha-besser.de\/ja\/wp-json\/wp\/v2\/media?parent=213"}],"curies":[{"name":"wp","href":"https:\/\/api.w.org\/{rel}","templated":true}]}}