{"id":220,"date":"2019-01-19T15:43:33","date_gmt":"2019-01-19T15:43:33","guid":{"rendered":"http:\/\/mit-musik-geht-reha-besser.de\/?page_id=220"},"modified":"2026-01-07T15:37:25","modified_gmt":"2026-01-07T15:37:25","slug":"musiktherapeutische-psychotherapie","status":"publish","type":"page","link":"http:\/\/mit-musik-geht-reha-besser.de\/ja\/musiktherapeutische-psychotherapie\/","title":{"rendered":"\u97f3\u697d\u5fc3\u7406\u7642\u6cd5"},"content":{"rendered":"<div class=\"wp-block-image\">\n<figure class=\"alignright is-resized\"><img loading=\"lazy\" decoding=\"async\" width=\"600\" height=\"371\" src=\"http:\/\/mit-musik-geht-reha-besser.de\/wp-content\/uploads\/2019\/01\/rahmentrommel.jpg\" alt=\"\" class=\"wp-image-66\" style=\"width:96px;height:59px\" srcset=\"https:\/\/mit-musik-geht-reha-besser.de\/wp-content\/uploads\/2019\/01\/rahmentrommel.jpg 600w, https:\/\/mit-musik-geht-reha-besser.de\/wp-content\/uploads\/2019\/01\/rahmentrommel-300x186.jpg 300w\" sizes=\"auto, (max-width: 600px) 100vw, 600px\" \/><\/figure>\n<\/div>\n\n\n<p>\u795e\u7d4c\u75be\u60a3\u3092\u6301\u3064\u4eba\u306f\u3001\u3057\u3070\u3057\u3070\u6975\u5ea6\u306e\u5fc3\u7406\u7684\u30b9\u30c8\u30ec\u30b9\u306b\u3055\u3089\u3055\u308c\u307e\u3059\u3002\u30a2\u30a4\u30c7\u30f3\u30c6\u30a3\u30c6\u30a3\u3001\u30b3\u30df\u30e5\u30cb\u30b1\u30fc\u30b7\u30e7\u30f3\u3001\u305d\u3057\u3066\u5c06\u6765\u306e\u898b\u901a\u3057\u3068\u3044\u3063\u305f\u91cd\u8981\u306a\u8981\u7d20\u3092\u5931\u3046\u3053\u3068\u3067\u3001\u751f\u6d3b\u306e\u8cea\u304c\u4f4e\u4e0b\u3059\u308b\u53ef\u80fd\u6027\u304c\u3042\u308a\u307e\u3059\u3002\u305d\u306e\u305f\u3081\u3001\u8eab\u4f53\u7684\u304a\u3088\u3073\u6a5f\u80fd\u7684\u306a\u30ea\u30cf\u30d3\u30ea\u30c6\u30fc\u30b7\u30e7\u30f3\u306e\u76ee\u6a19\u3060\u3051\u3067\u306a\u304f\u3001\u2026 <strong>\u5fc3\u7406\u7684\u73fe\u5b9f<\/strong> \u60a3\u8005\u3092\u6cbb\u7642\u30b3\u30f3\u30bb\u30d7\u30c8\u306b\u7d71\u5408\u3059\u308b\u3053\u3068\u3002\u97f3\u697d\u7642\u6cd5\u3068\u3044\u3046\u5fc3\u7406\u7642\u6cd5\u306f\u3001\u3053\u306e\u76ee\u7684\u306b\u6700\u9069\u3067\u3059\u3002\u97f3\u697d\u7642\u6cd5\u306f\u3001\u4ed6\u306e\u6cbb\u7642\u6cd5\u304c\u5229\u7528\u3067\u304d\u306a\u3044\u5834\u5408\u3067\u3082\u3001\u60a3\u8005\u3068\u306e\u63a5\u89e6\u3068\u30b3\u30df\u30e5\u30cb\u30b1\u30fc\u30b7\u30e7\u30f3\u3092\u53ef\u80fd\u306b\u3057\u307e\u3059\u3002.<\/p>\n\n\n<div class=\"wp-block-image\">\n<figure class=\"alignleft is-resized\"><img loading=\"lazy\" decoding=\"async\" width=\"1000\" height=\"665\" src=\"http:\/\/mit-musik-geht-reha-besser.de\/wp-content\/uploads\/2019\/01\/frau_lautiert.jpg\" alt=\"\" class=\"wp-image-52\" style=\"width:99px;height:65px\" srcset=\"https:\/\/mit-musik-geht-reha-besser.de\/wp-content\/uploads\/2019\/01\/frau_lautiert.jpg 1000w, https:\/\/mit-musik-geht-reha-besser.de\/wp-content\/uploads\/2019\/01\/frau_lautiert-300x200.jpg 300w, https:\/\/mit-musik-geht-reha-besser.de\/wp-content\/uploads\/2019\/01\/frau_lautiert-768x511.jpg 768w\" sizes=\"auto, (max-width: 1000px) 100vw, 1000px\" \/><\/figure>\n<\/div>\n\n\n<p>\u97f3\u697d\u5fc3\u7406\u7642\u6cd5\u306b\u304a\u3044\u3066\u3001\u97f3\u697d\u306f\u611f\u60c5\u3068\u8868\u73fe\u306e\u5a92\u4f53\u3068\u3057\u3066\u6a5f\u80fd\u3057\u307e\u3059\u3002\u97f3\u697d\u306f\u3001\u305d\u308c\u305e\u308c\u306e\u4eba\u306e\u7d4c\u6b74\u3084\u72b6\u6cc1\u306b\u5fdc\u3058\u3066\u3001\u500b\u3005\u306b\u611f\u60c5\u3084\u6c17\u5206\u3092\u547c\u3073\u8d77\u3053\u3057\u307e\u3059\u3002\u3053\u308c\u3089\u306f\u5fc3\u7406\u7642\u6cd5\u306e\u51fa\u767a\u70b9\u3068\u306a\u308a\u3001\u500b\u4eba\u306e\u5fc3\u7406\u72b6\u614b\u3068\u7e4b\u304c\u308a\u307e\u3059\u3002\u3053\u306e\u3088\u3046\u306b\u3057\u3066\u3001\uff08\u60c5\u5831\u304c\u6b20\u843d\u3057\u3066\u3044\u308b\uff09\u3068\u3044\u3046\u91cd\u8981\u306a\u30d7\u30ed\u30bb\u30b9\u306b\u300c\u88cf\u53e3\u304b\u3089\u300d\u5bfe\u51e6\u3059\u308b\u306e\u3067\u3059\u3002<strong>\n\u75c5\u6c17\u3078\u306e\u5bfe\u51e6 <\/strong>\u958b\u59cb\u3055\u308c\u307e\u3057\u305f\u3002.<\/p>\n\n\n<div class=\"wp-block-image\">\n<figure class=\"alignright is-resized\"><img loading=\"lazy\" decoding=\"async\" width=\"523\" height=\"600\" src=\"http:\/\/mit-musik-geht-reha-besser.de\/wp-content\/uploads\/2019\/01\/holzfloete.jpg\" alt=\"\" class=\"wp-image-59\" style=\"width:60px;height:69px\" srcset=\"https:\/\/mit-musik-geht-reha-besser.de\/wp-content\/uploads\/2019\/01\/holzfloete.jpg 523w, https:\/\/mit-musik-geht-reha-besser.de\/wp-content\/uploads\/2019\/01\/holzfloete-262x300.jpg 262w\" sizes=\"auto, (max-width: 523px) 100vw, 523px\" \/><\/figure>\n<\/div>\n\n\n<p>\u5fc3\u7406\u7642\u6cd5\u306e\u6587\u8108\u3067\u306f\u3001\u30b0\u30eb\u30fc\u30d7\u97f3\u697d\u7642\u6cd5\u30bb\u30c3\u30b7\u30e7\u30f3\u3082\u91cd\u8981\u306b\u306a\u308a\u307e\u3059\u3002\u30b0\u30eb\u30fc\u30d7\u306b\u3088\u308b\u697d\u5668\u5373\u8208\u6f14\u594f\u3001\u53d7\u5bb9\u7684\u30b0\u30eb\u30fc\u30d7\u97f3\u697d\u7642\u6cd5\u3001\u30b0\u30eb\u30fc\u30d7\u6b4c\u5531\u7642\u6cd5\u3068\u3044\u3063\u305f\u624b\u6cd5\u306f\u3001\u53c2\u52a0\u8005\u304c\u6f14\u594f\u3092\u91cd\u8996\u3057\u306a\u3044\u96f0\u56f2\u6c17\u306e\u4e2d\u3067\u3001\u81ea\u8eab\u306e\u72b6\u6cc1\u3092\u63a2\u6c42\u3059\u308b\u3053\u3068\u3092\u53ef\u80fd\u306b\u3057\u307e\u3059\u3002.<\/p>","protected":false},"excerpt":{"rendered":"<p>Menschen mit neurologischen Erkrankungen stehen sind oft extremer seelischer Belastung ausgesetzt. Der Verlust wesentlicher Aspekte ihrer Identit\u00e4t, ihrer Kommunikation und ihrer Zukunftsperspektiven k\u00f6nnen die erlebte Lebensqualit\u00e4t mindern. Daher ist es sehr wichtig neben k\u00f6rperlich-funktionalen Rehazielen auch die seelische Lebensrealit\u00e4t der Patienten mit ins Behandlungskonzept zu integrieren. Daf\u00fcr sind die psychotherapeutischen Verfahren der Musiktherapie pr\u00e4destiniert. Sie erm\u00f6glichen Kontaktaufbau und Kommunikation auch dann wenn andere Behandlungsformen keinen Zugang finden. Musik dient in einer solchen Musikpsychotherapie als Gef\u00fchls- und Ausdrucksmedium. Musik ruft in jedem Menschen individuell, biografie- und situationsabh\u00e4ngig Gef\u00fchle und Stimmungen hervor. Diese dienen als Ausgangspunkt der psychotherapeutischen Arbeit. Sie kn\u00fcpfen an die psychisch Befindlichkeit an. So wird &#8222;durch die Hintert\u00fcr&#8220; der [&hellip;]<\/p>\n","protected":false},"author":1,"featured_media":0,"parent":0,"menu_order":5,"comment_status":"closed","ping_status":"closed","template":"","meta":{"footnotes":""},"class_list":["post-220","page","type-page","status-publish","hentry"],"_links":{"self":[{"href":"http:\/\/mit-musik-geht-reha-besser.de\/ja\/wp-json\/wp\/v2\/pages\/220","targetHints":{"allow":["GET"]}}],"collection":[{"href":"http:\/\/mit-musik-geht-reha-besser.de\/ja\/wp-json\/wp\/v2\/pages"}],"about":[{"href":"http:\/\/mit-musik-geht-reha-besser.de\/ja\/wp-json\/wp\/v2\/types\/page"}],"author":[{"embeddable":true,"href":"http:\/\/mit-musik-geht-reha-besser.de\/ja\/wp-json\/wp\/v2\/users\/1"}],"replies":[{"embeddable":true,"href":"http:\/\/mit-musik-geht-reha-besser.de\/ja\/wp-json\/wp\/v2\/comments?post=220"}],"version-history":[{"count":6,"href":"http:\/\/mit-musik-geht-reha-besser.de\/ja\/wp-json\/wp\/v2\/pages\/220\/revisions"}],"predecessor-version":[{"id":1422,"href":"http:\/\/mit-musik-geht-reha-besser.de\/ja\/wp-json\/wp\/v2\/pages\/220\/revisions\/1422"}],"wp:attachment":[{"href":"http:\/\/mit-musik-geht-reha-besser.de\/ja\/wp-json\/wp\/v2\/media?parent=220"}],"curies":[{"name":"wp","href":"https:\/\/api.w.org\/{rel}","templated":true}]}}