{"id":236,"date":"2019-01-20T10:35:25","date_gmt":"2019-01-20T10:35:25","guid":{"rendered":"http:\/\/mit-musik-geht-reha-besser.de\/?page_id=236"},"modified":"2026-01-07T15:39:28","modified_gmt":"2026-01-07T15:39:28","slug":"parkinson","status":"publish","type":"page","link":"http:\/\/mit-musik-geht-reha-besser.de\/ja\/parkinson\/","title":{"rendered":"\u30d1\u30fc\u30ad\u30f3\u30bd\u30f3\u75c5"},"content":{"rendered":"<div class=\"wp-block-image\">\n<figure class=\"alignright is-resized\"><img loading=\"lazy\" decoding=\"async\" width=\"250\" height=\"333\" src=\"http:\/\/mit-musik-geht-reha-besser.de\/wp-content\/uploads\/2019\/01\/gang.jpg\" alt=\"\" class=\"wp-image-14\" style=\"width:133px;height:177px\" srcset=\"https:\/\/mit-musik-geht-reha-besser.de\/wp-content\/uploads\/2019\/01\/gang.jpg 250w, https:\/\/mit-musik-geht-reha-besser.de\/wp-content\/uploads\/2019\/01\/gang-225x300.jpg 225w\" sizes=\"auto, (max-width: 250px) 100vw, 250px\" \/><\/figure>\n<\/div>\n\n\n<p>\u30d1\u30fc\u30ad\u30f3\u30bd\u30f3\u75c5\u306f\u73fe\u5728\u3001\u4e0d\u6cbb\u306e\u75c5\u3067\u3059\u3002\u85ac\u7269\u7642\u6cd5\u304c\u52b9\u679c\u3092\u767a\u63ee\u3057\u306a\u3044\u3001\u3042\u308b\u3044\u306f\u52b9\u679c\u304c\u4e0d\u5341\u5206\u306b\u306a\u3063\u305f\u5834\u5408\u306f\u3001\u5c02\u9580\u30af\u30ea\u30cb\u30c3\u30af\u3067\u6cbb\u7642\u3092\u53d7\u3051\u308b\u3053\u3068\u304c\u3067\u304d\u307e\u3059\u3002\u3053\u308c\u3089\u306e\u5c02\u9580\u75c5\u9662\u3084\u795e\u7d4c\u30ea\u30cf\u30d3\u30ea\u30c6\u30fc\u30b7\u30e7\u30f3\u30af\u30ea\u30cb\u30c3\u30af\u3067\u306f\u3001\u30d1\u30fc\u30ad\u30f3\u30bd\u30f3\u75c5\u306e\u91cd\u8981\u306a\u88dc\u5b8c\u7642\u6cd5\u3067\u3042\u308b\u97f3\u697d\u7642\u6cd5\u3082\u63d0\u4f9b\u3055\u308c\u308b\u3053\u3068\u304c\u3042\u308a\u307e\u3059\u3002.<\/p>\n\n\n<div class=\"wp-block-image\">\n<figure class=\"alignleft is-resized\"><img loading=\"lazy\" decoding=\"async\" width=\"500\" height=\"667\" src=\"http:\/\/mit-musik-geht-reha-besser.de\/wp-content\/uploads\/2019\/01\/klavier-mit-therapeutin.jpg\" alt=\"\" class=\"wp-image-10\" style=\"width:119px;height:159px\" srcset=\"https:\/\/mit-musik-geht-reha-besser.de\/wp-content\/uploads\/2019\/01\/klavier-mit-therapeutin.jpg 500w, https:\/\/mit-musik-geht-reha-besser.de\/wp-content\/uploads\/2019\/01\/klavier-mit-therapeutin-225x300.jpg 225w\" sizes=\"auto, (max-width: 500px) 100vw, 500px\" \/><\/figure>\n<\/div>\n\n\n<p>\u3092\u901a\u3057\u3066 <a href=\"file:\/\/\/G:\/web%20site\/WEB%20SPACE%201&amp;1\/Mit-Musik-geht-Reha-besser\/html\/nmt-motor.html#ras\"><strong>RAS \u2013 <\/strong><\/a><strong><a href=\"http:\/\/mit-musik-geht-reha-besser.de\/ja\/neurologische-musiktherapie-motoriktraining\/\">\u6b69\u884c\u8a13\u7df4 <\/a><\/strong>\u30d1\u30fc\u30ad\u30f3\u30bd\u30f3\u75c5\u306e\u60a3\u8005\u3055\u3093\u306f\u3001\u97f3\u697d\u3084\u30e1\u30c8\u30ed\u30ce\u30fc\u30e0\u3092\u4f7f\u3046\u3053\u3068\u3067\u6b69\u884c\u80fd\u529b\u3092\u5411\u4e0a\u3055\u305b\u308b\u3053\u3068\u304c\u3067\u304d\u307e\u3059\u3002\u76ee\u6a19\u306b\u5fdc\u3058\u3066\u3001\u6b69\u5e45\u3092\u5e83\u3052\u305f\u308a\u3001\u8155\u306e\u632f\u308a\u3092\u5f37\u304f\u3057\u305f\u308a\u3001\u6b69\u884c\u306e\u5b89\u5b9a\u6027\u3092\u9ad8\u3081\u305f\u308a\u3059\u308b\u3053\u3068\u304c\u3067\u304d\u307e\u3059\u3002\u9069\u5207\u306a\u30a2\u30d7\u30ed\u30fc\u30c1\u306f\u3001\u6cbb\u7642\u306e\u6210\u529f\u306b\u4e0d\u53ef\u6b20\u3067\u3059\u3002 <a href=\"http:\/\/mit-musik-geht-reha-besser.de\/ja\/musik\/\">\u30c8\u30ec\u30fc\u30cb\u30f3\u30b0\u97f3\u697d<\/a>. \u904b\u52d5\u30da\u30fc\u30b9\u306f\u6cbb\u7642\u306b\u5fdc\u3058\u3066\u500b\u5225\u306b\u8abf\u6574\u3055\u308c\u307e\u3059\u3002\u6b69\u884c\u30da\u30fc\u30b9\u304c\u9045\u3044\u5834\u5408\u306f\u30da\u30fc\u30b9\u3092\u4e0a\u3052\u307e\u3059\u3002\u9006\u306b\u3001\u6b69\u884c\u304c\u4e0d\u5b89\u5b9a\u306a\u5834\u5408\u306f\u300195 bpm\u304b\u3089\u6700\u5927105 bpm\u307e\u3067\u306e\u9045\u3044\u30da\u30fc\u30b9\u3092\u9078\u629e\u3057\u3066\u304f\u3060\u3055\u3044\u3002 <a href=\"https:\/\/mit-musik-geht-reha-besser.de\/ja\/musik\/\" data-type=\"page\" data-id=\"90\">\u97f3\u697d<\/a> \u6bce\u65e5\u306e\u904b\u52d5\u30eb\u30fc\u30c1\u30f3\u3092\u5145\u5b9f\u3055\u305b\u3001\u6539\u5584\u3059\u308b\u305f\u3081\u306b\u5b8c\u74a7\u306b\u30ab\u30b9\u30bf\u30de\u30a4\u30ba\u3055\u308c\u305f\u30d7\u30ec\u30a4\u30ea\u30b9\u30c8\u3068\u30c0\u30a6\u30f3\u30ed\u30fc\u30c9\u3092\u898b\u3064\u3051\u307e\u3059\u3002.<\/p>\n\n\n\n<p>\u30d9\u30fc\u30ea\u30c3\u30c4\u30fb\u30df\u30e5\u30fc\u30b8\u30ab\u30eb\u30fb\u30b8\u30e0\u30ca\u30b9\u30c6\u30a3\u30af\u30b9\u3082\u540c\u69d8\u3067\u3059\u3002\u3053\u308c\u306f\u3001\u30d1\u30fc\u30ad\u30f3\u30bd\u30f3\u75c5\u60a3\u8005\u304c\u81ea\u5b85\u3067\u884c\u3048\u308b\u30bb\u30eb\u30d5\u30c8\u30ec\u30fc\u30cb\u30f3\u30b0\u306e\u305f\u3081\u306b\u3001\u30d9\u30fc\u30ea\u30c3\u30c4\uff1d\u30cf\u30a4\u30eb\u30b7\u30e5\u30c6\u30c3\u30c6\u30f3\u30fb\u30d1\u30fc\u30ad\u30f3\u30bd\u30f3\u75c5\u30bb\u30f3\u30bf\u30fc\u306e\u30bb\u30e9\u30d4\u30b9\u30c8\u306b\u3088\u3063\u3066\u958b\u767a\u3055\u308c\u307e\u3057\u305f\u3002\u8a73\u7d30\u306b\u3064\u3044\u3066\u306f\u3001\u30d1\u30fc\u30ad\u30f3\u30bd\u30f3\u75c5\u30bb\u30f3\u30bf\u30fc\u306b\u304a\u554f\u3044\u5408\u308f\u305b\u304f\u3060\u3055\u3044\u3002 <a href=\"https:\/\/www.parkinson-beelitz.de\/search-kbgp\/leistungsspektrum\/musiktherapie-27.html\" data-type=\"link\" data-id=\"https:\/\/www.parkinson-beelitz.de\/parkinson-infos\/links.html\" target=\"_blank\" rel=\"noreferrer noopener\">\u5199\u771f\u30d6\u30c3\u30af\u30ec\u30c3\u30c8\u4ed8\u304dCD2\u679a\u7d44<\/a> \u95a2\u4fc2\u3059\u308b\u3002.<\/p>\n\n\n\n<figure class=\"wp-block-embed is-type-video is-provider-youtube wp-block-embed-youtube wp-embed-aspect-16-9 wp-has-aspect-ratio\"><div class=\"wp-block-embed__wrapper\">\n<iframe loading=\"lazy\" title=\"\u30d1\u30fc\u30ad\u30f3\u30bd\u30f3\u75c5\u60a3\u8005\u306e\u305f\u3081\u306e\u81ea\u5b85\u30c8\u30ec\u30fc\u30cb\u30f3\u30b0\u3068\u3057\u3066\u306e\u30d9\u30fc\u30ea\u30c3\u30c4\u97f3\u697d\u4f53\u64cd\" width=\"768\" height=\"432\" src=\"https:\/\/www.youtube.com\/embed\/TbougNQt_pM?feature=oembed\" frameborder=\"0\" allow=\"accelerometer; autoplay; clipboard-write; encrypted-media; gyroscope; picture-in-picture; web-share\" referrerpolicy=\"strict-origin-when-cross-origin\" allowfullscreen><\/iframe>\n<\/div><figcaption class=\"wp-element-caption\"><a href=\"https:\/\/www.youtube.com\/watch?v=kxkVUIPqRYA\">\u82f1\u8a9e\u7248<\/a><\/figcaption><\/figure>\n\n\n\n<p>\u30d9\u30fc\u30ea\u30c3\u30c4\uff1d\u30cf\u30a4\u30eb\u30b7\u30e5\u30c6\u30c3\u30c6\u30f3\u306e\u30d1\u30fc\u30ad\u30f3\u30bd\u30f3\u75c5\u30bb\u30f3\u30bf\u30fc\u3067\u306f\u3001\u6b69\u884c\u8a13\u7df4\u306e\u305f\u3081\u306e\u97f3\u697d\u306b\u3088\u308b\u52d5\u4f5c\u30d5\u30a3\u30fc\u30c9\u30d0\u30c3\u30af\u3092\u751f\u6210\u3059\u308b\u30a2\u30d7\u30ea\u3082\u958b\u767a\u3055\u308c\u307e\u3057\u305f\u3002\u3053\u306e\u30a2\u30d7\u30ea\u306f <a href=\"http:\/\/www.curaswing.de\" data-type=\"link\" data-id=\"https:\/\/apps.apple.com\/de\/app\/curaswing\/id1350473198\" target=\"_blank\" rel=\"noreferrer noopener\">\u30ad\u30e5\u30e9\u30b9\u30a6\u30a3\u30f3\u30b0<\/a>, \u30d1\u30fc\u30ad\u30f3\u30bd\u30f3\u75c5\u60a3\u8005\u306e\u30cb\u30fc\u30ba\u306b\u5408\u308f\u305b\u3066\u30ab\u30b9\u30bf\u30de\u30a4\u30ba\u3055\u308c\u3066\u3044\u307e\u3059\u3002\u3053\u306e\u30a2\u30d7\u30ea\u306f\u3001\u97f3\u697d\u3092\u8074\u304d\u306a\u304c\u3089\u3001\u500b\u4eba\u306b\u5408\u308f\u305b\u305f\u6b69\u884c\u8a13\u7df4\u3092\u53ef\u80fd\u306b\u3057\u3001\u30e6\u30fc\u30b6\u30fc\u304c\u6bce\u65e5\u6d3b\u52d5\u7684\u306b\u904e\u3054\u305b\u308b\u3088\u3046\u30b5\u30dd\u30fc\u30c8\u3057\u307e\u3059\u3002.<\/p>\n\n\n\n<p>\u6b69\u884c\u969c\u5bb3\uff08\u3044\u308f\u3086\u308b <em>\u51cd\u7d50<\/em> \u30e1\u30c8\u30ed\u30ce\u30fc\u30e0\u3092\u4f7f\u3063\u305f\u30ea\u30ba\u30e0\u30c8\u30ec\u30fc\u30cb\u30f3\u30b0\u306f\u3001\u3088\u308a\u30b9\u30e0\u30fc\u30ba\u306a\u6b69\u884c\u3092\u53d6\u308a\u623b\u3059\u306e\u306b\u5f79\u7acb\u3064\u3053\u3068\u304c\u3088\u304f\u3042\u308a\u307e\u3059\u3002\u3053\u308c\u306f\u3001\u304b\u306a\u308a\u3086\u3063\u304f\u308a\u3068\u3057\u305f\u30b9\u30d4\u30fc\u30c9\u3067\u7df4\u7fd2\u3057\u307e\u3059\u3002\u6b69\u884c\u30d6\u30ed\u30c3\u30af\u3092\u514b\u670d\u3059\u308b\u3082\u3046\u4e00\u3064\u306e\u65b9\u6cd5\u306f\u3001\u3044\u308f\u3086\u308b\u300c\u30e1\u30f3\u30bf\u30eb\u30b7\u30f3\u30ae\u30f3\u30b0\u300d\u3068\u547c\u3070\u308c\u308b\u6b69\u884c\u4e2d\u306e\u6b4c\u3067\u3059\u3002\u3053\u308c\u306f\u3001\u6b69\u884c\u4e2d\u306b\u7279\u5b9a\u306e\u6b4c\u3092\u6b4c\u3044\u306a\u304c\u3089\u96c6\u4e2d\u3059\u308b\u3053\u3068\u3092\u5b66\u3076\u3082\u306e\u3067\u3059\u3002\u3053\u3053\u3067\u3082\u3001\u3086\u3063\u304f\u308a\u3068\u3057\u305f\u30c6\u30f3\u30dd\u304c\u91cd\u8981\u3067\u3059\u3002\u660e\u78ba\u306a\u6b69\u884c\u30d6\u30ed\u30c3\u30af\u3092\u4f5c\u308b\u306b\u306f\u3001\u30b7\u30f3\u30d7\u30eb\u306a\u304c\u3089\u3082\u69cb\u6210\u304c\u660e\u78ba\u306a\u30c9\u30a4\u30c4\u306e\u7ae5\u8b21\u300cH\u00e4nschen klein\uff08\u30d8\u30f3\u30b7\u30a7\u30f3\u30fb\u30af\u30e9\u30a4\u30f3\uff09\u300d\u304c\u7279\u306b\u9069\u3057\u3066\u3044\u307e\u3059\u3002. <\/p>\n\n\n\n<p>\u3092\u901a\u3057\u3066 <strong>\u30bb\u30e9\u30d4\u30fc\u6b4c\u5531<\/strong> \u30d1\u30fc\u30ad\u30f3\u30bd\u30f3\u75c5\u60a3\u8005\u69d8\u306f\u3001\u767a\u58f0\u3068\u547c\u5438\u3092\u96c6\u4e2d\u7684\u306b\u30c8\u30ec\u30fc\u30cb\u30f3\u30b0\u3059\u308b\u3053\u3068\u304c\u3067\u304d\u307e\u3059\u3002\u3053\u308c\u306b\u3088\u308a\u3001\u58f0\u8cea\u3068\u547c\u5438\u3068\u767a\u58f0\u306e\u5354\u8abf\u6027\u304c\u5411\u4e0a\u3057\u307e\u3059\u3002\u3053\u308c\u306f\u767a\u58f0\u3001\u3072\u3044\u3066\u306f\u30b3\u30df\u30e5\u30cb\u30b1\u30fc\u30b7\u30e7\u30f3\u80fd\u529b\u306b\u3082\u30d7\u30e9\u30b9\u306e\u52b9\u679c\u3092\u3082\u305f\u3089\u3057\u307e\u3059\u3002\u6b4c\u306f\u3001\u60a3\u8005\u69d8\u306e\u58f0\u57df\u3068\u7279\u5b9a\u306e\u58f0\u306e\u75c7\u72b6\u306b\u5408\u308f\u305b\u3066\u4f5c\u3089\u308c\u3066\u3044\u307e\u3059\u3002\u305d\u306e\u305f\u3081\u3001\u30d1\u30fc\u30ad\u30f3\u30bd\u30f3\u75c5\u306b\u4f34\u3046\u767a\u58f0\u969c\u5bb3\u306b\u3082\u6700\u9069\u306a\u30c8\u30ec\u30fc\u30cb\u30f3\u30b0\u304c\u53ef\u80fd\u3067\u3042\u308a\u3001\u52b9\u679c\u7684\u3067\u3059\u3002 <a href=\"http:\/\/mit-musik-geht-reha-besser.de\/ja\/zubehoer\/\" data-type=\"page\" data-id=\"336\">\u30a2\u30af\u30bb\u30b5\u30ea\u30fc<\/a> LiLa\u30bd\u30f3\u30b0\u30d6\u30c3\u30af\u306f\u3001\u30bb\u30e9\u30d4\u30fc\u30ab\u30e9\u30aa\u30b1\u7528\u306e\u30ea\u30f3\u30af\u3082\u63b2\u8f09\u3055\u308c\u3066\u304a\u308a\u3001\u3054\u81ea\u8eab\u3067\u5370\u5237\u3057\u3066\u304a\u697d\u3057\u307f\u3044\u305f\u3060\u3051\u307e\u3059\u3002Karafun\u30a2\u30d7\u30ea\u3082\u3053\u306e\u7528\u9014\u306b\u9069\u3057\u3066\u304a\u308a\u3001\u30c6\u30f3\u30dd\u3068\u30d4\u30c3\u30c1\u3092\u500b\u5225\u306b\u8abf\u6574\u3067\u304d\u307e\u3059\u3002.<\/p>\n\n\n\n<p><br>\u306e\u4e2d\u3067 <strong>\u30c0\u30f3\u30b9\u30df\u30e5\u30fc\u30b8\u30c3\u30af\u30bb\u30e9\u30d4\u30fc<\/strong> \u30b5\u30fc\u30af\u30eb\u30c0\u30f3\u30b9\u3001\u30d6\u30ed\u30c3\u30af\u30c0\u30f3\u30b9\u3001\u30d1\u30fc\u30c8\u30ca\u30fc\u30c0\u30f3\u30b9\u306a\u3069\u3001\u904a\u3073\u5fc3\u306e\u3042\u308b\u52d5\u304d\u3067\u7df4\u7fd2\u3067\u304d\u307e\u3059\u3002\u30d1\u30fc\u30ad\u30f3\u30bd\u30f3\u75c5\u306e\u60a3\u8005\u3055\u3093\u306f\u3001\u904b\u52d5\u80fd\u529b\u3068\u5354\u8abf\u6027\u3092\u9ad8\u3081\u308b\u5f37\u529b\u306a\u6cbb\u7642\u52b9\u679c\u306b\u52a0\u3048\u3001\u904b\u52d5\u306e\u559c\u3073\u3092\u518d\u767a\u898b\u3059\u308b\u3053\u3068\u304c\u3067\u304d\u307e\u3059\u3002\uff08\u3053\u3061\u3089\u3082\u3054\u89a7\u304f\u3060\u3055\u3044\u2026\uff09 <a href=\"file:\/\/\/G:\/web%20site\/WEB%20SPACE%201&amp;1\/Mit-Musik-geht-Reha-besser\/html\/publik\/publik012008.html\">\u30cb\u30e5\u30fc\u30b9: \u30c0\u30f3\u30b9\u306f\u5f79\u306b\u7acb\u3064 <\/a><a href=\"http:\/\/mit-musik-geht-reha-besser.de\/ja\/nachrichten\/\">\u3067 <\/a><a href=\"file:\/\/\/G:\/web%20site\/WEB%20SPACE%201&amp;1\/Mit-Musik-geht-Reha-besser\/html\/publik\/publik012008.html\">\u30d1\u30fc\u30ad\u30f3\u30bd\u30f3<\/a>)<\/p>\n\n\n\n<p>\u3067 <strong><a href=\"http:\/\/mit-musik-geht-reha-besser.de\/ja\/neurologische-musiktherapie-sprach-sprech-und-stimmtraining\/\">\u30ea\u30ba\u30df\u30ab\u30eb\u306a\u30b9\u30d4\u30fc\u30c1\u30c8\u30ec\u30fc\u30cb\u30f3\u30b0<\/a><\/strong> \u4ee5\u524d\u306f\u7406\u89e3\u306b\u56f0\u96e3\u3092\u62b1\u3048\u3066\u3044\u305f\u60a3\u8005\u306f\u3001\u3088\u308a\u660e\u77ad\u304b\u3064\u30ea\u30ba\u30df\u30ab\u30eb\u306b\u767a\u97f3\u3067\u304d\u308b\u3088\u3046\u306b\u306a\u308b\u3002\u591a\u304f\u306e\u60a3\u8005\u306f\u56a5\u4e0b\u56de\u6570\u306e\u6e1b\u5c11\u306b\u60a9\u307e\u3055\u308c\u3066\u3044\u308b\u3002\u3053\u306e\u76ee\u7684\u306e\u305f\u3081\u306b\u3001 <a href=\"http:\/\/mit-musik-geht-reha-besser.de\/ja\/schluck-wecker\/\" data-type=\"page\" data-id=\"814\">\u30c4\u30d0\u30e1\u76ee\u899a\u307e\u3057\u6642\u8a08 <\/a>\u958b\u767a\u3055\u308c\u305f\u3002 <strong>\u697d\u5668\u306b\u3088\u308b\u5373\u8208\u6f14\u594f<\/strong> \u97f3\u697d\u7d4c\u9a13\u306e\u306a\u3044\u30d1\u30fc\u30ad\u30f3\u30bd\u30f3\u75c5\u60a3\u8005\u3067\u3082\u3001\u697d\u5668\u6f14\u594f\u306b\u6311\u6226\u3059\u308b\u3053\u3068\u304c\u3067\u304d\u307e\u3059\u3002\u500b\u4eba\u7642\u6cd5\u3084\u30b0\u30eb\u30fc\u30d7\u7642\u6cd5\u306b\u304a\u3044\u3066\u3001\u3053\u306e\u65b9\u6cd5\u306f\u904b\u52d5\u80fd\u529b\u306e\u5411\u4e0a\u3060\u3051\u3067\u306a\u304f\u3001\u75c5\u6c17\u3078\u306e\u5bfe\u51e6\u80fd\u529b\u306e\u5411\u4e0a\u306b\u3082\u3064\u306a\u304c\u308a\u307e\u3059\u3002\u305d\u306e\u305f\u3081\u3001 <a href=\"file:\/\/\/G:\/web%20site\/WEB%20SPACE%201&amp;1\/Mit-Musik-geht-Reha-besser\/html\/psyche.html\">\u97f3\u697d\u7642\u6cd5 <\/a><a href=\"http:\/\/mit-musik-geht-reha-besser.de\/ja\/musiktherapeutische-psychotherapie\/\">\u5fc3\u7406\u7642\u6cd5<\/a>.\u3002 <a href=\"file:\/\/\/G:\/web%20site\/WEB%20SPACE%201&amp;1\/Mit-Musik-geht-Reha-besser\/html\/nmt-motor.html#timp\">\u97f3\u697d\u5bfe\u5fdc <\/a><a href=\"http:\/\/mit-musik-geht-reha-besser.de\/ja\/neurologische-musiktherapie-motoriktraining\/\">\u7d30\u304b\u3044\u904b\u52d5\u80fd\u529b\u306e\u30c8\u30ec\u30fc\u30cb\u30f3\u30b0<\/a> \u624b\u3068\u6307\u3092\u8a13\u7df4\u3059\u308b\u3053\u3068\u3067\u3001\u65e5\u5e38\u306e\u6d3b\u52d5\u304c\u518d\u3073\u697d\u306b\u306a\u308a\u307e\u3059\u3002.<\/p>\n\n\n\n<p>\u97f3\u697d\u306f\u3001\u30ea\u30e9\u30af\u30bc\u30fc\u30b7\u30e7\u30f3\u3001\u6c17\u5206\u3084\u610f\u6b32\u306e\u5411\u4e0a\u3001\u30d1\u30fc\u30ad\u30f3\u30bd\u30f3\u75c5\u306b\u304a\u3051\u308b\u904b\u52d5\u6a5f\u80fd\u3084\u6b69\u884c\u306e\u4fc3\u9032\u306a\u3069\u3001\u3055\u307e\u3056\u307e\u306a\u52b9\u679c\u3092\u3082\u305f\u3089\u3057\u307e\u3059\u3002\u3053\u308c\u3089\u306e\u52b9\u679c\u306f\u3001\u6b21\u306e\u3088\u3046\u306a\u65b9\u6cd5\u3067\u6d3b\u7528\u3067\u304d\u307e\u3059\u3002 <a href=\"https:\/\/mit-musik-geht-reha-besser.de\/ja\/playlists\/\" data-type=\"page\" data-id=\"1233\">\u500b\u4eba\u30d7\u30ec\u30a4\u30ea\u30b9\u30c8<\/a> \u3053\u306e\u3088\u3046\u306a\u30d7\u30ec\u30a4\u30ea\u30b9\u30c8\u3092\u4f5c\u6210\u3057\u307e\u3059\u3002\u3053\u306e\u3088\u3046\u306a\u30d7\u30ec\u30a4\u30ea\u30b9\u30c8\u3092\u4f7f\u7528\u3059\u308b\u3068\u3001\u5177\u4f53\u7684\u306b\u306f\u2026 <a href=\"https:\/\/mit-musik-geht-reha-besser.de\/ja\/musik\/\" data-type=\"page\" data-id=\"90\">\u6b69\u304d\u65b9<\/a> \u3042\u308b\u3044\u306f\u3001\u73fe\u5728\u306e\u6c17\u5206\u306b\u5f71\u97ff\u3092\u4e0e\u3048\u308b\u3002\u5f8c\u8005\u306b\u3064\u3044\u3066\u306f\u3001 <a href=\"https:\/\/open.spotify.com\/playlist\/37MZev9u0s1AlYljQRPRBX?si=ziQ0t4wjTOCud5dQx5qZlw\" target=\"_blank\" rel=\"noreferrer noopener\">\u30d7\u30ec\u30a4\u30ea\u30b9\u30c8\u300cGet Happy\u300d\u201e<\/a> \u30b3\u30f3\u30d1\u30a4\u30eb\u3055\u308c\u307e\u3057\u305f\u3002.<\/p>\n\n\n\n<p>\u30d1\u30fc\u30ad\u30f3\u30bd\u30f3\u75c5\u60a3\u8005\u306e\u305f\u3081\u306e\u97f3\u697d\u3092\u8074\u304d\u306a\u304c\u3089\u306e\u30a6\u30a9\u30fc\u30ad\u30f3\u30b0\u306b\u95a2\u3059\u308b\u8a73\u3057\u3044\u60c5\u5831\u306f\u3001\u3053\u3061\u3089\u306e\u82f1\u8a9e\u306e\u6982\u8981\u8a18\u4e8b\u3092\u3054\u89a7\u304f\u3060\u3055\u3044\u3002 <a href=\"https:\/\/www.frontiersin.org\/journals\/psychology\/articles\/10.3389\/fpsyg.2015.01547\/full\" data-type=\"link\" data-id=\"https:\/\/www.frontiersin.org\/journals\/psychology\/articles\/10.3389\/fpsyg.2015.01547\/full\" target=\"_blank\" rel=\"noreferrer noopener\">\u201e\u300c\u97f3\u697d\u306f\u7b4b\u8089\u3001\u5fc3\u3001\u611f\u60c5\u3092\u4e00\u6c17\u306b\u523a\u6fc0\u3059\u308b\u300d\u201c<\/a>. 2025\u5e743\u670811\u65e5\u306eBR\u30dd\u30c3\u30c9\u30ad\u30e3\u30b9\u30c8\u300cIQ Science\u300d\u3067\u306f\u3001\u30b9\u30c6\u30d5\u30a1\u30f3\u30fb\u30e1\u30a4\u30f3\u30ab\u6559\u6388\u304c\u6b21\u306e\u3088\u3046\u306b\u8a9e\u3063\u3066\u3044\u307e\u3059\u3002<\/p>\n\n\n\n<figure class=\"wp-block-audio\"><audio controls src=\"https:\/\/mit-musik-geht-reha-besser.de\/wp-content\/uploads\/2025\/03\/250311_1815_IQ-Wissenschaft-und-Forschung_PODCAST-Musiktherapie-Kann-Musik-Medizin-.mp3\"><\/audio><\/figure>\n\n\n\n<p><br><\/p>","protected":false},"excerpt":{"rendered":"<p>Die Parkinsonerkrankung l\u00e4sst sich bis heute nicht urs\u00e4chlich heilen. Wenn medikament\u00f6se Therapien nicht oder nicht mehr ausreichend helfen, k\u00f6nnen Betroffene sich in Spezialkliniken behandeln lassen. Diese Fachkrankenh\u00e4user oder Neuro-Reha-Kliniken bieten teilweise auch Musiktherapie an. Dies ist bei Morbus Parkinson eine wichtige begleitende Therapie. Durch RAS &#8211; Gangtraining mit Musik oder Metronom k\u00f6nnen Parkinsonkranke ihre Gehf\u00e4higkeit verbessern. Je nach Zielvorgabe kann man an einer gr\u00f6\u00dferen Schrittl\u00e4nge, einem st\u00e4rkeren Armschwung oder einem sichereren Gangbild arbeiten. Entscheidend f\u00fcr den Therapieerfolg ist die richtige Trainingsmusik. Das \u00dcbungstempo wird individuell therapeutisch angepasst.&nbsp;Bei verlangsamtem Gehen wird eher beschleunigt. Demgegen\u00fcber sollten Sie bei Ganginstabilit\u00e4t langsamere Tempi von 95 bis maximal 105 bpm w\u00e4hlen. Unter Musik finden Sie [&hellip;]<\/p>\n","protected":false},"author":1,"featured_media":14,"parent":0,"menu_order":3,"comment_status":"closed","ping_status":"closed","template":"","meta":{"footnotes":""},"class_list":["post-236","page","type-page","status-publish","has-post-thumbnail","hentry"],"_links":{"self":[{"href":"http:\/\/mit-musik-geht-reha-besser.de\/ja\/wp-json\/wp\/v2\/pages\/236","targetHints":{"allow":["GET"]}}],"collection":[{"href":"http:\/\/mit-musik-geht-reha-besser.de\/ja\/wp-json\/wp\/v2\/pages"}],"about":[{"href":"http:\/\/mit-musik-geht-reha-besser.de\/ja\/wp-json\/wp\/v2\/types\/page"}],"author":[{"embeddable":true,"href":"http:\/\/mit-musik-geht-reha-besser.de\/ja\/wp-json\/wp\/v2\/users\/1"}],"replies":[{"embeddable":true,"href":"http:\/\/mit-musik-geht-reha-besser.de\/ja\/wp-json\/wp\/v2\/comments?post=236"}],"version-history":[{"count":29,"href":"http:\/\/mit-musik-geht-reha-besser.de\/ja\/wp-json\/wp\/v2\/pages\/236\/revisions"}],"predecessor-version":[{"id":1423,"href":"http:\/\/mit-musik-geht-reha-besser.de\/ja\/wp-json\/wp\/v2\/pages\/236\/revisions\/1423"}],"wp:featuredmedia":[{"embeddable":true,"href":"http:\/\/mit-musik-geht-reha-besser.de\/ja\/wp-json\/wp\/v2\/media\/14"}],"wp:attachment":[{"href":"http:\/\/mit-musik-geht-reha-besser.de\/ja\/wp-json\/wp\/v2\/media?parent=236"}],"curies":[{"name":"wp","href":"https:\/\/api.w.org\/{rel}","templated":true}]}}