{"id":320,"date":"2019-02-26T15:19:36","date_gmt":"2019-02-26T15:19:36","guid":{"rendered":"http:\/\/mit-musik-geht-reha-besser.de\/?page_id=320"},"modified":"2019-03-10T15:23:08","modified_gmt":"2019-03-10T15:23:08","slug":"news-forschung170819","status":"publish","type":"page","link":"http:\/\/mit-musik-geht-reha-besser.de\/ja\/news-forschung170819\/","title":{"rendered":"\u8133\u5352\u4e2d\u5f8c\u306f\u99ac\u7642\u6cd5\u3068\u97f3\u697d\u7642\u6cd5\u304c\u52b9\u679c\u7684\u3067\u3059\u3002"},"content":{"rendered":"\n<p><em>19-08-2017.<\/em> Ein Schlaganfall stellt f\u00fcr viele Betroffenen einen nachhaltigen Einschnitt dar, der auf k\u00f6rperlicher und kognitiver Ebene zu massiven Funktionsausf\u00e4llen f\u00fchren kann. In der Rehabilitation wird mit Hilfe von funktionellen Therapieformen wie Physio- und Ergotherapie daraufhin gearbeitet, die verlorengegangenen F\u00e4higkeiten m\u00f6glichst wiederherzustellen. <\/p>\n\n\n\n<p> Prof. Michael Nilsson und Mitarbeiter von der Universit\u00e4t G\u00f6teborg untersuchten nun in einer randomisierten kontrollierten Studie multimodale therapeutische Interventionen. Dabei konnte anhand der Ergebnisse nachgewiesen werden, dass bei Patienten nach einem Schlaganfall in der Sp\u00e4trehabilitation Musik- und Reittherapie zu einer beschleunigten subjektiven Erholung und Verbesserungen auf funktioneller Ebene. <\/p>\n\n\n\n<p>An der Studie nahmen 123 Teilnehmer aus Schweden teil &#8211; M\u00e4nner und Frauen zwischen 50-75 Jahren, deren Schlaganfall 10 Monate bis 5 Jahre zur\u00fccklag. Die erste Gruppe erhielt zweimal pro Woche ein musikgest\u00fctzes Bewegungstraining. Dabei vollf\u00fchrten die Teilnehmer \u00fcber 90 Minuten zur Musik verschiedene Bewegungen mit H\u00e4nden und F\u00fc\u00dfen. Ge\u00fcbt wurden dabei Klatschen, Stampfen und auch komplexe funktionale Bewegungsmuster wie beim Schlagzeugspielen. Die zweite Gruppe traf sich zweimal die Woche f\u00fcr 240 Minuten in einem Reitzentrum f\u00fcr Behinderte. Die Patienten nahmen zun\u00e4chst an der Pflege der Pferde teil, bevor sie in kleinen Gruppen in Begleitung von 2 Assistenten 30 Minuten lang ritten. Eine dritte Gruppe nahm an keiner besonderen Therapie teil. <\/p>\n\n\n\n<p>Als Messinstrument wurde die \u201eStroke Impact Scale\u201c (SIS) herangezogen, ein Fragebogen, in welchem der Patient die Auswirkungen des Schlaganfalls beurteilt. Nach Angaben von Prof. Nilsson wurde in der Reitgruppe nach 12 Wochen bei 56 Prozent der Teilnehmer eine Verbesserung der SIS erreicht. In der Musikgruppe kam es bei 38 Prozent zu Fortschritten, die sich auf motorischer Ebene in einer Verbesserung des Gleichgewichts, der Greiff\u00e4higkeit und auf kognitiver Ebene im Arbeitsged\u00e4chtnis zeigten. Die Unterschiede zur Kontrollgruppe, wo 17 Prozent eine Erholung versp\u00fcrt hatten, waren signifikant. Die Fortschritte wurden in einer Folgeuntersuchung nach 6 Monaten best\u00e4tigt. Nilsson f\u00fchrt diese Ergenisse auf die Kombination von multimodalen Interventionen sowie einer damit einhergehenden h\u00f6heren Motivation der Teilnehmer zur\u00fcck. <\/p>\n\n\n\n<p style=\"text-align:right\" class=\"has-small-font-size\">Lina Bunketorp-K\u00e4ll, Aringsa Lundgren-Nilsson, Hans Samuelsson, Tulen Pekny, Karin Blomv\u00e9, Marcela Pekna, Milos Pekny, Christian Blomstrand, Michael Nilsson. (2017)<br> Long-Term Improvements After Multimodal Rehabilitation in Late Phase After Stroke. <a href=\"https:\/\/doi.org\/10.1161\/STROKEAHA.116.016433\">https:\/\/doi.org\/10.1161\/STROKEAHA.116.016433<\/a> <\/p>\n\n\n\n<p style=\"text-align:center\"><a href=\"http:\/\/mit-musik-geht-reha-besser.de\/nachrichten\">[Nachrichten im \u00dcberblick\u2026]<\/a> <\/p>\n","protected":false},"excerpt":{"rendered":"<p>19-08-2017. Ein Schlaganfall stellt f\u00fcr viele Betroffenen einen nachhaltigen Einschnitt dar, der auf k\u00f6rperlicher und kognitiver Ebene zu massiven Funktionsausf\u00e4llen f\u00fchren kann. In der Rehabilitation wird mit Hilfe von funktionellen Therapieformen wie Physio- und Ergotherapie daraufhin gearbeitet, die verlorengegangenen F\u00e4higkeiten m\u00f6glichst wiederherzustellen. Prof. Michael Nilsson und Mitarbeiter von der Universit\u00e4t G\u00f6teborg untersuchten nun in einer randomisierten kontrollierten Studie multimodale therapeutische Interventionen. Dabei konnte anhand der Ergebnisse nachgewiesen werden, dass bei Patienten nach einem Schlaganfall in der Sp\u00e4trehabilitation Musik- und Reittherapie zu einer beschleunigten subjektiven Erholung und Verbesserungen auf funktioneller Ebene. An der Studie nahmen 123 Teilnehmer aus Schweden teil &#8211; M\u00e4nner und Frauen zwischen 50-75 Jahren, deren Schlaganfall 10 Monate [&hellip;]<\/p>\n","protected":false},"author":1,"featured_media":0,"parent":0,"menu_order":100,"comment_status":"closed","ping_status":"closed","template":"","meta":{"footnotes":""},"class_list":["post-320","page","type-page","status-publish","hentry"],"_links":{"self":[{"href":"http:\/\/mit-musik-geht-reha-besser.de\/ja\/wp-json\/wp\/v2\/pages\/320","targetHints":{"allow":["GET"]}}],"collection":[{"href":"http:\/\/mit-musik-geht-reha-besser.de\/ja\/wp-json\/wp\/v2\/pages"}],"about":[{"href":"http:\/\/mit-musik-geht-reha-besser.de\/ja\/wp-json\/wp\/v2\/types\/page"}],"author":[{"embeddable":true,"href":"http:\/\/mit-musik-geht-reha-besser.de\/ja\/wp-json\/wp\/v2\/users\/1"}],"replies":[{"embeddable":true,"href":"http:\/\/mit-musik-geht-reha-besser.de\/ja\/wp-json\/wp\/v2\/comments?post=320"}],"version-history":[{"count":13,"href":"http:\/\/mit-musik-geht-reha-besser.de\/ja\/wp-json\/wp\/v2\/pages\/320\/revisions"}],"predecessor-version":[{"id":401,"href":"http:\/\/mit-musik-geht-reha-besser.de\/ja\/wp-json\/wp\/v2\/pages\/320\/revisions\/401"}],"wp:attachment":[{"href":"http:\/\/mit-musik-geht-reha-besser.de\/ja\/wp-json\/wp\/v2\/media?parent=320"}],"curies":[{"name":"wp","href":"https:\/\/api.w.org\/{rel}","templated":true}]}}