{"id":143,"date":"2019-01-16T18:03:32","date_gmt":"2019-01-16T18:03:32","guid":{"rendered":"http:\/\/mit-musik-geht-reha-besser.de\/?page_id=143"},"modified":"2026-04-22T11:58:52","modified_gmt":"2026-04-22T11:58:52","slug":"startseite","status":"publish","type":"page","link":"http:\/\/mit-musik-geht-reha-besser.de\/zh\/","title":{"rendered":"\u9996\u9875"},"content":{"rendered":"<div class=\"wp-block-image\">\n<figure class=\"alignright is-resized\"><img loading=\"lazy\" decoding=\"async\" width=\"300\" height=\"450\" src=\"http:\/\/mit-musik-geht-reha-besser.de\/wp-content\/uploads\/2019\/01\/TS_with-drum.jpg\" alt=\"\" class=\"wp-image-5\" style=\"width:97px;height:146px\" srcset=\"https:\/\/mit-musik-geht-reha-besser.de\/wp-content\/uploads\/2019\/01\/TS_with-drum.jpg 300w, https:\/\/mit-musik-geht-reha-besser.de\/wp-content\/uploads\/2019\/01\/TS_with-drum-200x300.jpg 200w\" sizes=\"auto, (max-width: 300px) 100vw, 300px\" \/><\/figure>\n<\/div>\n\n\n<p class=\"has-text-align-center\"><\/p>\n\n\n\n<p>\u672c\u7f51\u7ad9\u63d0\u4f9b\u6709\u5173\u97f3\u4e50\u7597\u6cd5\u5728\u795e\u7ecf\u7cfb\u7edf\u3001\u8001\u5e74\u548c\u9aa8\u79d1\u5eb7\u590d\u4e2d\u7684\u5e94\u7528\u4fe1\u606f\u3002. <\/p>\n\n\n<div class=\"wp-block-image\">\n<figure class=\"alignleft is-resized\"><img loading=\"lazy\" decoding=\"async\" width=\"640\" height=\"480\" src=\"http:\/\/mit-musik-geht-reha-besser.de\/wp-content\/uploads\/2019\/01\/fm_training.jpg\" alt=\"\" class=\"wp-image-15\" style=\"width:72px;height:54px\" srcset=\"https:\/\/mit-musik-geht-reha-besser.de\/wp-content\/uploads\/2019\/01\/fm_training.jpg 640w, https:\/\/mit-musik-geht-reha-besser.de\/wp-content\/uploads\/2019\/01\/fm_training-300x225.jpg 300w\" sizes=\"auto, (max-width: 640px) 100vw, 640px\" \/><\/figure>\n<\/div>\n\n\n<p>\u97f3\u4e50\u7597\u6cd5\u9002\u7528\u4e8e\u795e\u7ecf\u79d1\u3001\u8001\u5e74\u79d1\u548c\u9aa8\u79d1\u60a3\u8005\uff08<a href=\"http:\/\/mit-musik-geht-reha-besser.de\/zh\/stroke\/\">\u4e2d\u98ce<\/a>, <a href=\"http:\/\/mit-musik-geht-reha-besser.de\/zh\/parkinson\/\">\u5e15\u91d1\u68ee<\/a>, <a href=\"http:\/\/mit-musik-geht-reha-besser.de\/zh\/wachkoma-2\/\">\u690d\u7269\u4eba\u72b6\u6001<\/a>, <a href=\"http:\/\/mit-musik-geht-reha-besser.de\/zh\/sht\/\">\u521b\u4f24\u6027\u8111\u635f\u4f24<\/a> \u7b49\u7b49\uff09\u5728\u4ee5\u4e0b\u9886\u57df\u63d0\u4f9b\u4e86\u591a\u79cd\u6709\u6548\u7684\u5e94\u7528\u53ef\u80fd\u6027 <a href=\"http:\/\/mit-musik-geht-reha-besser.de\/zh\/neurologische-musiktherapie-motoriktraining\/\">\u611f\u89c9\u8fd0\u52a8<\/a>, <a href=\"http:\/\/mit-musik-geht-reha-besser.de\/zh\/aphasie\/\">\u8bed\u8a00\u5b66<\/a>, <a href=\"http:\/\/mit-musik-geht-reha-besser.de\/zh\/neurologische-musiktherapie-hirnleistungstraining\/\">\u8ba4\u77e5\u7684<\/a> \u548c <a href=\"http:\/\/mit-musik-geht-reha-besser.de\/zh\/musiktherapeutische-psychotherapie\/\">\u5fc3\u7406<\/a> \u6cbb\u7597\u3002\u7279\u522b\u662f\uff0c\u79ef\u6781\u7684\u97f3\u4e50\u521b\u4f5c\u53ef\u4ee5\u523a\u6fc0\u591a\u79cd\u795e\u7ecf\u7f51\u7edc\u3002\u8fd9\u53ef\u4ee5\u6539\u5584\u8fd0\u52a8\u529f\u80fd\uff0c\u4f8b\u5982\u624b\u90e8\u548c\u624b\u6307\u7684\u6d3b\u52a8\u80fd\u529b\u6216\u884c\u8d70\u80fd\u529b\uff0c\u4ee5\u53ca\u8bed\u8a00\u6280\u80fd\uff0c\u4f8b\u5982\u8a00\u8bed\u8868\u8fbe\u548c\u7406\u89e3\u80fd\u529b\uff08\u5728\u67d0\u4e9b\u60c5\u51b5\u4e0b\u2026\u2026\uff09\u3002 <a href=\"https:\/\/mit-musik-geht-reha-besser.de\/zh\/aphasie\/\" data-type=\"page\" data-id=\"216\">\u5931\u8bed\u75c7<\/a>\uff09\u5e76\u63d0\u9ad8\u6ce8\u610f\u529b\u3001\u884c\u52a8\u8ba1\u5212\u3001\u542c\u89c9\u611f\u77e5\u548c\u611f\u89c9\u7edf\u5408\u7b49\u8ba4\u77e5\u80fd\u529b\u3002. <\/p>\n\n\n\n<p>\u5728\u97f3\u4e50\u6cbb\u7597\u4e2d\uff0c\u4f1a\u5236\u5b9a\u6709\u9488\u5bf9\u6027\u7684\u97f3\u4e50\u76f8\u5173\u6d3b\u52a8\uff0c\u8fd9\u4e9b\u6d3b\u52a8\u5efa\u7acb\u5728\u57fa\u672c\u7684\u97f3\u4e50\u6280\u80fd\u4e4b\u4e0a\uff0c\u4f8b\u5982\u8282\u594f\u6027\u52a8\u4f5c\u3001\u65cb\u5f8b\u6027\u53d1\u58f0\u6216\u5bf9\u97f3\u4e50\u7684\u60c5\u611f\u4eb2\u548c\u529b\u3002.<\/p>\n\n\n<div class=\"wp-block-image\">\n<figure class=\"alignright is-resized\"><img loading=\"lazy\" decoding=\"async\" width=\"500\" height=\"667\" src=\"http:\/\/mit-musik-geht-reha-besser.de\/wp-content\/uploads\/2019\/01\/klavier-mit-therapeutin.jpg\" alt=\"\" class=\"wp-image-10\" style=\"width:90px;height:120px\" srcset=\"https:\/\/mit-musik-geht-reha-besser.de\/wp-content\/uploads\/2019\/01\/klavier-mit-therapeutin.jpg 500w, https:\/\/mit-musik-geht-reha-besser.de\/wp-content\/uploads\/2019\/01\/klavier-mit-therapeutin-225x300.jpg 225w\" sizes=\"auto, (max-width: 500px) 100vw, 500px\" \/><\/figure>\n<\/div>\n\n\n<p>\u5728\u4e0b\u9762 <a href=\"http:\/\/mit-musik-geht-reha-besser.de\/zh\/musik\/\">\u97f3\u4e50<\/a> \u5728\u8fd9\u91cc\uff0c\u60a8\u53ef\u4ee5\u627e\u5230\u4e13\u95e8\u4e3a\u8fd0\u52a8\u7597\u6cd5\u548c\u653e\u677e\u7ec3\u4e60\u7cbe\u5fc3\u6311\u9009\u7684\u97f3\u4e50\u4e0b\u8f7d\u3002 <a href=\"https:\/\/mit-musik-geht-reha-besser.de\/zh\/musik\/\" data-type=\"page\" data-id=\"90\">\u64ad\u653e\u5217\u8868<\/a> \u7528\u4e8e\u6cbb\u7597\u6027\u6b65\u6001\u8bad\u7ec3\u548c\u60c5\u7eea\u6fc0\u52b1\u6fc0\u6d3b\u3002.<\/p>\n\n\n\n<p>\u5728\u8be5\u90e8\u5206 <a href=\"http:\/\/mit-musik-geht-reha-besser.de\/zh\/nachrichten\/\">\u6d88\u606f<\/a> \u5728\u8fd9\u91cc\uff0c\u60a8\u5c06\u627e\u5230\u6709\u5173\u5eb7\u590d\u97f3\u4e50\u7597\u6cd5\u7684\u7814\u7a76\u6587\u7ae0\u4ee5\u53ca\u6700\u65b0\u65b0\u95fb\u3002.<\/p>\n\n\n<div class=\"wp-block-image\">\n<figure class=\"alignleft size-large is-resized\"><img loading=\"lazy\" decoding=\"async\" width=\"1024\" height=\"1024\" src=\"http:\/\/mit-musik-geht-reha-besser.de\/wp-content\/uploads\/2022\/11\/Schluck-Wecker-mp3-image-1024x1024.png\" alt=\"\" class=\"wp-image-817\" style=\"width:58px;height:58px\" srcset=\"https:\/\/mit-musik-geht-reha-besser.de\/wp-content\/uploads\/2022\/11\/Schluck-Wecker-mp3-image-1024x1024.png 1024w, https:\/\/mit-musik-geht-reha-besser.de\/wp-content\/uploads\/2022\/11\/Schluck-Wecker-mp3-image-300x300.png 300w, https:\/\/mit-musik-geht-reha-besser.de\/wp-content\/uploads\/2022\/11\/Schluck-Wecker-mp3-image-150x150.png 150w, https:\/\/mit-musik-geht-reha-besser.de\/wp-content\/uploads\/2022\/11\/Schluck-Wecker-mp3-image-768x768.png 768w, https:\/\/mit-musik-geht-reha-besser.de\/wp-content\/uploads\/2022\/11\/Schluck-Wecker-mp3-image-1536x1536.png 1536w, https:\/\/mit-musik-geht-reha-besser.de\/wp-content\/uploads\/2022\/11\/Schluck-Wecker-mp3-image-12x12.png 12w, https:\/\/mit-musik-geht-reha-besser.de\/wp-content\/uploads\/2022\/11\/Schluck-Wecker-mp3-image.png 1944w\" sizes=\"auto, (max-width: 1024px) 100vw, 1024px\" \/><\/figure>\n<\/div>\n\n\n<p>\u5728\u4e0b\u9762 <a href=\"http:\/\/mit-musik-geht-reha-besser.de\/zh\/zubehoer\/\" data-type=\"page\" data-id=\"336\">\u914d\u4ef6<\/a> \u5eb7\u590d\u97f3\u4e50\u7597\u6cd5\u7684\u8f85\u52a9\u5de5\u5177\u548c\u6750\u6599\u662f\u5426\u5df2\u5217\u51fa\uff0c\u4f8b\u5982\uff1a <a href=\"http:\/\/mit-musik-geht-reha-besser.de\/zh\/schluck-wecker\/\" data-type=\"page\" data-id=\"814\">\u71d5\u5b50\u95f9\u949f<\/a>. \u8fd9\u662f\u4e3a\u6cbb\u7597\u541e\u54bd\u969c\u788d\uff08\u541e\u54bd\u56f0\u96be\uff09\u60a3\u8005\u800c\u5f00\u53d1\u7684\u3002.<\/p>\n\n\n\n\n\n<p><\/p>","protected":false},"excerpt":{"rendered":"<p>Auf dieser Internetseite finden Sie Informationen \u00fcber Musiktherapie in der neurologischen, geriatrischen und orthop\u00e4dischen Rehabilitation. Musiktherapie f\u00fcr neurologische, geriatrische und orthop\u00e4dische Patienten (Schlaganfall, Parkinson, Wachkoma, Sch\u00e4delhirntrauma usw.) bietet eine Vielzahl wirksamer Anwendungsm\u00f6glichkeiten in den Bereichen sensomotorischer, sprachlicher, kognitiver und psychologischer Therapie. Insbesondere das aktive Musizieren regt vielf\u00e4ltige neuronale Netzwerke an. Dadurch lassen sich motorische Funktionen, [&hellip;]<\/p>\n","protected":false},"author":1,"featured_media":0,"parent":0,"menu_order":0,"comment_status":"closed","ping_status":"closed","template":"","meta":{"footnotes":""},"class_list":["post-143","page","type-page","status-publish","hentry"],"_links":{"self":[{"href":"http:\/\/mit-musik-geht-reha-besser.de\/zh\/wp-json\/wp\/v2\/pages\/143","targetHints":{"allow":["GET"]}}],"collection":[{"href":"http:\/\/mit-musik-geht-reha-besser.de\/zh\/wp-json\/wp\/v2\/pages"}],"about":[{"href":"http:\/\/mit-musik-geht-reha-besser.de\/zh\/wp-json\/wp\/v2\/types\/page"}],"author":[{"embeddable":true,"href":"http:\/\/mit-musik-geht-reha-besser.de\/zh\/wp-json\/wp\/v2\/users\/1"}],"replies":[{"embeddable":true,"href":"http:\/\/mit-musik-geht-reha-besser.de\/zh\/wp-json\/wp\/v2\/comments?post=143"}],"version-history":[{"count":17,"href":"http:\/\/mit-musik-geht-reha-besser.de\/zh\/wp-json\/wp\/v2\/pages\/143\/revisions"}],"predecessor-version":[{"id":1436,"href":"http:\/\/mit-musik-geht-reha-besser.de\/zh\/wp-json\/wp\/v2\/pages\/143\/revisions\/1436"}],"wp:attachment":[{"href":"http:\/\/mit-musik-geht-reha-besser.de\/zh\/wp-json\/wp\/v2\/media?parent=143"}],"curies":[{"name":"wp","href":"https:\/\/api.w.org\/{rel}","templated":true}]}}