{"id":205,"date":"2019-01-19T15:26:08","date_gmt":"2019-01-19T15:26:08","guid":{"rendered":"http:\/\/mit-musik-geht-reha-besser.de\/?page_id=205"},"modified":"2021-04-19T04:09:51","modified_gmt":"2021-04-19T04:09:51","slug":"wachkoma-2","status":"publish","type":"page","link":"http:\/\/mit-musik-geht-reha-besser.de\/zh\/wachkoma-2\/","title":{"rendered":"\u690d\u7269\u4eba\u72b6\u6001"},"content":{"rendered":"<p class=\"has-text-align-center\"><em>\u4f5c\u8005\uff1a\u5361\u7433\u00b7\u535a\u585e\u52d2<\/em><\/p>\n\n\n\n<div class=\"wp-block-image\"><figure class=\"alignright is-resized\"><img loading=\"lazy\" decoding=\"async\" src=\"http:\/\/mit-musik-geht-reha-besser.de\/wp-content\/uploads\/2019\/01\/Chimes_handson.jpg\" alt=\"\" class=\"wp-image-18\" width=\"129\" height=\"86\" srcset=\"https:\/\/mit-musik-geht-reha-besser.de\/wp-content\/uploads\/2019\/01\/Chimes_handson.jpg 350w, https:\/\/mit-musik-geht-reha-besser.de\/wp-content\/uploads\/2019\/01\/Chimes_handson-300x200.jpg 300w\" sizes=\"auto, (max-width: 129px) 100vw, 129px\" \/><\/figure><\/div>\n\n\n\n<p>\u5904\u4e8e\u660f\u8ff7\u72b6\u6001\uff08\u6216\u690d\u7269\u4eba\u72b6\u6001\u6216\u65e0\u610f\u8bc6\u7efc\u5408\u5f81\uff09\u7684\u4eba\u4e0d\u4ec5\u9700\u8981\u5bc6\u96c6\u7684\u533b\u7597\u3001\u62a4\u7406\u3001\u7269\u7406\u6cbb\u7597\u3001\u804c\u4e1a\u6cbb\u7597\u548c\u795e\u7ecf\u5fc3\u7406\u6cbb\u7597\uff0c\u8fd8\u9700\u8981\u7279\u522b\u7684\u5173\u6ce8\u548c\u652f\u6301\u3002\u4ed6\u4eec\u9700\u8981\u5bc6\u5207\u7684\u4eba\u9645\u4ea4\u5f80\u3002. <\/p>\n\n\n\n<p>\u97f3\u4e50\u7597\u6cd5\u6d3b\u52a8\uff0c\u4f8b\u5982\u5531\u6b4c\u3001\u54fc\u5531\u6216\u5373\u5174\u6f14\u594f\u4e50\u5668\uff0c\u80fd\u591f\u901a\u8fc7\u4eb2\u5bc6\u800c\u6df1\u5165\u7684\u4ea4\u6d41\uff0c\u4e3a\u5904\u4e8e\u690d\u7269\u4eba\u72b6\u6001\u7684\u4eba\u63d0\u4f9b\u5b89\u5168\u611f\u3001\u5f52\u5c5e\u611f\u3001\u4eba\u9645\u8054\u7ed3\u548c\u6e29\u6696\u3002\u5bf9\u4e8e\u90a3\u4e9b\u9664\u4e86\u4e25\u91cd\u7684\u8eab\u4f53\u969c\u788d\u548c\u53ef\u80fd\u7684\u8ba4\u77e5\u969c\u788d\u5916\uff0c\u8fd8\u906d\u53d7\u8fc7\u5fc3\u7406\u521b\u4f24\u7684\u4eba\u6765\u8bf4\uff0c\u8fd9\u4e00\u70b9\u5c24\u4e3a\u91cd\u8981\u3002.<\/p>\n\n\n\n<p>\u4e0e\u690d\u7269\u4eba\u8fdb\u884c\u7684\u97f3\u4e50\u5bf9\u8bdd\uff0c\u4e0e\u6839\u6df1\u8482\u56fa\u7684\u4ea7\u524d\u7ecf\u5386\u5bc6\u5207\u76f8\u5173\u3002\u8fd9\u79cd\u5bf9\u8bdd\u7c7b\u4f3c\u4e8e\u4eb2\u5bc6\u7684\u6bcd\u5a74\u5bf9\u8bdd\uff08\u6bcd\u8bed\u3001\u513f\u8bed\uff09\u3002\u57fa\u4e8e\u8fd9\u4e9b\u7ecf\u5386\uff0c\u97f3\u4e50\u7597\u6cd5\u80fd\u591f\u5e2e\u52a9\u690d\u7269\u4eba\u91cd\u65b0\u4e0e\u4ed6\u4eec\u7684\u5185\u5fc3\u4e16\u754c\u5efa\u7acb\u8054\u7cfb\u3002. <\/p>\n\n\n\n<div class=\"wp-block-image\"><figure class=\"alignleft is-resized\"><img loading=\"lazy\" decoding=\"async\" src=\"http:\/\/mit-musik-geht-reha-besser.de\/wp-content\/uploads\/2019\/01\/haende_kind-im-bett.jpg\" alt=\"\" class=\"wp-image-57\" width=\"114\" height=\"75\" srcset=\"https:\/\/mit-musik-geht-reha-besser.de\/wp-content\/uploads\/2019\/01\/haende_kind-im-bett.jpg 1000w, https:\/\/mit-musik-geht-reha-besser.de\/wp-content\/uploads\/2019\/01\/haende_kind-im-bett-300x200.jpg 300w, https:\/\/mit-musik-geht-reha-besser.de\/wp-content\/uploads\/2019\/01\/haende_kind-im-bett-768x511.jpg 768w\" sizes=\"auto, (max-width: 114px) 100vw, 114px\" \/><\/figure><\/div>\n\n\n\n<p>\u6b64\u5916\uff0c\u97f3\u4e50\u80fd\u591f\u5f71\u54cd\u5927\u8111\u4e2d\u7684\u5956\u8d4f\u548c\u201e\u6109\u60a6\u4e2d\u67a2\u201c\uff08\u8179\u4fa7\u7eb9\u72b6\u4f53\uff09\uff0c\u5176\u4f5c\u7528\u7c7b\u4f3c\u4e8e\u5728\u8f7b\u677e\u6c1b\u56f4\u4e2d\u5145\u6ee1\u7231\u610f\u7684\u773c\u795e\u6216\u629a\u89e6\u3002\u5965\u5c14\u767b\u5821\u795e\u7ecf\u65e9\u671f\u5eb7\u590d\u79d1\u4e3b\u4efb\u533b\u5e08\u5b89\u5fb7\u70c8\u4e9a\u65af\u00b7\u9f50\u683c\u5c14\u535a\u58eb\u5199\u9053\uff1a\u201e\u97f3\u4e50\u663e\u7136\u4f1a\u5f71\u54cd\u6574\u4e2a\u5927\u8111\uff1a\u6fc0\u6d3b\u5e76\u8212\u7f13\u8111\u5e72\u4e2d\u7684\u7d27\u5f20\u7ed3\u6784\u3002\u201c\u201e\u97f3\u4e50\u4f1a\u5f71\u54cd\u5927\u8111\u7684\u4e24\u4e2a\u534a\u7403\uff1b\u53f3\u8111\u8d1f\u8d23\u5bf9\u58f0\u97f3\u3001\u97f3\u8c03\u3001\u529b\u5ea6\u548c\u8d1f\u9762\u60c5\u7eea\u505a\u51fa\u53cd\u5e94\uff0c\u800c\u5de6\u8111\u5219\u8d1f\u8d23\u5904\u7406\u5206\u6790\u548c\u7406\u6027\u529f\u80fd\uff0c\u4f8b\u5982\u65cb\u5f8b\u3001\u8282\u594f\u3001\u97f5\u5f8b\u3001\u97f3\u9ad8\u8bc6\u522b\u548c\u6b63\u9762\u60c5\u7eea\u3002\u201c <\/p>\n\n\n\n<p>\u5904\u4e8e\u690d\u7269\u4eba\u72b6\u6001\u7684\u4eba\u4f1a\u5bf9\u97f3\u4e50\u505a\u51fa\u53cd\u5e94\u3002\u97f3\u4e50\u6cbb\u7597\u5e08\u4f1a\u7559\u610f\u4ed6\u4eec\u6700\u7ec6\u5fae\u7684\u52a8\u4f5c\uff0c\u4f8b\u5982\u5480\u56bc\u548c\u5482\u5634\u7684\u52a8\u4f5c\u3001\u773c\u7751\u7684\u8fd0\u52a8\u3001\u76ee\u5149\u65b9\u5411\u7684\u53d8\u5316\u3001\u773c\u795e\u7684\u6ce8\u89c6\u3001\u547c\u5438\u7684\u53d8\u5316\uff08\u6df1\u5438\u6c14\u548c\u547c\u6c14\uff09\u3001\u8eab\u4f53\u7684\u653e\u677e\u6216\u7d27\u5f20\u3001\u5934\u90e8\u8f6c\u52a8\u4ee5\u53ca\u5176\u4ed6\u8eab\u4f53\u52a8\u4f5c\u3002\u8bf8\u5982\u9762\u90e8\u8868\u60c5\u7684\u53d8\u5316\u3001\u5fae\u7b11\u6216\u54ed\u6ce3\u7b49\u60c5\u7eea\u8ff9\u8c61\u4e5f\u8868\u660e\uff0c\u5904\u4e8e\u690d\u7269\u4eba\u72b6\u6001\u7684\u4eba\u786e\u5b9e\u80fd\u591f\u5bf9\u5468\u56f4\u73af\u5883\u505a\u51fa\u53cd\u5e94\uff0c\u5e76\u5c06\u97f3\u4e50\u89c6\u4e3a\u4e00\u79cd\u79ef\u6781\u7684\u3001\u5145\u6ee1\u751f\u547d\u529b\u7684\u3001\u4ee4\u4eba\u611f\u5230\u6170\u85c9\u7684\u652f\u6301\u65b9\u5f0f\u3002. <\/p>\n\n\n\n<p>\u97f3\u4e50\u7597\u6cd5\u5bf9\u4e8e\u5904\u4e8e\u690d\u7269\u4eba\u72b6\u6001\u7684\u4eba\u6765\u8bf4\u662f\u4e00\u9879\u91cd\u8981\u7684\u8865\u5145\uff0c\u56e0\u4e3a\u5b83\u80fd\u591f\u6ee1\u8db3\u548c\u611f\u77e5\u57fa\u672c\u7684\u4eba\u7c7b\u9700\u6c42\uff0c\u6539\u53d8\u548c\u6269\u5c55\u60c5\u611f\u4f53\u9a8c\uff0c\u5e76\u5e2e\u52a9\u514b\u670d\u7126\u8651\u548c\u521b\u4f24\u7ecf\u5386\u3002. <\/p>\n\n\n\n<p class=\"has-text-align-right\"><em>\u6765\u6e90\uff1aAndreas Zieger\uff0c\u300a\u97f3\u4e50\u4f5c\u4e3a\u65b0\u751f\u5a92\u4ecb\uff1a\u660f\u8ff7\u548c\u65e0\u610f\u8bc6\u7efc\u5408\u5f81\u60a3\u8005\u7684\u5e0c\u671b\u4e4b\u5149\u300b\u3002\u8f7d\u4e8e\uff1aNeander, K.-D.\uff08\u7f16\uff09\uff1a\u300a\u97f3\u4e50\u4e0e\u5173\u6000\u300b\u3002\u6155\u5c3c\u9ed1\uff1aUrban &amp; Fischer\u51fa\u7248\u793e\uff0c1999\u5e74\uff0c\u7b2c145-164\u9875\u3002.<\/em><\/p>\n\n\n\n<p class=\"has-text-align-right\"><a href=\"http:\/\/mit-musik-geht-reha-besser.de\/wp-content\/uploads\/2021\/04\/Musiktherapie-Anamnese-Wachkoma.pdf\" data-type=\"page\">\u97f3\u4e50\u7597\u6cd5\uff08\u65c1\u652f\u5386\u53f2\uff09<\/a> \u5728\u4e0b\u9762 <a href=\"http:\/\/mit-musik-geht-reha-besser.de\/zh\/zubehoer\/\" data-type=\"page\" data-id=\"336\">\u914d\u4ef6<\/a><\/p>","protected":false},"excerpt":{"rendered":"<p>von Karin B\u00f6seler Menschen im Koma (bzw. Wachkoma od. apallisches Syndrom) ben\u00f6tigen neben intensiver \u00e4rztlicher, pflegerischer, physio-, ergotherapeutischer und neuropsychologischer Betreuung und Versorgung eine besondere Zuwendung und Aufmerksamkeit. Sie brauchen einen intensiven zwischenmenschlichen Kontakt. Musiktherapeutische Angebote wie Singen, Summen oder Improvisation auf Musikinstrumenten sind eine M\u00f6glichkeit, Menschen im Wachkoma in nahen und intensiven Dialogen Geborgenheit, [&hellip;]<\/p>\n","protected":false},"author":1,"featured_media":0,"parent":0,"menu_order":3,"comment_status":"closed","ping_status":"closed","template":"","meta":{"footnotes":""},"class_list":["post-205","page","type-page","status-publish","hentry"],"_links":{"self":[{"href":"http:\/\/mit-musik-geht-reha-besser.de\/zh\/wp-json\/wp\/v2\/pages\/205","targetHints":{"allow":["GET"]}}],"collection":[{"href":"http:\/\/mit-musik-geht-reha-besser.de\/zh\/wp-json\/wp\/v2\/pages"}],"about":[{"href":"http:\/\/mit-musik-geht-reha-besser.de\/zh\/wp-json\/wp\/v2\/types\/page"}],"author":[{"embeddable":true,"href":"http:\/\/mit-musik-geht-reha-besser.de\/zh\/wp-json\/wp\/v2\/users\/1"}],"replies":[{"embeddable":true,"href":"http:\/\/mit-musik-geht-reha-besser.de\/zh\/wp-json\/wp\/v2\/comments?post=205"}],"version-history":[{"count":5,"href":"http:\/\/mit-musik-geht-reha-besser.de\/zh\/wp-json\/wp\/v2\/pages\/205\/revisions"}],"predecessor-version":[{"id":626,"href":"http:\/\/mit-musik-geht-reha-besser.de\/zh\/wp-json\/wp\/v2\/pages\/205\/revisions\/626"}],"wp:attachment":[{"href":"http:\/\/mit-musik-geht-reha-besser.de\/zh\/wp-json\/wp\/v2\/media?parent=205"}],"curies":[{"name":"wp","href":"https:\/\/api.w.org\/{rel}","templated":true}]}}