{"id":213,"date":"2019-01-19T15:35:18","date_gmt":"2019-01-19T15:35:18","guid":{"rendered":"http:\/\/mit-musik-geht-reha-besser.de\/?page_id=213"},"modified":"2025-07-03T18:25:22","modified_gmt":"2025-07-03T18:25:22","slug":"neurologische-musiktherapie-hirnleistungstraining","status":"publish","type":"page","link":"http:\/\/mit-musik-geht-reha-besser.de\/zh\/neurologische-musiktherapie-hirnleistungstraining\/","title":{"rendered":"NMT\u2122 \u2013 \u5927\u8111\u529f\u80fd\u8bad\u7ec3"},"content":{"rendered":"<p>\u672c\u8282\u4ecb\u7ecd\u6839\u636e Thaut \u7684\u7406\u8bba\uff0c\u7528\u4e8e\u8ba4\u77e5\u8bad\u7ec3\u7684\u795e\u7ecf\u97f3\u4e50\u7597\u6cd5\u7684\u6cbb\u7597\u6280\u672f\u3002.<\/p>\n\n\n\n<p>\u97f3\u4e50\u7597\u6cd5\u53ef\u4ee5\u6301\u7eed\u6709\u6548\u5730\u6539\u5584\u8ba4\u77e5\u529f\u80fd\u3002\u97f3\u4e50\u521b\u4f5c\u672c\u8eab\u5c31\u8574\u542b\u7740\u8ba4\u77e5\u80fd\u529b\u7684\u63d0\u5347\u3002\u8fd9\u4f7f\u5f97\u6211\u4eec\u53ef\u4ee5\u5f00\u53d1\u51fa\u9488\u5bf9\u611f\u77e5\u3001\u6ce8\u610f\u529b\u3001\u8bb0\u5fc6\u548c\u601d\u7ef4\u80fd\u529b\u7684\u7279\u5b9a\u97f3\u4e50\u7ec3\u4e60\u3002.<\/p>\n\n\n\n<h4 class=\"wp-block-heading\">\u97f3\u4e50\u6fc0\u6d3b\u89c9\u9192\u548c\u610f\u8bc6<\/h4>\n\n\n<div class=\"wp-block-image\">\n<figure class=\"alignright is-resized\"><img loading=\"lazy\" decoding=\"async\" width=\"200\" height=\"137\" src=\"http:\/\/mit-musik-geht-reha-besser.de\/wp-content\/uploads\/2019\/01\/Klangtherapie.jpg\" alt=\"\" class=\"wp-image-12\" style=\"width:131px;height:90px\"\/><\/figure>\n<\/div>\n\n\n<p>\u610f\u8bc6\u7684\u5b9a\u91cf\u969c\u788d\u662f <em>\u660f\u8ff7<\/em> \uff08\u65e0\u6cd5\u5524\u9192\uff09, <em>\u7761\u7720<\/em> \uff08\u5bf9\u75bc\u75db\u523a\u6fc0\u6709\u77ed\u6682\u53cd\u5e94\uff09\uff0c <em>\u55dc\u7761<\/em> \uff08\u88ab\u53eb\u9192\u540e\u53ef\u4ee5\u957f\u65f6\u95f4\u4fdd\u6301\u6e05\u9192\uff09\u3002\u6e05\u9192\u7684\u4eba\u53ef\u4ee5\u5728\u2026\u2026 <em>\u690d\u7269\u4eba\u72b6\u6001<\/em> \u5904\u4e8e\uff08\u6e05\u9192\u4f46\u65e0\u610f\u8bc6\u7684\u72b6\u6001\uff09 <em>\u6700\u4f4e\u54cd\u5e94\u72b6\u6001<\/em> \uff08\u90e8\u5206\u610f\u8bc6\u6e05\u9192\uff09\u6216\u901a\u8fc7 <em>\u5b8c\u5168\u610f\u8bc6<\/em> \u62e5\u6709\u3002\u6e05\u9192\u4e14\u6709\u610f\u8bc6\u7684\u4eba\u53ef\u4ee5\u53c2\u4e0e\u5176\u4e2d\u3002 <em>\u6025\u6027\u7cbe\u795e\u75c5\u7406\u7efc\u5408\u5f81<\/em> \u4ed6\u4eec\u60a3\u6709\u4e25\u91cd\u7684\u795e\u7ecf\u5fc3\u7406\u969c\u788d\uff0c\u5305\u62ec\u53cd\u5e94\u6781\u5ea6\u8fdf\u7f13\u3001\u6ce8\u610f\u529b\u4e0d\u96c6\u4e2d\u3001\u56fa\u7740\u4e8e\u7279\u5b9a\u73af\u5883\u523a\u6fc0\u3001\u5b9a\u5411\u969c\u788d\u3001\u65e5\u5e38\u8bb0\u5fc6\u529b\u4e27\u5931\u3001\u7f3a\u4e4f\u81ea\u4e3b\u53cd\u5e94\u3001\u7f3a\u4e4f\u75be\u75c5\u610f\u8bc6\uff08\u5931\u8ba4\u75c7\uff09\u3001\u7cbe\u795e\u8fd0\u52a8\u6027\u8e81\u52a8\u3001\u653b\u51fb\u6027\u6216\u51b7\u6f20\u3002\u5bf9\u4e8e\u8fd9\u4e9b\u75c5\u60c5\u4e25\u91cd\u7684\u60a3\u8005\uff0c\u97f3\u4e50\u611f\u89c9\u5b9a\u5411\u8bad\u7ec3\uff08MSOT\u2122\uff09\u63d0\u4f9b\u4e86\u4e00\u79cd\u521d\u6b65\u7684\u6cbb\u7597\u65b9\u6cd5\u3002. <br>\u5b83\u5305\u542b\u4e24\u90e8\u5206\uff1a<\/p>\n\n\n\n<p>\uff081\uff09\u76ee\u6807 <em>\u65e9\u671f\u97f3\u4e50\u542f\u8499<\/em> \u8fd9\u4e9b\u662f\u89c9\u9192\u3001\u610f\u8bc6\u3001\u5bf9\u8eab\u4f53\u3001\u7a7a\u95f4\u548c\u65f6\u95f4\u7684\u57fa\u672c\u5b9a\u5411\u4ee5\u53ca\u5bf9\u60c5\u5883\u7684\u521d\u6b65\u9002\u5f53\u53cd\u5e94\u7684\u5f00\u59cb\u3002.  <\/p>\n\n\n\n<p>\uff082\uff09\u5728\u6b64\u57fa\u7840\u4e0a\uff0c\u7b80\u5355 <em>\u79ef\u6781\u7684\u97f3\u4e50\u7ec3\u4e60<\/em> \u9f13\u52b1\u5b66\u751f\u4fdd\u6301\u4e13\u6ce8\uff0c\u6700\u521d\u9636\u6bb5\u65e0\u9700\u5728\u610f\u56de\u7b54\u662f\u5426\u51c6\u786e\u3002. <\/p>\n\n\n\n<h4 class=\"wp-block-heading\">\u97f3\u4e50\u611f\u77e5\u8bad\u7ec3<\/h4>\n\n\n\n<p>\u4e0e\u89c6\u89c9\u7cfb\u7edf\u76f8\u6bd4\uff0c\u5c3d\u7ba1\u542c\u89c9\u5728\u65e5\u5e38\u751f\u6d3b\u4e2d\u81f3\u5173\u91cd\u8981\uff0c\u4f46\u76ee\u524d\u9488\u5bf9\u542c\u89c9\u7cfb\u7edf\u7684\u795e\u7ecf\u5fc3\u7406\u5b66\u8bad\u7ec3\u65b9\u6cd5\u5374\u975e\u5e38\u6709\u9650\u3002\u97f3\u4e50\u7ec3\u4e60\u53ef\u4ee5\u6709\u6548\u6cbb\u7597\u542c\u89c9\u611f\u77e5\u65b9\u9762\u7684\u795e\u7ecf\u7cfb\u7edf\u75be\u75c5\u3002. <br>\u542c\u89c9\u611f\u77e5\u8bad\u7ec3<em>\u542c\u89c9\u611f\u77e5\u8bad\u7ec3<\/em><strong> \uff08APT\u2122\uff09<\/strong> \u7531\u4e24\u90e8\u5206\u7ec4\u6210\uff1a<\/p>\n\n\n<div class=\"wp-block-image is-resized\">\n<figure class=\"alignright size-full\"><img loading=\"lazy\" decoding=\"async\" width=\"640\" height=\"640\" src=\"https:\/\/mit-musik-geht-reha-besser.de\/wp-content\/uploads\/2025\/07\/thumbnail_IMG_5025.png\" alt=\"\" class=\"wp-image-1342\" style=\"width:179px;height:auto\" srcset=\"https:\/\/mit-musik-geht-reha-besser.de\/wp-content\/uploads\/2025\/07\/thumbnail_IMG_5025.png 640w, https:\/\/mit-musik-geht-reha-besser.de\/wp-content\/uploads\/2025\/07\/thumbnail_IMG_5025-300x300.png 300w, https:\/\/mit-musik-geht-reha-besser.de\/wp-content\/uploads\/2025\/07\/thumbnail_IMG_5025-150x150.png 150w, https:\/\/mit-musik-geht-reha-besser.de\/wp-content\/uploads\/2025\/07\/thumbnail_IMG_5025-12x12.png 12w\" sizes=\"auto, (max-width: 640px) 100vw, 640px\" \/><\/figure>\n<\/div>\n\n\n<p>\uff081\uff09\u5728 <em>\u542c\u89c9\u611f\u77e5\u8bad\u7ec3<\/em> \u7ec3\u4e60\u533a\u5206\u5404\u79cd\u58f0\u97f3\u6210\u5206\uff0c\u4f8b\u5982\u97f3\u9ad8\u3001\u65f6\u957f\u3001\u901f\u5ea6\u548c\u8282\u594f\u3002. <\/p>\n\n\n\n<p class=\"has-text-align-left\">\uff082\uff09\u5728 <em>\u611f\u89c9\u7edf\u5408<\/em> \u591a\u79cd\u611f\u5b98\u6a21\u5f0f\u76f8\u7ed3\u5408\uff1a\u8046\u542c\u97f3\u4e50\u65f6\uff0c\u7ed3\u5408\u611f\u89c9\uff08\u4f8b\u5982\u632f\u52a8\uff09\u3001\u8fd0\u52a8\uff08\u4f8b\u5982\u6447\u6643\uff09\u548c\u89c6\u89c9\uff08\u4f8b\u5982\u4e91\u6735\u7684\u542c\u89c9\u56fe\u50cf\uff09\u3002. <\/p>\n\n\n\n<h4 class=\"wp-block-heading\">\u97f3\u4e50\u5ffd\u89c6\u8bad\u7ec3<\/h4>\n\n\n\n<p>\u5728\u504f\u4fa7\u5ffd\u7565\u75c7\u4e2d\uff0c\u60a3\u8005\u5bf9\u8111\u635f\u4f24\u4fa7\u8eab\u4f53\u548c\u7a7a\u95f4\u7684\u611f\u77e5\u548c\u6ce8\u610f\u529b\u4f1a\u53d7\u635f\u3002\u504f\u4fa7\u5ffd\u7565\u75c7\u901a\u5e38\u662f\u591a\u6a21\u6001\u7684\uff0c\u8fd9\u610f\u5473\u7740\u60a3\u8005\u4f1a\u5ffd\u7565\u60a3\u4fa7\u7684\u89c6\u89c9\u3001\u542c\u89c9\u548c\u89e6\u89c9\u523a\u6fc0\uff0c\u548c\/\u6216\u60a3\u4fa7\u80a2\u4f53\u6d3b\u52a8\u51cf\u5c11\u3002\u89c6\u89c9\u3001\u542c\u89c9\u3001\u611f\u89c9\u548c\u8fd0\u52a8\u529f\u80fd\u901a\u5e38\u4fdd\u6301\u5b8c\u597d\u3002\u6cbb\u7597\u7684\u53e6\u4e00\u4e2a\u96be\u70b9\u5728\u4e8e\u60a3\u8005\u53ef\u80fd\u610f\u8bc6\u4e0d\u5230\u81ea\u5df1\u60a3\u6709\u8fd9\u79cd\u75be\u75c5\uff08\u5931\u8ba4\u75c7\uff09\u3002. <br><br> \u5728\u97f3\u4e50\u5ffd\u89c6\u8bad\u7ec3\uff08MNT\u2122\uff09\u4e2d\uff0c\u60a3\u8005\u5728\u79ef\u6781\u6f14\u594f\u4e50\u5668\u7684\u540c\u65f6\uff0c\u4f1a\u4e0d\u7531\u81ea\u4e3b\u5730\u5c06\u89c6\u89c9\u3001\u542c\u89c9\u3001\u8fd0\u52a8\u548c\u6ce8\u610f\u529b\u96c6\u4e2d\u5230\u88ab\u5ffd\u89c6\u7684\u4e00\u4fa7\u3002\u97f3\u4e50\u7ed3\u6784\u4ee5\u53ca\u4e50\u5668\u671d\u5411\u88ab\u5ffd\u89c6\u4e00\u4fa7\u7684\u7a7a\u95f4\u5e03\u5c40\u662f\u5b9e\u73b0\u8fd9\u4e00\u76ee\u6807\u7684\u7edd\u4f73\u5de5\u5177\u3002.<\/p>\n\n\n\n<h4 class=\"wp-block-heading\">\u97f3\u4e50\u6ce8\u610f\u529b\u8bad\u7ec3<\/h4>\n\n\n\n<p>\u6ce8\u610f\u529b\u795e\u7ecf\u7cfb\u7edf\u75be\u75c5\u4f1a\u5bfc\u81f4\u4e00\u822c\u53cd\u5e94\u65f6\u95f4\u7f29\u77ed\u3001\u53cd\u5e94\u901f\u5ea6\u51cf\u6162\u3001\u5de5\u4f5c\u65b9\u6cd5\u9519\u8bef\u3001\u6ce8\u610f\u529b\u5206\u914d\u53d7\u635f\u3001\u5bb9\u6613\u5206\u5fc3\u548c\u6301\u7eed\u6ce8\u610f\u529b\u4e0b\u964d\u3002.<\/p>\n\n\n<div class=\"wp-block-image\">\n<figure class=\"alignright size-large is-resized\"><img loading=\"lazy\" decoding=\"async\" width=\"1024\" height=\"768\" src=\"http:\/\/mit-musik-geht-reha-besser.de\/wp-content\/uploads\/2021\/02\/Foto4_Trommel-1024x768.jpg\" alt=\"\" class=\"wp-image-589\" style=\"width:174px;height:131px\" srcset=\"https:\/\/mit-musik-geht-reha-besser.de\/wp-content\/uploads\/2021\/02\/Foto4_Trommel-1024x768.jpg 1024w, https:\/\/mit-musik-geht-reha-besser.de\/wp-content\/uploads\/2021\/02\/Foto4_Trommel-300x225.jpg 300w, https:\/\/mit-musik-geht-reha-besser.de\/wp-content\/uploads\/2021\/02\/Foto4_Trommel-768x576.jpg 768w, https:\/\/mit-musik-geht-reha-besser.de\/wp-content\/uploads\/2021\/02\/Foto4_Trommel-1536x1152.jpg 1536w, https:\/\/mit-musik-geht-reha-besser.de\/wp-content\/uploads\/2021\/02\/Foto4_Trommel-2048x1536.jpg 2048w\" sizes=\"auto, (max-width: 1024px) 100vw, 1024px\" \/><\/figure>\n<\/div>\n\n\n<p>\u4f5c\u4e3a\u97f3\u4e50\u6ce8\u610f\u529b\u8bad\u7ec3\u7684\u4e00\u90e8\u5206\u2014\u2014 <em>\u97f3\u4e50\u6ce8\u610f\u529b\u63a7\u5236\u8bad\u7ec3<\/em><strong> <\/strong>\uff08MACT\u2122\uff09\u5f00\u53d1\u4e86\u7279\u5b9a\u7684\u97f3\u4e50\u5e72\u9884\u63aa\u65bd\uff0c\u4ee5\u4fc3\u8fdb\u6ce8\u610f\u529b\u7684\u5404\u4e2a\u7ec4\u6210\u90e8\u5206\uff1a <br> (1) <em>\u6301\u7eed\u5173\u6ce8<\/em> \u5b83\u662f\u901a\u8fc7\u5bf9\u4e0d\u65ad\u53d8\u5316\u7684\u97f3\u4e50\u523a\u6fc0\u7684\u4e00\u822c\u53cd\u5e94\u800c\u5f62\u6210\u7684\u3002. <br> (2) <em>\u9009\u62e9\u6027\u6ce8\u610f<\/em> \u4fc3\u8fdb\u4f5c\u7528\u7684\u65b9\u6cd5\u662f\uff1a\u5c06\u6ce8\u610f\u529b\u96c6\u4e2d\u4e8e\u7279\u5b9a\u7684\u97f3\u4e50\u523a\u6fc0\u4e0a\uff0c\u5bf9\u8be5\u523a\u6fc0\u505a\u51fa\u6709\u9488\u5bf9\u6027\u7684\u53cd\u5e94\uff0c\u5e76\u5c4f\u853d\u5176\u4ed6\u97f3\u4e50\u5e72\u6270\u3002. <br> (3) <em>\u4ea4\u66ff\u6ce8\u610f\u529b<\/em> \u901a\u8fc7\u5728\u4e24\u4e2a\u6216\u591a\u4e2a\u523a\u6fc0\u7269\u4e4b\u95f4\u5207\u6362\u6ce8\u610f\u529b\u6765\u4fc3\u8fdb\u3002. <br> (4) <em>\u5171\u540c\u5173\u6ce8<\/em> \u8bad\u7ec3\u65b9\u6cd5\u662f\u540c\u65f6\u5173\u6ce8\u591a\u4e2a\u97f3\u4e50\u523a\u6fc0\u5e76\u5bf9\u6bcf\u4e2a\u523a\u6fc0\u505a\u51fa\u7279\u5b9a\u53cd\u5e94\u3002.<\/p>\n\n\n\n<h4 class=\"wp-block-heading\"><strong>\u97f3\u4e50\u8bb0\u5fc6\u8bad\u7ec3<\/strong><\/h4>\n\n\n\n<p>\u8bb0\u5fc6\u4f5c\u4e3a\u4e00\u4e2a\u590d\u6742\u7684\u7cfb\u7edf\uff0c\u5305\u542b\u8bb8\u591a\u4e0d\u540c\u7684\u7ec4\u6210\u90e8\u5206\u3002\u8bb0\u5fc6\u969c\u788d\u4f1a\u5f71\u54cd\u8bed\u8a00\u5185\u5bb9\uff08\u4f8b\u5982\u6587\u672c\uff09\u548c\/\u6216\u7a7a\u95f4\u89c6\u89c9\u4fe1\u606f\uff08\u4f8b\u5982\u9762\u5b54\u3001\u8def\u7ebf\uff09\u3002\u5b83\u4eec\u53ef\u80fd\u6d89\u53ca\u4e2d\u6027\u4fe1\u606f\uff08\u4f8b\u5982\u65b0\u95fb\u62a5\u9053\uff09\u6216\u4e2a\u4eba\u7ecf\u5386\uff08\u4f8b\u5982\u5047\u671f\uff09\uff0c\u77ed\u671f\u6216\u957f\u671f\u4fe1\u606f\uff08\u4ece\u51e0\u5206\u949f\u5230\u51e0\u5e74\u4e0d\u7b49\uff09\uff0c\u4ee5\u53ca\u610f\u8bc6\u5185\u5bb9\uff08\u4f8b\u5982\u5bf9\u8bdd\u7ec6\u8282\uff09\u6216\u65e0\u610f\u8bc6\u7684\u5e38\u89c4\u884c\u4e3a\uff08\u4f8b\u5982\u52a8\u4f5c\u5e8f\u5217\uff09\u3002\u5728\u5b66\u4e60\u65b9\u9762\uff0c\u5bf9\u65b0\u4fe1\u606f\uff08\u4f8b\u5982\u8bcd\u6c47\uff09\u7684\u91cd\u590d\u8bb0\u5fc6\u80fd\u529b\u53ef\u80fd\u4f1a\u53d7\u635f\uff1b\u5728\u524d\u77bb\u6027\u8bb0\u5fc6\uff08\u5bf9\u672a\u6765\u7684\u8bb0\u5fc6\uff09\u65b9\u9762\uff0c\u5bf9\u7ea6\u4f1a\u548c\u534f\u8bae\u7684\u56de\u5fc6\u80fd\u529b\u53ef\u80fd\u4f1a\u53d7\u5230\u5f71\u54cd\u3002. <br>\u5728\u97f3\u4e50\u8bb0\u5fc6\u8bad\u7ec3\uff08MMT\u2122\uff09\u4e2d\uff0c\u97f3\u4e50\u523a\u6fc0\uff08\u6b4c\u66f2\u3001\u6613\u4e8e\u8bb0\u5fc6\u7684\u65cb\u5f8b\uff09\u4f5c\u4e3a\u8bb0\u5fc6\u6a21\u677f\uff0c\u975e\u97f3\u4e50\u8bb0\u5fc6\u4fe1\u606f\uff08\u4f8b\u5982\uff0c\u59d3\u540d\u3001\u65b9\u4f4d\u4fe1\u606f\uff09\u88ab\u6574\u5408\u5230\u8fd9\u4e9b\u6a21\u677f\u4e2d\u3002\u8bb0\u4f4f\u97f3\u4e50\u7ed3\u6784\u6709\u52a9\u4e8e\u63d0\u53d6\u975e\u97f3\u4e50\u8bb0\u5fc6\u4fe1\u606f\u3002.<br>\u5176\u4e2d\u4e00\u79cd\u65b9\u6cd5\u662f\u60c5\u7eea\u4f9d\u8d56\u578b\u8bb0\u5fc6\u8bad\u7ec3\u3002<em>\u2013 \u8054\u60f3\u60c5\u7eea\u548c\u8bb0\u5fc6\u8bad\u7ec3<\/em><strong> <\/strong>\uff08AMMT\u2122\uff09\uff0c\u5176\u4e2d\u8bb0\u5fc6\u4fe1\u606f\u4e0e\u97f3\u4e50\u5f15\u8d77\u7684\u60c5\u7eea\u76f8\u5173\u8054\uff0c\u4ece\u800c\u5c06\u5b66\u4e60\u5230\u7684\u4fe1\u606f\u4e0e\u60c5\u611f\u8282\u70b9\u8054\u7cfb\u8d77\u6765\u3002.<\/p>\n\n\n\n<h4 class=\"wp-block-heading\"><strong>\u97f3\u4e50\u7b56\u5212\u57f9\u8bad<\/strong><\/h4>\n\n\n<div class=\"wp-block-image\">\n<figure class=\"alignright is-resized\"><img loading=\"lazy\" decoding=\"async\" width=\"350\" height=\"233\" src=\"http:\/\/mit-musik-geht-reha-besser.de\/wp-content\/uploads\/2019\/01\/Chimes_handson.jpg\" alt=\"\" class=\"wp-image-18\" style=\"width:170px;height:113px\" srcset=\"https:\/\/mit-musik-geht-reha-besser.de\/wp-content\/uploads\/2019\/01\/Chimes_handson.jpg 350w, https:\/\/mit-musik-geht-reha-besser.de\/wp-content\/uploads\/2019\/01\/Chimes_handson-300x200.jpg 300w\" sizes=\"auto, (max-width: 350px) 100vw, 350px\" \/><\/figure>\n<\/div>\n\n\n<p>\u6267\u884c\u529f\u80fd\u6db5\u76d6\u4e86\u5728\u5b9e\u8df5\u3001\u8bed\u8a00\u548c\u8ba4\u77e5\u5c42\u9762\u4e0a\u7684\u8ba1\u5212\u3001\u6267\u884c\u3001\u63a7\u5236\u548c\u8bc4\u4f30\u3002\u5728\u6b64\u80cc\u666f\u4e0b\uff0c\u4eba\u7c7b\u8ba4\u77e5\u80fd\u529b\u7684\u6700\u9ad8\u5c42\u6b21\u88ab\u8ba4\u4e3a\u662f\u62bd\u8c61\u601d\u7ef4\u3002\u62bd\u8c61\u601d\u7ef4\u4f7f\u4eba\u80fd\u591f\u901a\u8fc7\u5f62\u6210\u5fc3\u7406\u6982\u5ff5\u6765\u8d85\u8d8a\u5177\u4f53\u4e8b\u7269\u3002\u56e0\u6b64\uff0c\u6267\u884c\u529f\u80fd\u969c\u788d\u5305\u62ec\u7f3a\u4e4f\u62bd\u8c61\u601d\u7ef4\u548c\u7075\u6d3b\u6027\u964d\u4f4e\u3001\u51b3\u7b56\u80fd\u529b\u53d7\u635f\u3001\u8ba1\u5212\u6267\u884c\u4e0d\u529b\u3001\u8fc7\u65e9\u91c7\u53d6\u975e\u9884\u671f\u884c\u52a8\u3001\u8fdd\u53cd\u89c4\u5219\u3001\u9519\u8bef\u63a7\u5236\u548c\u4ece\u9519\u8bef\u4e2d\u5b66\u4e60\u7684\u80fd\u529b\u4e0d\u8db3\u3001\u5bb9\u6613\u653e\u5f03\u3001\u4e3a\u95ee\u9898\u8fa9\u89e3\u4ee5\u53ca\u7f3a\u4e4f\u5bf9\u81ea\u8eab\u529f\u80fd\u969c\u788d\u7684\u8ba4\u77e5\u3002\u5728\u97f3\u4e50\u6267\u884c\u529f\u80fd\u8bad\u7ec3\uff08MEFT\u2122\uff09\u4e2d\uff0c\u6240\u6709\u8fd9\u4e9b\u8981\u7d20\u90fd\u53ef\u4ee5\u901a\u8fc7\u5c0f\u7ec4\u6216\u4e2a\u4eba\u7684\u97f3\u4e50\u7ec3\u4e60\u8fdb\u884c\u8bad\u7ec3\u3002\u5c0f\u7ec4\u6cbb\u7597\u5c24\u5176\u9002\u5408\u7ec3\u4e60\u4ee5\u76ee\u6807\u4e3a\u5bfc\u5411\u7684\u5bf9\u8bdd\u548c\u534f\u4f5c\u3002.<\/p>","protected":false},"excerpt":{"rendered":"<p>Hier werden Behandlungstechniken der Neurologischen Musiktherapie nach Thaut zum Kognitionstraining beschrieben. Die Rehabilitation kognitiver Funktionen kann durch musiktherapeutische Techniken nachhaltig verbessert werden. Kognitive Leistungen sind dem Musik machen immanent. Dies erm\u00f6glicht die Entwicklung von spezifischen musikalischen \u00dcbungen f\u00fcr Wahrnehmung, Aufmerksamkeit, Ged\u00e4chtnis und Denken. Musikalische Aktivierung von Wachheit und Bewusstsein Quantitative Bewusstseinsst\u00f6rungen sind Koma (nicht erweckbar), [&hellip;]<\/p>\n","protected":false},"author":1,"featured_media":0,"parent":0,"menu_order":4,"comment_status":"closed","ping_status":"closed","template":"","meta":{"footnotes":""},"class_list":["post-213","page","type-page","status-publish","hentry"],"_links":{"self":[{"href":"http:\/\/mit-musik-geht-reha-besser.de\/zh\/wp-json\/wp\/v2\/pages\/213","targetHints":{"allow":["GET"]}}],"collection":[{"href":"http:\/\/mit-musik-geht-reha-besser.de\/zh\/wp-json\/wp\/v2\/pages"}],"about":[{"href":"http:\/\/mit-musik-geht-reha-besser.de\/zh\/wp-json\/wp\/v2\/types\/page"}],"author":[{"embeddable":true,"href":"http:\/\/mit-musik-geht-reha-besser.de\/zh\/wp-json\/wp\/v2\/users\/1"}],"replies":[{"embeddable":true,"href":"http:\/\/mit-musik-geht-reha-besser.de\/zh\/wp-json\/wp\/v2\/comments?post=213"}],"version-history":[{"count":8,"href":"http:\/\/mit-musik-geht-reha-besser.de\/zh\/wp-json\/wp\/v2\/pages\/213\/revisions"}],"predecessor-version":[{"id":1345,"href":"http:\/\/mit-musik-geht-reha-besser.de\/zh\/wp-json\/wp\/v2\/pages\/213\/revisions\/1345"}],"wp:attachment":[{"href":"http:\/\/mit-musik-geht-reha-besser.de\/zh\/wp-json\/wp\/v2\/media?parent=213"}],"curies":[{"name":"wp","href":"https:\/\/api.w.org\/{rel}","templated":true}]}}