{"id":220,"date":"2019-01-19T15:43:33","date_gmt":"2019-01-19T15:43:33","guid":{"rendered":"http:\/\/mit-musik-geht-reha-besser.de\/?page_id=220"},"modified":"2026-01-07T15:37:25","modified_gmt":"2026-01-07T15:37:25","slug":"musiktherapeutische-psychotherapie","status":"publish","type":"page","link":"http:\/\/mit-musik-geht-reha-besser.de\/zh\/musiktherapeutische-psychotherapie\/","title":{"rendered":"\u97f3\u4e50\u5fc3\u7406\u7597\u6cd5"},"content":{"rendered":"<div class=\"wp-block-image\">\n<figure class=\"alignright is-resized\"><img loading=\"lazy\" decoding=\"async\" width=\"600\" height=\"371\" src=\"http:\/\/mit-musik-geht-reha-besser.de\/wp-content\/uploads\/2019\/01\/rahmentrommel.jpg\" alt=\"\" class=\"wp-image-66\" style=\"width:96px;height:59px\" srcset=\"https:\/\/mit-musik-geht-reha-besser.de\/wp-content\/uploads\/2019\/01\/rahmentrommel.jpg 600w, https:\/\/mit-musik-geht-reha-besser.de\/wp-content\/uploads\/2019\/01\/rahmentrommel-300x186.jpg 300w\" sizes=\"auto, (max-width: 600px) 100vw, 600px\" \/><\/figure>\n<\/div>\n\n\n<p>\u795e\u7ecf\u7cfb\u7edf\u75be\u75c5\u60a3\u8005\u5e38\u5e38\u627f\u53d7\u7740\u5de8\u5927\u7684\u5fc3\u7406\u538b\u529b\u3002\u8eab\u4efd\u8ba4\u540c\u3001\u6c9f\u901a\u80fd\u529b\u548c\u672a\u6765\u524d\u666f\u7b49\u91cd\u8981\u65b9\u9762\u7684\u4e27\u5931\u4f1a\u964d\u4f4e\u4ed6\u4eec\u5bf9\u751f\u6d3b\u8d28\u91cf\u7684\u611f\u77e5\u3002\u56e0\u6b64\uff0c\u4e0d\u4ec5\u8981\u5173\u6ce8\u8eab\u4f53\u548c\u529f\u80fd\u5eb7\u590d\u76ee\u6807\uff0c\u8fd8\u8981\u5173\u6ce8\u2026\u2026 <strong>\u5fc3\u7406\u73b0\u5b9e<\/strong> \u5c06\u60a3\u8005\u878d\u5165\u6cbb\u7597\u65b9\u6848\u4e2d\u3002\u97f3\u4e50\u7597\u6cd5\u7684\u5fc3\u7406\u6cbb\u7597\u65b9\u6cd5\u975e\u5e38\u9002\u5408\u8fd9\u4e00\u70b9\u3002\u5373\u4f7f\u5176\u4ed6\u6cbb\u7597\u65b9\u5f0f\u65e0\u6cd5\u5b9e\u65bd\uff0c\u97f3\u4e50\u7597\u6cd5\u4e5f\u80fd\u4fc3\u8fdb\u533b\u60a3\u4e4b\u95f4\u7684\u8054\u7cfb\u548c\u6c9f\u901a\u3002.<\/p>\n\n\n<div class=\"wp-block-image\">\n<figure class=\"alignleft is-resized\"><img loading=\"lazy\" decoding=\"async\" width=\"1000\" height=\"665\" src=\"http:\/\/mit-musik-geht-reha-besser.de\/wp-content\/uploads\/2019\/01\/frau_lautiert.jpg\" alt=\"\" class=\"wp-image-52\" style=\"width:99px;height:65px\" srcset=\"https:\/\/mit-musik-geht-reha-besser.de\/wp-content\/uploads\/2019\/01\/frau_lautiert.jpg 1000w, https:\/\/mit-musik-geht-reha-besser.de\/wp-content\/uploads\/2019\/01\/frau_lautiert-300x200.jpg 300w, https:\/\/mit-musik-geht-reha-besser.de\/wp-content\/uploads\/2019\/01\/frau_lautiert-768x511.jpg 768w\" sizes=\"auto, (max-width: 1000px) 100vw, 1000px\" \/><\/figure>\n<\/div>\n\n\n<p>\u5728\u97f3\u4e50\u5fc3\u7406\u6cbb\u7597\u4e2d\uff0c\u97f3\u4e50\u662f\u60c5\u611f\u8868\u8fbe\u7684\u5a92\u4ecb\u3002\u97f3\u4e50\u4f1a\u6839\u636e\u6bcf\u4e2a\u4eba\u7684\u7ecf\u5386\u548c\u5904\u5883\uff0c\u5524\u8d77\u4ed6\u4eec\u5404\u81ea\u7684\u60c5\u611f\u548c\u60c5\u7eea\u3002\u8fd9\u4e9b\u60c5\u611f\u548c\u60c5\u7eea\u6784\u6210\u4e86\u5fc3\u7406\u6cbb\u7597\u7684\u8d77\u70b9\uff0c\u5e76\u4e0e\u4e2a\u4f53\u7684\u5fc3\u7406\u72b6\u6001\u76f8\u8fde\u3002\u901a\u8fc7\u8fd9\u79cd\u65b9\u5f0f\uff0c\u7f3a\u5931\u4fe1\u606f\u8fd9\u4e00\u91cd\u8981\u8fc7\u7a0b\u5f97\u4ee5\u201e\u95f4\u63a5\u201c\u89e3\u51b3\u3002<strong>\n\u5e94\u5bf9\u75be\u75c5 <\/strong>\u5df2\u542f\u52a8\u3002.<\/p>\n\n\n<div class=\"wp-block-image\">\n<figure class=\"alignright is-resized\"><img loading=\"lazy\" decoding=\"async\" width=\"523\" height=\"600\" src=\"http:\/\/mit-musik-geht-reha-besser.de\/wp-content\/uploads\/2019\/01\/holzfloete.jpg\" alt=\"\" class=\"wp-image-59\" style=\"width:60px;height:69px\" srcset=\"https:\/\/mit-musik-geht-reha-besser.de\/wp-content\/uploads\/2019\/01\/holzfloete.jpg 523w, https:\/\/mit-musik-geht-reha-besser.de\/wp-content\/uploads\/2019\/01\/holzfloete-262x300.jpg 262w\" sizes=\"auto, (max-width: 523px) 100vw, 523px\" \/><\/figure>\n<\/div>\n\n\n<p>\u5728\u5fc3\u7406\u6cbb\u7597\u4e2d\uff0c\u56e2\u4f53\u97f3\u4e50\u6cbb\u7597\u4e5f\u5341\u5206\u91cd\u8981\u3002\u8bf8\u5982\u56e2\u4f53\u5668\u4e50\u5373\u5174\u6f14\u594f\u3001\u63a5\u53d7\u6027\u56e2\u4f53\u97f3\u4e50\u6cbb\u7597\u6216\u56e2\u4f53\u6b4c\u5531\u6cbb\u7597\u7b49\u65b9\u6cd5\uff0c\u53ef\u4ee5\u8ba9\u53c2\u4e0e\u8005\u5728\u975e\u8868\u6f14\u5bfc\u5411\u7684\u6c1b\u56f4\u4e2d\u63a2\u7d22\u81ea\u8eab\u5904\u5883\u3002.<\/p>","protected":false},"excerpt":{"rendered":"<p>Menschen mit neurologischen Erkrankungen stehen sind oft extremer seelischer Belastung ausgesetzt. Der Verlust wesentlicher Aspekte ihrer Identit\u00e4t, ihrer Kommunikation und ihrer Zukunftsperspektiven k\u00f6nnen die erlebte Lebensqualit\u00e4t mindern. Daher ist es sehr wichtig neben k\u00f6rperlich-funktionalen Rehazielen auch die seelische Lebensrealit\u00e4t der Patienten mit ins Behandlungskonzept zu integrieren. Daf\u00fcr sind die psychotherapeutischen Verfahren der Musiktherapie pr\u00e4destiniert. Sie [&hellip;]<\/p>\n","protected":false},"author":1,"featured_media":0,"parent":0,"menu_order":5,"comment_status":"closed","ping_status":"closed","template":"","meta":{"footnotes":""},"class_list":["post-220","page","type-page","status-publish","hentry"],"_links":{"self":[{"href":"http:\/\/mit-musik-geht-reha-besser.de\/zh\/wp-json\/wp\/v2\/pages\/220","targetHints":{"allow":["GET"]}}],"collection":[{"href":"http:\/\/mit-musik-geht-reha-besser.de\/zh\/wp-json\/wp\/v2\/pages"}],"about":[{"href":"http:\/\/mit-musik-geht-reha-besser.de\/zh\/wp-json\/wp\/v2\/types\/page"}],"author":[{"embeddable":true,"href":"http:\/\/mit-musik-geht-reha-besser.de\/zh\/wp-json\/wp\/v2\/users\/1"}],"replies":[{"embeddable":true,"href":"http:\/\/mit-musik-geht-reha-besser.de\/zh\/wp-json\/wp\/v2\/comments?post=220"}],"version-history":[{"count":6,"href":"http:\/\/mit-musik-geht-reha-besser.de\/zh\/wp-json\/wp\/v2\/pages\/220\/revisions"}],"predecessor-version":[{"id":1422,"href":"http:\/\/mit-musik-geht-reha-besser.de\/zh\/wp-json\/wp\/v2\/pages\/220\/revisions\/1422"}],"wp:attachment":[{"href":"http:\/\/mit-musik-geht-reha-besser.de\/zh\/wp-json\/wp\/v2\/media?parent=220"}],"curies":[{"name":"wp","href":"https:\/\/api.w.org\/{rel}","templated":true}]}}