{"id":1012,"date":"2023-03-24T14:57:17","date_gmt":"2023-03-24T14:57:17","guid":{"rendered":"http:\/\/mit-musik-geht-reha-besser.de\/?page_id=1012"},"modified":"2023-03-24T15:05:30","modified_gmt":"2023-03-24T15:05:30","slug":"singen-verbessert-stimme-und-atmung-bei-parkinson","status":"publish","type":"page","link":"https:\/\/mit-musik-geht-reha-besser.de\/en\/singen-verbessert-stimme-und-atmung-bei-parkinson\/","title":{"rendered":"Singing improves voice and breathing in Parkinson&#039;s disease"},"content":{"rendered":"\n<p><em>24-03-2023. <\/em>Das ideopathische Parkinsonsyndrom (iPS), auch <a href=\"http:\/\/mit-musik-geht-reha-besser.de\/parkinson\" data-type=\"page\" data-id=\"236\">Parkinsonkrankheit<\/a> genannt, ist die zweih\u00e4ufigste neurodegenerative Erkrankung. Neben den motorischen Symptomen ist die Sprechst\u00f6rung (Dysarthrie) ein weit verbreitetes Symptom. Die Stimme wird heiserer, leiser und verliert an Ausdruck und Sprechmelodie. Damit verbunden sind Einschr\u00e4nkungen in der Kommunikationsf\u00e4higkeit und der Lebensqualit\u00e4t. <\/p>\n\n\n<div class=\"wp-block-image\">\n<figure class=\"alignright size-full\"><img loading=\"lazy\" decoding=\"async\" width=\"300\" height=\"126\" src=\"http:\/\/mit-musik-geht-reha-besser.de\/wp-content\/uploads\/2019\/01\/cropped-TS_with-drum.jpg\" alt=\"\" class=\"wp-image-82\"\/><\/figure>\n<\/div>\n\n\n<p>Musik wirkt unmittelbar auf die durch das iPS gest\u00f6rte Motorik und spielt generell in der aktivierenden Therapie dieser Erkrankung eine gro\u00dfe Rolle. Singen ist schon l\u00e4nger als therapeutische Ma\u00dfnahme bei Dysarthrie bekannt. Der Rhythmus und der Takt sorgt dabei f\u00fcr eine bessere Stimmgebung und eine klarere Artikulation. Zudem hilft die Struktur mit Melodie und harmonischer Begleitung dabei, die Atmung zu vertiefen und koordinierter in Stimme umzusetzen. Beim Singen zu therapeutischen Zwecken geht es daher nicht um sch\u00f6ne T\u00f6ne oder eine saubere Intonation. Das Singen wirkt gewissenma\u00dfer aus sich heraus therapeutisch.<\/p>\n\n\n\n<p>In einer \u00dcbersichtsarbeit wurden nun systematisch alle bislang durch gef\u00fchrten Therapiestudie zum Singen bei Parkinson ausgewertet. Dabei wurden 12 klinische Verlaufsstudien gefunden und hinsichtlich der Therapieeffekte verglichen. Es fanden sich Hinweise auf m\u00f6gliche positive Effekte auf die Atem- und Stimmfunktion. Schlie\u00dflich haben die Autor.innen praktische Hinweise f\u00fcr das Singen mit Betroffenen des iPS zusammengetragen. Der Erstautor, Stefan Mainka ist ein erfahrener Musiktherapeut, der in der Parkinsonklinik Beelitz-Heilst\u00e4tten in Brandenburg bereits seit \u00fcber 20 Jahren mit diesen Patienten arbeitet. Yoon Irons, ebenfalls eine Musiktherapeutin, hat ihre Doktorarbeit zum therapeutischen Singen verfasst und lehrt und forscht an der University of Derby in England. <\/p>\n\n\n\n<p>Ein Schl\u00fcssel zu Singen als Therapie ist die richtige Tonlage, weil Parkinsonpatienten meist einen reduzierten Tonumfang haben. Hierf\u00fcr gibt es jetzt sogar ein Plugin f\u00fcr den Browser. Durch dieses Tool l\u00e4sst sich jeder Online-Musik-stream nicht nur in seinem Tempo, sondern auch in seiner Tonh\u00f6he ver\u00e4ndern und so den individuellen Bed\u00fcrfnissen anpassen. Das <a href=\"http:\/\/mit-musik-geht-reha-besser.de\/zubehoer\" data-type=\"page\" data-id=\"336\">Plugin hei\u00dft <em>Transpose<\/em><\/a> und wurde von Google f\u00fcr den Browser Chrome entwickelt. Mit seiner Hilfe wird der Computer \u00fcber YouTube zur Karaoke-maschine. Zudem gibt es verschiedene Apps f\u00fcr Karaoke (z.Bsp. SMULE), die das Singen unterst\u00fctzen k\u00f6nnen.<\/p>\n\n\n\n<p>.<\/p>\n\n\n\n<p class=\"has-text-align-right has-small-font-size\">Mainka, S, Irons JY (2022). Singen als therapeutische Intervention bei Menschen mit Parkinson. Ein systematisches Review. Musiktherapeutische Umschau 43;3: 210-223. <a rel=\"noreferrer noopener\" href=\"http:\/\/dx.doi.org\/10.13109\/muum.2022.43.3.210\" target=\"_blank\">http:\/\/dx.doi.org\/10.13109\/muum.2022.43.3.210<\/a><\/p>\n\n\n\n<p class=\"has-text-align-center\"><a href=\"http:\/\/mit-musik-geht-reha-besser.de\/nachrichten\">[Nachrichten im \u00dcberblick]<\/a><\/p>\n","protected":false},"excerpt":{"rendered":"<p>24-03-2023. Das ideopathische Parkinsonsyndrom (iPS), auch Parkinsonkrankheit genannt, ist die zweih\u00e4ufigste neurodegenerative Erkrankung. Neben den motorischen Symptomen ist die Sprechst\u00f6rung (Dysarthrie) ein weit verbreitetes Symptom. Die Stimme wird heiserer, leiser und verliert an Ausdruck und Sprechmelodie. Damit verbunden sind Einschr\u00e4nkungen in der Kommunikationsf\u00e4higkeit und der Lebensqualit\u00e4t. Musik wirkt unmittelbar auf die durch das iPS gest\u00f6rte [&hellip;]<\/p>\n","protected":false},"author":1,"featured_media":0,"parent":0,"menu_order":0,"comment_status":"closed","ping_status":"closed","template":"","meta":{"footnotes":""},"class_list":["post-1012","page","type-page","status-publish","hentry"],"_links":{"self":[{"href":"https:\/\/mit-musik-geht-reha-besser.de\/en\/wp-json\/wp\/v2\/pages\/1012","targetHints":{"allow":["GET"]}}],"collection":[{"href":"https:\/\/mit-musik-geht-reha-besser.de\/en\/wp-json\/wp\/v2\/pages"}],"about":[{"href":"https:\/\/mit-musik-geht-reha-besser.de\/en\/wp-json\/wp\/v2\/types\/page"}],"author":[{"embeddable":true,"href":"https:\/\/mit-musik-geht-reha-besser.de\/en\/wp-json\/wp\/v2\/users\/1"}],"replies":[{"embeddable":true,"href":"https:\/\/mit-musik-geht-reha-besser.de\/en\/wp-json\/wp\/v2\/comments?post=1012"}],"version-history":[{"count":3,"href":"https:\/\/mit-musik-geht-reha-besser.de\/en\/wp-json\/wp\/v2\/pages\/1012\/revisions"}],"predecessor-version":[{"id":1021,"href":"https:\/\/mit-musik-geht-reha-besser.de\/en\/wp-json\/wp\/v2\/pages\/1012\/revisions\/1021"}],"wp:attachment":[{"href":"https:\/\/mit-musik-geht-reha-besser.de\/en\/wp-json\/wp\/v2\/media?parent=1012"}],"curies":[{"name":"wp","href":"https:\/\/api.w.org\/{rel}","templated":true}]}}