{"id":1261,"date":"2024-06-25T09:39:01","date_gmt":"2024-06-25T09:39:01","guid":{"rendered":"https:\/\/mit-musik-geht-reha-besser.de\/?page_id=1261"},"modified":"2024-06-25T09:39:01","modified_gmt":"2024-06-25T09:39:01","slug":"musik-als-therapieempfehlung-bei-bewusstseinsstoerung","status":"publish","type":"page","link":"https:\/\/mit-musik-geht-reha-besser.de\/en\/musik-als-therapieempfehlung-bei-bewusstseinsstoerung\/","title":{"rendered":"Music as a therapeutic recommendation for impaired consciousness"},"content":{"rendered":"<p>After brain damage caused by a neurological disease, a stroke, a traumatic brain injury or as a result of tumor removal, serious disturbances of consciousness can occur. These are also known as a persistent vegetative state, <em>minimal responsive state <\/em>or <em>vegetative state<\/em> Those affected are usually awake, but do not react at all or only minimally to their environment, including being spoken to or receiving external sensory stimuli.<\/p>\n\n\n<div class=\"wp-block-image\">\n<figure class=\"alignright size-full is-resized\"><img loading=\"lazy\" decoding=\"async\" width=\"350\" height=\"263\" src=\"https:\/\/mit-musik-geht-reha-besser.de\/wp-content\/uploads\/2019\/01\/wachkoma.jpg\" alt=\"\" class=\"wp-image-6\" style=\"width:238px;height:auto\" srcset=\"https:\/\/mit-musik-geht-reha-besser.de\/wp-content\/uploads\/2019\/01\/wachkoma.jpg 350w, https:\/\/mit-musik-geht-reha-besser.de\/wp-content\/uploads\/2019\/01\/wachkoma-300x225.jpg 300w\" sizes=\"auto, (max-width: 350px) 100vw, 350px\" \/><\/figure>\n<\/div>\n\n\n<p>The treatment guidelines of the German Society of Neurology (DGN) now recommend a <a href=\"https:\/\/mit-musik-geht-reha-besser.de\/en\/wachkoma-2\/\" data-type=\"page\" data-id=\"205\">Treatment with music therapy<\/a>In this form of therapy, the therapist uses familiar sounds, the singing voice or biographically significant music. Music has a strong and often lasting effect on brain function. And it can improve the responsiveness of people with impaired consciousness and thus help to stimulate alertness and communication.<\/p>\n\n\n\n<p> Evaluated for the DGN guideline recommendation for 3 clinical studies. All three publications were of high scientific quality and demonstrate an improvement in interaction with the environment in response to music therapy. Therefore, the guideline recommendation is that the affected patients &quot;should&quot; receive music therapy. In the guidelines published by the Association for Scientific-Medical Research (AWMF), the recommendations are generally &quot;should&quot;, &quot;ought&quot; or &quot;can&quot;. A &quot;should&quot; recommendation means that the majority of patients should receive appropriate treatment.<\/p>\n\n\n\n<p>Brain researchers such as the German music neuroscientist Prof. Stefan Koelsch believe that music is special because it is able to address complex neuronal networks in the human brain. This not only awakens emotions and memories, but also simultaneously addresses mental processes such as movement or increased concentration.<\/p>\n\n\n\n<p>The guideline sees the advantages of music therapy treatment in that the therapy has few side effects and is comparatively easy to apply.<\/p>\n\n\n\n<p class=\"has-text-align-right has-small-font-size\"><a href=\"https:\/\/register.awmf.org\/de\/leitlinien\/detail\/080-006\" data-type=\"link\" data-id=\"https:\/\/register.awmf.org\/de\/leitlinien\/detail\/080-006\" target=\"_blank\" rel=\"noreferrer noopener\">Andreas Bender et al. (2022). S3-LL Neurological rehabilitation in coma and severe impaired consciousness in adults. In: GERMAN SOCIETY FOR NEUROREHABILITATION EV (DGNR) (ed.), Guidelines for neurorehabilitation. Edition 2022 \/ 23.12.2022<\/a><\/p>\n\n\n\n<p class=\"has-text-align-right has-small-font-size\">Stefan Koelsch (2019). Good Vibrations. The healing power of music. Ullstein Verlag<\/p>\n\n\n\n<ol class=\"wp-block-list\"><\/ol>","protected":false},"excerpt":{"rendered":"<p>Nach Hirnsch\u00e4digung durch eine neurologische Erkrankung, einen Schlaganfall, ein Sch\u00e4delhirntrauma oder als Folge einer Tumorentfernung k\u00f6nnen schwerwiegende St\u00f6rungen des Bewusstseins auftreten. Diese werden auch als Wachkoma, minimal responsive state oder vegetative state bezeichnet. Die Betroffenen sind zumeist wach, reagieren jedoch gar nicht oder nur minimal auf ihre Umwelt, inklusive Ansprache oder sensorische Reize von au\u00dfen. [&hellip;]<\/p>\n","protected":false},"author":1,"featured_media":0,"parent":0,"menu_order":0,"comment_status":"closed","ping_status":"closed","template":"","meta":{"footnotes":""},"class_list":["post-1261","page","type-page","status-publish","hentry"],"_links":{"self":[{"href":"https:\/\/mit-musik-geht-reha-besser.de\/en\/wp-json\/wp\/v2\/pages\/1261","targetHints":{"allow":["GET"]}}],"collection":[{"href":"https:\/\/mit-musik-geht-reha-besser.de\/en\/wp-json\/wp\/v2\/pages"}],"about":[{"href":"https:\/\/mit-musik-geht-reha-besser.de\/en\/wp-json\/wp\/v2\/types\/page"}],"author":[{"embeddable":true,"href":"https:\/\/mit-musik-geht-reha-besser.de\/en\/wp-json\/wp\/v2\/users\/1"}],"replies":[{"embeddable":true,"href":"https:\/\/mit-musik-geht-reha-besser.de\/en\/wp-json\/wp\/v2\/comments?post=1261"}],"version-history":[{"count":1,"href":"https:\/\/mit-musik-geht-reha-besser.de\/en\/wp-json\/wp\/v2\/pages\/1261\/revisions"}],"predecessor-version":[{"id":1262,"href":"https:\/\/mit-musik-geht-reha-besser.de\/en\/wp-json\/wp\/v2\/pages\/1261\/revisions\/1262"}],"wp:attachment":[{"href":"https:\/\/mit-musik-geht-reha-besser.de\/en\/wp-json\/wp\/v2\/media?parent=1261"}],"curies":[{"name":"wp","href":"https:\/\/api.w.org\/{rel}","templated":true}]}}