{"id":143,"date":"2019-01-16T18:03:32","date_gmt":"2019-01-16T18:03:32","guid":{"rendered":"http:\/\/mit-musik-geht-reha-besser.de\/?page_id=143"},"modified":"2026-04-22T11:58:52","modified_gmt":"2026-04-22T11:58:52","slug":"startseite","status":"publish","type":"page","link":"https:\/\/mit-musik-geht-reha-besser.de\/en\/","title":{"rendered":"Welcome"},"content":{"rendered":"<div class=\"wp-block-image\">\n<figure class=\"alignright is-resized\"><img loading=\"lazy\" decoding=\"async\" width=\"300\" height=\"450\" src=\"http:\/\/mit-musik-geht-reha-besser.de\/wp-content\/uploads\/2019\/01\/TS_with-drum.jpg\" alt=\"\" class=\"wp-image-5\" style=\"width:97px;height:146px\" srcset=\"https:\/\/mit-musik-geht-reha-besser.de\/wp-content\/uploads\/2019\/01\/TS_with-drum.jpg 300w, https:\/\/mit-musik-geht-reha-besser.de\/wp-content\/uploads\/2019\/01\/TS_with-drum-200x300.jpg 200w\" sizes=\"auto, (max-width: 300px) 100vw, 300px\" \/><\/figure>\n<\/div>\n\n\n<p class=\"has-text-align-center\"><\/p>\n\n\n\n<p>On this website you will find information about music therapy in neurological, geriatric and orthopedic rehabilitation. <\/p>\n\n\n<div class=\"wp-block-image\">\n<figure class=\"alignleft is-resized\"><img loading=\"lazy\" decoding=\"async\" width=\"640\" height=\"480\" src=\"http:\/\/mit-musik-geht-reha-besser.de\/wp-content\/uploads\/2019\/01\/fm_training.jpg\" alt=\"\" class=\"wp-image-15\" style=\"width:72px;height:54px\" srcset=\"https:\/\/mit-musik-geht-reha-besser.de\/wp-content\/uploads\/2019\/01\/fm_training.jpg 640w, https:\/\/mit-musik-geht-reha-besser.de\/wp-content\/uploads\/2019\/01\/fm_training-300x225.jpg 300w\" sizes=\"auto, (max-width: 640px) 100vw, 640px\" \/><\/figure>\n<\/div>\n\n\n<p>Music therapy for neurological, geriatric and orthopedic patients (<a href=\"http:\/\/mit-musik-geht-reha-besser.de\/en\/stroke\/\">Stroke<\/a>, <a href=\"http:\/\/mit-musik-geht-reha-besser.de\/en\/parkinson\/\">Parkinson&#039;s<\/a>, <a href=\"http:\/\/mit-musik-geht-reha-besser.de\/en\/wachkoma-2\/\">Vegetative state<\/a>, <a href=\"http:\/\/mit-musik-geht-reha-besser.de\/en\/sht\/\">Traumatic brain injury<\/a> etc.) offers a variety of effective applications in the areas of <a href=\"http:\/\/mit-musik-geht-reha-besser.de\/en\/neurologische-musiktherapie-motoriktraining\/\">sensorimotor<\/a>, <a href=\"http:\/\/mit-musik-geht-reha-besser.de\/en\/aphasie\/\">language specific<\/a>, <a href=\"http:\/\/mit-musik-geht-reha-besser.de\/en\/neurologische-musiktherapie-hirnleistungstraining\/\">cognitive<\/a> and <a href=\"http:\/\/mit-musik-geht-reha-besser.de\/en\/musiktherapeutische-psychotherapie\/\">psychological<\/a> Therapy. In particular, active music-making stimulates diverse neural networks. This can improve motor functions, such as hand and finger mobility or walking, as well as language skills such as speech production and comprehension (in cases of...). <a href=\"https:\/\/mit-musik-geht-reha-besser.de\/en\/aphasie\/\" data-type=\"page\" data-id=\"216\">Aphasia<\/a>) and improve cognitive abilities such as attention, action planning, auditory perception, and sensory integration. <\/p>\n\n\n\n<p>In music therapy, targeted music-related activities are developed that build on basic musical skills such as rhythmic movement, melodic vocalization, or emotional affinity for music.<\/p>\n\n\n<div class=\"wp-block-image\">\n<figure class=\"alignright is-resized\"><img loading=\"lazy\" decoding=\"async\" width=\"500\" height=\"667\" src=\"http:\/\/mit-musik-geht-reha-besser.de\/wp-content\/uploads\/2019\/01\/klavier-mit-therapeutin.jpg\" alt=\"\" class=\"wp-image-10\" style=\"width:90px;height:120px\" srcset=\"https:\/\/mit-musik-geht-reha-besser.de\/wp-content\/uploads\/2019\/01\/klavier-mit-therapeutin.jpg 500w, https:\/\/mit-musik-geht-reha-besser.de\/wp-content\/uploads\/2019\/01\/klavier-mit-therapeutin-225x300.jpg 225w\" sizes=\"auto, (max-width: 500px) 100vw, 500px\" \/><\/figure>\n<\/div>\n\n\n<p>Under <a href=\"http:\/\/mit-musik-geht-reha-besser.de\/en\/musik\/\">Music<\/a> Here you will find specially curated music downloads for motor therapy and relaxation exercises. <a href=\"https:\/\/mit-musik-geht-reha-besser.de\/en\/musik\/\" data-type=\"page\" data-id=\"90\">Playlist<\/a> for therapeutic gait training and emotional-motivational activation.<\/p>\n\n\n\n<p>In the category <a href=\"http:\/\/mit-musik-geht-reha-besser.de\/en\/nachrichten\/\">news<\/a> you will find articles from research as well as current reports on the topic of rehabilitative music therapy.<\/p>\n\n\n<div class=\"wp-block-image\">\n<figure class=\"alignleft size-large is-resized\"><img loading=\"lazy\" decoding=\"async\" width=\"1024\" height=\"1024\" src=\"http:\/\/mit-musik-geht-reha-besser.de\/wp-content\/uploads\/2022\/11\/Schluck-Wecker-mp3-image-1024x1024.png\" alt=\"\" class=\"wp-image-817\" style=\"width:58px;height:58px\" srcset=\"https:\/\/mit-musik-geht-reha-besser.de\/wp-content\/uploads\/2022\/11\/Schluck-Wecker-mp3-image-1024x1024.png 1024w, https:\/\/mit-musik-geht-reha-besser.de\/wp-content\/uploads\/2022\/11\/Schluck-Wecker-mp3-image-300x300.png 300w, https:\/\/mit-musik-geht-reha-besser.de\/wp-content\/uploads\/2022\/11\/Schluck-Wecker-mp3-image-150x150.png 150w, https:\/\/mit-musik-geht-reha-besser.de\/wp-content\/uploads\/2022\/11\/Schluck-Wecker-mp3-image-768x768.png 768w, https:\/\/mit-musik-geht-reha-besser.de\/wp-content\/uploads\/2022\/11\/Schluck-Wecker-mp3-image-1536x1536.png 1536w, https:\/\/mit-musik-geht-reha-besser.de\/wp-content\/uploads\/2022\/11\/Schluck-Wecker-mp3-image-12x12.png 12w, https:\/\/mit-musik-geht-reha-besser.de\/wp-content\/uploads\/2022\/11\/Schluck-Wecker-mp3-image.png 1944w\" sizes=\"auto, (max-width: 1024px) 100vw, 1024px\" \/><\/figure>\n<\/div>\n\n\n<p>Under <a href=\"http:\/\/mit-musik-geht-reha-besser.de\/en\/zubehoer\/\" data-type=\"page\" data-id=\"336\">equipment<\/a> aids and materials for rehabilitative music therapy are listed, such as the <a href=\"http:\/\/mit-musik-geht-reha-besser.de\/en\/schluck-wecker\/\" data-type=\"page\" data-id=\"814\">Swallow Ringer<\/a>. This was developed for the therapeutic support of people with swallowing disorders (dysphagia).<\/p>\n\n\n\n\n\n<p><\/p>","protected":false},"excerpt":{"rendered":"<p>Auf dieser Internetseite finden Sie Informationen \u00fcber Musiktherapie in der neurologischen, geriatrischen und orthop\u00e4dischen Rehabilitation. Musiktherapie f\u00fcr neurologische, geriatrische und orthop\u00e4dische Patienten (Schlaganfall, Parkinson, Wachkoma, Sch\u00e4delhirntrauma usw.) bietet eine Vielzahl wirksamer Anwendungsm\u00f6glichkeiten in den Bereichen sensomotorischer, sprachlicher, kognitiver und psychologischer Therapie. Insbesondere das aktive Musizieren regt vielf\u00e4ltige neuronale Netzwerke an. Dadurch lassen sich motorische Funktionen, [&hellip;]<\/p>\n","protected":false},"author":1,"featured_media":0,"parent":0,"menu_order":0,"comment_status":"closed","ping_status":"closed","template":"","meta":{"footnotes":""},"class_list":["post-143","page","type-page","status-publish","hentry"],"_links":{"self":[{"href":"https:\/\/mit-musik-geht-reha-besser.de\/en\/wp-json\/wp\/v2\/pages\/143","targetHints":{"allow":["GET"]}}],"collection":[{"href":"https:\/\/mit-musik-geht-reha-besser.de\/en\/wp-json\/wp\/v2\/pages"}],"about":[{"href":"https:\/\/mit-musik-geht-reha-besser.de\/en\/wp-json\/wp\/v2\/types\/page"}],"author":[{"embeddable":true,"href":"https:\/\/mit-musik-geht-reha-besser.de\/en\/wp-json\/wp\/v2\/users\/1"}],"replies":[{"embeddable":true,"href":"https:\/\/mit-musik-geht-reha-besser.de\/en\/wp-json\/wp\/v2\/comments?post=143"}],"version-history":[{"count":17,"href":"https:\/\/mit-musik-geht-reha-besser.de\/en\/wp-json\/wp\/v2\/pages\/143\/revisions"}],"predecessor-version":[{"id":1436,"href":"https:\/\/mit-musik-geht-reha-besser.de\/en\/wp-json\/wp\/v2\/pages\/143\/revisions\/1436"}],"wp:attachment":[{"href":"https:\/\/mit-musik-geht-reha-besser.de\/en\/wp-json\/wp\/v2\/media?parent=143"}],"curies":[{"name":"wp","href":"https:\/\/api.w.org\/{rel}","templated":true}]}}