{"id":173,"date":"2019-01-19T14:16:05","date_gmt":"2019-01-19T14:16:05","guid":{"rendered":"http:\/\/mit-musik-geht-reha-besser.de\/?page_id=173"},"modified":"2025-07-31T18:53:57","modified_gmt":"2025-07-31T18:53:57","slug":"impressum","status":"publish","type":"page","link":"https:\/\/mit-musik-geht-reha-besser.de\/en\/impressum\/","title":{"rendered":"imprint"},"content":{"rendered":"<figure class=\"wp-block-table aligncenter is-style-stripes\"><table><tbody><tr><td>Operator, implementation, web design:               <\/td><td>                                                                                                         <a href=\"http:\/\/mit-musik-geht-reha-besser.de\/en\/stefan-mainka\/\">Dr. Stefan Mainka<\/a>            <br>                                                                                             Hans Grade Ring 13<br> 14480 Potsdam <br> GERMANY   <br>frage@mit-musik-geht-reha-besser.de            <\/td><\/tr><tr><td>Authors:<\/td><td>dr phil. Stefan Mainka, Karin B\u00f6seler (vegetative state), Stephan Koslik (cranial brain trauma), Stefanie B\u00f6ttger (NMT brain performance), Dr.phil. Matthias Gr\u00fcn (news), Kathrin Mertel (news), Monika Platten, Elke Rohde (news), Selma Gros (news)<\/td><\/tr><tr><td>Consultation: <\/td><td>Monika Baumann <\/td><\/tr><tr><td>Photos:<\/td><td>Karin B\u00f6seler, Stefan Mainka, generated with MS Copilot<\/td><\/tr><tr><td><strong>Notice of liability <\/strong><\/td><td>\n              \n              \n              \n              \n              \n              \n              Despite careful control of the content, we assume no liability for the content of external links. The operators of the linked pages are solely responsible for their content.\n\n\n\n\n\n\n\n              <\/td><\/tr><tr><td><strong>Ownership notice<\/strong><\/td><td>All photos, graphics and MP3 files used may not be used for commercial purposes or published in any other way.<\/td><\/tr><\/tbody><\/table><\/figure>","protected":false},"excerpt":{"rendered":"<p>Betreiber,&nbsp;Umsetzung, Webdesign: Dr. Stefan Mainka Hans-Grade-Ring 13 14480 Potsdam DEUTSCHLAND frage@mit-musik-geht-reha-besser.de Autoren: Dr. phil. Stefan Mainka, Karin B\u00f6seler (Wachkoma), Stephan Koslik (Sch\u00e4delhirntrauma), Stefanie B\u00f6ttger (NMT-Hirnleistung), Dr.phil. Matthias Gr\u00fcn (Nachrichten), Kathrin Mertel (Nachrichten), Monika Platten, Elke Rohde (Nachrichten), Selma Gros (Nachrichten) Beratung: Monika Baumann Fotos: Karin B\u00f6seler, Stefan Mainka, generiert mit MS Copilot Haftungshinweis Trotz sorgf\u00e4ltiger [&hellip;]<\/p>\n","protected":false},"author":1,"featured_media":0,"parent":0,"menu_order":1,"comment_status":"closed","ping_status":"closed","template":"","meta":{"footnotes":""},"class_list":["post-173","page","type-page","status-publish","hentry"],"_links":{"self":[{"href":"https:\/\/mit-musik-geht-reha-besser.de\/en\/wp-json\/wp\/v2\/pages\/173","targetHints":{"allow":["GET"]}}],"collection":[{"href":"https:\/\/mit-musik-geht-reha-besser.de\/en\/wp-json\/wp\/v2\/pages"}],"about":[{"href":"https:\/\/mit-musik-geht-reha-besser.de\/en\/wp-json\/wp\/v2\/types\/page"}],"author":[{"embeddable":true,"href":"https:\/\/mit-musik-geht-reha-besser.de\/en\/wp-json\/wp\/v2\/users\/1"}],"replies":[{"embeddable":true,"href":"https:\/\/mit-musik-geht-reha-besser.de\/en\/wp-json\/wp\/v2\/comments?post=173"}],"version-history":[{"count":10,"href":"https:\/\/mit-musik-geht-reha-besser.de\/en\/wp-json\/wp\/v2\/pages\/173\/revisions"}],"predecessor-version":[{"id":1363,"href":"https:\/\/mit-musik-geht-reha-besser.de\/en\/wp-json\/wp\/v2\/pages\/173\/revisions\/1363"}],"wp:attachment":[{"href":"https:\/\/mit-musik-geht-reha-besser.de\/en\/wp-json\/wp\/v2\/media?parent=173"}],"curies":[{"name":"wp","href":"https:\/\/api.w.org\/{rel}","templated":true}]}}