{"id":213,"date":"2019-01-19T15:35:18","date_gmt":"2019-01-19T15:35:18","guid":{"rendered":"http:\/\/mit-musik-geht-reha-besser.de\/?page_id=213"},"modified":"2025-07-03T18:25:22","modified_gmt":"2025-07-03T18:25:22","slug":"neurologische-musiktherapie-hirnleistungstraining","status":"publish","type":"page","link":"https:\/\/mit-musik-geht-reha-besser.de\/en\/neurologische-musiktherapie-hirnleistungstraining\/","title":{"rendered":"NMT\u2122 \u2013 Brain Performance Training"},"content":{"rendered":"<p>Treatment techniques of neurological music therapy according to Thaut for cognitive training are described here.<\/p>\n\n\n\n<p>The rehabilitation of cognitive functions can be sustainably improved through music therapy techniques. Cognitive performance is inherent in making music. This enables the development of specific musical exercises for perception, attention, memory and thinking.<\/p>\n\n\n\n<h4 class=\"wp-block-heading\">Musical activation of alertness and awareness<\/h4>\n\n\n<div class=\"wp-block-image\">\n<figure class=\"alignright is-resized\"><img loading=\"lazy\" decoding=\"async\" width=\"200\" height=\"137\" src=\"http:\/\/mit-musik-geht-reha-besser.de\/wp-content\/uploads\/2019\/01\/Klangtherapie.jpg\" alt=\"\" class=\"wp-image-12\" style=\"width:131px;height:90px\"\/><\/figure>\n<\/div>\n\n\n<p>Quantitative consciousness disorders are <em>coma<\/em> (not awakenable), <em>Sopor<\/em> (can be briefly awakened to pain stimulus), and <em>Somnolence<\/em> (can be awakened for a longer period of time upon contact). Awake people can be in one <em>vegetative status<\/em> (alertness without consciousness), in one <em>minimally responsive status<\/em> (Wakefulness with partial consciousness) or over <em>complete awareness<\/em> feature. Awake and conscious people can in one <em>acute psychosyndrome<\/em> suffer from severe neuropsychological disorders. These include extreme slowness, lack of attentional focus, fixation on individual environmental stimuli, disorientation, lack of day-to-day memory, lack of voluntary reactions, lack of awareness of illness (anosognosia), psychomotor restlessness, aggressiveness, or apathy. For these severely affected patients, Musical Sensory Orientation Training (MSOT\u2122) offers an initial therapeutic approach. <br>It contains two parts:<\/p>\n\n\n\n<p>(1) Goals of <em>early musical stimulation<\/em> are the initiation of wakefulness, awareness, basic orientation to body, space and time as well as initial reactions appropriate to the situation.  <\/p>\n\n\n\n<p>(2) Building on that with simple <em>active musical exercises<\/em> Continued attention is encouraged, regardless of the correctness of the reactions. <\/p>\n\n\n\n<h4 class=\"wp-block-heading\">Musical perception training<\/h4>\n\n\n\n<p>In contrast to the visual system, there are hardly any neuropsychological exercise methods for the hearing system, despite the high importance in everyday life. With musical exercises, neurological disorders of auditory perception can be treated well. <br>The auditory perception training<em>- Auditory perception training<\/em><strong> (APT\u2122)<\/strong> comprises two parts:<\/p>\n\n\n<div class=\"wp-block-image is-resized\">\n<figure class=\"alignright size-full\"><img loading=\"lazy\" decoding=\"async\" width=\"640\" height=\"640\" src=\"https:\/\/mit-musik-geht-reha-besser.de\/wp-content\/uploads\/2025\/07\/thumbnail_IMG_5025.png\" alt=\"\" class=\"wp-image-1342\" style=\"width:179px;height:auto\" srcset=\"https:\/\/mit-musik-geht-reha-besser.de\/wp-content\/uploads\/2025\/07\/thumbnail_IMG_5025.png 640w, https:\/\/mit-musik-geht-reha-besser.de\/wp-content\/uploads\/2025\/07\/thumbnail_IMG_5025-300x300.png 300w, https:\/\/mit-musik-geht-reha-besser.de\/wp-content\/uploads\/2025\/07\/thumbnail_IMG_5025-150x150.png 150w, https:\/\/mit-musik-geht-reha-besser.de\/wp-content\/uploads\/2025\/07\/thumbnail_IMG_5025-12x12.png 12w\" sizes=\"auto, (max-width: 640px) 100vw, 640px\" \/><\/figure>\n<\/div>\n\n\n<p>(1) In <em>auditory perception training<\/em> the distinction between different sound components is practiced, e.g. pitch, duration, tempo and rhythm. <\/p>\n\n\n\n<p class=\"has-text-align-left\">(2) At the <em>sensory integration<\/em> different sensory modalities are combined: listening to music with sensation (e.g. vibration), with movement (e.g. weighing) and with seeing (setting images, e.g. clouds). <\/p>\n\n\n\n<h4 class=\"wp-block-heading\">Musical neglect training<\/h4>\n\n\n\n<p>With a neglect, perception and attention to the area of the body and body opposite the brain damage are impaired. A neglect is usually multimodal, ie the patients neglect visual, acoustic and tactile stimuli on the affected side and \/ or move the limbs on this side too little. Seeing, hearing, sensitivity and movement are basically preserved. A further complication for the therapy is that the patient is not aware of the disorder (anosognosia). <br><br> In Musical Neglect Training (MNT\u2122), patients involuntarily direct their vision, hearing, movement, and attention toward the neglected side while actively playing an instrument. Musical structures and the spatial arrangement of the instruments toward the neglected side are excellent tools for this.<\/p>\n\n\n\n<h4 class=\"wp-block-heading\">Musical attention training<\/h4>\n\n\n\n<p>Neurological disturbances in attention lead to a reduction in general responsiveness, slowing down, incorrect working methods, impaired attention sharing, distractibility and reduced permanent attention.<\/p>\n\n\n<div class=\"wp-block-image\">\n<figure class=\"alignright size-large is-resized\"><img loading=\"lazy\" decoding=\"async\" width=\"1024\" height=\"768\" src=\"http:\/\/mit-musik-geht-reha-besser.de\/wp-content\/uploads\/2021\/02\/Foto4_Trommel-1024x768.jpg\" alt=\"\" class=\"wp-image-589\" style=\"width:174px;height:131px\" srcset=\"https:\/\/mit-musik-geht-reha-besser.de\/wp-content\/uploads\/2021\/02\/Foto4_Trommel-1024x768.jpg 1024w, https:\/\/mit-musik-geht-reha-besser.de\/wp-content\/uploads\/2021\/02\/Foto4_Trommel-300x225.jpg 300w, https:\/\/mit-musik-geht-reha-besser.de\/wp-content\/uploads\/2021\/02\/Foto4_Trommel-768x576.jpg 768w, https:\/\/mit-musik-geht-reha-besser.de\/wp-content\/uploads\/2021\/02\/Foto4_Trommel-1536x1152.jpg 1536w, https:\/\/mit-musik-geht-reha-besser.de\/wp-content\/uploads\/2021\/02\/Foto4_Trommel-2048x1536.jpg 2048w\" sizes=\"auto, (max-width: 1024px) 100vw, 1024px\" \/><\/figure>\n<\/div>\n\n\n<p>As part of the musical attention training - <em>Musical attention control training<\/em><strong> <\/strong>(MACT\u2122) specific music interventions were developed to promote the various attention components: <br> (1) <em>Sustained attention<\/em> is built through general reactions to changing musical stimuli. <br> (2) <em>Selective attention<\/em> is promoted by directing attention to a specific musical stimulus, by carrying out a targeted reaction to this stimulus and by masking out other musical disturbance stimuli. <br> (3) <em>Alternating attention<\/em> is promoted by alternating attention between two or more stimuli. <br> (4) <em>Divided attention<\/em> is trained by the simultaneous attention to several musical stimuli and the implementation of certain reactions to each of these stimuli.<\/p>\n\n\n\n<h4 class=\"wp-block-heading\"><strong>Musical memory training<\/strong><\/h4>\n\n\n\n<p>As a complex system, memory comprises many different sub-components. Memory disorders can affect linguistic content (e.g. texts) and \/ or pictorial spatial material (e.g. faces, paths). Neutral information (e.g. news) or personal experiences (e.g. vacation), short or long-term information (minutes to years) as well as conscious content (e.g. conversation information) or unconscious routines (e.g. movement sequences) can be disturbed. When learning, the repeated impressing of new information (e.g. vocabulary) and the so-called prospective memory (memory for the future) can impair the memory for appointments and agreements. <br>In Musical Mnemonic Training (MMT\u2122), musical stimuli (songs, easily remembered melodies) serve as memory templates into which non-musical memory information (e.g., names, orientation information) is integrated. Remembering the musical structure facilitates the retrieval of the non-musical memory information.<br>A variant is the mood-dependent memory training<em>- Associative Mood and Memory Training<\/em><strong> <\/strong>(AMMT\u2122), in which memory information is linked to a mood induced by music, thus linking the learned information to mood nodes.<\/p>\n\n\n\n<h4 class=\"wp-block-heading\"><strong>Musical planning training<\/strong><\/h4>\n\n\n<div class=\"wp-block-image\">\n<figure class=\"alignright is-resized\"><img loading=\"lazy\" decoding=\"async\" width=\"350\" height=\"233\" src=\"http:\/\/mit-musik-geht-reha-besser.de\/wp-content\/uploads\/2019\/01\/Chimes_handson.jpg\" alt=\"\" class=\"wp-image-18\" style=\"width:170px;height:113px\" srcset=\"https:\/\/mit-musik-geht-reha-besser.de\/wp-content\/uploads\/2019\/01\/Chimes_handson.jpg 350w, https:\/\/mit-musik-geht-reha-besser.de\/wp-content\/uploads\/2019\/01\/Chimes_handson-300x200.jpg 300w\" sizes=\"auto, (max-width: 350px) 100vw, 350px\" \/><\/figure>\n<\/div>\n\n\n<p>Executive functions encompass the planning, execution, control, and evaluation of actions on a practical, linguistic, and intellectual level. The highest level of human brain function in this area is the ability to abstract. This enables the person to transcend concrete things by forming mental concepts. Accordingly, executive dysfunctions include a lack of abstract ability and reduced flexibility, poor decision-making skills, impaired implementation of plans into actions, hasty use of non-goal-directed actions, rule violations, poor error control and learning from mistakes, giving up quickly, justifying problems, and a lack of awareness of the disorder. In Musical Executive Function Training (MEFT\u2122), all of these components can be trained with musical exercises in a group or individually. Group therapy is particularly suitable for practicing goal-directed dialogue and collaboration.<\/p>","protected":false},"excerpt":{"rendered":"<p>Hier werden Behandlungstechniken der Neurologischen Musiktherapie nach Thaut zum Kognitionstraining beschrieben. Die Rehabilitation kognitiver Funktionen kann durch musiktherapeutische Techniken nachhaltig verbessert werden. Kognitive Leistungen sind dem Musik machen immanent. Dies erm\u00f6glicht die Entwicklung von spezifischen musikalischen \u00dcbungen f\u00fcr Wahrnehmung, Aufmerksamkeit, Ged\u00e4chtnis und Denken. Musikalische Aktivierung von Wachheit und Bewusstsein Quantitative Bewusstseinsst\u00f6rungen sind Koma (nicht erweckbar), [&hellip;]<\/p>\n","protected":false},"author":1,"featured_media":0,"parent":0,"menu_order":4,"comment_status":"closed","ping_status":"closed","template":"","meta":{"footnotes":""},"class_list":["post-213","page","type-page","status-publish","hentry"],"_links":{"self":[{"href":"https:\/\/mit-musik-geht-reha-besser.de\/en\/wp-json\/wp\/v2\/pages\/213","targetHints":{"allow":["GET"]}}],"collection":[{"href":"https:\/\/mit-musik-geht-reha-besser.de\/en\/wp-json\/wp\/v2\/pages"}],"about":[{"href":"https:\/\/mit-musik-geht-reha-besser.de\/en\/wp-json\/wp\/v2\/types\/page"}],"author":[{"embeddable":true,"href":"https:\/\/mit-musik-geht-reha-besser.de\/en\/wp-json\/wp\/v2\/users\/1"}],"replies":[{"embeddable":true,"href":"https:\/\/mit-musik-geht-reha-besser.de\/en\/wp-json\/wp\/v2\/comments?post=213"}],"version-history":[{"count":8,"href":"https:\/\/mit-musik-geht-reha-besser.de\/en\/wp-json\/wp\/v2\/pages\/213\/revisions"}],"predecessor-version":[{"id":1345,"href":"https:\/\/mit-musik-geht-reha-besser.de\/en\/wp-json\/wp\/v2\/pages\/213\/revisions\/1345"}],"wp:attachment":[{"href":"https:\/\/mit-musik-geht-reha-besser.de\/en\/wp-json\/wp\/v2\/media?parent=213"}],"curies":[{"name":"wp","href":"https:\/\/api.w.org\/{rel}","templated":true}]}}