{"id":336,"date":"2019-03-10T06:31:02","date_gmt":"2019-03-10T06:31:02","guid":{"rendered":"http:\/\/mit-musik-geht-reha-besser.de\/?page_id=336"},"modified":"2025-12-29T08:59:26","modified_gmt":"2025-12-29T08:59:26","slug":"zubehoer","status":"publish","type":"page","link":"https:\/\/mit-musik-geht-reha-besser.de\/en\/zubehoer\/","title":{"rendered":"equipment"},"content":{"rendered":"<p>Useful, practical and special information for music therapy in rehabilitation.*<\/p>\n\n\n\n<p>Something is missing here? <a href=\"http:\/\/mit-musik-geht-reha-besser.de\/en\/impressum\/\">please help<\/a> us to complete the overview!<\/p>\n\n\n<div class=\"wp-block-image\">\n<figure class=\"alignleft size-full\"><a href=\"https:\/\/mit-musik-geht-reha-besser.de\/wp-content\/uploads\/2025\/12\/LiLaLiederheft.pdf\" target=\"_blank\" rel=\"noopener\"><img loading=\"lazy\" decoding=\"async\" width=\"30\" height=\"31\" src=\"http:\/\/mit-musik-geht-reha-besser.de\/wp-content\/uploads\/2019\/03\/LiLaLiederheft_zum_selber_drucken.pdf\" alt=\"\" class=\"wp-image-200\"\/><\/a><\/figure>\n<\/div>\n\n\n<p>The <a href=\"https:\/\/mit-musik-geht-reha-besser.de\/wp-content\/uploads\/2025\/12\/LiLaLiederheft.pdf\" data-type=\"attachment\" data-id=\"1369\" target=\"_blank\" rel=\"noreferrer noopener\">LiLa songbook to print yourself<\/a> Featuring songs from then until now. Including folk songs, as well as pop, rock, and German hits. Download, print, staple, and start singing! Includes karaoke links and adjustments for mature and impaired voices. 13-11-2025.<\/p>\n\n\n\n<p><strong><a href=\"https:\/\/transpose.video\" target=\"_blank\" rel=\"noopener\"><img loading=\"lazy\" decoding=\"async\" class=\"alignright wp-image-1001\" src=\"http:\/\/mit-musik-geht-reha-besser.de\/wp-content\/uploads\/2023\/03\/Transpose-Plugin-187x300.png\" alt=\"\" width=\"57\" height=\"91\" srcset=\"https:\/\/mit-musik-geht-reha-besser.de\/wp-content\/uploads\/2023\/03\/Transpose-Plugin-187x300.png 187w, https:\/\/mit-musik-geht-reha-besser.de\/wp-content\/uploads\/2023\/03\/Transpose-Plugin-7x12.png 7w, https:\/\/mit-musik-geht-reha-besser.de\/wp-content\/uploads\/2023\/03\/Transpose-Plugin.png 314w\" sizes=\"auto, (max-width: 57px) 100vw, 57px\" \/><\/a>Browser plugin for transposing streaming music<\/strong>. This plugin can change the pitch as well as the tempo. Ideal e.g. for therapeutic karaoke applications (e.g. via YouTube). Available for Google Chrome: <a href=\"https:\/\/transpose.video\/\">transpose.video\/<\/a><\/p>\n\n\n\n<p><strong>Karafun app: <\/strong>With this app, karaoke becomes therapeutic. You can adjust the pitch and tempo to suit your individual needs. Available for Android, iOS and PC. The free basic version includes some full versions to try out. The app currently costs \u20ac10\/month as a subscription. <a href=\"https:\/\/www.karafun.de\/apps\/\">www.karafun.de<\/a><\/p>\n\n\n\n<p><strong>BPM Tap Counter<\/strong> is an app with which you can easily determine the musical or motor tempo (e.g. step frequency). <a href=\"https:\/\/play.google.com\/store\/apps\/details?id=net.oxdb.EasyBPMs&amp;hl=de\">Play Store<\/a> \u2013 <a href=\"https:\/\/apps.apple.com\/de\/app\/bpm-tap-counter\/id548740985\">App Store<\/a><\/p>\n\n\n<div class=\"wp-block-image\">\n<figure class=\"alignleft size-large is-resized\"><img loading=\"lazy\" decoding=\"async\" width=\"1024\" height=\"1024\" src=\"http:\/\/mit-musik-geht-reha-besser.de\/wp-content\/uploads\/2022\/11\/Mainka_Piktogramm_Klang_10-1024x1024.png\" alt=\"\" class=\"wp-image-815\" style=\"width:58px;height:58px\" srcset=\"https:\/\/mit-musik-geht-reha-besser.de\/wp-content\/uploads\/2022\/11\/Mainka_Piktogramm_Klang_10-1024x1024.png 1024w, https:\/\/mit-musik-geht-reha-besser.de\/wp-content\/uploads\/2022\/11\/Mainka_Piktogramm_Klang_10-300x300.png 300w, https:\/\/mit-musik-geht-reha-besser.de\/wp-content\/uploads\/2022\/11\/Mainka_Piktogramm_Klang_10-150x150.png 150w, https:\/\/mit-musik-geht-reha-besser.de\/wp-content\/uploads\/2022\/11\/Mainka_Piktogramm_Klang_10-768x768.png 768w, https:\/\/mit-musik-geht-reha-besser.de\/wp-content\/uploads\/2022\/11\/Mainka_Piktogramm_Klang_10-1536x1536.png 1536w, https:\/\/mit-musik-geht-reha-besser.de\/wp-content\/uploads\/2022\/11\/Mainka_Piktogramm_Klang_10-12x12.png 12w, https:\/\/mit-musik-geht-reha-besser.de\/wp-content\/uploads\/2022\/11\/Mainka_Piktogramm_Klang_10.png 1944w\" sizes=\"auto, (max-width: 1024px) 100vw, 1024px\" \/><\/figure>\n<\/div>\n\n\n<p>The <a href=\"http:\/\/mit-musik-geht-reha-besser.de\/en\/schluck-wecker\/\" data-type=\"page\" data-id=\"814\">Swallow Ringer <\/a>- an audio memory training to improve the swallowing function.<\/p>\n\n\n<div class=\"wp-block-image\">\n<figure class=\"alignright size-full\"><a href=\"http:\/\/mit-musik-geht-reha-besser.de\/wp-content\/uploads\/2019\/03\/Musiktherapie-mit-keimbedingt-isolierten-Patienten.pdf\"><img loading=\"lazy\" decoding=\"async\" width=\"30\" height=\"31\" src=\"http:\/\/mit-musik-geht-reha-besser.de\/wp-content\/uploads\/2019\/03\/LiLaLiederheft_zum_selber_drucken.pdf\" alt=\"\" class=\"wp-image-200\"\/><\/a><\/figure>\n<\/div>\n\n\n<p><a rel=\"noreferrer noopener\" href=\"http:\/\/mit-musik-geht-reha-besser.de\/wp-content\/uploads\/2019\/03\/Musiktherapie-mit-keimbedingt-isolierten-Patienten.pdf\" target=\"_blank\">Information sheet music therapy for contact isolation<\/a> - Material and tips. Which instruments, devices, software etc. are particularly suitable if the therapy has to take place in the patient room due to germ-related isolation? (in german) <\/p>\n\n\n<div class=\"wp-block-image\">\n<figure class=\"alignleft size-large is-resized\"><img loading=\"lazy\" decoding=\"async\" width=\"1024\" height=\"746\" src=\"http:\/\/mit-musik-geht-reha-besser.de\/wp-content\/uploads\/2022\/01\/Handglocken-1024x746.jpg\" alt=\"\" class=\"wp-image-698\" style=\"aspect-ratio:1.3835616438356164;width:92px;height:auto\" srcset=\"https:\/\/mit-musik-geht-reha-besser.de\/wp-content\/uploads\/2022\/01\/Handglocken-1024x746.jpg 1024w, https:\/\/mit-musik-geht-reha-besser.de\/wp-content\/uploads\/2022\/01\/Handglocken-300x219.jpg 300w, https:\/\/mit-musik-geht-reha-besser.de\/wp-content\/uploads\/2022\/01\/Handglocken-768x560.jpg 768w, https:\/\/mit-musik-geht-reha-besser.de\/wp-content\/uploads\/2022\/01\/Handglocken-16x12.jpg 16w, https:\/\/mit-musik-geht-reha-besser.de\/wp-content\/uploads\/2022\/01\/Handglocken.jpg 1098w\" sizes=\"auto, (max-width: 1024px) 100vw, 1024px\" \/><\/figure>\n<\/div>\n\n\n<p><strong>Handbells for the table.<\/strong> These tuned hand chimes don't have to be hold or shaken. They just sound on touch. seen at www.thomann.de <a href=\"https:\/\/www.thomann.de\/de\/thomann_rainbow_handbells_trhb_20.htm\">(Rainbow handbells<\/a>)<\/p>\n\n\n\n<p><strong>Music therapy anamnesis vegetative state:<\/strong> <a href=\"http:\/\/mit-musik-geht-reha-besser.de\/wp-content\/uploads\/2021\/04\/Musiktherapie-Anamnese-Wachkoma.pdf\" data-type=\"attachment\" data-id=\"615\">External assessment of music biography<\/a> by Stefan Emde<\/p>\n\n\n\n<p><\/p>\n\n\n<div class=\"wp-block-image\">\n<figure class=\"alignright is-resized\"><img loading=\"lazy\" decoding=\"async\" width=\"416\" height=\"1024\" src=\"http:\/\/mit-musik-geht-reha-besser.de\/wp-content\/uploads\/2019\/01\/Staender_Rahmentrommel.jpg\" alt=\"\" class=\"wp-image-42\" style=\"width:49px;height:120px\" srcset=\"https:\/\/mit-musik-geht-reha-besser.de\/wp-content\/uploads\/2019\/01\/Staender_Rahmentrommel.jpg 608w, https:\/\/mit-musik-geht-reha-besser.de\/wp-content\/uploads\/2019\/01\/Staender_Rahmentrommel-122x300.jpg 122w, https:\/\/mit-musik-geht-reha-besser.de\/wp-content\/uploads\/2019\/01\/Staender_Rahmentrommel-416x1024.jpg 416w\" sizes=\"auto, (max-width: 416px) 100vw, 416px\" \/><\/figure>\n<\/div>\n\n<div class=\"wp-block-image\">\n<figure class=\"alignleft size-full is-resized\"><img loading=\"lazy\" decoding=\"async\" width=\"540\" height=\"546\" src=\"https:\/\/mit-musik-geht-reha-besser.de\/wp-content\/uploads\/2024\/05\/Sonodrum.jpg\" alt=\"\" class=\"wp-image-1255\" style=\"width:67px;height:auto\" srcset=\"https:\/\/mit-musik-geht-reha-besser.de\/wp-content\/uploads\/2024\/05\/Sonodrum.jpg 540w, https:\/\/mit-musik-geht-reha-besser.de\/wp-content\/uploads\/2024\/05\/Sonodrum-297x300.jpg 297w, https:\/\/mit-musik-geht-reha-besser.de\/wp-content\/uploads\/2024\/05\/Sonodrum-12x12.jpg 12w\" sizes=\"auto, (max-width: 540px) 100vw, 540px\" \/><\/figure>\n<\/div>\n\n\n<p><strong>Sonodrum<\/strong> \u2013 Melodic instrument, well suited for work in intensive care units.<\/p>\n\n\n\n<p><\/p>\n\n\n\n<p><strong>Stand for frame drum:<\/strong> Stand: percussion<strong> <\/strong>ST30, holder: Schlagwerk RTH 20 Frame Drum Holder, drum: universal, here from Meinl <\/p>\n\n\n<div class=\"wp-block-image\">\n<figure class=\"alignleft is-resized\"><img loading=\"lazy\" decoding=\"async\" width=\"100\" height=\"100\" src=\"http:\/\/mit-musik-geht-reha-besser.de\/wp-content\/uploads\/2019\/01\/Saugheber.jpg\" alt=\"\" class=\"wp-image-34\" style=\"width:56px;height:56px\"\/><\/figure>\n<\/div>\n\n\n<p><strong>Suction cups for singing bowls<\/strong> for better handling when working close to the body. different models and sizes. seen by<strong> <\/strong><a href=\"https:\/\/www.hess-klangkonzepte.de\/en\/product-category\/singing-bowls\/accessories-for-singing-bowls\/lifter-and-helper\/\">www.nepal-importe.de<\/a><\/p>\n\n\n<div class=\"wp-block-image\">\n<figure class=\"alignright is-resized\"><img loading=\"lazy\" decoding=\"async\" width=\"400\" height=\"313\" src=\"http:\/\/mit-musik-geht-reha-besser.de\/wp-content\/uploads\/2019\/03\/Ergoplay.jpg\" alt=\"\" class=\"wp-image-348\" style=\"width:68px;height:53px\" srcset=\"https:\/\/mit-musik-geht-reha-besser.de\/wp-content\/uploads\/2019\/03\/Ergoplay.jpg 400w, https:\/\/mit-musik-geht-reha-besser.de\/wp-content\/uploads\/2019\/03\/Ergoplay-300x235.jpg 300w\" sizes=\"auto, (max-width: 400px) 100vw, 400px\" \/><\/figure>\n<\/div>\n\n\n<p><strong>Ergoplay Tappert guitar rest<\/strong> - now guitar will play ergonomically! Constructed by a courageous guitar player, flexibly adjustable. seen at thomann.de<\/p>\n\n\n\n<p><strong>Audacity software<\/strong>. We have been putting this freeware (free software) in ours for a long time <a href=\"http:\/\/mit-musik-geht-reha-besser.de\/en\/links\/\">links<\/a> in front. in the <a href=\"https:\/\/vimeo.com\/105323423\">Video<\/a> shows how you can easily change the pitch of pieces of music. Download at<strong> <\/strong><a href=\"http:\/\/www.audacity.de\/\" target=\"_blank\" rel=\"noreferrer noopener\">www.audacity.de<\/a><\/p>\n\n\n<div class=\"wp-block-image\">\n<figure class=\"alignleft is-resized\"><img loading=\"lazy\" decoding=\"async\" width=\"940\" height=\"280\" src=\"http:\/\/mit-musik-geht-reha-besser.de\/wp-content\/uploads\/2019\/01\/slide_tamb_1.jpg\" alt=\"\" class=\"wp-image-39\" style=\"width:182px;height:53px\" srcset=\"https:\/\/mit-musik-geht-reha-besser.de\/wp-content\/uploads\/2019\/01\/slide_tamb_1.jpg 940w, https:\/\/mit-musik-geht-reha-besser.de\/wp-content\/uploads\/2019\/01\/slide_tamb_1-300x89.jpg 300w, https:\/\/mit-musik-geht-reha-besser.de\/wp-content\/uploads\/2019\/01\/slide_tamb_1-768x229.jpg 768w\" sizes=\"auto, (max-width: 940px) 100vw, 940px\" \/><figcaption class=\"wp-element-caption\"><br><\/figcaption><\/figure>\n<\/div>\n\n\n<p><strong>Body tambura<\/strong> - Related to the monochord, this instrument offers very good playing possibilities with and on patients. The tone spectrum is also rich in overtones and quite variable with 3 different pitches. seen by: <a rel=\"noreferrer noopener\" href=\"http:\/\/www.deutz-klangwerkstatt.de\/instrumente\/koerpertambura\" target=\"_blank\">deutz-klangwerkstatt.de<\/a> , sound couches and therapy monochords can also be found at <a rel=\"noreferrer noopener\" href=\"https:\/\/naturtonmusik.de\/instrumente\/\" target=\"_blank\">naturtonmusik.de<\/a><\/p>\n\n\n\n<p><img loading=\"lazy\" decoding=\"async\" class=\"wp-image-6 lazy-loaded alignright\" src=\"https:\/\/curaswing.de\/wp-content\/uploads\/2019\/04\/CuraSwing_Logo_dunkel-300x300.png\" alt=\"\" data-lazy-type=\"image\" data-src=\"https:\/\/curaswing.de\/wp-content\/uploads\/2019\/04\/CuraSwing_Logo_dunkel-300x300.png\" width=\"105\" height=\"105\"><\/p>\n\n\n\n<p>The <strong>Curaswing app<\/strong> make music. This turns the iPhone into a musical instrument. The device&#039;s motion sensors generate stimulating motion feedback - as music! <a href=\"https:\/\/curaswing.de\/en\/\">www.curaswing.de<\/a><\/p>\n\n\n\n<p><strong>Magic harp<\/strong> - Stringed instrument, easy to handle due to the larger string spacing. Special notes in symbol notation are available as an insert for the instrument. seen by<strong> <\/strong><a href=\"http:\/\/www.zauberharfe.de\/\">www.zauberharfe.de<\/a><\/p>\n\n\n<div class=\"wp-block-image\">\n<figure class=\"alignright is-resized\"><img loading=\"lazy\" decoding=\"async\" width=\"460\" height=\"259\" src=\"http:\/\/mit-musik-geht-reha-besser.de\/wp-content\/uploads\/2019\/01\/Skoog-USB_460.png\" alt=\"\" class=\"wp-image-38\" style=\"width:161px;height:91px\" srcset=\"https:\/\/mit-musik-geht-reha-besser.de\/wp-content\/uploads\/2019\/01\/Skoog-USB_460.png 460w, https:\/\/mit-musik-geht-reha-besser.de\/wp-content\/uploads\/2019\/01\/Skoog-USB_460-300x169.png 300w\" sizes=\"auto, (max-width: 460px) 100vw, 460px\" \/><\/figure>\n<\/div>\n\n\n<p><strong>Skoog - midi instrument<\/strong> with very practical uses. seen by<strong> <\/strong><a href=\"http:\/\/www.skoogmusic.com\/skoog\">www.skoogmusic.com\/skoog<\/a><\/p>\n\n\n<div class=\"wp-block-image\">\n<figure class=\"alignleft is-resized\"><img loading=\"lazy\" decoding=\"async\" width=\"292\" height=\"300\" src=\"http:\/\/mit-musik-geht-reha-besser.de\/wp-content\/uploads\/2019\/01\/sizzle_board.jpg\" alt=\"\" class=\"wp-image-37\" style=\"width:75px;height:77px\"\/><\/figure>\n<\/div>\n\n\n<p><strong>Sizzle board<\/strong> - This instrument Schlagwerk SIZ10 can be strapped to the thigh and is played by hand or rods. It sounds a bit like snare. seen at thomann.de<\/p>\n\n\n<div class=\"wp-block-image\">\n<figure class=\"alignright is-resized\"><img loading=\"lazy\" decoding=\"async\" width=\"180\" height=\"113\" src=\"http:\/\/mit-musik-geht-reha-besser.de\/wp-content\/uploads\/2019\/01\/hz_1_k.png\" alt=\"\" class=\"wp-image-24\" style=\"width:131px;height:82px\"\/><\/figure>\n<\/div>\n\n\n<p>The <strong>Harp Zither or Key Zither (English Autoharp)<\/strong> is the ideal accompaniment instrument: significantly louder and with a much larger sound spectrum than a guitar. Very easy to use with a pick. Is either held in front of the chest with both arms or seated on the knees while playing. Oscar Schmidt products can be recommended. seen at thomann.de<\/p>\n\n\n<div class=\"wp-block-image\">\n<figure class=\"alignleft is-resized\"><img loading=\"lazy\" decoding=\"async\" width=\"115\" height=\"115\" src=\"http:\/\/mit-musik-geht-reha-besser.de\/wp-content\/uploads\/2019\/01\/rollpiano.jpg\" alt=\"\" class=\"wp-image-33\" style=\"width:95px;height:95px\"\/><\/figure>\n<\/div>\n\n\n<p><strong>Rolling piano<\/strong> - Piano for the bedside. It even has a full-size keyboard, built-in speakers, a headphone output and can be operated with a power supply. The built-in speakers are rather poor in sound. seen at amazon.de<\/p>\n\n\n<div class=\"wp-block-image\">\n<figure class=\"alignright is-resized\"><img loading=\"lazy\" decoding=\"async\" width=\"128\" height=\"460\" src=\"http:\/\/mit-musik-geht-reha-besser.de\/wp-content\/uploads\/2019\/01\/krix.jpg\" alt=\"\" class=\"wp-image-28\" style=\"width:20px;height:72px\"\/><\/figure>\n<\/div>\n\n\n<p><strong>Krix<\/strong> - Music in the shoe. This part is simply put in the shoe. And then it makes &quot;uffz&quot;. Schlagwerk company<\/p>\n\n\n<div class=\"wp-block-image\">\n<figure class=\"alignleft is-resized\"><img loading=\"lazy\" decoding=\"async\" width=\"584\" height=\"361\" src=\"http:\/\/mit-musik-geht-reha-besser.de\/wp-content\/uploads\/2019\/01\/fusspercussion.jpg\" alt=\"\" class=\"wp-image-23\" style=\"width:120px;height:74px\" srcset=\"https:\/\/mit-musik-geht-reha-besser.de\/wp-content\/uploads\/2019\/01\/fusspercussion.jpg 584w, https:\/\/mit-musik-geht-reha-besser.de\/wp-content\/uploads\/2019\/01\/fusspercussion-300x185.jpg 300w\" sizes=\"auto, (max-width: 584px) 100vw, 584px\" \/><\/figure>\n<\/div>\n\n\n<p><strong>Foot percussion<\/strong> - A turnery from Wittstock came up with something good: in addition to this percussion shoe attachment, this company also has other small, sophisticated foot percussion instruments.<br> seen at fusspercussion.de<\/p>\n\n\n<div class=\"wp-block-image\">\n<figure class=\"alignright is-resized\"><img loading=\"lazy\" decoding=\"async\" width=\"484\" height=\"191\" src=\"http:\/\/mit-musik-geht-reha-besser.de\/wp-content\/uploads\/2019\/01\/shakehand.jpg\" alt=\"\" class=\"wp-image-36\" style=\"width:172px;height:68px\" srcset=\"https:\/\/mit-musik-geht-reha-besser.de\/wp-content\/uploads\/2019\/01\/shakehand.jpg 484w, https:\/\/mit-musik-geht-reha-besser.de\/wp-content\/uploads\/2019\/01\/shakehand-300x118.jpg 300w\" sizes=\"auto, (max-width: 484px) 100vw, 484px\" \/><\/figure>\n<\/div>\n\n\n<p><strong>Shake hand<\/strong> - 2 maracas and a shaker can be inserted into this glove from Schlagwerk. So you can skake and drum at the same time.<\/p>\n\n\n<div class=\"wp-block-image\">\n<figure class=\"alignleft is-resized\"><img loading=\"lazy\" decoding=\"async\" width=\"380\" height=\"237\" src=\"http:\/\/mit-musik-geht-reha-besser.de\/wp-content\/uploads\/2019\/01\/Multifunktionsklangschale.jpg\" alt=\"\" class=\"wp-image-31\" style=\"width:101px;height:63px\" srcset=\"https:\/\/mit-musik-geht-reha-besser.de\/wp-content\/uploads\/2019\/01\/Multifunktionsklangschale.jpg 380w, https:\/\/mit-musik-geht-reha-besser.de\/wp-content\/uploads\/2019\/01\/Multifunktionsklangschale-300x187.jpg 300w\" sizes=\"auto, (max-width: 380px) 100vw, 380px\" \/><\/figure>\n<\/div>\n\n\n<p><strong>Multifunction singing bowl<\/strong> - Finally a singing bowl with a handle! The multifunction singing bowl is available in different sizes. It is particularly suitable for use on foot or hand reflex zones or on the joints. ! No longer available online. You&#039;re welcome&nbsp;<a href=\"http:\/\/mit-musik-geht-reha-besser.de\/en\/impressum\/\">inform us<\/a>if you know where this product is available.<\/p>\n\n\n<div class=\"wp-block-image\">\n<figure class=\"alignright is-resized\"><img loading=\"lazy\" decoding=\"async\" width=\"300\" height=\"203\" src=\"http:\/\/mit-musik-geht-reha-besser.de\/wp-content\/uploads\/2019\/01\/mp3-spieler-akku.jpg\" alt=\"\" class=\"wp-image-30\" style=\"width:122px;height:83px\"\/><\/figure>\n<\/div>\n\n\n<p>This portable <strong>SanDisk Clip Sport MP3 player<\/strong>&nbsp;is comparatively easy to use. Pieces of music are uploaded to the PC via a USB cable. The device charges automatically when connected to a PC. With a clip on the back, it can be easily attached to clothing. seen at amazon.de<\/p>\n\n\n<div class=\"wp-block-image\">\n<figure class=\"alignleft is-resized\"><img loading=\"lazy\" decoding=\"async\" width=\"266\" height=\"300\" src=\"http:\/\/mit-musik-geht-reha-besser.de\/wp-content\/uploads\/2019\/01\/lefima_staender.jpg\" alt=\"\" class=\"wp-image-29\" style=\"width:73px;height:82px\"\/><\/figure>\n<\/div>\n\n\n<p>The <strong>Stand wagon for large orchestra drum<\/strong> by Lefima is an excellent way to keep xylophones, metallophones, stick games etc. height-adjustable, tiltable and also mobile.<br> Some instruments already have the screw holes required for this. seen at reisser-musik.de<\/p>\n\n\n<div class=\"wp-block-image\">\n<figure class=\"alignright is-resized\"><img loading=\"lazy\" decoding=\"async\" width=\"160\" height=\"240\" src=\"http:\/\/mit-musik-geht-reha-besser.de\/wp-content\/uploads\/2019\/01\/Kreuzhalter.jpg\" alt=\"\" class=\"wp-image-27\" style=\"width:40px;height:60px\"\/><\/figure>\n<\/div>\n\n\n<p><strong>Tripod holder<\/strong> for various frame drums, including a holding cross.<br> seen at thieme-sport.de<\/p>\n\n\n<div class=\"wp-block-image\">\n<figure class=\"alignleft is-resized\"><img loading=\"lazy\" decoding=\"async\" width=\"960\" height=\"960\" src=\"http:\/\/mit-musik-geht-reha-besser.de\/wp-content\/uploads\/2019\/05\/Meinl-Knee-Jingle-Pad-1.jpg\" alt=\"\" class=\"wp-image-435\" style=\"width:69px;height:69px\" srcset=\"https:\/\/mit-musik-geht-reha-besser.de\/wp-content\/uploads\/2019\/05\/Meinl-Knee-Jingle-Pad-1.jpg 960w, https:\/\/mit-musik-geht-reha-besser.de\/wp-content\/uploads\/2019\/05\/Meinl-Knee-Jingle-Pad-1-150x150.jpg 150w, https:\/\/mit-musik-geht-reha-besser.de\/wp-content\/uploads\/2019\/05\/Meinl-Knee-Jingle-Pad-1-300x300.jpg 300w, https:\/\/mit-musik-geht-reha-besser.de\/wp-content\/uploads\/2019\/05\/Meinl-Knee-Jingle-Pad-1-768x768.jpg 768w\" sizes=\"auto, (max-width: 960px) 100vw, 960px\" \/><\/figure>\n<\/div>\n\n\n<p><strong>Meinl Knee Jingle Pad<\/strong>, seen at thomann.de<\/p>\n\n\n<div class=\"wp-block-image\">\n<figure class=\"alignright size-large is-resized\"><img loading=\"lazy\" decoding=\"async\" width=\"256\" height=\"405\" src=\"http:\/\/mit-musik-geht-reha-besser.de\/wp-content\/uploads\/2021\/02\/mhz_28-liedundsong_648.jpg\" alt=\"\" class=\"wp-image-591\" style=\"width:58px;height:92px\" srcset=\"https:\/\/mit-musik-geht-reha-besser.de\/wp-content\/uploads\/2021\/02\/mhz_28-liedundsong_648.jpg 256w, https:\/\/mit-musik-geht-reha-besser.de\/wp-content\/uploads\/2021\/02\/mhz_28-liedundsong_648-190x300.jpg 190w\" sizes=\"auto, (max-width: 256px) 100vw, 256px\" \/><\/figure>\n<\/div>\n\n\n<p><strong>Song &amp; song<\/strong> - very variable and diverse songbook with folk songs, pop and rock, but also international songs. seen at Schott Music.<\/p>\n\n\n\n\n\n<p>* <em>All recommendations were carefully examined with music therapy for their use in rehabilitation. We do not receive any compensation for our recommendations. <\/em><\/p>","protected":false},"excerpt":{"rendered":"<p>N\u00fctzliches, Praktisches &amp; Besonderes f\u00fcr Musiktherapie in der Rehabilitation.* Hier fehlt noch was? Bitte helfen Sie uns die \u00dcbersicht zu erg\u00e4nzen! Das LiLaLiederheft zum selber drucken mit Songs von damals bis heute.\u00a0Mit Volksliedern, sowie Pop, Rock und Schlager. Runterladen, Ausdrucken, Heften und Lossingen! Mit Karaoke-Links und Anpassung f\u00fcr reifere und beeintr\u00e4chtigte Stimmen. 13-11-2025. Karafun -App: [&hellip;]<\/p>\n","protected":false},"author":1,"featured_media":0,"parent":0,"menu_order":2,"comment_status":"closed","ping_status":"closed","template":"","meta":{"footnotes":""},"class_list":["post-336","page","type-page","status-publish","hentry"],"_links":{"self":[{"href":"https:\/\/mit-musik-geht-reha-besser.de\/en\/wp-json\/wp\/v2\/pages\/336","targetHints":{"allow":["GET"]}}],"collection":[{"href":"https:\/\/mit-musik-geht-reha-besser.de\/en\/wp-json\/wp\/v2\/pages"}],"about":[{"href":"https:\/\/mit-musik-geht-reha-besser.de\/en\/wp-json\/wp\/v2\/types\/page"}],"author":[{"embeddable":true,"href":"https:\/\/mit-musik-geht-reha-besser.de\/en\/wp-json\/wp\/v2\/users\/1"}],"replies":[{"embeddable":true,"href":"https:\/\/mit-musik-geht-reha-besser.de\/en\/wp-json\/wp\/v2\/comments?post=336"}],"version-history":[{"count":78,"href":"https:\/\/mit-musik-geht-reha-besser.de\/en\/wp-json\/wp\/v2\/pages\/336\/revisions"}],"predecessor-version":[{"id":1412,"href":"https:\/\/mit-musik-geht-reha-besser.de\/en\/wp-json\/wp\/v2\/pages\/336\/revisions\/1412"}],"wp:attachment":[{"href":"https:\/\/mit-musik-geht-reha-besser.de\/en\/wp-json\/wp\/v2\/media?parent=336"}],"curies":[{"name":"wp","href":"https:\/\/api.w.org\/{rel}","templated":true}]}}