{"id":402,"date":"2019-03-10T15:31:31","date_gmt":"2019-03-10T15:31:31","guid":{"rendered":"http:\/\/mit-musik-geht-reha-besser.de\/?page_id=402"},"modified":"2019-03-10T15:31:31","modified_gmt":"2019-03-10T15:31:31","slug":"klavierunterricht-schuetzt-vor-demenz-und-macht-zufriedener","status":"publish","type":"page","link":"https:\/\/mit-musik-geht-reha-besser.de\/en\/klavierunterricht-schuetzt-vor-demenz-und-macht-zufriedener\/","title":{"rendered":"Piano lessons protect against dementia and make you happier"},"content":{"rendered":"\n<div class=\"wp-block-image\"><figure class=\"alignright is-resized\"><img loading=\"lazy\" decoding=\"async\" src=\"http:\/\/mit-musik-geht-reha-besser.de\/wp-content\/uploads\/2019\/01\/fm_training.jpg\" alt=\"\" class=\"wp-image-15\" width=\"127\" height=\"95\" srcset=\"https:\/\/mit-musik-geht-reha-besser.de\/wp-content\/uploads\/2019\/01\/fm_training.jpg 640w, https:\/\/mit-musik-geht-reha-besser.de\/wp-content\/uploads\/2019\/01\/fm_training-300x225.jpg 300w\" sizes=\"auto, (max-width: 127px) 100vw, 127px\" \/><\/figure><\/div>\n\n\n\n<p><em>17-01-2014.<\/em> Schon l\u00e4nger wei\u00df man, dass sich das Gehirn lebenslang fortw\u00e4hrend ver\u00e4ndert, je nachdem wie wir unser Leben gestalten. Auch das Erlernen eines Musikinstruments ist bis ins hohe Alter hinein m\u00f6glich.<br><br> Eine Untersuchung aus Spanien zeigt nun: der Musikunterricht im Alter hat viele positive Auswirkungen. In einer Vergleichsstudie aus Barcelona \u00fcbten \u00e4ltere Menschen t\u00e4glich \u00fcber 4 Monate am Klavier. Eine zweite Gruppe machte w\u00e4hrenddessen andere Freizeitaktivit\u00e4ten (K\u00f6rper\u00fcbungen, PC-spiele, Malen &#8230;)<br><br> Die Klaviergruppe&nbsp;verbesserte sich gegen\u00fcber der Vergleichsgruppe deutlich in ihrer geistigen Leistungsf\u00e4higkeit (gemessen mit Stroop Test). Auch depressive und negative Stimmung nahm entscheidend ab.<br><br>Klavierunterricht im Alter &#8211; so die Autoren &#8211; kann dazu beitragen die k\u00f6rperliche und psychische Lebensqualit\u00e4t zu verbessern. <br><br> Dies ist bedeutsam f\u00fcr die rehabilitative Behandlung von Menschen mit neurologischen Erkrankungen wie <a href=\"http:\/\/mit-musik-geht-reha-besser.de\/parkinson\">Parkinson<\/a> oder&nbsp; <a href=\"http:\/\/mit-musik-geht-reha-besser.de\/stroke\">Schlaganfall.<\/a><\/p>\n\n\n\n<p style=\"text-align:right\" class=\"has-small-font-size\">Seinfeld et al. (2013). Effects of music learning and piano pratice on cognitive funciton , mood and quality of life in older adutls. Front Psychol 4:810<\/p>\n\n\n\n<p style=\"text-align:center\"><a href=\"http:\/\/mit-musik-geht-reha-besser.de\/nachrichten\">[Nachrichten im \u00dcberblick \u2026]<\/a><\/p>\n","protected":false},"excerpt":{"rendered":"<p>17-01-2014. Schon l\u00e4nger wei\u00df man, dass sich das Gehirn lebenslang fortw\u00e4hrend ver\u00e4ndert, je nachdem wie wir unser Leben gestalten. Auch das Erlernen eines Musikinstruments ist bis ins hohe Alter hinein m\u00f6glich. Eine Untersuchung aus Spanien zeigt nun: der Musikunterricht im Alter hat viele positive Auswirkungen. In einer Vergleichsstudie aus Barcelona \u00fcbten \u00e4ltere Menschen t\u00e4glich \u00fcber [&hellip;]<\/p>\n","protected":false},"author":1,"featured_media":0,"parent":0,"menu_order":100,"comment_status":"closed","ping_status":"closed","template":"","meta":{"footnotes":""},"class_list":["post-402","page","type-page","status-publish","hentry"],"_links":{"self":[{"href":"https:\/\/mit-musik-geht-reha-besser.de\/en\/wp-json\/wp\/v2\/pages\/402","targetHints":{"allow":["GET"]}}],"collection":[{"href":"https:\/\/mit-musik-geht-reha-besser.de\/en\/wp-json\/wp\/v2\/pages"}],"about":[{"href":"https:\/\/mit-musik-geht-reha-besser.de\/en\/wp-json\/wp\/v2\/types\/page"}],"author":[{"embeddable":true,"href":"https:\/\/mit-musik-geht-reha-besser.de\/en\/wp-json\/wp\/v2\/users\/1"}],"replies":[{"embeddable":true,"href":"https:\/\/mit-musik-geht-reha-besser.de\/en\/wp-json\/wp\/v2\/comments?post=402"}],"version-history":[{"count":4,"href":"https:\/\/mit-musik-geht-reha-besser.de\/en\/wp-json\/wp\/v2\/pages\/402\/revisions"}],"predecessor-version":[{"id":419,"href":"https:\/\/mit-musik-geht-reha-besser.de\/en\/wp-json\/wp\/v2\/pages\/402\/revisions\/419"}],"wp:attachment":[{"href":"https:\/\/mit-musik-geht-reha-besser.de\/en\/wp-json\/wp\/v2\/media?parent=402"}],"curies":[{"name":"wp","href":"https:\/\/api.w.org\/{rel}","templated":true}]}}