{"id":411,"date":"2019-06-10T07:55:34","date_gmt":"2019-06-10T07:55:34","guid":{"rendered":"http:\/\/mit-musik-geht-reha-besser.de\/?page_id=411"},"modified":"2026-01-07T15:34:40","modified_gmt":"2026-01-07T15:34:40","slug":"musik-hoeren-verbessert-stimmung-und-kognition-von-schlaganfallpatienten","status":"publish","type":"page","link":"https:\/\/mit-musik-geht-reha-besser.de\/en\/musik-hoeren-verbessert-stimmung-und-kognition-von-schlaganfallpatienten\/","title":{"rendered":"Listening to music improves the mood and cognition of stroke patients"},"content":{"rendered":"\n<p><em>01-02-2008.<\/em> Das H\u00f6ren von Musik in der ersten Zeit nach einem Schlaganfall kann die Genesung des Patienten unterst\u00fctzen. Finnische Forscher der Universit\u00e4t Helsingfors haben Patienten, die t\u00e4glich einige Stunden Musik h\u00f6rten, mit Patienten verglichen, die H\u00f6rb\u00fccher oder gar nichts h\u00f6rten. Die Musikgruppe schnitt bei dem Wiedererlangen des Ged\u00e4chtnisses und der Aufmerksamkeit besser ab und war allgemein in einer besseren seelischen Verfassung. <br>             <br>Laut der vorliegenden Studie der Fachzeitschrift Brain k\u00f6nnte Musik vor allem f\u00fcr jene Patienten von Nutzen sein, die f\u00fcr andere Formen der Rehabilitation noch nicht bereit sind. Die Studie konzentrierte sich auf 60 Schlaganfall-Patienten, die nach der Einlieferung ins Krankenhaus so rasch wie m\u00f6glich integriert wurden. Ziel war es, die Musik anzubieten, bevor die nach einem Schlaganfall m\u00f6glichen Ver\u00e4nderungen im Gehirn stattgefunden haben. Die meisten Patienten hatten Probleme mit der Bewegung und kognitiven Prozessen wie Aufmerksamkeit und Ged\u00e4chtnis. Alle Patienten erhielten die Standard-Rehabilitation. <br>             <br> Nach drei Monaten hatte sich das Sprachged\u00e4chtnis in der Musikgruppe um 60% verbessert. Die H\u00f6rbuchgruppe erreichte 18% und die Patienten, die nichts geh\u00f6rt hatten, 29% Verbesserung. Die konzentrierte Aufmerksamkeit, die F\u00e4higkeit mentale Operationen zu kontrollieren, durchzuf\u00fchren und Probleme zu l\u00f6sen, stieg bei der Musikgruppe um 17%. In den anderen beiden Gruppen kam es zu keiner Ver\u00e4nderung. Zus\u00e4tzlich waren die Patienten der Musikgruppe weniger deprimiert oder verwirrt. Die Studie verweist auch darauf, dass die Patienten in den ersten Wochen und Monaten nach dem Schlaganfall drei Viertel des Tages mit nicht therapeutischen Aktivit\u00e4ten verbringen. Meistens bleiben sie in ihrem Zimmer, ohne Aktivit\u00e4ten oder Interaktion. Diese Zeit l\u00e4sst sich aber mit Musiktherapie f\u00fcr das Training des Gehirns ideal nutzen. <\/p>\n\n\n\n<p>Somit l\u00e4sst sich Musik gezielt nutzen, die Stimmung, die Kognition und den Rehabilitationsprozess anzuregen. Probieren Sie es doch auch mal aus, z.Bsp. mit unserer <a href=\"https:\/\/open.spotify.com\/playlist\/37MZev9u0s1AlYljQRPRBX?si=ziQ0t4wjTOCud5dQx5qZlw\" target=\"_blank\" rel=\"noreferrer noopener\">Playlist &#8222;Get Happy&#8220;<\/a>!<\/p>\n\n\n\n<p class=\"has-text-align-right has-small-font-size\">S\u00e4rk\u00e4m\u00f6 et al. (2008): Music Listening enhances cognitive recovery and mood after middle cerebral artery stroke. Brain 2007. free online access: http:\/\/brain.oxfordjournals.org\/cgi\/reprint\/awn013v1<\/p>\n\n\n\n<p class=\"has-text-align-center\"><a href=\"http:\/\/mit-musik-geht-reha-besser.de\/nachrichten\">[Nachrichten im \u00dcberblick]<\/a><\/p>\n","protected":false},"excerpt":{"rendered":"<p>01-02-2008. Das H\u00f6ren von Musik in der ersten Zeit nach einem Schlaganfall kann die Genesung des Patienten unterst\u00fctzen. Finnische Forscher der Universit\u00e4t Helsingfors haben Patienten, die t\u00e4glich einige Stunden Musik h\u00f6rten, mit Patienten verglichen, die H\u00f6rb\u00fccher oder gar nichts h\u00f6rten. Die Musikgruppe schnitt bei dem Wiedererlangen des Ged\u00e4chtnisses und der Aufmerksamkeit besser ab und war [&hellip;]<\/p>\n","protected":false},"author":1,"featured_media":0,"parent":0,"menu_order":100,"comment_status":"closed","ping_status":"closed","template":"","meta":{"footnotes":""},"class_list":["post-411","page","type-page","status-publish","hentry"],"_links":{"self":[{"href":"https:\/\/mit-musik-geht-reha-besser.de\/en\/wp-json\/wp\/v2\/pages\/411","targetHints":{"allow":["GET"]}}],"collection":[{"href":"https:\/\/mit-musik-geht-reha-besser.de\/en\/wp-json\/wp\/v2\/pages"}],"about":[{"href":"https:\/\/mit-musik-geht-reha-besser.de\/en\/wp-json\/wp\/v2\/types\/page"}],"author":[{"embeddable":true,"href":"https:\/\/mit-musik-geht-reha-besser.de\/en\/wp-json\/wp\/v2\/users\/1"}],"replies":[{"embeddable":true,"href":"https:\/\/mit-musik-geht-reha-besser.de\/en\/wp-json\/wp\/v2\/comments?post=411"}],"version-history":[{"count":6,"href":"https:\/\/mit-musik-geht-reha-besser.de\/en\/wp-json\/wp\/v2\/pages\/411\/revisions"}],"predecessor-version":[{"id":1420,"href":"https:\/\/mit-musik-geht-reha-besser.de\/en\/wp-json\/wp\/v2\/pages\/411\/revisions\/1420"}],"wp:attachment":[{"href":"https:\/\/mit-musik-geht-reha-besser.de\/en\/wp-json\/wp\/v2\/media?parent=411"}],"curies":[{"name":"wp","href":"https:\/\/api.w.org\/{rel}","templated":true}]}}