{"id":89,"date":"2019-01-13T12:38:21","date_gmt":"2019-01-13T12:38:21","guid":{"rendered":"http:\/\/mit-musik-geht-reha-besser.de\/?page_id=89"},"modified":"2019-06-22T03:33:17","modified_gmt":"2019-06-22T03:33:17","slug":"anwendung","status":"publish","type":"page","link":"https:\/\/mit-musik-geht-reha-besser.de\/en\/anwendung\/","title":{"rendered":"MT practice"},"content":{"rendered":"<p>The possible uses of music therapy in rehabilitation are extremely diverse. Various symptoms can be positively influenced with music. For many music therapy applications, there are scientific studies that document their long-term effectiveness. <\/p>\n\n\n\n<p><strong><a href=\"http:\/\/mit-musik-geht-reha-besser.de\/en\/wachkoma-2\/\">Music therapy for vegetative coma<\/a><\/strong> takes place in bed with a wake coma patient.<\/p>\n\n\n\n<p><strong><a href=\"http:\/\/mit-musik-geht-reha-besser.de\/en\/neurologische-musiktherapie\/\">Neurologic Music Therapy <\/a><\/strong>includes scientifically based applications for <a href=\"http:\/\/mit-musik-geht-reha-besser.de\/en\/neurologische-musiktherapie-motoriktraining\/\">sensorimotor<\/a> (Gait training, arm and hand training etc.), <a href=\"http:\/\/mit-musik-geht-reha-besser.de\/en\/neurologische-musiktherapie-sprach-sprech-und-stimmtraining\/\">language and voice related<\/a> (<a href=\"http:\/\/mit-musik-geht-reha-besser.de\/en\/aphasie\/\">Aphasia<\/a> among others) and <a href=\"http:\/\/mit-musik-geht-reha-besser.de\/en\/neurologische-musiktherapie-hirnleistungstraining\/\">cognitive training techniques<\/a>.<\/p>\n\n\n\n<p><a href=\"file:\/\/\/G:\/web%20site\/WEB%20SPACE%201&amp;1\/Mit-Musik-geht-Reha-besser\/html\/psyche.html\"><strong>Music therapy psychotherapy<\/strong><\/a>\nrepresents another field of application of music therapy in rehabilitation. Making music and experiencing within the framework of a relationship-oriented therapy offer make a significant contribution to successful rehab.<a href=\"http:\/\/mit-musik-geht-reha-besser.de\/en\/neurologische-musiktherapie\/\">I.<\/a><\/p>\n\n\n\n<p><\/p>","protected":false},"excerpt":{"rendered":"<p>Die Anwendungsm\u00f6glichkeiten von Musiktherapie in der Rehabilitation sind enorm vielf\u00e4ltig. Dabei lassen sich die verschiedensten Symptome mit Musik positiv beeinflussen. F\u00fcr viele musiktherapeutische Anwendungen liegen wissenschaftliche Studien vor, welche eine nachhaltige Wirksamkeit dokumentieren. Musiktherapie bei Wachkoma findet bei Wachkomapatienten am Bett statt. Neurologische Musiktherapie beinhaltet wissenschaftlich fundierte Anwendungen f\u00fcr sensomotorische (Gangtraining, Arm- und Handtraining etc.), [&hellip;]<\/p>\n","protected":false},"author":1,"featured_media":0,"parent":0,"menu_order":1,"comment_status":"closed","ping_status":"closed","template":"","meta":{"footnotes":""},"class_list":["post-89","page","type-page","status-publish","hentry"],"_links":{"self":[{"href":"https:\/\/mit-musik-geht-reha-besser.de\/en\/wp-json\/wp\/v2\/pages\/89","targetHints":{"allow":["GET"]}}],"collection":[{"href":"https:\/\/mit-musik-geht-reha-besser.de\/en\/wp-json\/wp\/v2\/pages"}],"about":[{"href":"https:\/\/mit-musik-geht-reha-besser.de\/en\/wp-json\/wp\/v2\/types\/page"}],"author":[{"embeddable":true,"href":"https:\/\/mit-musik-geht-reha-besser.de\/en\/wp-json\/wp\/v2\/users\/1"}],"replies":[{"embeddable":true,"href":"https:\/\/mit-musik-geht-reha-besser.de\/en\/wp-json\/wp\/v2\/comments?post=89"}],"version-history":[{"count":5,"href":"https:\/\/mit-musik-geht-reha-besser.de\/en\/wp-json\/wp\/v2\/pages\/89\/revisions"}],"predecessor-version":[{"id":499,"href":"https:\/\/mit-musik-geht-reha-besser.de\/en\/wp-json\/wp\/v2\/pages\/89\/revisions\/499"}],"wp:attachment":[{"href":"https:\/\/mit-musik-geht-reha-besser.de\/en\/wp-json\/wp\/v2\/media?parent=89"}],"curies":[{"name":"wp","href":"https:\/\/api.w.org\/{rel}","templated":true}]}}