{"id":91,"date":"2019-01-13T12:38:21","date_gmt":"2019-01-13T12:38:21","guid":{"rendered":"http:\/\/mit-musik-geht-reha-besser.de\/?page_id=91"},"modified":"2024-06-25T09:42:56","modified_gmt":"2024-06-25T09:42:56","slug":"nachrichten","status":"publish","type":"page","link":"https:\/\/mit-musik-geht-reha-besser.de\/en\/nachrichten\/","title":{"rendered":"news"},"content":{"rendered":"\n<h4 class=\"wp-block-heading\">Musik als Therapieempfehlung bei Bewusstseinsst\u00f6rung<\/h4>\n\n\n\n<p>25-06-2024. Nach Hirnsch\u00e4digung durch eine neurologische Erkrankung, einen Schlaganfall, ein Sch\u00e4delhirntrauma oder als Folge einer Tumorentfernung k\u00f6nnen schwerwiegende St\u00f6rungen des Bewusstseins auftreten. Diese werden auch als Wachkoma, <em>minimal responsive state <\/em>oder <em>vegetative state<\/em> bezeichnet. Die Dt. Gesellschaft f\u00fcr Neurologie empfiehlt in ihrer Leitlinie Musiktherapie. <a href=\"https:\/\/mit-musik-geht-reha-besser.de\/musik-als-therapieempfehlung-bei-bewusstseinsstoerung\/\" data-type=\"page\" data-id=\"1261\">[weiter lesen &#8230;]<\/a><\/p>\n\n\n\n<h4 class=\"wp-block-heading\">Pers\u00f6nliche Musik-Playlists helfen bei Entspannung, zur Aufhellung der Stimmung und beim Gehen<\/h4>\n\n\n\n<p>12-05-2024. Musik hat starke Auswirkungen auf uns Menschen. Und das in vielerlei Hinsicht. Entspannung, Wachheit, Energie, Konzentration, Beweglichkeit, Kraft, sogar unser Schmerzempfinden k\u00f6nnen unmittelbar durch Musik verbessert werden. Viele dieser positiven Wirkungen beruhen auf allgemeinen physiologischen Prinzipien. Dennoch ist es wichtig, dass die Musik pers\u00f6nlich passt. <a href=\"https:\/\/mit-musik-geht-reha-besser.de\/playlists\/\" data-type=\"page\" data-id=\"1233\">[weiter lesen &#8230;]<\/a><\/p>\n\n\n\n<h4 class=\"wp-block-heading\">Singen verbessert Stimme und Atmung bei Parkinson<\/h4>\n\n\n\n<p>\n\n<\/p>\n<p>24-03-2023. Neben den motorischen Symptomen ist die Sprechst\u00f6rung (Dysarthrie) ein weit verbreitetes Symptom bei Parkinson. Die Stimme wird heiserer, leiser und verliert an Ausdruck und Sprechmelodie. Damit verbunden sind Einschr\u00e4nkungen in der Kommunikationsf\u00e4higkeit und der Lebensqualit\u00e4t <a href=\"http:\/\/mit-musik-geht-reha-besser.de\/singen-verbessert-stimme-und-atmung-bei-parkinson\">[weiter lesen &#8230;]<\/a><\/p>\n<p>\n\n<\/p>\n\n\n\n<h4 class=\"wp-block-heading\">Musik hilft bei Reha mit Multipler Sklerose<\/h4>\n\n\n\n<p>27-02-2022. Multiple Sklerose ist eine neurologisch-fortschreitende Erkrankung mit sehr breit gef\u00e4chertem symptomatischem Erscheinungsbild. Es gibt sehr milde und langsam fortschreitende Verl\u00e4ufe mit kaum vorhandener Einschr\u00e4nkung der Lebensqualit\u00e4t. <a href=\"http:\/\/mit-musik-geht-reha-besser.de\/musik-hilft-bei-multipler-sklerose\" data-type=\"page\" data-id=\"728\">[weiter lesen &#8230;]<\/a><\/p>\n\n\n\n<h4 class=\"wp-block-heading\">Nationales Register Musiktherapie jetzt online<\/h4>\n\n\n\n<p>15-02-2022. Musiktherapie spielt eine immer gr\u00f6\u00dfere Rolle f\u00fcr komplexe Therapieprogramme in der Rehabilitation. Einer stetig wachsenden Zahl klinisch t\u00e4tiger Musiktherapeut.innen steht bislang eine eher unzureichende ambulante Versorgung gegen\u00fcber. <a href=\"http:\/\/mit-musik-geht-reha-besser.de\/nationales-register-musiktherapie\" data-type=\"page\" data-id=\"723\">[weiter lesen &#8230;]<\/a><\/p>\n\n\n\n<h4 class=\"wp-block-heading\">Mobil bleiben: Beelitzer Musikgymnastik bei Parkinson<\/h4>\n\n\n\n<p><em>03-06-2021.<\/em> In Bewegung bleiben ist das Wichtigste f\u00fcr Menschen mit Parkinson. Regelm\u00e4\u00dfige Bewegung kann dazu beitragen das Fortschreiten der Symptome zu verlangsamen. Neben der Quantit\u00e4t ist auch Qualit\u00e4t gefragt. Beides kann durch Musik angeregt werden. <a href=\"http:\/\/mit-musik-geht-reha-besser.de\/mobil-bleiben-beelitzer-musikgymnastik-bei-parkinson\" data-type=\"page\" data-id=\"638\">[weiter lesen &#8230;]<\/a><\/p>\n\n\n\n<h4 class=\"wp-block-heading\">Musiktraining gegen Neglect<\/h4>\n\n\n\n<p><em>17-06-2019<\/em>. Nach Hirnsch\u00e4digung (wie z.Bsp. Schlaganfall) leiden einige Patienten unter einem sogenannten Neglect. Dabei werden Sinneswahrnehmungen f\u00fcr eine K\u00f6rperseite nur unzureichend verarbeitet. <a href=\"http:\/\/mit-musik-geht-reha-besser.de\/musiktraining-gegen-neglect\">[weiter lesen \u2026]<\/a><\/p>\n\n\n\n<h4 class=\"wp-block-heading\">Musikgangtraining sch\u00fctzt vor St\u00fcrzen bei Parkinson<\/h4>\n\n\n\n<p><em>15-03-2019.<\/em> Immobilit\u00e4t und St\u00fcrze geh\u00f6ren zu den  gravierendsten Folgen der Parkinsonkrankheit. Insbesondere in  fortgeschrittenem Stadium der Erkrankung f\u00fchrt chronischer  Bewegungsmangel h\u00e4ufig verst\u00e4rkter Gangunsicherheit. Dies sch\u00fcrt bei  Betroffenen  die Angst zu st\u00fcrzen <a href=\"http:\/\/mit-musik-geht-reha-besser.de\/musikgangtraining-schuetzt-vor-stuerzen-bei-parkinson\">[weiter lesen &#8230;]<\/a><\/p>\n\n\n\n<h4 class=\"wp-block-heading\">Mit Musik aufs Laufband trotz Schlaganfall<\/h4>\n\n\n\n<p> <em>30-10-2018.<\/em> 60% aller Schlaganfallpatienten leiden unter St\u00f6rungen der Gehf\u00e4higkeit. &nbsp;Dies f\u00fchrt zu Einschr\u00e4nkungen der Teilhabe, beispielsweise Verlust von Arbeit oder &nbsp;Freizeitaktivit\u00e4ten. In der Reha steht die Wiederherstellung von sensomotorischen Funktionen <a href=\"http:\/\/mit-musik-geht-reha-besser.de\/musik-verbessert-laufbandtraining-nach-schlaganfall\">[weiter lesen \u2026]<\/a><\/p>\n\n\n\n<h4 class=\"wp-block-heading\">Reit- und Musiktherapie hilfreich nach Schlaganfall<\/h4>\n\n\n\n<p><em>18-08-2017.<\/em> Ein Schlaganfall stellt f\u00fcr viele Betroffenen einen massiven Einschnitt dar, der auf k\u00f6rperlicher und kognitiver Ebene zu massiven Funktionsausf\u00e4llen f\u00fchren kann. In der Rehabilitation wird mit Hilfe von funktionellen Therapieformen wie Physio- und Ergotherapie <a href=\"http:\/\/mit-musik-geht-reha-besser.de\/news-forschung170819\">[weiter lesen \u2026]<\/a><\/p>\n\n\n\n<h4 class=\"wp-block-heading\">Musiktherapie in Behandlungsleitlinie Parkinson verankert<\/h4>\n\n\n\n<p><em>12-06-2016.<\/em> Unter dem Dach der Arbeitsgemeinschaft der wissenschaftlichen medizinischen Fachgesellschaften (AWMF) wurde eine Behanldungsleitlinie f\u00fcr Morbus Parkinson herausgeben. Erstmals werden dort musiktherapeutische Behandlungsans\u00e4tze <a href=\"http:\/\/mit-musik-geht-reha-besser.de\/news-mt160712\">[weiter lesen \u2026]<\/a><\/p>\n\n\n\n<h4 class=\"wp-block-heading\">Didgeridoo und Gesangs\u00fcbungen gegen Schlafapnoe<\/h4>\n\n\n\n<p><em>03-06-2015.<\/em> N\u00e4chtliches Schnarchen st\u00f6rt nicht nur den Schlaf der Bettgenossen. Schnarcher leiden auch selbst unter ihren unwillk\u00fcrlichen Schlafger\u00e4uschen. <a href=\"http:\/\/mit-musik-geht-reha-besser.de\/didgeridoo-und-gesangsuebungen-gegen-schlafapnoe\">[weiter lesen \u2026]<\/a><\/p>\n\n\n\n<h4 class=\"wp-block-heading\">Bewegungstraining vom CD-Player<\/h4>\n\n\n\n<p><em>30-12-2014.<\/em> In der Sporthalle des Neurologischen Fachkrankenhauses f\u00fcr Bewegungsst\u00f6rungen und Parkinson in Beelitz-Heilst\u00e4tten sitzen&nbsp;12 Patienten in einem Stuhlkreis. Auf einmal ert\u00f6nt das Kommando <a href=\"http:\/\/mit-musik-geht-reha-besser.de\/bewegungstraining-aus-dem-cd-player\">[weiter lesen \u2026]<\/a><\/p>\n\n\n\n<h4 class=\"wp-block-heading\">Musik unterst\u00fctzt Ged\u00e4chtnis bei Multipler Sklerose<\/h4>\n\n\n\n<p><em>15-08-2014.<\/em> Bis zu 65% aller MS-Patienten leiden an kognitiven Beeintr\u00e4chtigungen, die sich negativ auf deren Lebensqualit\u00e4t, Freizeitm\u00f6glichkeiten sowie das Sozialleben auswirken. <a href=\"http:\/\/mit-musik-geht-reha-besser.de\/musik-unterstuetzt-gedaechtnis-bei-multipler-sklerose\">[weiter lesen \u2026]<\/a><\/p>\n\n\n\n<h4 class=\"wp-block-heading\">Klavierunterricht sch\u00fctzt vor Demenz und macht zufriedener<\/h4>\n\n\n\n<p><em>17-01-2014.<\/em> Schon l\u00e4nger wei\u00df man, dass sich das Gehirn lebenslang fortw\u00e4hrend ver\u00e4ndert, je nachdem wie wir unser Leben gestalten. Auch das Erlernen eines Musikinstruments<a href=\"http:\/\/mit-musik-geht-reha-besser.de\/klavierunterricht-schuetzt-vor-demenz-und-macht-zufriedener\"> [weiter lesen \u2026]<\/a><\/p>\n\n\n\n<h4 class=\"wp-block-heading\">Musik h\u00f6ren verbessert Stimmung und Kognition von Schlaganfallpatienten<\/h4>\n\n\n\n<p><em>01-02-2008.<\/em> Das H\u00f6ren von Musik in der ersten Zeit nach einem Schlaganfall kann die Genesung des Patienten unterst\u00fctzen. Finnische Forscher der Universit\u00e4t Helsingfors haben Patienten <a href=\"http:\/\/mit-musik-geht-reha-besser.de\/musik-hoeren-verbessert-stimmung-und-kognition-von-schlaganfallpatienten\">[weiter lesen \u2026]<\/a><\/p>\n","protected":false},"excerpt":{"rendered":"<p>Musik als Therapieempfehlung bei Bewusstseinsst\u00f6rung 25-06-2024. Nach Hirnsch\u00e4digung durch eine neurologische Erkrankung, einen Schlaganfall, ein Sch\u00e4delhirntrauma oder als Folge einer Tumorentfernung k\u00f6nnen schwerwiegende St\u00f6rungen des Bewusstseins auftreten. Diese werden auch als Wachkoma, minimal responsive state oder vegetative state bezeichnet. Die Dt. Gesellschaft f\u00fcr Neurologie empfiehlt in ihrer Leitlinie Musiktherapie. [weiter lesen &#8230;] Pers\u00f6nliche Musik-Playlists helfen [&hellip;]<\/p>\n","protected":false},"author":1,"featured_media":0,"parent":0,"menu_order":0,"comment_status":"closed","ping_status":"closed","template":"","meta":{"footnotes":""},"class_list":["post-91","page","type-page","status-publish","hentry"],"_links":{"self":[{"href":"https:\/\/mit-musik-geht-reha-besser.de\/en\/wp-json\/wp\/v2\/pages\/91","targetHints":{"allow":["GET"]}}],"collection":[{"href":"https:\/\/mit-musik-geht-reha-besser.de\/en\/wp-json\/wp\/v2\/pages"}],"about":[{"href":"https:\/\/mit-musik-geht-reha-besser.de\/en\/wp-json\/wp\/v2\/types\/page"}],"author":[{"embeddable":true,"href":"https:\/\/mit-musik-geht-reha-besser.de\/en\/wp-json\/wp\/v2\/users\/1"}],"replies":[{"embeddable":true,"href":"https:\/\/mit-musik-geht-reha-besser.de\/en\/wp-json\/wp\/v2\/comments?post=91"}],"version-history":[{"count":31,"href":"https:\/\/mit-musik-geht-reha-besser.de\/en\/wp-json\/wp\/v2\/pages\/91\/revisions"}],"predecessor-version":[{"id":1264,"href":"https:\/\/mit-musik-geht-reha-besser.de\/en\/wp-json\/wp\/v2\/pages\/91\/revisions\/1264"}],"wp:attachment":[{"href":"https:\/\/mit-musik-geht-reha-besser.de\/en\/wp-json\/wp\/v2\/media?parent=91"}],"curies":[{"name":"wp","href":"https:\/\/api.w.org\/{rel}","templated":true}]}}