{"id":1349,"date":"2025-07-05T07:49:57","date_gmt":"2025-07-05T07:49:57","guid":{"rendered":"https:\/\/mit-musik-geht-reha-besser.de\/?page_id=1349"},"modified":"2025-07-05T07:49:57","modified_gmt":"2025-07-05T07:49:57","slug":"references-poster-541-mainka","status":"publish","type":"page","link":"https:\/\/mit-musik-geht-reha-besser.de\/es\/references-poster-541-mainka\/","title":{"rendered":"Referencias P\u00f3ster 541 Mainka"},"content":{"rendered":"<p>1. Mainka, S, Lauermann, M, Ebersbach, G (2023). Desviaciones del balanceo de brazos en pacientes con enfermedad de Parkinson a diferentes velocidades de marcha. J Neural Transm. Mayo de 2023; 130(5):655-611. doi: 10.1017\/j.2023. <a href=\"https:\/\/doi.org\/10.1007\/s00702-023-02619-4\">10.1007\/s00702-023-02619-4<\/a><\/p>\n\n\n\n<p>2. Wood BH, Bilclough JA, Bowron A. Incidencia y predicci\u00f3n de ca\u00eddas en la enfermedad de Parkinson: un estudio multidisciplinario prospectivo. J Neurol Neurosurg Psychiatry 2002; 72:721-725. doi: <a href=\"https:\/\/doi.org\/10.1136\/jnnp.72.6.721\">10.1136\/jnnp.72.6.721<\/a><\/p>\n\n\n\n<p>3. Tsukita K, Sakamaki-Tsukita H, Takahashi R. Efecto a largo plazo de la actividad f\u00edsica regular y los h\u00e1bitos de ejercicio en pacientes con enfermedad de Parkinson temprana. Neurolog\u00eda. 22 de febrero de 2022;98(8):e859-e871. doi: <a href=\"https:\/\/doi.org\/10.1212\/wnl.0000000000013218\">10.1212\/WNL.0000000000013218<\/a><\/p>\n\n\n\n<p>4. Ghai S, Ghai I, Schmitz G, Effenberg AO. Efecto de la estimulaci\u00f3n auditiva r\u00edtmica en la marcha parkinsoniana: Una revisi\u00f3n sistem\u00e1tica y un metan\u00e1lisis. Sci Rep 2018; 8(1): 506. doi: 10.1016\/j.1016. <a href=\"https:\/\/doi.org\/10.1038\/s41598-017-16232-5\">10.1038\/s41598-017-16232-5<\/a><\/p>\n\n\n\n<p>5. Mainka, S, et al. (2021). El poder de la musificaci\u00f3n: la retroalimentaci\u00f3n musical basada en sensores mejora el balanceo de brazos en la enfermedad de Parkinson. Mov Dis Clin Prac 8(8): 1240-1247. doi: 10.1017\/j. <a href=\"https:\/\/doi.org\/10.1002\/mdc3.13352\">10.1002\/mdc3.13352<\/a><\/p>\n\n\n\n<p>6. Mainka, S. y Ebersbach, G. (2022). Viabilidad de la retroalimentaci\u00f3n musical basada en sensores en pacientes con EP. Congreso Internacional de la Sociedad de Trastornos del Movimiento, 15-18 de septiembre de 2022. Madrid. doi: 10.1017\/j. <a href=\"http:\/\/dx.doi.org\/10.13140\/RG.2.2.12831.43680\/1\">10.13140\/RG.2.2.12831.43680\/1<\/a><\/p>\n\n\n\n<p>7. <a href=\"https:\/\/mit-musik-geht-reha-besser.de\/en\/musik\/\">https:\/\/mit-musik-geht-reha-besser.de\/en\/musik\/<\/a><\/p>\n\n\n\n<p><\/p>","protected":false},"excerpt":{"rendered":"<p>1. Mainka, S, Lauermann, M, Ebersbach, G (2023). Arm swing deviations in patients with Parkinson\u2019s disease at different gait velocities. J Neural Transm. 2023 May; 130(5):655-611. doi: 10.1007\/s00702-023-02619-4 2. Wood BH, Bilclough JA, Bowron A. Incidence and prediction of falls in Parkinson\u2019s disease: a prospective multidisciplinary study. J Neurol Neurosurg Psychiatry 2002; 72: 721-725. \u00a0doi: [&hellip;]<\/p>\n","protected":false},"author":1,"featured_media":0,"parent":0,"menu_order":0,"comment_status":"closed","ping_status":"closed","template":"","meta":{"footnotes":""},"class_list":["post-1349","page","type-page","status-publish","hentry"],"_links":{"self":[{"href":"https:\/\/mit-musik-geht-reha-besser.de\/es\/wp-json\/wp\/v2\/pages\/1349","targetHints":{"allow":["GET"]}}],"collection":[{"href":"https:\/\/mit-musik-geht-reha-besser.de\/es\/wp-json\/wp\/v2\/pages"}],"about":[{"href":"https:\/\/mit-musik-geht-reha-besser.de\/es\/wp-json\/wp\/v2\/types\/page"}],"author":[{"embeddable":true,"href":"https:\/\/mit-musik-geht-reha-besser.de\/es\/wp-json\/wp\/v2\/users\/1"}],"replies":[{"embeddable":true,"href":"https:\/\/mit-musik-geht-reha-besser.de\/es\/wp-json\/wp\/v2\/comments?post=1349"}],"version-history":[{"count":1,"href":"https:\/\/mit-musik-geht-reha-besser.de\/es\/wp-json\/wp\/v2\/pages\/1349\/revisions"}],"predecessor-version":[{"id":1350,"href":"https:\/\/mit-musik-geht-reha-besser.de\/es\/wp-json\/wp\/v2\/pages\/1349\/revisions\/1350"}],"wp:attachment":[{"href":"https:\/\/mit-musik-geht-reha-besser.de\/es\/wp-json\/wp\/v2\/media?parent=1349"}],"curies":[{"name":"wp","href":"https:\/\/api.w.org\/{rel}","templated":true}]}}