{"id":143,"date":"2019-01-16T18:03:32","date_gmt":"2019-01-16T18:03:32","guid":{"rendered":"http:\/\/mit-musik-geht-reha-besser.de\/?page_id=143"},"modified":"2026-02-22T13:44:31","modified_gmt":"2026-02-22T13:44:31","slug":"startseite","status":"publish","type":"page","link":"https:\/\/mit-musik-geht-reha-besser.de\/es\/","title":{"rendered":"P\u00e1gina principal"},"content":{"rendered":"<div class=\"wp-block-image\">\n<figure class=\"alignright is-resized\"><img loading=\"lazy\" decoding=\"async\" width=\"300\" height=\"450\" src=\"http:\/\/mit-musik-geht-reha-besser.de\/wp-content\/uploads\/2019\/01\/TS_with-drum.jpg\" alt=\"\" class=\"wp-image-5\" style=\"width:97px;height:146px\" srcset=\"https:\/\/mit-musik-geht-reha-besser.de\/wp-content\/uploads\/2019\/01\/TS_with-drum.jpg 300w, https:\/\/mit-musik-geht-reha-besser.de\/wp-content\/uploads\/2019\/01\/TS_with-drum-200x300.jpg 200w\" sizes=\"auto, (max-width: 300px) 100vw, 300px\" \/><\/figure>\n<\/div>\n\n\n<p class=\"has-text-align-center\"><strong>Bitte unterst\u00fctzen Sie eine Petition zum Erhalt des Studiengangs Musiktherapie an der UdK Berlin! <\/strong><a href=\"http:\/\/openpetition.de\/!musiktherapieudk\" target=\"_blank\" rel=\"noreferrer noopener\"><strong>openpetition.de\/!musiktherapieudk<\/strong><\/a> <\/p>\n\n\n\n<p>Este sitio web proporciona informaci\u00f3n sobre la musicoterapia en la rehabilitaci\u00f3n neurol\u00f3gica, geri\u00e1trica y ortop\u00e9dica. <\/p>\n\n\n<div class=\"wp-block-image\">\n<figure class=\"alignleft is-resized\"><img loading=\"lazy\" decoding=\"async\" width=\"640\" height=\"480\" src=\"http:\/\/mit-musik-geht-reha-besser.de\/wp-content\/uploads\/2019\/01\/fm_training.jpg\" alt=\"\" class=\"wp-image-15\" style=\"width:72px;height:54px\" srcset=\"https:\/\/mit-musik-geht-reha-besser.de\/wp-content\/uploads\/2019\/01\/fm_training.jpg 640w, https:\/\/mit-musik-geht-reha-besser.de\/wp-content\/uploads\/2019\/01\/fm_training-300x225.jpg 300w\" sizes=\"auto, (max-width: 640px) 100vw, 640px\" \/><\/figure>\n<\/div>\n\n\n<p>Musicoterapia para pacientes neurol\u00f3gicos, geri\u00e1tricos y ortop\u00e9dicos (<a href=\"http:\/\/mit-musik-geht-reha-besser.de\/es\/stroke\/\">ataque<\/a>, <a href=\"http:\/\/mit-musik-geht-reha-besser.de\/es\/parkinson\/\">Parkinson<\/a>, <a href=\"http:\/\/mit-musik-geht-reha-besser.de\/es\/wachkoma-2\/\">estado vegetativo<\/a>, <a href=\"http:\/\/mit-musik-geht-reha-besser.de\/es\/sht\/\">Lesi\u00f3n cerebral traum\u00e1tica<\/a> etc.) ofrece una variedad de posibilidades de aplicaci\u00f3n efectivas en las \u00e1reas <a href=\"http:\/\/mit-musik-geht-reha-besser.de\/es\/neurologische-musiktherapie-motoriktraining\/\">sensoriomotor<\/a>, <a href=\"http:\/\/mit-musik-geht-reha-besser.de\/es\/aphasie\/\">ling\u00fc\u00edstico<\/a>, <a href=\"http:\/\/mit-musik-geht-reha-besser.de\/es\/neurologische-musiktherapie-hirnleistungstraining\/\">cognitivo<\/a> y <a href=\"http:\/\/mit-musik-geht-reha-besser.de\/es\/musiktherapeutische-psychotherapie\/\">psicol\u00f3gico<\/a> Terapia. En particular, la creaci\u00f3n musical activa estimula diversas redes neuronales. Esto puede mejorar las funciones motoras, como la movilidad de las manos y los dedos o la marcha, as\u00ed como las habilidades ling\u00fc\u00edsticas, como la producci\u00f3n y comprensi\u00f3n del habla (en casos de...). <a href=\"https:\/\/mit-musik-geht-reha-besser.de\/es\/aphasie\/\" data-type=\"page\" data-id=\"216\">afasia<\/a>) y mejorar capacidades cognitivas como la atenci\u00f3n, la planificaci\u00f3n de acciones, la percepci\u00f3n auditiva y la integraci\u00f3n sensorial. <\/p>\n\n\n\n<p>En musicoterapia se desarrollan actividades espec\u00edficas relacionadas con la m\u00fasica que se basan en habilidades musicales b\u00e1sicas como el movimiento r\u00edtmico, la vocalizaci\u00f3n mel\u00f3dica o la afinidad emocional con la m\u00fasica.<\/p>\n\n\n<div class=\"wp-block-image\">\n<figure class=\"alignright is-resized\"><img loading=\"lazy\" decoding=\"async\" width=\"500\" height=\"667\" src=\"http:\/\/mit-musik-geht-reha-besser.de\/wp-content\/uploads\/2019\/01\/klavier-mit-therapeutin.jpg\" alt=\"\" class=\"wp-image-10\" style=\"width:90px;height:120px\" srcset=\"https:\/\/mit-musik-geht-reha-besser.de\/wp-content\/uploads\/2019\/01\/klavier-mit-therapeutin.jpg 500w, https:\/\/mit-musik-geht-reha-besser.de\/wp-content\/uploads\/2019\/01\/klavier-mit-therapeutin-225x300.jpg 225w\" sizes=\"auto, (max-width: 500px) 100vw, 500px\" \/><\/figure>\n<\/div>\n\n\n<p>Bajo <a href=\"http:\/\/mit-musik-geht-reha-besser.de\/es\/musik\/\">M\u00fasica<\/a> Aqu\u00ed encontrar\u00e1 descargas de m\u00fasica especialmente seleccionadas para ejercicios de relajaci\u00f3n y terapia motora. <a href=\"https:\/\/mit-musik-geht-reha-besser.de\/es\/musik\/\" data-type=\"page\" data-id=\"90\">Listas de reproducci\u00f3n<\/a> para el entrenamiento terap\u00e9utico de la marcha y la activaci\u00f3n emocional-motivacional.<\/p>\n\n\n\n<p>En la secci\u00f3n <a href=\"http:\/\/mit-musik-geht-reha-besser.de\/es\/nachrichten\/\">Noticias<\/a> Aqu\u00ed encontrar\u00e1 art\u00edculos de investigaci\u00f3n as\u00ed como noticias actuales sobre el tema de la musicoterapia rehabilitadora.<\/p>\n\n\n<div class=\"wp-block-image\">\n<figure class=\"alignleft size-large is-resized\"><img loading=\"lazy\" decoding=\"async\" width=\"1024\" height=\"1024\" src=\"http:\/\/mit-musik-geht-reha-besser.de\/wp-content\/uploads\/2022\/11\/Schluck-Wecker-mp3-image-1024x1024.png\" alt=\"\" class=\"wp-image-817\" style=\"width:58px;height:58px\" srcset=\"https:\/\/mit-musik-geht-reha-besser.de\/wp-content\/uploads\/2022\/11\/Schluck-Wecker-mp3-image-1024x1024.png 1024w, https:\/\/mit-musik-geht-reha-besser.de\/wp-content\/uploads\/2022\/11\/Schluck-Wecker-mp3-image-300x300.png 300w, https:\/\/mit-musik-geht-reha-besser.de\/wp-content\/uploads\/2022\/11\/Schluck-Wecker-mp3-image-150x150.png 150w, https:\/\/mit-musik-geht-reha-besser.de\/wp-content\/uploads\/2022\/11\/Schluck-Wecker-mp3-image-768x768.png 768w, https:\/\/mit-musik-geht-reha-besser.de\/wp-content\/uploads\/2022\/11\/Schluck-Wecker-mp3-image-1536x1536.png 1536w, https:\/\/mit-musik-geht-reha-besser.de\/wp-content\/uploads\/2022\/11\/Schluck-Wecker-mp3-image-12x12.png 12w, https:\/\/mit-musik-geht-reha-besser.de\/wp-content\/uploads\/2022\/11\/Schluck-Wecker-mp3-image.png 1944w\" sizes=\"auto, (max-width: 1024px) 100vw, 1024px\" \/><\/figure>\n<\/div>\n\n\n<p>Bajo <a href=\"http:\/\/mit-musik-geht-reha-besser.de\/es\/zubehoer\/\" data-type=\"page\" data-id=\"336\">Accesorios<\/a> \u00bfSe enumeran las ayudas y materiales para la musicoterapia de rehabilitaci\u00f3n, como por ejemplo: <a href=\"http:\/\/mit-musik-geht-reha-besser.de\/es\/schluck-wecker\/\" data-type=\"page\" data-id=\"814\">Despertador de golondrinas<\/a>. Fue desarrollado para el apoyo terap\u00e9utico de personas con trastornos de la degluci\u00f3n (disfagia).<\/p>\n\n\n\n\n\n<p><\/p>","protected":false},"excerpt":{"rendered":"<p>Bitte unterst\u00fctzen Sie eine Petition zum Erhalt des Studiengangs Musiktherapie an der UdK Berlin! openpetition.de\/!musiktherapieudk Auf dieser Internetseite finden Sie Informationen \u00fcber Musiktherapie in der neurologischen, geriatrischen und orthop\u00e4dischen Rehabilitation. Musiktherapie f\u00fcr neurologische, geriatrische und orthop\u00e4dische Patienten (Schlaganfall, Parkinson, Wachkoma, Sch\u00e4delhirntrauma usw.) bietet eine Vielzahl wirksamer Anwendungsm\u00f6glichkeiten in den Bereichen sensomotorischer, sprachlicher, kognitiver und psychologischer [&hellip;]<\/p>\n","protected":false},"author":1,"featured_media":0,"parent":0,"menu_order":0,"comment_status":"closed","ping_status":"closed","template":"","meta":{"footnotes":""},"class_list":["post-143","page","type-page","status-publish","hentry"],"_links":{"self":[{"href":"https:\/\/mit-musik-geht-reha-besser.de\/es\/wp-json\/wp\/v2\/pages\/143","targetHints":{"allow":["GET"]}}],"collection":[{"href":"https:\/\/mit-musik-geht-reha-besser.de\/es\/wp-json\/wp\/v2\/pages"}],"about":[{"href":"https:\/\/mit-musik-geht-reha-besser.de\/es\/wp-json\/wp\/v2\/types\/page"}],"author":[{"embeddable":true,"href":"https:\/\/mit-musik-geht-reha-besser.de\/es\/wp-json\/wp\/v2\/users\/1"}],"replies":[{"embeddable":true,"href":"https:\/\/mit-musik-geht-reha-besser.de\/es\/wp-json\/wp\/v2\/comments?post=143"}],"version-history":[{"count":17,"href":"https:\/\/mit-musik-geht-reha-besser.de\/es\/wp-json\/wp\/v2\/pages\/143\/revisions"}],"predecessor-version":[{"id":1432,"href":"https:\/\/mit-musik-geht-reha-besser.de\/es\/wp-json\/wp\/v2\/pages\/143\/revisions\/1432"}],"wp:attachment":[{"href":"https:\/\/mit-musik-geht-reha-besser.de\/es\/wp-json\/wp\/v2\/media?parent=143"}],"curies":[{"name":"wp","href":"https:\/\/api.w.org\/{rel}","templated":true}]}}