{"id":173,"date":"2019-01-19T14:16:05","date_gmt":"2019-01-19T14:16:05","guid":{"rendered":"http:\/\/mit-musik-geht-reha-besser.de\/?page_id=173"},"modified":"2025-07-31T18:53:57","modified_gmt":"2025-07-31T18:53:57","slug":"impressum","status":"publish","type":"page","link":"https:\/\/mit-musik-geht-reha-besser.de\/es\/impressum\/","title":{"rendered":"imprimir"},"content":{"rendered":"<figure class=\"wp-block-table aligncenter is-style-stripes\"><table><tbody><tr><td>Operador, implementaci\u00f3n, dise\u00f1o web:               <\/td><td>                                                                                                         <a href=\"http:\/\/mit-musik-geht-reha-besser.de\/es\/stefan-mainka\/\">Dr. Stefan Mainka<\/a>            <br>                                                                                             Anillo de grado Hans 13<br> 14480 Potsdam <br> ALEMANIA   <br>frage@mit-musik-geht-reha-besser.de            <\/td><\/tr><tr><td>Autores:<\/td><td>Dr. Stefan Mainka, Karin B\u00f6seler (estado vegetativo), Stephan Koslik (lesi\u00f3n cerebral traum\u00e1tica), Stefanie B\u00f6ttger (funci\u00f3n cerebral NMT), Dr. Matthias Gr\u00fcn (noticia), Kathrin Mertel (noticia), Monika Platten, Elke Rohde (noticia), Selma Gros (noticia)<\/td><\/tr><tr><td>Consejo: <\/td><td>M\u00f3nica Baumann <\/td><\/tr><tr><td>Fotos:<\/td><td>Karin B\u00f6seler, Stefan Mainka, generado con MS Copilot<\/td><\/tr><tr><td><strong>Descargo de responsabilidad <\/strong><\/td><td>\n              \n              \n              \n              \n              \n              \n              A pesar de la revisi\u00f3n minuciosa del contenido, no asumimos ninguna responsabilidad por el contenido de los enlaces externos. Los operadores de los sitios web enlazados son los \u00fanicos responsables de su contenido.\n\n\n\n\n\n\n\n              <\/td><\/tr><tr><td><strong>Aviso de propiedad<\/strong><\/td><td>Todas las fotograf\u00edas, gr\u00e1ficos y archivos MP3 utilizados no pueden utilizarse con fines comerciales ni publicarse de ning\u00fan otro modo.<\/td><\/tr><\/tbody><\/table><\/figure>","protected":false},"excerpt":{"rendered":"<p>Betreiber,&nbsp;Umsetzung, Webdesign: Dr. Stefan Mainka Hans-Grade-Ring 13 14480 Potsdam DEUTSCHLAND frage@mit-musik-geht-reha-besser.de Autoren: Dr. phil. Stefan Mainka, Karin B\u00f6seler (Wachkoma), Stephan Koslik (Sch\u00e4delhirntrauma), Stefanie B\u00f6ttger (NMT-Hirnleistung), Dr.phil. Matthias Gr\u00fcn (Nachrichten), Kathrin Mertel (Nachrichten), Monika Platten, Elke Rohde (Nachrichten), Selma Gros (Nachrichten) Beratung: Monika Baumann Fotos: Karin B\u00f6seler, Stefan Mainka, generiert mit MS Copilot Haftungshinweis Trotz sorgf\u00e4ltiger [&hellip;]<\/p>\n","protected":false},"author":1,"featured_media":0,"parent":0,"menu_order":1,"comment_status":"closed","ping_status":"closed","template":"","meta":{"footnotes":""},"class_list":["post-173","page","type-page","status-publish","hentry"],"_links":{"self":[{"href":"https:\/\/mit-musik-geht-reha-besser.de\/es\/wp-json\/wp\/v2\/pages\/173","targetHints":{"allow":["GET"]}}],"collection":[{"href":"https:\/\/mit-musik-geht-reha-besser.de\/es\/wp-json\/wp\/v2\/pages"}],"about":[{"href":"https:\/\/mit-musik-geht-reha-besser.de\/es\/wp-json\/wp\/v2\/types\/page"}],"author":[{"embeddable":true,"href":"https:\/\/mit-musik-geht-reha-besser.de\/es\/wp-json\/wp\/v2\/users\/1"}],"replies":[{"embeddable":true,"href":"https:\/\/mit-musik-geht-reha-besser.de\/es\/wp-json\/wp\/v2\/comments?post=173"}],"version-history":[{"count":10,"href":"https:\/\/mit-musik-geht-reha-besser.de\/es\/wp-json\/wp\/v2\/pages\/173\/revisions"}],"predecessor-version":[{"id":1363,"href":"https:\/\/mit-musik-geht-reha-besser.de\/es\/wp-json\/wp\/v2\/pages\/173\/revisions\/1363"}],"wp:attachment":[{"href":"https:\/\/mit-musik-geht-reha-besser.de\/es\/wp-json\/wp\/v2\/media?parent=173"}],"curies":[{"name":"wp","href":"https:\/\/api.w.org\/{rel}","templated":true}]}}