{"id":207,"date":"2019-01-19T15:38:37","date_gmt":"2019-01-19T15:38:37","guid":{"rendered":"http:\/\/mit-musik-geht-reha-besser.de\/?page_id=207"},"modified":"2026-01-09T14:01:46","modified_gmt":"2026-01-09T14:01:46","slug":"stroke","status":"publish","type":"page","link":"https:\/\/mit-musik-geht-reha-besser.de\/es\/stroke\/","title":{"rendered":"ataque"},"content":{"rendered":"<div class=\"wp-block-image is-resized\">\n<figure class=\"alignright\"><img loading=\"lazy\" decoding=\"async\" width=\"300\" height=\"450\" src=\"http:\/\/mit-musik-geht-reha-besser.de\/wp-content\/uploads\/2019\/01\/TS_with-drum.jpg\" alt=\"\" class=\"wp-image-5\" srcset=\"https:\/\/mit-musik-geht-reha-besser.de\/wp-content\/uploads\/2019\/01\/TS_with-drum.jpg 300w, https:\/\/mit-musik-geht-reha-besser.de\/wp-content\/uploads\/2019\/01\/TS_with-drum-200x300.jpg 200w\" sizes=\"auto, (max-width: 300px) 100vw, 300px\" \/><\/figure>\n<\/div>\n\n\n<p>Ein Schlaganfall (oder auch Apoplex) ist ein pl\u00f6tzlich auftretendes Ereignis bei dem im Gehirn bestimmte Regionen zeitweise nicht mit frischem Blut und mit Sauerstoff versorgt werden. Dies kann verschiedente neurologische Symptome nach sich ziehen. Die meisten Rehakliniken haben Musiktherapie in ihrem therapeutischen Angebot. Es gibt eine Reihe effektiver Methoden f\u00fcr Patienten nach Schlaganfall.<\/p>\n\n\n\n<p>Lo mejor investigado es el <a href=\"http:\/\/mit-musik-geht-reha-besser.de\/es\/neurologische-musiktherapie-motoriktraining\/\">Entrenamiento de la marcha con m\u00fasica<\/a> (Estimulaci\u00f3n r\u00edtmico-auditiva). Estudios cl\u00ednicos (ver\u00a0<a href=\"http:\/\/mit-musik-geht-reha-besser.de\/es\/nachrichten\/\">Noticias<\/a>) konnten zeigen, dass Schlaganfallpatienten von einem musikalisierten Gangtraining mehr und schneller profitieren als von anderen Verfahren.\u00a0Verwendet wird zumeist <a href=\"http:\/\/mit-musik-geht-reha-besser.de\/es\/musik\/\">M\u00fasica de entrenamiento<\/a>, welche exakt an das individuelle Gehtempo des Patienten angepasst wird. H\u00e4ufig gilt es dabei, den Patienten zun\u00e4chst leicht in seinem Gangrhythmus zu bremsen. Dies dient der Wieder-einbeziehung der betroffenen gel\u00e4hmten K\u00f6rperseite und f\u00f6rdert langfristig die Wiedererlangungung eines symmetrischen und physiologischen Gangbilds.<\/p>\n\n\n<div class=\"wp-block-image is-resized\">\n<figure class=\"alignleft\"><img loading=\"lazy\" decoding=\"async\" width=\"500\" height=\"667\" src=\"http:\/\/mit-musik-geht-reha-besser.de\/wp-content\/uploads\/2019\/01\/klavier-mit-therapeutin.jpg\" alt=\"\" class=\"wp-image-10\" srcset=\"https:\/\/mit-musik-geht-reha-besser.de\/wp-content\/uploads\/2019\/01\/klavier-mit-therapeutin.jpg 500w, https:\/\/mit-musik-geht-reha-besser.de\/wp-content\/uploads\/2019\/01\/klavier-mit-therapeutin-225x300.jpg 225w\" sizes=\"auto, (max-width: 500px) 100vw, 500px\" \/><\/figure>\n<\/div>\n\n\n<p>Eso tambi\u00e9n <a href=\"http:\/\/mit-musik-geht-reha-besser.de\/es\/neurologische-musiktherapie-motoriktraining\/\">Entrenamiento de brazos y manos<\/a> l\u00e4sst sich nach einem Schlaganfall durch musiktherapeutische Methoden unterst\u00fctzen. Dabei kommen leicht handhabbare Musikinstrumente zum Einsatz. Die Spielbewegungen werden abge\u00e4ndert und individuell angepasst, sodass sie das motorische Rehaziel unterst\u00fctzen. Auch diese Behandlungstechnik wurde bereits\u00a0klinisch erprobt.<\/p>\n\n\n\n<p>Einige Schlaganfallbetroffene leiden <a href=\"https:\/\/mit-musik-geht-reha-besser.de\/es\/aphasie\/\" data-type=\"page\" data-id=\"216\">an Sprach- oder Sprecheinschr\u00e4nkungen<\/a>. Auch hier bietet die Musiktherapie wirksame Therapietechniken, die sowohl die gest\u00f6rten Sprachfunktionen also auch f\u00fcr isolierte soziale Situation der Patienten in den Blick nehmen. <\/p>\n\n\n\n<p>Die Vernachl\u00e4ssigung einer Raumseite, der sogenannte Neglect l\u00e4sst sich auch musiktherapeutisch behandeln. Hierf\u00fcr eignet sich das musikalische Neglecttraining &#8211; auch eine Technik der <a href=\"http:\/\/mit-musik-geht-reha-besser.de\/es\/neurologische-musiktherapie\/\">Musicoterapia neurol\u00f3gica<\/a>. Hier werden leicht handhabbare Instrumente genutzt, um die gest\u00f6rten Hirnareale wieder zu trainieren. Wie alle Behandlungstechniken der Musiktherapie sind daf\u00fcr beim Patienten keine Vorkenntnisse erforderlich.<\/p>\n\n\n\n<p>Los afectados tambi\u00e9n est\u00e1n expuestos a un estr\u00e9s psicol\u00f3gico severo tras sufrir un ictus repentino. En este caso, <a href=\"http:\/\/mit-musik-geht-reha-besser.de\/es\/musiktherapeutische-psychotherapie\/\">Terapia musical individual<\/a> sehr hilfreich sein, um die psychische Verfasstheit wieder zu stabilisieren (siehe dazu auch <a href=\"file:\/\/\/G:\/web%20site\/WEB%20SPACE%201&amp;1\/Mit-Musik-geht-Reha-besser\/html\/publik\/publik022008.html\"><\/a><a href=\"http:\/\/mit-musik-geht-reha-besser.de\/es\/nachrichten\/\">Noticias<\/a>). Dies ist insbesondere von Bedeutung, da die eine stabile Psyche in der subakuten Rehabilitation von gro\u00dfer Bedeutung f\u00fcr die Effektivit\u00e4t von rehabilitativen Therapieprogrammen ist. Musiktherapie bietet hier einen teilweise nonverbalen, emotionalisierenden und \u00e4sthetisch ansprechenden Behandlungsrahmen. Dadurch k\u00f6nnen auch Patienten mit sprachlichen und kognitiven Einschr\u00e4nkungen psychotherapeutisch aufgefangen werden. <\/p>\n\n\n\n<p>Die vielf\u00e4ltigen Wirkungen der Musik auf Entspannung, zur Verbesserung von Stimmung und Antrieb und zur Stimulation der Beweglichkeit und des Gehens nach Schlaganfall lassen sich auch au\u00dferhalb vom -institutionell-station\u00e4ren und therapeutischen Einrichtungen nutzen, indem man sich personalisierte Playlists anlegt. <a href=\"https:\/\/mit-musik-geht-reha-besser.de\/es\/playlists\/\" data-type=\"page\" data-id=\"1233\">Aqu\u00ed te explicamos c\u00f3mo hacerlo bien.<\/a><\/p>","protected":false},"excerpt":{"rendered":"<p>Ein Schlaganfall (oder auch Apoplex) ist ein pl\u00f6tzlich auftretendes Ereignis bei dem im Gehirn bestimmte Regionen zeitweise nicht mit frischem Blut und mit Sauerstoff versorgt werden. Dies kann verschiedente neurologische Symptome nach sich ziehen. Die meisten Rehakliniken haben Musiktherapie in ihrem therapeutischen Angebot. Es gibt eine Reihe effektiver Methoden f\u00fcr Patienten nach Schlaganfall. Am besten [&hellip;]<\/p>\n","protected":false},"author":1,"featured_media":5,"parent":0,"menu_order":3,"comment_status":"closed","ping_status":"closed","template":"","meta":{"footnotes":""},"class_list":["post-207","page","type-page","status-publish","has-post-thumbnail","hentry"],"_links":{"self":[{"href":"https:\/\/mit-musik-geht-reha-besser.de\/es\/wp-json\/wp\/v2\/pages\/207","targetHints":{"allow":["GET"]}}],"collection":[{"href":"https:\/\/mit-musik-geht-reha-besser.de\/es\/wp-json\/wp\/v2\/pages"}],"about":[{"href":"https:\/\/mit-musik-geht-reha-besser.de\/es\/wp-json\/wp\/v2\/types\/page"}],"author":[{"embeddable":true,"href":"https:\/\/mit-musik-geht-reha-besser.de\/es\/wp-json\/wp\/v2\/users\/1"}],"replies":[{"embeddable":true,"href":"https:\/\/mit-musik-geht-reha-besser.de\/es\/wp-json\/wp\/v2\/comments?post=207"}],"version-history":[{"count":11,"href":"https:\/\/mit-musik-geht-reha-besser.de\/es\/wp-json\/wp\/v2\/pages\/207\/revisions"}],"predecessor-version":[{"id":1429,"href":"https:\/\/mit-musik-geht-reha-besser.de\/es\/wp-json\/wp\/v2\/pages\/207\/revisions\/1429"}],"wp:featuredmedia":[{"embeddable":true,"href":"https:\/\/mit-musik-geht-reha-besser.de\/es\/wp-json\/wp\/v2\/media\/5"}],"wp:attachment":[{"href":"https:\/\/mit-musik-geht-reha-besser.de\/es\/wp-json\/wp\/v2\/media?parent=207"}],"curies":[{"name":"wp","href":"https:\/\/api.w.org\/{rel}","templated":true}]}}