{"id":208,"date":"2019-01-19T15:43:54","date_gmt":"2019-01-19T15:43:54","guid":{"rendered":"http:\/\/mit-musik-geht-reha-besser.de\/?page_id=208"},"modified":"2025-06-25T19:11:11","modified_gmt":"2025-06-25T19:11:11","slug":"neurologische-musiktherapie","status":"publish","type":"page","link":"https:\/\/mit-musik-geht-reha-besser.de\/es\/neurologische-musiktherapie\/","title":{"rendered":"Musicoterapia neurol\u00f3gica\u00ae"},"content":{"rendered":"<div class=\"wp-block-image\">\n<figure class=\"alignright is-resized\"><img loading=\"lazy\" decoding=\"async\" width=\"500\" height=\"667\" src=\"http:\/\/mit-musik-geht-reha-besser.de\/wp-content\/uploads\/2019\/01\/klavier-mit-therapeutin.jpg\" alt=\"\" class=\"wp-image-10\" style=\"width:92px;height:123px\" srcset=\"https:\/\/mit-musik-geht-reha-besser.de\/wp-content\/uploads\/2019\/01\/klavier-mit-therapeutin.jpg 500w, https:\/\/mit-musik-geht-reha-besser.de\/wp-content\/uploads\/2019\/01\/klavier-mit-therapeutin-225x300.jpg 225w\" sizes=\"auto, (max-width: 500px) 100vw, 500px\" \/><\/figure>\n<\/div>\n\n\n<p>Musicoterapia neurol\u00f3gica<sup>\u00ae<\/sup> (NMT\u2122) es la aplicaci\u00f3n terap\u00e9utica de la m\u00fasica en <a href=\"http:\/\/mit-musik-geht-reha-besser.de\/es\/neurologische-musiktherapie-hirnleistungstraining\/\">cognitivo<\/a>, y\u00a0<a href=\"http:\/\/mit-musik-geht-reha-besser.de\/es\/neurologische-musiktherapie-motoriktraining\/\">entrenamiento funcional sensoriomotor<\/a> \u2013 como tambi\u00e9n ocurre con la formaci\u00f3n de <a href=\"http:\/\/mit-musik-geht-reha-besser.de\/es\/neurologische-musiktherapie-sprach-sprech-und-stimmtraining\/\">Habla y lenguaje<\/a> para pacientes neurol\u00f3gicos.\u00a0<\/p>\n\n\n\n<p>NMT\u2122 es una metodolog\u00eda de tratamiento basada en la investigaci\u00f3n. Las t\u00e9cnicas de tratamiento se fundamentan en la comprensi\u00f3n cient\u00edfica de la percepci\u00f3n y producci\u00f3n musical y su impacto en las funciones cerebrales y conductuales no musicales.\u00a0<\/p>\n\n\n\n<figure class=\"wp-block-embed alignleft is-type-video is-provider-vimeo wp-block-embed-vimeo\"><div class=\"wp-block-embed__wrapper\">\n<iframe loading=\"lazy\" title=\"Musicoterapia neurol\u00f3gica para la enfermedad de Parkinson y el accidente cerebrovascular\" src=\"https:\/\/player.vimeo.com\/video\/317795196?dnt=1&amp;app_id=122963\" width=\"380\" height=\"240\" frameborder=\"0\" allow=\"autoplay; fullscreen; picture-in-picture; clipboard-write; encrypted-media; web-share\"><\/iframe>\n<\/div><\/figure>\n\n\n\n<p>El espectro de indicaciones de NMT\u2122 incluye: <a href=\"http:\/\/mit-musik-geht-reha-besser.de\/es\/stroke\/\">ataque<\/a>, <a href=\"http:\/\/mit-musik-geht-reha-besser.de\/es\/sht\/\">Lesi\u00f3n cerebral traum\u00e1tica<\/a>, <a href=\"http:\/\/mit-musik-geht-reha-besser.de\/es\/parkinson\/\">M. Parkinson<\/a> y la enfermedad de Huntington, la par\u00e1lisis cerebral infantil, la enfermedad de Alzheimer, el autismo y otros trastornos neurol\u00f3gicos, que <a href=\"file:\/\/\/G:\/web%20site\/WEB%20SPACE%201&amp;1\/Mit-Musik-geht-Reha-besser\/html\/nmt-kogni.html\">Cognici\u00f3n<\/a>, <a href=\"file:\/\/\/G:\/web%20site\/WEB%20SPACE%201&amp;1\/Mit-Musik-geht-Reha-besser\/html\/nmt-motor.html\">Movimiento<\/a> y <a href=\"http:\/\/mit-musik-geht-reha-besser.de\/es\/neurologische-musiktherapie-sprach-sprech-und-stimmtraining\/\">comunicaci\u00f3n<\/a> deteriorar (por ejemplo, esclerosis m\u00faltiple, distrofia muscular, etc.).<\/p>\n\n\n\n<p>NMT\u2122 es utilizado por musicoterapeutas certificados. Estos est\u00e1n capacitados en un <a href=\"https:\/\/nmtacademy.co\/home-2\/\">registro<\/a> el <a aria-label=\" (se abre en una nueva pesta\u00f1a)\" href=\"https:\/\/nmtacademy.co\/\" target=\"_blank\" rel=\"noreferrer noopener\">Academia RF Unkefer de Musicoterapia Neurol\u00f3gica<\/a>NMT\u2122 es un m\u00e9todo reconocido cient\u00edficamente por la Federaci\u00f3n Mundial de Rehabilitaci\u00f3n Neurol\u00f3gica (WFNR).<\/p>\n\n\n\n<p>Los terapeutas de NMT\u2122 se re\u00fanen peri\u00f3dicamente para <a href=\"http:\/\/mit-musik-geht-reha-besser.de\/es\/nmt-online-intervision\/\" data-type=\"page\" data-id=\"422\">Intervisi\u00f3n en l\u00ednea.<\/a><\/p>","protected":false},"excerpt":{"rendered":"<p>Neurologische Musiktherapie\u00ae (NMT\u2122) ist die therapeutische Anwendung von Musik bei kognitivem,\u00a0und\u00a0sensomotorischem Funktionstraining &#8211; wie auch beim Training von Sprechen und Sprache f\u00fcr neurologische Patienten.\u00a0 NMT\u2122 ist eine forschungsbasierte Behandlungsmethodik. Die Behandlungstechniken basieren auf dem wissenschaftlichen Erkenntnisstand \u00fcber Musikwahrnehmung und -produktion und deren Auswirkung auf nichtmusikalische Gehirn- und Verhaltensfunktionen.\u00a0 Das Indikationsspektrum von NMT\u2122 beinhaltet: Schlaganfall, Sch\u00e4delhirntrauma, [&hellip;]<\/p>\n","protected":false},"author":1,"featured_media":0,"parent":0,"menu_order":2,"comment_status":"closed","ping_status":"closed","template":"","meta":{"footnotes":""},"class_list":["post-208","page","type-page","status-publish","hentry"],"_links":{"self":[{"href":"https:\/\/mit-musik-geht-reha-besser.de\/es\/wp-json\/wp\/v2\/pages\/208","targetHints":{"allow":["GET"]}}],"collection":[{"href":"https:\/\/mit-musik-geht-reha-besser.de\/es\/wp-json\/wp\/v2\/pages"}],"about":[{"href":"https:\/\/mit-musik-geht-reha-besser.de\/es\/wp-json\/wp\/v2\/types\/page"}],"author":[{"embeddable":true,"href":"https:\/\/mit-musik-geht-reha-besser.de\/es\/wp-json\/wp\/v2\/users\/1"}],"replies":[{"embeddable":true,"href":"https:\/\/mit-musik-geht-reha-besser.de\/es\/wp-json\/wp\/v2\/comments?post=208"}],"version-history":[{"count":12,"href":"https:\/\/mit-musik-geht-reha-besser.de\/es\/wp-json\/wp\/v2\/pages\/208\/revisions"}],"predecessor-version":[{"id":1335,"href":"https:\/\/mit-musik-geht-reha-besser.de\/es\/wp-json\/wp\/v2\/pages\/208\/revisions\/1335"}],"wp:attachment":[{"href":"https:\/\/mit-musik-geht-reha-besser.de\/es\/wp-json\/wp\/v2\/media?parent=208"}],"curies":[{"name":"wp","href":"https:\/\/api.w.org\/{rel}","templated":true}]}}