{"id":211,"date":"2019-01-19T15:34:30","date_gmt":"2019-01-19T15:34:30","guid":{"rendered":"http:\/\/mit-musik-geht-reha-besser.de\/?page_id=211"},"modified":"2025-06-25T19:15:09","modified_gmt":"2025-06-25T19:15:09","slug":"neurologische-musiktherapie-sprach-sprech-und-stimmtraining","status":"publish","type":"page","link":"https:\/\/mit-musik-geht-reha-besser.de\/es\/neurologische-musiktherapie-sprach-sprech-und-stimmtraining\/","title":{"rendered":"NMT\u2122 \u2013 Entrenamiento del habla y el lenguaje"},"content":{"rendered":"<p>En esta secci\u00f3n se describen aplicaciones para el entrenamiento del habla, el lenguaje y la voz utilizando musicoterapia neurol\u00f3gica seg\u00fan Thaut.<\/p>\n\n\n\n<h4 class=\"wp-block-heading\"><strong>Formaci\u00f3n de idiomas con m\u00fasica<\/strong><\/h4>\n\n\n<div class=\"wp-block-image\">\n<figure class=\"alignright is-resized\"><img loading=\"lazy\" decoding=\"async\" width=\"300\" height=\"450\" src=\"http:\/\/mit-musik-geht-reha-besser.de\/wp-content\/uploads\/2019\/01\/TS_with-drum.jpg\" alt=\"\" class=\"wp-image-5\" style=\"width:102px;height:154px\" srcset=\"https:\/\/mit-musik-geht-reha-besser.de\/wp-content\/uploads\/2019\/01\/TS_with-drum.jpg 300w, https:\/\/mit-musik-geht-reha-besser.de\/wp-content\/uploads\/2019\/01\/TS_with-drum-200x300.jpg 200w\" sizes=\"auto, (max-width: 300px) 100vw, 300px\" \/><\/figure>\n<\/div>\n\n\n<p>La musicoterapia se puede utilizar para mejorar las funciones cerebrales ling\u00fc\u00edsticas,<strong> <\/strong>C\u00f3mo estimular espec\u00edficamente la comprensi\u00f3n del lenguaje o la producci\u00f3n del lenguaje. <em>Terapia de entonaci\u00f3n mel\u00f3dica \u2013 <\/em>MIT\u2122: se utiliza para mejorar el habla en personas con afasia de tipo Broca. Con la ayuda de <em>Estimulaci\u00f3n del habla musical <\/em>El uso de material similar a una canci\u00f3n puede mejorar no solo la producci\u00f3n ling\u00fc\u00edstica, sino tambi\u00e9n la comprensi\u00f3n del lenguaje. Esto tambi\u00e9n se demuestra en el <a href=\"http:\/\/mit-musik-geht-reha-besser.de\/es\/aphasie\/\">Musicoterapia grupal para la afasia<\/a> usado.<\/p>\n\n\n\n<h4 class=\"wp-block-heading\"><strong>Entrenamiento del habla r\u00edtmica\u00a0<\/strong>(<strong><em>Se\u00f1alizaci\u00f3n r\u00edtmica del habla \u2013 RSC<\/em><\/strong>\u2122)<\/h4>\n\n\n<div class=\"wp-block-image\">\n<figure class=\"alignright is-resized\"><img loading=\"lazy\" decoding=\"async\" width=\"300\" height=\"194\" src=\"http:\/\/mit-musik-geht-reha-besser.de\/wp-content\/uploads\/2019\/01\/korgMA30.jpg\" alt=\"\" class=\"wp-image-26\" style=\"width:75px;height:49px\"\/><\/figure>\n<\/div>\n\n\n<p>El Entrenamiento R\u00edtmico del Habla (RSC\u2122) es un m\u00e9todo eficaz para entrenar el habla en personas con tartamudez. Tambi\u00e9n podr\u00eda ser \u00fatil para diversas formas de disartria (dificultad para hablar), por ejemplo, en... <a href=\"http:\/\/mit-musik-geht-reha-besser.de\/es\/parkinson\/\">enfermedad de Parkinson<\/a>) o apraxia del habla. El entrenamiento del habla RSC\u2122 utiliza habilidades b\u00e1sicas presentes en todas las personas. Un metr\u00f3nomo (ver abajo). <a href=\"http:\/\/mit-musik-geht-reha-besser.de\/es\/zubehoer\/\">Accesorios<\/a>El orador marca el ritmo al hablar. Ahora, practique r\u00edtmicamente, a tiempo. Este entrenamiento del habla ayuda a mejorar la inteligibilidad y la fluidez. M\u00e1s informaci\u00f3n aqu\u00ed. <a href=\"http:\/\/global.oup.com\/booksites\/content\/9780199695461\/\">Ejemplos pr\u00e1cticos del Manual de Musicoterapia Neurol\u00f3gica.<\/a><\/p>\n\n\n\n<h4 class=\"wp-block-heading\"><strong>Entrenamiento de voz musical<\/strong><\/h4>\n\n\n\n<p>Para mejorar la calidad de la voz, se emplean ejercicios musicales funcionales de voz y respiraci\u00f3n, similares a los utilizados en el entrenamiento vocal. El uso de instrumentos de viento (como la mel\u00f3dica) permite trabajar espec\u00edficamente la movilidad labial y la funci\u00f3n respiratoria. <a href=\"http:\/\/mit-musik-geht-reha-besser.de\/es\/zubehoer\/\" data-type=\"page\" data-id=\"336\">Los accesorios incluyen el cancionero de LiLa.<\/a>. Contiene enlaces para karaoke terap\u00e9utico. Incluso personas con problemas de voz pueden cantar.<\/p>","protected":false},"excerpt":{"rendered":"<p>Hier werden Anwendungen zum Sprach-, Sprech- und Stimmtraining der Neurologischen Musiktherapie nach Thaut beschrieben. Sprachtraining mit Musik Mit musiktherapeutischen Ma\u00dfnahmen lassen sich sprachliche Hirnfunktionen, wie das Sprachverst\u00e4ndnis oder die Sprachproduktion gezielt stimulieren. Die Melodic Intonation Therapy &#8211; MIT\u2122 &#8211; dient der Verbesserung des Sprechens bei Aphasikern (Typ Broca). Mit Hilfe von Musical Speech Stimulation l\u00e4sst [&hellip;]<\/p>\n","protected":false},"author":1,"featured_media":0,"parent":0,"menu_order":4,"comment_status":"closed","ping_status":"closed","template":"","meta":{"footnotes":""},"class_list":["post-211","page","type-page","status-publish","hentry"],"_links":{"self":[{"href":"https:\/\/mit-musik-geht-reha-besser.de\/es\/wp-json\/wp\/v2\/pages\/211","targetHints":{"allow":["GET"]}}],"collection":[{"href":"https:\/\/mit-musik-geht-reha-besser.de\/es\/wp-json\/wp\/v2\/pages"}],"about":[{"href":"https:\/\/mit-musik-geht-reha-besser.de\/es\/wp-json\/wp\/v2\/types\/page"}],"author":[{"embeddable":true,"href":"https:\/\/mit-musik-geht-reha-besser.de\/es\/wp-json\/wp\/v2\/users\/1"}],"replies":[{"embeddable":true,"href":"https:\/\/mit-musik-geht-reha-besser.de\/es\/wp-json\/wp\/v2\/comments?post=211"}],"version-history":[{"count":5,"href":"https:\/\/mit-musik-geht-reha-besser.de\/es\/wp-json\/wp\/v2\/pages\/211\/revisions"}],"predecessor-version":[{"id":1340,"href":"https:\/\/mit-musik-geht-reha-besser.de\/es\/wp-json\/wp\/v2\/pages\/211\/revisions\/1340"}],"wp:attachment":[{"href":"https:\/\/mit-musik-geht-reha-besser.de\/es\/wp-json\/wp\/v2\/media?parent=211"}],"curies":[{"name":"wp","href":"https:\/\/api.w.org\/{rel}","templated":true}]}}