{"id":216,"date":"2019-01-19T15:39:18","date_gmt":"2019-01-19T15:39:18","guid":{"rendered":"http:\/\/mit-musik-geht-reha-besser.de\/?page_id=216"},"modified":"2026-01-09T13:44:35","modified_gmt":"2026-01-09T13:44:35","slug":"aphasie","status":"publish","type":"page","link":"https:\/\/mit-musik-geht-reha-besser.de\/es\/aphasie\/","title":{"rendered":"afasia"},"content":{"rendered":"<div class=\"wp-block-image\">\n<figure class=\"alignright is-resized\"><img loading=\"lazy\" decoding=\"async\" width=\"1000\" height=\"665\" src=\"http:\/\/mit-musik-geht-reha-besser.de\/wp-content\/uploads\/2019\/01\/frau_lautiert.jpg\" alt=\"\" class=\"wp-image-52\" style=\"width:174px;height:115px\" srcset=\"https:\/\/mit-musik-geht-reha-besser.de\/wp-content\/uploads\/2019\/01\/frau_lautiert.jpg 1000w, https:\/\/mit-musik-geht-reha-besser.de\/wp-content\/uploads\/2019\/01\/frau_lautiert-300x200.jpg 300w, https:\/\/mit-musik-geht-reha-besser.de\/wp-content\/uploads\/2019\/01\/frau_lautiert-768x511.jpg 768w\" sizes=\"auto, (max-width: 1000px) 100vw, 1000px\" \/><\/figure>\n<\/div>\n\n\n<p>Los trastornos del lenguaje y del habla af\u00e1sicos representan un deterioro significativo de la capacidad de comunicaci\u00f3n y suelen estar asociados a un considerable malestar psicol\u00f3gico. La musicoterapia para estos trastornos aborda aspectos ling\u00fc\u00edstico-funcionales, as\u00ed como factores conductuales y psicol\u00f3gicos. <\/p>\n\n\n\n<p>Die funktionell-sprachliche Ebene wird einerseits durch rhythmisches Training, andererseits durch Singen gezielt beeinflusst. Die Musiktherapie baut auf dem erhaltenen Sprachverst\u00e4ndnis auf und tr\u00e4gt dazu bei, dieser wieder zu reaktivieren. Daneben dienen <a href=\"https:\/\/mit-musik-geht-reha-besser.de\/es\/neurologische-musiktherapie-sprach-sprech-und-stimmtraining\/\" data-type=\"page\" data-id=\"211\">gesanglich-sprachliche \u00dcbungen<\/a> der Verbesserung der Sprachproduktion, also dem eigentlichen Sprechen. <\/p>\n\n\n<div class=\"wp-block-image\">\n<figure class=\"alignleft is-resized\"><img loading=\"lazy\" decoding=\"async\" width=\"300\" height=\"450\" src=\"http:\/\/mit-musik-geht-reha-besser.de\/wp-content\/uploads\/2019\/01\/TS_with-drum.jpg\" alt=\"\" class=\"wp-image-5\" style=\"width:110px;height:165px\" srcset=\"https:\/\/mit-musik-geht-reha-besser.de\/wp-content\/uploads\/2019\/01\/TS_with-drum.jpg 300w, https:\/\/mit-musik-geht-reha-besser.de\/wp-content\/uploads\/2019\/01\/TS_with-drum-200x300.jpg 200w\" sizes=\"auto, (max-width: 300px) 100vw, 300px\" \/><\/figure>\n<\/div>\n\n\n<p>Auf der psychischen bzw. der Verhaltensebene werden beim gemeinsamen Musizieren in der Therapie die Motivation, die Emotionalit\u00e4t und das Kommunikationsverhalten angesprochen. Musik wird hier als nonverbales Kommunikationsmittel im Sinne einer Kompensation wirksam. In einer Gruppentherapie mit 3 &#8211; 6 Patienten k\u00f6nnen sich Menschen mit schweren Sprachst\u00f6rungen expressiv entfalten und ohne das defizit\u00e4re Erleben des Sprachlichen mit anderen interagieren. Der Interaktionsraum einer musiktherapeutischen Gruppe schafft ein Feld f\u00fcr zwischenmenschliche Begegnung. Diese wirkt entlastend, stabilisierend und motivierend, da Patienten mit Aphasie sonst sehr unter dem Verlust von menschlichem Austausch leiden.<\/p>\n\n\n\n<p>Auch wenn die psychischen und entlastenden Aspekte im Vordergrund stehen, werden Patienten mit neurologischer Sprachst\u00f6rung durch Musik kognitiv stimuliert und rehabilitativ gef\u00f6rdert. Musik, und insbesondere das aktive Musizieren und Singen regen im Gehirn sprachnahe Areale an. Dadurch werden in der Gruppenmusiktherapie verlorene sprachliche F\u00e4higkeiten anregt und verbessert.<\/p>\n\n\n\n<p><em>Fuente: M. Baumann et al., Cat\u00e1logo de indicaciones para musicoterapia en neurolog\u00eda. Berl\u00edn: Sociedad Alemana de Musicoterapia. 2006.<\/em><\/p>","protected":false},"excerpt":{"rendered":"<p>Aphasische Sprach-, und Sprechst\u00f6rungen stellen massive Beeintr\u00e4chtigungen des Kommunikationsverm\u00f6gens dar und sind h\u00e4ufig mit erheblichen psychischen Belastungen verbunden. Bei der musiktherapeutischen Behandlung dieser St\u00f6rungen kommen sowohl funktionell-sprachliche wie auch das Verhalten und die Psyche betreffende Aspekte zum Tragen. Die funktionell-sprachliche Ebene wird einerseits durch rhythmisches Training, andererseits durch Singen gezielt beeinflusst. Die Musiktherapie baut auf [&hellip;]<\/p>\n","protected":false},"author":1,"featured_media":0,"parent":0,"menu_order":2,"comment_status":"closed","ping_status":"closed","template":"","meta":{"footnotes":""},"class_list":["post-216","page","type-page","status-publish","hentry"],"_links":{"self":[{"href":"https:\/\/mit-musik-geht-reha-besser.de\/es\/wp-json\/wp\/v2\/pages\/216","targetHints":{"allow":["GET"]}}],"collection":[{"href":"https:\/\/mit-musik-geht-reha-besser.de\/es\/wp-json\/wp\/v2\/pages"}],"about":[{"href":"https:\/\/mit-musik-geht-reha-besser.de\/es\/wp-json\/wp\/v2\/types\/page"}],"author":[{"embeddable":true,"href":"https:\/\/mit-musik-geht-reha-besser.de\/es\/wp-json\/wp\/v2\/users\/1"}],"replies":[{"embeddable":true,"href":"https:\/\/mit-musik-geht-reha-besser.de\/es\/wp-json\/wp\/v2\/comments?post=216"}],"version-history":[{"count":4,"href":"https:\/\/mit-musik-geht-reha-besser.de\/es\/wp-json\/wp\/v2\/pages\/216\/revisions"}],"predecessor-version":[{"id":1427,"href":"https:\/\/mit-musik-geht-reha-besser.de\/es\/wp-json\/wp\/v2\/pages\/216\/revisions\/1427"}],"wp:attachment":[{"href":"https:\/\/mit-musik-geht-reha-besser.de\/es\/wp-json\/wp\/v2\/media?parent=216"}],"curies":[{"name":"wp","href":"https:\/\/api.w.org\/{rel}","templated":true}]}}