{"id":254,"date":"2019-02-17T13:26:50","date_gmt":"2019-02-17T13:26:50","guid":{"rendered":"http:\/\/mit-musik-geht-reha-besser.de\/?page_id=254"},"modified":"2025-12-03T11:39:18","modified_gmt":"2025-12-03T11:39:18","slug":"links","status":"publish","type":"page","link":"https:\/\/mit-musik-geht-reha-besser.de\/es\/links\/","title":{"rendered":"Izquierda"},"content":{"rendered":"<h4 class=\"wp-block-heading\"><strong>Terapia musical<\/strong><\/h4>\n\n\n\n<p> <a href=\"http:\/\/www.musiktherapie.de\/\" target=\"_blank\" rel=\"noreferrer noopener\">www.musiktherapie.de<\/a> \u2013 Sociedad Alemana de Musicoterapia<\/p>\n\n\n\n<p><a href=\"http:\/\/www.voices.no\/\" target=\"_blank\" rel=\"noreferrer noopener\">www.voces.no<\/a> \u2013 Revista y Comunidad Online de Musicoterapia<\/p>\n\n\n\n<p><a rel=\"noreferrer noopener\" href=\"https:\/\/bag-musiktherapie.de\" target=\"_blank\">bolsa-musiktherapie.de<\/a> \u2013 Asociaci\u00f3n Federal de Musicoterapia \u2013 Informaci\u00f3n sobre est\u00e1ndares de calidad, formaci\u00f3n en musicoterapia, Alemania&nbsp; <\/p>\n\n\n\n<p><a href=\"https:\/\/nationales-register.bag-musiktherapie.de\/\" target=\"_blank\" rel=\"noopener\">registro nacional.bag-musiktherapie.de<\/a> \u2013 Registro alem\u00e1n de musicoterapeutas certificados con b\u00fasqueda por radio, tambi\u00e9n para terapia ambulatoria, Alemania&nbsp;<\/p>\n\n\n\n<p><a href=\"http:\/\/mt-spiele.npage.de\/\" target=\"_blank\" rel=\"noreferrer noopener\">mt-spiele.npage.de<\/a> \u2013 Sugerencias de juegos de musicoterapia <\/p>\n\n\n\n<p><a href=\"https:\/\/www.youtube.com\/channel\/UCnkvbQIzTem2lq4aUPAOCkg\" target=\"_blank\" rel=\"noreferrer noopener\">www.youtube.com\/\u2026<\/a> \u2013 Canal de YouTube de la Sociedad Alemana de Musicoterapia &nbsp;<\/p>\n\n\n\n<h4 class=\"wp-block-heading\"><strong>Musicoterapia y rehabilitaci\u00f3n<\/strong><\/h4>\n\n\n\n<p><a href=\"http:\/\/nmtacademy.co\/\" target=\"_blank\" rel=\"noreferrer noopener\">http:\/\/nmtacademy.co<\/a>&nbsp;\u2013 Academia de Musicoterapia Neurol\u00f3gica<sup>\u00ae<\/sup><\/p>\n\n\n\n<p><a href=\"http:\/\/mit-musik-geht-reha-besser.de\/es\/nmt-online-intervision\/\" data-type=\"page\" data-id=\"422\">www.mit-musik-geht-reha-besser.de\/nmt-online-intervision<\/a> \u2013 La entrevista en l\u00ednea NMT\u2122 para la regi\u00f3n de habla alemana<\/p>\n\n\n\n<h4 class=\"wp-block-heading\"><strong>Rehabilitaci\u00f3n neurol\u00f3gica<\/strong><\/h4>\n\n\n\n<p> <a href=\"http:\/\/www.awmf.org\/leitlinien\/detail\/ll\/053-011.html\" target=\"_blank\" rel=\"noreferrer noopener\">www.awmf.org\/leitlinien\/detail\/ll\/053-011.html<\/a> \u2013 Accidente cerebrovascular S3 \u2013 Gu\u00eda de tratamiento de la AWMF<\/p>\n\n\n\n<p><a href=\"http:\/\/www.schlaganfall-hilfe.de\/\" target=\"_blank\" rel=\"noreferrer noopener\">www.schlaganfall-hilfe.de<\/a> \u2013 Oferta de informaci\u00f3n en l\u00ednea de la Fundaci\u00f3n Alemana para el Accidente Cerebrovascular <\/p>\n\n\n\n<p> <a href=\"http:\/\/www.kompetenznetz-schlaganfall.de\/\" target=\"_blank\" rel=\"noreferrer noopener\">www.kompetenznetz-schlaganfall.de<\/a> Red de Competencia en Accidentes Cerebrovasculares<\/p>\n\n\n\n<p><a href=\"http:\/\/www.a-zieger.de\/\" target=\"_blank\" rel=\"noreferrer noopener\">www.a-zieger.de<\/a> \u2013 Sitio web del Prof. y Dr. Andreas Zieger&nbsp;<\/p>\n\n\n\n<h4 class=\"wp-block-heading\"><strong>Proyectos e iniciativas<\/strong><\/h4>\n\n\n\n<p><a href=\"http:\/\/www.projekttanz.com\/\" target=\"_blank\" rel=\"noreferrer noopener\">www.projekttanz.com<\/a> \u2013 Proyecto de danza para personas con enfermedad de Parkinson en Hamburgo                                                    <\/p>\n\n\n\n<p><a rel=\"noreferrer noopener\" href=\"https:\/\/www.intodance.art\/\" target=\"_blank\">www.intodance.art<\/a> \u2013 Proyecto de danza para personas con discapacidad f\u00edsica en la \u00d3pera Alemana de Berl\u00edn<\/p>\n\n\n\n<p><a href=\"https:\/\/www.together.audio\/\">www.juntos.audio\/<\/a> \u2013 Grabaciones de audio y m\u00fasica para personas en estado vegetativo o con demencia<\/p>\n\n\n\n<h4 class=\"wp-block-heading\"><strong>M\u00fasica para la rehabilitaci\u00f3n<\/strong><\/h4>\n\n\n\n<p><a href=\"http:\/\/www.singliesel.de\/\">www.singliesel.de<\/a> \u2013 Cancioneros para personas con demencia                                 <\/p>\n\n\n\n<p><a href=\"http:\/\/www.liederlexikon.de\/\" target=\"_blank\" rel=\"noreferrer noopener\">www.liederlexikon.de<\/a> \u2013 L\u00e9xico hist\u00f3rico-cr\u00edtico de canciones. Canciones populares y tradicionales.<\/p>\n\n\n\n<p><a href=\"http:\/\/www.liederdatenbank.de\/songs\/a\">www.liederdatenbank.de\/songs\/a<\/a>&nbsp;\u2013 Base de datos de canciones cristianas<\/p>\n\n\n\n<p><a href=\"http:\/\/www.liederprojekt.org\/\">www.liederprojekt.org<\/a>&nbsp;\u2013 Canciones populares presentadas con mucho cuidado en imagen y sonido por Carus-Verlag<\/p>\n\n\n\n<p><a href=\"https:\/\/deutschelieder.wordpress.com\/\">www.deutschelieder.wordpress.com<\/a> Canciones alemanas. Antolog\u00eda de Bamberg. Explicaciones sobre pop, rock, folk\u2026       <\/p>\n\n\n\n<h4 class=\"wp-block-heading\"><strong>Investigaci\u00f3n<\/strong><\/h4>\n\n\n\n<p> <a href=\"http:\/\/www.mahrc.music.utoronto.ca\">www.mahrc.music.utoronto.ca<\/a> Colaboratorio de Investigaci\u00f3n y Ciencias de la M\u00fasica y la Salud, Prof. Michael Thaut, Toronto, Canad\u00e1<\/p>\n\n\n\n<p><a href=\"http:\/\/www.brams.org\/\" target=\"_blank\" rel=\"noreferrer noopener\">www.brams.org\/<\/a> \u2013 Laboratorio Internacional de Investigaci\u00f3n sobre el Cerebro, la M\u00fasica y el Sonido <\/p>\n\n\n\n<p><a href=\"http:\/\/www.ganzohr.org\/\" target=\"_blank\" rel=\"noreferrer noopener\">www.ganzohr.org\/<\/a> \u2013 M\u00fasica para ni\u00f1os <\/p>\n\n\n\n<h4 class=\"wp-block-heading\"><strong>software de m\u00fasica<\/strong> y aplicaciones<\/h4>\n\n\n\n<p><a href=\"http:\/\/www.curaswing.de\" target=\"_blank\" rel=\"noreferrer noopener\">www.curaswing.de<\/a> \u2013 Aplicaci\u00f3n para recibir retroalimentaci\u00f3n musical del movimiento mientras caminas<\/p>\n\n\n\n<p><a href=\"http:\/\/www.audacity.de\/\" target=\"_blank\" rel=\"noreferrer noopener\">www.audacity.de<\/a> \u2013 Audacity \u2013 Software gratuito para editar, cambiar la velocidad y mezclar<\/p>\n\n\n\n<p><a href=\"http:\/\/www.audiograbber.de\/\" target=\"_blank\" rel=\"noreferrer noopener\">www.audiograbber.de<\/a> \u2013 Audiograbber \u2013 Software gratuito para crear grabaciones MP3 y de entrada de l\u00ednea <\/p>\n\n\n\n<p><a href=\"http:\/\/www.chip.de\/downloads\/No23-Recorder_13011558.html\">www.chip.de\/downloads\/No23-Recorder_13011558.html<\/a> Grabadora n.\u00b0 23 de MP3 (gratuita). Software de grabaci\u00f3n. <\/p>\n\n\n\n<p><a href=\"https:\/\/www.anytune.app\/\">www.anytune.app<\/a> \u2013 Aplicaci\u00f3n para iOS y Android para transponer y cambiar la velocidad de archivos MP3<\/p>\n\n\n\n<p><a href=\"https:\/\/www.karafun.de\/apps\/\">www.karafun.de<\/a> \u2013 Aplicaci\u00f3n\/Software para diversas plataformas de karaoke, con funci\u00f3n de transposici\u00f3n implementada<\/p>\n\n\n\n<h4 class=\"wp-block-heading\"><strong>Evaluaciones<\/strong><\/h4>\n\n\n\n<p><a href=\"https:\/\/www.kcgeriatrie.de\/assessments-in-der-geriatrie\" target=\"_blank\" rel=\"noreferrer noopener\">https:\/\/www.kcgeriatrie.de\/assessments-in-der-geriatrie<\/a> \u2013 Evaluaciones kcgeriatire.de \u2013 \u00cdndice de Barthel, Mini-Mental Sate, DemTect, etc.<\/p>\n\n\n\n<p><a href=\"https:\/\/www.testarchiv.eu\/\" target=\"_blank\" rel=\"noreferrer noopener\">https:\/\/www.testarchiv.eu\/<\/a> \u2013 procedimientos de pruebas psicol\u00f3gicas del Instituto Leibniz de Psicolog\u00eda.<\/p>","protected":false},"excerpt":{"rendered":"<p>Musiktherapie www.musiktherapie.de &#8211; Deutsche Musiktherapeutische Gesellschaft www.voices.no &#8211; Journal and Online Community for Music Therapy bag-musiktherapie.de &#8211; Bundesarbeitsgemeinschaft Musiktherapie &#8211; Infos zu Qualit\u00e4tsstandards, Ausbildung Musiktherapie, BRD&nbsp; mt-spiele.npage.de &#8211; Musiktherapiespielvorschl\u00e4ge www.youtube.com\/&#8230; &#8211; Youtube Channel der Dt. Musiktherapeutischen Gesellschaft &nbsp; Musiktherapie und Rehabilitation http:\/\/nmtacademy.co&nbsp;&#8211; Academy for Neurologic Music Therapy\u00ae www.mit-musik-geht-reha-besser.de\/nmt-online-intervision &#8211; Die NMT\u2122 Online Intervision f\u00fcr den [&hellip;]<\/p>\n","protected":false},"author":1,"featured_media":0,"parent":0,"menu_order":3,"comment_status":"closed","ping_status":"closed","template":"","meta":{"footnotes":""},"class_list":["post-254","page","type-page","status-publish","hentry"],"_links":{"self":[{"href":"https:\/\/mit-musik-geht-reha-besser.de\/es\/wp-json\/wp\/v2\/pages\/254","targetHints":{"allow":["GET"]}}],"collection":[{"href":"https:\/\/mit-musik-geht-reha-besser.de\/es\/wp-json\/wp\/v2\/pages"}],"about":[{"href":"https:\/\/mit-musik-geht-reha-besser.de\/es\/wp-json\/wp\/v2\/types\/page"}],"author":[{"embeddable":true,"href":"https:\/\/mit-musik-geht-reha-besser.de\/es\/wp-json\/wp\/v2\/users\/1"}],"replies":[{"embeddable":true,"href":"https:\/\/mit-musik-geht-reha-besser.de\/es\/wp-json\/wp\/v2\/comments?post=254"}],"version-history":[{"count":28,"href":"https:\/\/mit-musik-geht-reha-besser.de\/es\/wp-json\/wp\/v2\/pages\/254\/revisions"}],"predecessor-version":[{"id":1406,"href":"https:\/\/mit-musik-geht-reha-besser.de\/es\/wp-json\/wp\/v2\/pages\/254\/revisions\/1406"}],"wp:attachment":[{"href":"https:\/\/mit-musik-geht-reha-besser.de\/es\/wp-json\/wp\/v2\/media?parent=254"}],"curies":[{"name":"wp","href":"https:\/\/api.w.org\/{rel}","templated":true}]}}