{"id":266,"date":"2019-02-17T13:51:10","date_gmt":"2019-02-17T13:51:10","guid":{"rendered":"http:\/\/mit-musik-geht-reha-besser.de\/?page_id=266"},"modified":"2026-01-09T13:25:55","modified_gmt":"2026-01-09T13:25:55","slug":"sht","status":"publish","type":"page","link":"https:\/\/mit-musik-geht-reha-besser.de\/es\/sht\/","title":{"rendered":"Lesi\u00f3n cerebral traum\u00e1tica"},"content":{"rendered":"<div class=\"wp-block-image\">\n<figure class=\"alignright is-resized\"><img loading=\"lazy\" decoding=\"async\" width=\"652\" height=\"1000\" src=\"http:\/\/mit-musik-geht-reha-besser.de\/wp-content\/uploads\/2019\/01\/flur_neurologie.jpg\" alt=\"\" class=\"wp-image-51\" style=\"width:78px;height:118px\" srcset=\"https:\/\/mit-musik-geht-reha-besser.de\/wp-content\/uploads\/2019\/01\/flur_neurologie.jpg 652w, https:\/\/mit-musik-geht-reha-besser.de\/wp-content\/uploads\/2019\/01\/flur_neurologie-196x300.jpg 196w\" sizes=\"auto, (max-width: 652px) 100vw, 652px\" \/><\/figure>\n<\/div>\n\n\n<p>Ein Sch\u00e4delhirntrauma (SHT) ist eine Verletzung des Gehirns durch eine mechanische Einwirkung. Diese hat schwerwiegende Folgen f\u00fcr den Betroffenen. Die Inhalte und Ziele einer musiktherapeutischen Behandlung richten sich nach der Behandlungsphase, in welcher die Therapie beginnt.<\/p>\n\n\n<div class=\"wp-block-image\">\n<figure class=\"alignleft is-resized\"><img loading=\"lazy\" decoding=\"async\" width=\"1000\" height=\"665\" src=\"http:\/\/mit-musik-geht-reha-besser.de\/wp-content\/uploads\/2019\/01\/haende_kind-im-bett.jpg\" alt=\"\" class=\"wp-image-57\" style=\"width:117px;height:77px\" srcset=\"https:\/\/mit-musik-geht-reha-besser.de\/wp-content\/uploads\/2019\/01\/haende_kind-im-bett.jpg 1000w, https:\/\/mit-musik-geht-reha-besser.de\/wp-content\/uploads\/2019\/01\/haende_kind-im-bett-300x200.jpg 300w, https:\/\/mit-musik-geht-reha-besser.de\/wp-content\/uploads\/2019\/01\/haende_kind-im-bett-768x511.jpg 768w\" sizes=\"auto, (max-width: 1000px) 100vw, 1000px\" \/><\/figure>\n<\/div>\n\n\n<p>En la fase inicial, suele haber un aumento de la presi\u00f3n intracraneal, causado por sangrado o edema. Durante esta fase, los pacientes suelen estar en coma o presentar alteraci\u00f3n de la consciencia. El tratamiento de estos pacientes es... <a href=\"http:\/\/mit-musik-geht-reha-besser.de\/es\/wachkoma-2\/\">s\u00edndrome ap\u00e1lico\/estado vegetativo <\/a> Descrito. A medida que aumenta la vigilia, los efectos cognitivos y motores del TCE se hacen evidentes y, por lo tanto, adquieren relevancia terap\u00e9utica.<\/p>\n\n\n<div class=\"wp-block-image\">\n<figure class=\"alignright is-resized\"><img loading=\"lazy\" decoding=\"async\" width=\"1000\" height=\"665\" src=\"http:\/\/mit-musik-geht-reha-besser.de\/wp-content\/uploads\/2019\/01\/verschwommene_punkte.jpg\" alt=\"\" class=\"wp-image-69\" style=\"width:108px;height:71px\" srcset=\"https:\/\/mit-musik-geht-reha-besser.de\/wp-content\/uploads\/2019\/01\/verschwommene_punkte.jpg 1000w, https:\/\/mit-musik-geht-reha-besser.de\/wp-content\/uploads\/2019\/01\/verschwommene_punkte-300x200.jpg 300w, https:\/\/mit-musik-geht-reha-besser.de\/wp-content\/uploads\/2019\/01\/verschwommene_punkte-768x511.jpg 768w\" sizes=\"auto, (max-width: 1000px) 100vw, 1000px\" \/><\/figure>\n<\/div>\n\n\n<p>Con mucha frecuencia, las regiones frontales del cerebro se ven afectadas en un traumatismo craneoencef\u00e1lico (TCE). Esto provoca el s\u00edndrome disejecutivo. Los pacientes presentan dificultades con el comportamiento social, el control de sus emociones y la resoluci\u00f3n de problemas cotidianos.<\/p>\n\n\n<div class=\"wp-block-image\">\n<figure class=\"alignleft is-resized\"><img loading=\"lazy\" decoding=\"async\" width=\"600\" height=\"371\" src=\"http:\/\/mit-musik-geht-reha-besser.de\/wp-content\/uploads\/2019\/01\/rahmentrommel.jpg\" alt=\"\" class=\"wp-image-66\" style=\"width:100px;height:61px\" srcset=\"https:\/\/mit-musik-geht-reha-besser.de\/wp-content\/uploads\/2019\/01\/rahmentrommel.jpg 600w, https:\/\/mit-musik-geht-reha-besser.de\/wp-content\/uploads\/2019\/01\/rahmentrommel-300x186.jpg 300w\" sizes=\"auto, (max-width: 600px) 100vw, 600px\" \/><\/figure>\n<\/div>\n\n\n<p>In einer musiktherapeutischen Gruppentherapie kann das Sozialverhalten trainiert werden (gemeinsames Musizieren nach Regeln). Musik und Emotionalit\u00e4t stehen in engem Zusammenhang. Somit bietet in der Arbeit mit den Emotionen der Patienten Musiktherapie einen guten Zugang. St\u00f6rungen des Antriebs, der Aufmerksamkeit und der Probleml\u00f6sestrategien lassen sich im aktiven musikalischen Spiel &#8222;quasi&#8220; live abbilden und be\u00fcben. Dies kann in einer kleineren Gruppe von 3 &#8211; 6 Patienten geschehen, die mitainder auf einfach handhabbaren Instrumenten musizieren. Dabei werden von Therapeuten Musikspiele und musikalische Abl\u00e4ufe initiiert, die gezielt auf die individuellen Bed\u00fcrfnisse der Betroffenen eingehen. Der aktive Einbezug, das Hantieren mit Instrumenten und die vorgegebene Struktur der musikalischen Interaktion stellen sicher, dass die Patienten bestm\u00f6glich in ihrer Rehabilitation unterst\u00fctzt werden.<\/p>\n\n\n\n<p>Auch an Sehst\u00f6rungen (Gesichtsfeldausf\u00e4lle) muss gedacht werden, da das Gehirn bei frontaler Gewalteinwirkung m\u00f6glicherweise hinten an den Sch\u00e4delknochen gedr\u00fcckt wurde und sich somit auch dort Verletzungen ereignen k\u00f6nnen. Hierf\u00fcr bietet das Instrumentarium in der Musiktherapie mannigfaltige Optionen der Einbeziehung, der Kompentation und auch des gezielten Trainings.<\/p>\n\n\n\n<p>Es probable que el da\u00f1o en la parte frontal izquierda de la cabeza provoque afasia (trastorno del lenguaje). Esto suele ser tratable con <a href=\"http:\/\/mit-musik-geht-reha-besser.de\/es\/aphasie\/\">M\u00e9todos de musicoterapia para la afasia<\/a> Para tratar.<\/p>\n\n\n\n<p>H\u00e4ufig leiden Patienten mit einem SHT an Beeintr\u00e4chtigungen ihres Ged\u00e4chtnisses. Musikalische Erinnerungen sind oft tief verankert und k\u00f6nnen bei der Therapie dieser sogenannten Amnesien genutzt werden. Man kann mit Musik &#8222;Anker&#8220; setzen oder an \u00e4ltere &#8222;Anker&#8220; (z.B. altbekannte Lieder) ankn\u00fcpfen.<\/p>\n\n\n\n<p>Die gute Erinnerbarkeit an musikalische Aktivit\u00e4t erleichtert den Transfer des Be\u00fcbten in den Alltag des Patienten &#8211; was schlie\u00dflich das Ziel der Behandlung darstellt. Das betrifft motorische Probleme, genauso wie die genannten kognitiven Schwierigkeiten oder die Symptome, welche die Sprache betreffen.  <\/p>\n\n\n\n<p>Auch die psychischen Belastungen durch eine so pl\u00f6tzliche k\u00f6rperliche Verletzung mit all ihren Auswirkungen f\u00fcr das Leben der Patienten sind immens. Es wird eine tiefgreifende Krankheitsverarbeitung notwendig. Hierbei k\u00f6nnen <a href=\"http:\/\/mit-musik-geht-reha-besser.de\/es\/musiktherapeutische-psychotherapie\/\">Enfoques psicoterap\u00e9uticos musicales<\/a> entran en juego.\u00a0<\/p>\n\n\n\n<p><\/p>","protected":false},"excerpt":{"rendered":"<p>Ein Sch\u00e4delhirntrauma (SHT) ist eine Verletzung des Gehirns durch eine mechanische Einwirkung. Diese hat schwerwiegende Folgen f\u00fcr den Betroffenen. Die Inhalte und Ziele einer musiktherapeutischen Behandlung richten sich nach der Behandlungsphase, in welcher die Therapie beginnt. In der Anfangsphase kommt es oft zu einem Druckanstieg im Gehirn, verursacht durch Blutungen oder \u00d6deme. In dieser Phase [&hellip;]<\/p>\n","protected":false},"author":1,"featured_media":0,"parent":0,"menu_order":3,"comment_status":"closed","ping_status":"closed","template":"","meta":{"footnotes":""},"class_list":["post-266","page","type-page","status-publish","hentry"],"_links":{"self":[{"href":"https:\/\/mit-musik-geht-reha-besser.de\/es\/wp-json\/wp\/v2\/pages\/266","targetHints":{"allow":["GET"]}}],"collection":[{"href":"https:\/\/mit-musik-geht-reha-besser.de\/es\/wp-json\/wp\/v2\/pages"}],"about":[{"href":"https:\/\/mit-musik-geht-reha-besser.de\/es\/wp-json\/wp\/v2\/types\/page"}],"author":[{"embeddable":true,"href":"https:\/\/mit-musik-geht-reha-besser.de\/es\/wp-json\/wp\/v2\/users\/1"}],"replies":[{"embeddable":true,"href":"https:\/\/mit-musik-geht-reha-besser.de\/es\/wp-json\/wp\/v2\/comments?post=266"}],"version-history":[{"count":5,"href":"https:\/\/mit-musik-geht-reha-besser.de\/es\/wp-json\/wp\/v2\/pages\/266\/revisions"}],"predecessor-version":[{"id":1425,"href":"https:\/\/mit-musik-geht-reha-besser.de\/es\/wp-json\/wp\/v2\/pages\/266\/revisions\/1425"}],"wp:attachment":[{"href":"https:\/\/mit-musik-geht-reha-besser.de\/es\/wp-json\/wp\/v2\/media?parent=266"}],"curies":[{"name":"wp","href":"https:\/\/api.w.org\/{rel}","templated":true}]}}