{"id":336,"date":"2019-03-10T06:31:02","date_gmt":"2019-03-10T06:31:02","guid":{"rendered":"http:\/\/mit-musik-geht-reha-besser.de\/?page_id=336"},"modified":"2025-12-29T08:59:26","modified_gmt":"2025-12-29T08:59:26","slug":"zubehoer","status":"publish","type":"page","link":"https:\/\/mit-musik-geht-reha-besser.de\/es\/zubehoer\/","title":{"rendered":"Accesorios"},"content":{"rendered":"<p>Recursos \u00fatiles, pr\u00e1cticos y especiales para la musicoterapia en rehabilitaci\u00f3n.*<\/p>\n\n\n\n<p>\u00bfFalta algo aqu\u00ed? <a href=\"http:\/\/mit-musik-geht-reha-besser.de\/es\/impressum\/\">Por favor ayuda<\/a> \u00a1Para a\u00f1adir a nuestra visi\u00f3n general!<\/p>\n\n\n<div class=\"wp-block-image\">\n<figure class=\"alignleft size-full\"><a href=\"https:\/\/mit-musik-geht-reha-besser.de\/wp-content\/uploads\/2025\/12\/LiLaLiederheft.pdf\" target=\"_blank\" rel=\"noopener\"><img loading=\"lazy\" decoding=\"async\" width=\"30\" height=\"31\" src=\"http:\/\/mit-musik-geht-reha-besser.de\/wp-content\/uploads\/2019\/01\/PDF.gif\" alt=\"\" class=\"wp-image-200\"\/><\/a><\/figure>\n<\/div>\n\n\n<p>El <a href=\"https:\/\/mit-musik-geht-reha-besser.de\/wp-content\/uploads\/2025\/12\/LiLaLiederheft.pdf\" data-type=\"attachment\" data-id=\"1369\" target=\"_blank\" rel=\"noreferrer noopener\">Cancionero de LiLa para autoimpresi\u00f3n<\/a> Incluye canciones de entonces hasta la actualidad. Incluye canciones folk, adem\u00e1s de pop, rock y \u00e9xitos alemanes. \u00a1Desc\u00e1rgala, impr\u00edmela, engrapa y empieza a cantar! Incluye enlaces de karaoke y ajustes para voces adultas y con discapacidad. 13-11-2025.<\/p>\n\n\n\n<p><strong><a href=\"https:\/\/transpose.video\" target=\"_blank\" rel=\"noopener\"><img loading=\"lazy\" decoding=\"async\" class=\"alignright wp-image-1001\" src=\"http:\/\/mit-musik-geht-reha-besser.de\/wp-content\/uploads\/2023\/03\/Transpose-Plugin-187x300.png\" alt=\"\" width=\"57\" height=\"91\" srcset=\"https:\/\/mit-musik-geht-reha-besser.de\/wp-content\/uploads\/2023\/03\/Transpose-Plugin-187x300.png 187w, https:\/\/mit-musik-geht-reha-besser.de\/wp-content\/uploads\/2023\/03\/Transpose-Plugin-7x12.png 7w, https:\/\/mit-musik-geht-reha-besser.de\/wp-content\/uploads\/2023\/03\/Transpose-Plugin.png 314w\" sizes=\"auto, (max-width: 57px) 100vw, 57px\" \/><\/a>Complemento de navegador para transponer m\u00fasica en streaming<\/strong>. Este plugin puede cambiar tanto el tono como el tempo. Ideal para karaoke terap\u00e9utico (p. ej., a trav\u00e9s de YouTube). Disponible para Google Chrome: <a href=\"https:\/\/transpose.video\/\">transponer.video\/<\/a><\/p>\n\n\n\n<p><strong>Aplicaci\u00f3n Karafun: <\/strong>Esta app convierte el karaoke en una experiencia terap\u00e9utica. Puedes ajustar el tono y el tempo seg\u00fan tus necesidades. Disponible para Android, iOS y PC. La versi\u00f3n b\u00e1sica gratuita incluye varias versiones completas para probar. La suscripci\u00f3n cuesta actualmente 10 \u20ac al mes. <a href=\"https:\/\/www.karafun.de\/apps\/\">www.karafun.de<\/a><\/p>\n\n\n\n<p><strong>Contador de toques BPM<\/strong> es una aplicaci\u00f3n que permite determinar muy f\u00e1cilmente el tempo musical o motor (por ejemplo, la frecuencia de pasos). <a href=\"https:\/\/play.google.com\/store\/apps\/details?id=net.oxdb.EasyBPMs&amp;hl=de\">Tienda de juegos<\/a> \u2013 <a href=\"https:\/\/apps.apple.com\/de\/app\/bpm-tap-counter\/id548740985\">Tienda de aplicaciones<\/a><\/p>\n\n\n<div class=\"wp-block-image\">\n<figure class=\"alignleft size-large is-resized\"><img loading=\"lazy\" decoding=\"async\" width=\"1024\" height=\"1024\" src=\"http:\/\/mit-musik-geht-reha-besser.de\/wp-content\/uploads\/2022\/11\/Mainka_Piktogramm_Klang_10-1024x1024.png\" alt=\"\" class=\"wp-image-815\" style=\"width:58px;height:58px\" srcset=\"https:\/\/mit-musik-geht-reha-besser.de\/wp-content\/uploads\/2022\/11\/Mainka_Piktogramm_Klang_10-1024x1024.png 1024w, https:\/\/mit-musik-geht-reha-besser.de\/wp-content\/uploads\/2022\/11\/Mainka_Piktogramm_Klang_10-300x300.png 300w, https:\/\/mit-musik-geht-reha-besser.de\/wp-content\/uploads\/2022\/11\/Mainka_Piktogramm_Klang_10-150x150.png 150w, https:\/\/mit-musik-geht-reha-besser.de\/wp-content\/uploads\/2022\/11\/Mainka_Piktogramm_Klang_10-768x768.png 768w, https:\/\/mit-musik-geht-reha-besser.de\/wp-content\/uploads\/2022\/11\/Mainka_Piktogramm_Klang_10-1536x1536.png 1536w, https:\/\/mit-musik-geht-reha-besser.de\/wp-content\/uploads\/2022\/11\/Mainka_Piktogramm_Klang_10-12x12.png 12w, https:\/\/mit-musik-geht-reha-besser.de\/wp-content\/uploads\/2022\/11\/Mainka_Piktogramm_Klang_10.png 1944w\" sizes=\"auto, (max-width: 1024px) 100vw, 1024px\" \/><\/figure>\n<\/div>\n\n\n<p>El <a href=\"http:\/\/mit-musik-geht-reha-besser.de\/es\/schluck-wecker\/\" data-type=\"page\" data-id=\"814\">Despertador de golondrinas <\/a>\u2013 un entrenamiento de memoria de audio para mejorar la funci\u00f3n de degluci\u00f3n.<\/p>\n\n\n<div class=\"wp-block-image\">\n<figure class=\"alignright size-full\"><a href=\"http:\/\/mit-musik-geht-reha-besser.de\/wp-content\/uploads\/2019\/03\/Musiktherapie-mit-keimbedingt-isolierten-Patienten.pdf\"><img loading=\"lazy\" decoding=\"async\" width=\"30\" height=\"31\" src=\"http:\/\/mit-musik-geht-reha-besser.de\/wp-content\/uploads\/2019\/01\/PDF.gif\" alt=\"\" class=\"wp-image-200\"\/><\/a><\/figure>\n<\/div>\n\n\n<p><a rel=\"noreferrer noopener\" href=\"http:\/\/mit-musik-geht-reha-besser.de\/wp-content\/uploads\/2019\/03\/Musiktherapie-mit-keimbedingt-isolierten-Patienten.pdf\" target=\"_blank\">Hoja informativa sobre musicoterapia durante el aislamiento de contacto<\/a> Materiales y consejos. \u00bfQu\u00e9 instrumentos, dispositivos, software, etc. son especialmente adecuados si la terapia debe realizarse en la habitaci\u00f3n del paciente debido al aislamiento g\u00e9rmenes? <\/p>\n\n\n<div class=\"wp-block-image\">\n<figure class=\"alignleft size-large is-resized\"><img loading=\"lazy\" decoding=\"async\" width=\"1024\" height=\"746\" src=\"http:\/\/mit-musik-geht-reha-besser.de\/wp-content\/uploads\/2022\/01\/Handglocken-1024x746.jpg\" alt=\"\" class=\"wp-image-698\" style=\"aspect-ratio:1.3835616438356164;width:92px;height:auto\" srcset=\"https:\/\/mit-musik-geht-reha-besser.de\/wp-content\/uploads\/2022\/01\/Handglocken-1024x746.jpg 1024w, https:\/\/mit-musik-geht-reha-besser.de\/wp-content\/uploads\/2022\/01\/Handglocken-300x219.jpg 300w, https:\/\/mit-musik-geht-reha-besser.de\/wp-content\/uploads\/2022\/01\/Handglocken-768x560.jpg 768w, https:\/\/mit-musik-geht-reha-besser.de\/wp-content\/uploads\/2022\/01\/Handglocken-16x12.jpg 16w, https:\/\/mit-musik-geht-reha-besser.de\/wp-content\/uploads\/2022\/01\/Handglocken.jpg 1098w\" sizes=\"auto, (max-width: 1024px) 100vw, 1024px\" \/><\/figure>\n<\/div>\n\n\n<p><strong>Campanas para la mesa.<\/strong> Estas campanas afinadas tonalmente no necesitan ser sostenidas ni golpeadas, solo golpeadas. Disponibles en www.thomann.de <a href=\"https:\/\/www.thomann.de\/de\/thomann_rainbow_handbells_trhb_20.htm\">(Campanas de mano arco\u00edris<\/a>)<\/p>\n\n\n\n<p><strong>Anamnesis de musicoterapia en estado vegetativo:<\/strong> <a href=\"http:\/\/mit-musik-geht-reha-besser.de\/wp-content\/uploads\/2021\/04\/Musiktherapie-Anamnese-Wachkoma.pdf\" data-type=\"attachment\" data-id=\"615\">Evaluaci\u00f3n externa de la biograf\u00eda musical<\/a> por Stefan Emde<\/p>\n\n\n\n<p><\/p>\n\n\n<div class=\"wp-block-image\">\n<figure class=\"alignright is-resized\"><img loading=\"lazy\" decoding=\"async\" width=\"416\" height=\"1024\" src=\"http:\/\/mit-musik-geht-reha-besser.de\/wp-content\/uploads\/2019\/01\/Staender_Rahmentrommel-416x1024.jpg\" alt=\"\" class=\"wp-image-42\" style=\"width:49px;height:120px\" srcset=\"https:\/\/mit-musik-geht-reha-besser.de\/wp-content\/uploads\/2019\/01\/Staender_Rahmentrommel-416x1024.jpg 416w, https:\/\/mit-musik-geht-reha-besser.de\/wp-content\/uploads\/2019\/01\/Staender_Rahmentrommel-122x300.jpg 122w, https:\/\/mit-musik-geht-reha-besser.de\/wp-content\/uploads\/2019\/01\/Staender_Rahmentrommel.jpg 608w\" sizes=\"auto, (max-width: 416px) 100vw, 416px\" \/><\/figure>\n<\/div>\n\n<div class=\"wp-block-image\">\n<figure class=\"alignleft size-full is-resized\"><img loading=\"lazy\" decoding=\"async\" width=\"540\" height=\"546\" src=\"https:\/\/mit-musik-geht-reha-besser.de\/wp-content\/uploads\/2024\/05\/Sonodrum.jpg\" alt=\"\" class=\"wp-image-1255\" style=\"width:67px;height:auto\" srcset=\"https:\/\/mit-musik-geht-reha-besser.de\/wp-content\/uploads\/2024\/05\/Sonodrum.jpg 540w, https:\/\/mit-musik-geht-reha-besser.de\/wp-content\/uploads\/2024\/05\/Sonodrum-297x300.jpg 297w, https:\/\/mit-musik-geht-reha-besser.de\/wp-content\/uploads\/2024\/05\/Sonodrum-12x12.jpg 12w\" sizes=\"auto, (max-width: 540px) 100vw, 540px\" \/><\/figure>\n<\/div>\n\n\n<p><strong>Sonodrum<\/strong> \u2013 Instrumento mel\u00f3dico, muy adecuado para su uso en unidades de cuidados intensivos.<\/p>\n\n\n\n<p><\/p>\n\n\n\n<p><strong>Soporte para tambor de marco:<\/strong> Soporte: Percusi\u00f3n<strong> <\/strong>ST30, Soporte: Schlagwerk RTH 20 Frame Drum Holder, Bid\u00f3n: universal, aqu\u00ed de Meinl <\/p>\n\n\n<div class=\"wp-block-image\">\n<figure class=\"alignleft is-resized\"><img loading=\"lazy\" decoding=\"async\" width=\"100\" height=\"100\" src=\"http:\/\/mit-musik-geht-reha-besser.de\/wp-content\/uploads\/2019\/01\/Saugheber.jpg\" alt=\"\" class=\"wp-image-34\" style=\"width:56px;height:56px\"\/><\/figure>\n<\/div>\n\n\n<p><strong>Ventosas para cuencos cantores<\/strong> Para un mejor manejo al trabajar cerca del cuerpo. Varios modelos y tama\u00f1os. Visto en<strong> <\/strong><a href=\"http:\/\/www.nepal-importe.de\/gongreiber-schlaegel-saugheber-kloeppel-saugscheiben-u-heber-c-83_226.html\">www.nepal-importe.de<\/a><\/p>\n\n\n<div class=\"wp-block-image\">\n<figure class=\"alignright is-resized\"><img loading=\"lazy\" decoding=\"async\" width=\"400\" height=\"313\" src=\"http:\/\/mit-musik-geht-reha-besser.de\/wp-content\/uploads\/2019\/03\/Ergoplay.jpg\" alt=\"\" class=\"wp-image-348\" style=\"width:68px;height:53px\" srcset=\"https:\/\/mit-musik-geht-reha-besser.de\/wp-content\/uploads\/2019\/03\/Ergoplay.jpg 400w, https:\/\/mit-musik-geht-reha-besser.de\/wp-content\/uploads\/2019\/03\/Ergoplay-300x235.jpg 300w\" sizes=\"auto, (max-width: 400px) 100vw, 400px\" \/><\/figure>\n<\/div>\n\n\n<p><strong>Soporte para guitarra Ergoplay Tappert<\/strong> \u00a1Tocar la guitarra ahora es ergon\u00f3mico! Dise\u00f1ado a la medida de tus necesidades por un guitarrista apasionado, con ajuste flexible. Visto en thomann.de<\/p>\n\n\n\n<p><strong>Software Audacity<\/strong>. Ofrecemos este software gratuito desde hace alg\u00fan tiempo. <a href=\"http:\/\/mit-musik-geht-reha-besser.de\/es\/links\/\">Izquierda<\/a> antes. En <a href=\"https:\/\/vimeo.com\/105323423\">video<\/a> Esto demuestra c\u00f3mo cambiar f\u00e1cilmente el tono de las piezas musicales. Descargar en<strong> <\/strong><a href=\"http:\/\/www.audacity.de\/\" target=\"_blank\" rel=\"noreferrer noopener\">www.audacity.de<\/a><\/p>\n\n\n<div class=\"wp-block-image\">\n<figure class=\"alignleft is-resized\"><img loading=\"lazy\" decoding=\"async\" width=\"940\" height=\"280\" src=\"http:\/\/mit-musik-geht-reha-besser.de\/wp-content\/uploads\/2019\/01\/slide_tamb_1.jpg\" alt=\"\" class=\"wp-image-39\" style=\"width:182px;height:53px\" srcset=\"https:\/\/mit-musik-geht-reha-besser.de\/wp-content\/uploads\/2019\/01\/slide_tamb_1.jpg 940w, https:\/\/mit-musik-geht-reha-besser.de\/wp-content\/uploads\/2019\/01\/slide_tamb_1-300x89.jpg 300w, https:\/\/mit-musik-geht-reha-besser.de\/wp-content\/uploads\/2019\/01\/slide_tamb_1-768x229.jpg 768w\" sizes=\"auto, (max-width: 940px) 100vw, 940px\" \/><figcaption class=\"wp-element-caption\"><br><\/figcaption><\/figure>\n<\/div>\n\n\n<p><strong>Tambura corporal<\/strong> Similar al monocordio, este instrumento ofrece excelentes posibilidades de interpretaci\u00f3n con y para pacientes. Su espectro tonal es igualmente rico en arm\u00f3nicos y bastante variable, con tres tonos diferentes. Visto en: <a rel=\"noreferrer noopener\" href=\"http:\/\/www.deutz-klangwerkstatt.de\/instrumente\/koerpertambura\" target=\"_blank\">deutz-klangwerkstatt.de<\/a> , Tambi\u00e9n se pueden encontrar camas de sonido y monocordios terap\u00e9uticos en <a rel=\"noreferrer noopener\" href=\"https:\/\/naturtonmusik.de\/instrumente\/\" target=\"_blank\">naturtonmusik.de<\/a><\/p>\n\n\n\n<p><img loading=\"lazy\" decoding=\"async\" class=\"wp-image-6 lazy-loaded alignright\" src=\"https:\/\/curaswing.de\/wp-content\/uploads\/2019\/04\/CuraSwing_Logo_dunkel-300x300.png\" alt=\"\" data-lazy-type=\"image\" data-src=\"https:\/\/curaswing.de\/wp-content\/uploads\/2019\/04\/CuraSwing_Logo_dunkel-300x300.png\" width=\"105\" height=\"105\"><\/p>\n\n\n\n<p>El <strong>Aplicaci\u00f3n Curaswing<\/strong> Produce m\u00fasica. Esto convierte al iPhone en un instrumento musical. Utilizando los sensores de movimiento del dispositivo, genera una retroalimentaci\u00f3n estimulante del movimiento, \u00a1como m\u00fasica! <a href=\"http:\/\/www.curaswing.de\">www.curaswing.de<\/a><\/p>\n\n\n\n<p><strong>Arpa m\u00e1gica<\/strong> Instrumento de cuerda, f\u00e1cil de manejar gracias a su mayor espaciado entre cuerdas. Partituras especiales en notaci\u00f3n simb\u00f3lica disponibles como inserto para el instrumento. Visto en<strong> <\/strong><a href=\"http:\/\/www.zauberharfe.de\/\">www.zauberharfe.de<\/a><\/p>\n\n\n<div class=\"wp-block-image\">\n<figure class=\"alignright is-resized\"><img loading=\"lazy\" decoding=\"async\" width=\"460\" height=\"259\" src=\"http:\/\/mit-musik-geht-reha-besser.de\/wp-content\/uploads\/2019\/01\/Skoog-USB_460.png\" alt=\"\" class=\"wp-image-38\" style=\"width:161px;height:91px\" srcset=\"https:\/\/mit-musik-geht-reha-besser.de\/wp-content\/uploads\/2019\/01\/Skoog-USB_460.png 460w, https:\/\/mit-musik-geht-reha-besser.de\/wp-content\/uploads\/2019\/01\/Skoog-USB_460-300x169.png 300w\" sizes=\"auto, (max-width: 460px) 100vw, 460px\" \/><\/figure>\n<\/div>\n\n\n<p><strong>Skoog \u2013 Instrumento MIDI<\/strong> con aplicaciones muy pr\u00e1cticas. Visto en<strong> <\/strong><a href=\"http:\/\/www.skoogmusic.com\/skoog\">www.skoogmusic.com\/skoog<\/a><\/p>\n\n\n<div class=\"wp-block-image\">\n<figure class=\"alignleft is-resized\"><img loading=\"lazy\" decoding=\"async\" width=\"292\" height=\"300\" src=\"http:\/\/mit-musik-geht-reha-besser.de\/wp-content\/uploads\/2019\/01\/sizzle_board.jpg\" alt=\"\" class=\"wp-image-37\" style=\"width:75px;height:77px\"\/><\/figure>\n<\/div>\n\n\n<p><strong>Tabla de chisporroteo<\/strong> Este instrumento, el SIZ10 de percusi\u00f3n, se sujeta al muslo y se toca con las manos o con varillas; suena similar a una caja. Visto en thomann.de<\/p>\n\n\n<div class=\"wp-block-image\">\n<figure class=\"alignright is-resized\"><img loading=\"lazy\" decoding=\"async\" width=\"180\" height=\"113\" src=\"http:\/\/mit-musik-geht-reha-besser.de\/wp-content\/uploads\/2019\/01\/hz_1_k.png\" alt=\"\" class=\"wp-image-24\" style=\"width:131px;height:82px\"\/><\/figure>\n<\/div>\n\n\n<p>El <strong>Autoarpa (tambi\u00e9n conocida como c\u00edtara de arpa o c\u00edtara de teclado)<\/strong> Es el instrumento de acompa\u00f1amiento ideal: mucho m\u00e1s potente y con un rango tonal mucho m\u00e1s amplio que una guitarra. Es muy f\u00e1cil de tocar con p\u00faa. Al tocar, se sostiene con ambos brazos delante del pecho o se apoya sobre las rodillas mientras se est\u00e1 sentado. Se recomiendan los productos Oscar Schmidt. Visto en thomann.de<\/p>\n\n\n<div class=\"wp-block-image\">\n<figure class=\"alignleft is-resized\"><img loading=\"lazy\" decoding=\"async\" width=\"115\" height=\"115\" src=\"http:\/\/mit-musik-geht-reha-besser.de\/wp-content\/uploads\/2019\/01\/rollpiano.jpg\" alt=\"\" class=\"wp-image-33\" style=\"width:95px;height:95px\"\/><\/figure>\n<\/div>\n\n\n<p><strong>Piano de rollo<\/strong> Un piano para enfermos. Incluso tiene un teclado de tama\u00f1o completo, altavoces integrados, conector para auriculares y se puede alimentar con un adaptador de CA. La calidad de sonido de los altavoces integrados es bastante mala. Visto en amazon.de<\/p>\n\n\n<div class=\"wp-block-image\">\n<figure class=\"alignright is-resized\"><img loading=\"lazy\" decoding=\"async\" width=\"128\" height=\"460\" src=\"http:\/\/mit-musik-geht-reha-besser.de\/wp-content\/uploads\/2019\/01\/krix.jpg\" alt=\"\" class=\"wp-image-28\" style=\"width:20px;height:72px\"\/><\/figure>\n<\/div>\n\n\n<p><strong>Krix<\/strong> M\u00fasica en tu zapato. Este dispositivo simplemente se inserta en el zapato. Y entonces suena &quot;uf&quot;. Empresa: Schlagwerk<\/p>\n\n\n<div class=\"wp-block-image\">\n<figure class=\"alignleft is-resized\"><img loading=\"lazy\" decoding=\"async\" width=\"584\" height=\"361\" src=\"http:\/\/mit-musik-geht-reha-besser.de\/wp-content\/uploads\/2019\/01\/fusspercussion.jpg\" alt=\"\" class=\"wp-image-23\" style=\"width:120px;height:74px\" srcset=\"https:\/\/mit-musik-geht-reha-besser.de\/wp-content\/uploads\/2019\/01\/fusspercussion.jpg 584w, https:\/\/mit-musik-geht-reha-besser.de\/wp-content\/uploads\/2019\/01\/fusspercussion-300x185.jpg 300w\" sizes=\"auto, (max-width: 584px) 100vw, 584px\" \/><\/figure>\n<\/div>\n\n\n<p><strong>Percusi\u00f3n del pie<\/strong> \u2013 Un taller de torneado de madera de Wittstock ha creado algo realmente bueno: adem\u00e1s de este accesorio de zapata de percusi\u00f3n, esta empresa tambi\u00e9n ofrece otros peque\u00f1os y sofisticados instrumentos de percusi\u00f3n con el pie.<br> Visto en fusspercussion.de<\/p>\n\n\n<div class=\"wp-block-image\">\n<figure class=\"alignright is-resized\"><img loading=\"lazy\" decoding=\"async\" width=\"484\" height=\"191\" src=\"http:\/\/mit-musik-geht-reha-besser.de\/wp-content\/uploads\/2019\/01\/shakehand.jpg\" alt=\"\" class=\"wp-image-36\" style=\"width:172px;height:68px\" srcset=\"https:\/\/mit-musik-geht-reha-besser.de\/wp-content\/uploads\/2019\/01\/shakehand.jpg 484w, https:\/\/mit-musik-geht-reha-besser.de\/wp-content\/uploads\/2019\/01\/shakehand-300x118.jpg 300w\" sizes=\"auto, (max-width: 484px) 100vw, 484px\" \/><\/figure>\n<\/div>\n\n\n<p><strong>estrechar la mano<\/strong> Este guante de Schlagwerk admite dos maracas y una maraca. Esto permite tocar maracas y tambores simult\u00e1neamente.<\/p>\n\n\n<div class=\"wp-block-image\">\n<figure class=\"alignleft is-resized\"><img loading=\"lazy\" decoding=\"async\" width=\"380\" height=\"237\" src=\"http:\/\/mit-musik-geht-reha-besser.de\/wp-content\/uploads\/2019\/01\/Multifunktionsklangschale.jpg\" alt=\"\" class=\"wp-image-31\" style=\"width:101px;height:63px\" srcset=\"https:\/\/mit-musik-geht-reha-besser.de\/wp-content\/uploads\/2019\/01\/Multifunktionsklangschale.jpg 380w, https:\/\/mit-musik-geht-reha-besser.de\/wp-content\/uploads\/2019\/01\/Multifunktionsklangschale-300x187.jpg 300w\" sizes=\"auto, (max-width: 380px) 100vw, 380px\" \/><\/figure>\n<\/div>\n\n\n<p><strong>Cuenco de sonido multifuncional<\/strong> \u00a1Por fin, un cuenco tibetano con asa! Este cuenco tibetano multifuncional est\u00e1 disponible en varios tama\u00f1os. Es especialmente adecuado para zonas reflejas de pies o manos, o para las articulaciones. Actualmente no disponible en l\u00ednea. Por favor.&nbsp;<a href=\"http:\/\/mit-musik-geht-reha-besser.de\/es\/impressum\/\">Inf\u00f3rmenos<\/a>, si sabe d\u00f3nde est\u00e1 disponible este producto.<\/p>\n\n\n<div class=\"wp-block-image\">\n<figure class=\"alignright is-resized\"><img loading=\"lazy\" decoding=\"async\" width=\"300\" height=\"203\" src=\"http:\/\/mit-musik-geht-reha-besser.de\/wp-content\/uploads\/2019\/01\/mp3-spieler-akku.jpg\" alt=\"\" class=\"wp-image-30\" style=\"width:122px;height:83px\"\/><\/figure>\n<\/div>\n\n\n<p>Este port\u00e1til <strong>Reproductor de MP3 SanDisk Clip Sport<\/strong>&nbsp;Es relativamente f\u00e1cil de usar. Las pistas de m\u00fasica se transfieren a un PC mediante un cable USB. El dispositivo se carga autom\u00e1ticamente al conectarlo al PC. Un clip en la parte posterior facilita su colocaci\u00f3n en la ropa. Visto en amazon.de<\/p>\n\n\n<div class=\"wp-block-image\">\n<figure class=\"alignleft is-resized\"><img loading=\"lazy\" decoding=\"async\" width=\"266\" height=\"300\" src=\"http:\/\/mit-musik-geht-reha-besser.de\/wp-content\/uploads\/2019\/01\/lefima_staender.jpg\" alt=\"\" class=\"wp-image-29\" style=\"width:73px;height:82px\"\/><\/figure>\n<\/div>\n\n\n<p>El <strong>Carro de soporte para el gran tambor orquestal<\/strong> Lefima ofrece una excelente manera de mantener xil\u00f3fonos, metal\u00f3fonos, instrumentos de mazo, etc. regulables en altura, inclinables y m\u00f3viles.<br> Algunos instrumentos ya cuentan con los orificios necesarios para los tornillos. (Visible en reisser-musik.de)<\/p>\n\n\n<div class=\"wp-block-image\">\n<figure class=\"alignright is-resized\"><img loading=\"lazy\" decoding=\"async\" width=\"160\" height=\"240\" src=\"http:\/\/mit-musik-geht-reha-besser.de\/wp-content\/uploads\/2019\/01\/Kreuzhalter.jpg\" alt=\"\" class=\"wp-image-27\" style=\"width:40px;height:60px\"\/><\/figure>\n<\/div>\n\n\n<p><strong>soporte para tr\u00edpode<\/strong> Para varios tambores de bastidor, incluida la cruz de montaje.<br> Visto en thieme-sport.de<\/p>\n\n\n<div class=\"wp-block-image\">\n<figure class=\"alignleft is-resized\"><img loading=\"lazy\" decoding=\"async\" width=\"960\" height=\"960\" src=\"http:\/\/mit-musik-geht-reha-besser.de\/wp-content\/uploads\/2019\/05\/Meinl-Knee-Jingle-Pad-1.jpg\" alt=\"\" class=\"wp-image-435\" style=\"width:69px;height:69px\" srcset=\"https:\/\/mit-musik-geht-reha-besser.de\/wp-content\/uploads\/2019\/05\/Meinl-Knee-Jingle-Pad-1.jpg 960w, https:\/\/mit-musik-geht-reha-besser.de\/wp-content\/uploads\/2019\/05\/Meinl-Knee-Jingle-Pad-1-150x150.jpg 150w, https:\/\/mit-musik-geht-reha-besser.de\/wp-content\/uploads\/2019\/05\/Meinl-Knee-Jingle-Pad-1-300x300.jpg 300w, https:\/\/mit-musik-geht-reha-besser.de\/wp-content\/uploads\/2019\/05\/Meinl-Knee-Jingle-Pad-1-768x768.jpg 768w\" sizes=\"auto, (max-width: 960px) 100vw, 960px\" \/><\/figure>\n<\/div>\n\n\n<p><strong>Almohadilla para rodillas Meinl<\/strong>, visto en thomann.de<\/p>\n\n\n<div class=\"wp-block-image\">\n<figure class=\"alignright size-large is-resized\"><img loading=\"lazy\" decoding=\"async\" width=\"256\" height=\"405\" src=\"http:\/\/mit-musik-geht-reha-besser.de\/wp-content\/uploads\/2021\/02\/mhz_28-liedundsong_648.jpg\" alt=\"\" class=\"wp-image-591\" style=\"width:58px;height:92px\" srcset=\"https:\/\/mit-musik-geht-reha-besser.de\/wp-content\/uploads\/2021\/02\/mhz_28-liedundsong_648.jpg 256w, https:\/\/mit-musik-geht-reha-besser.de\/wp-content\/uploads\/2021\/02\/mhz_28-liedundsong_648-190x300.jpg 190w\" sizes=\"auto, (max-width: 256px) 100vw, 256px\" \/><\/figure>\n<\/div>\n\n\n<p><strong>Canci\u00f3n y canci\u00f3n<\/strong> Un cancionero muy variado y diverso con canciones folk, pop y rock, pero tambi\u00e9n internacionales. Visto en Schott Music.<\/p>\n\n\n\n\n\n<p>* <em>Todas las recomendaciones han sido cuidadosamente revisadas desde la perspectiva de la musicoterapia para comprobar su idoneidad para la rehabilitaci\u00f3n. No recibimos compensaci\u00f3n alguna por nuestras recomendaciones. <\/em><\/p>","protected":false},"excerpt":{"rendered":"<p>N\u00fctzliches, Praktisches &amp; Besonderes f\u00fcr Musiktherapie in der Rehabilitation.* Hier fehlt noch was? Bitte helfen Sie uns die \u00dcbersicht zu erg\u00e4nzen! Das LiLaLiederheft zum selber drucken mit Songs von damals bis heute.\u00a0Mit Volksliedern, sowie Pop, Rock und Schlager. Runterladen, Ausdrucken, Heften und Lossingen! Mit Karaoke-Links und Anpassung f\u00fcr reifere und beeintr\u00e4chtigte Stimmen. 13-11-2025. Karafun -App: [&hellip;]<\/p>\n","protected":false},"author":1,"featured_media":0,"parent":0,"menu_order":2,"comment_status":"closed","ping_status":"closed","template":"","meta":{"footnotes":""},"class_list":["post-336","page","type-page","status-publish","hentry"],"_links":{"self":[{"href":"https:\/\/mit-musik-geht-reha-besser.de\/es\/wp-json\/wp\/v2\/pages\/336","targetHints":{"allow":["GET"]}}],"collection":[{"href":"https:\/\/mit-musik-geht-reha-besser.de\/es\/wp-json\/wp\/v2\/pages"}],"about":[{"href":"https:\/\/mit-musik-geht-reha-besser.de\/es\/wp-json\/wp\/v2\/types\/page"}],"author":[{"embeddable":true,"href":"https:\/\/mit-musik-geht-reha-besser.de\/es\/wp-json\/wp\/v2\/users\/1"}],"replies":[{"embeddable":true,"href":"https:\/\/mit-musik-geht-reha-besser.de\/es\/wp-json\/wp\/v2\/comments?post=336"}],"version-history":[{"count":78,"href":"https:\/\/mit-musik-geht-reha-besser.de\/es\/wp-json\/wp\/v2\/pages\/336\/revisions"}],"predecessor-version":[{"id":1412,"href":"https:\/\/mit-musik-geht-reha-besser.de\/es\/wp-json\/wp\/v2\/pages\/336\/revisions\/1412"}],"wp:attachment":[{"href":"https:\/\/mit-musik-geht-reha-besser.de\/es\/wp-json\/wp\/v2\/media?parent=336"}],"curies":[{"name":"wp","href":"https:\/\/api.w.org\/{rel}","templated":true}]}}