{"id":814,"date":"2022-11-12T07:37:39","date_gmt":"2022-11-12T07:37:39","guid":{"rendered":"http:\/\/mit-musik-geht-reha-besser.de\/?page_id=814"},"modified":"2022-11-12T09:45:15","modified_gmt":"2022-11-12T09:45:15","slug":"schluck-wecker","status":"publish","type":"page","link":"https:\/\/mit-musik-geht-reha-besser.de\/es\/schluck-wecker\/","title":{"rendered":"Despertador de golondrinas"},"content":{"rendered":"<p><img loading=\"lazy\" decoding=\"async\" class=\"wp-image-815 alignleft\" src=\"http:\/\/mit-musik-geht-reha-besser.de\/wp-content\/uploads\/2022\/11\/Mainka_Piktogramm_Klang_10-300x300.png\" alt=\"\" width=\"222\" height=\"222\" srcset=\"https:\/\/mit-musik-geht-reha-besser.de\/wp-content\/uploads\/2022\/11\/Mainka_Piktogramm_Klang_10-300x300.png 300w, https:\/\/mit-musik-geht-reha-besser.de\/wp-content\/uploads\/2022\/11\/Mainka_Piktogramm_Klang_10-1024x1024.png 1024w, https:\/\/mit-musik-geht-reha-besser.de\/wp-content\/uploads\/2022\/11\/Mainka_Piktogramm_Klang_10-150x150.png 150w, https:\/\/mit-musik-geht-reha-besser.de\/wp-content\/uploads\/2022\/11\/Mainka_Piktogramm_Klang_10-768x768.png 768w, https:\/\/mit-musik-geht-reha-besser.de\/wp-content\/uploads\/2022\/11\/Mainka_Piktogramm_Klang_10-1536x1536.png 1536w, https:\/\/mit-musik-geht-reha-besser.de\/wp-content\/uploads\/2022\/11\/Mainka_Piktogramm_Klang_10-12x12.png 12w, https:\/\/mit-musik-geht-reha-besser.de\/wp-content\/uploads\/2022\/11\/Mainka_Piktogramm_Klang_10.png 1944w\" sizes=\"auto, (max-width: 222px) 100vw, 222px\" \/>La alarma de degluci\u00f3n es una ayuda terap\u00e9utica para personas con dificultades para tragar, como las que pueden presentarse en la enfermedad de Parkinson y otros trastornos neurol\u00f3gicos. Fue desarrollada por <a href=\"http:\/\/mit-musik-geht-reha-besser.de\/es\/stefan-mainka\/\">Stefan Mainka<\/a> y <a href=\"https:\/\/doktor-logo.de\/team\/\" target=\"_blank\" rel=\"noopener\">Grit Mallien<\/a> 2009 en el <a href=\"http:\/\/www.parkinson-beelitz.de\" target=\"_blank\" rel=\"noopener\">Cl\u00ednica de Parkinson Beelitz-Heilst\u00e4tten<\/a> desarrollado.<\/p>\n<p>Si la degluci\u00f3n est\u00e1 alterada, la frecuencia suele reducirse. Tragar fuera de las comidas es, en realidad, un proceso involuntario, como respirar o parpadear. No tenemos que pensarlo conscientemente; simplemente sucede. Sin embargo, si la frecuencia de degluci\u00f3n se reduce, esto puede provocar una fuga constante de saliva, incluso sin que la persona la note. Para quienes lo padecen, \u00a1esto es muy desagradable!<\/p>\n<p>La terapia busca reactivar el reflejo de degluci\u00f3n ausente. El principio rector es: \u00a1tragar primero, luego dar palmaditas! Una alarma de degluci\u00f3n puede ser \u00fatil para ello. Las se\u00f1ales de audio act\u00faan como un recordatorio auditivo para tragar. Se puede usar, por ejemplo, al leer el peri\u00f3dico por la ma\u00f1ana. Esto proporciona un recordatorio constante para tragar. El uso regular puede ayudar a aumentar la frecuencia e intensidad de la degluci\u00f3n.<\/p>\n<p>&nbsp;<\/p>\n\n\n\n<p><audio src=\"http:\/\/mit-musik-geht-reha-besser.de\/wp-content\/uploads\/2022\/11\/Schluck-Wecker.mp3\" controls=\"controls\"><\/audio> \u00a0\u00a0\u00a0\u00a0\u00a0\u00a0 Despertador de golondrinas con intervalo de 2 minutos <\/p>\n\n\n\n<a href=\"http:\/\/mit-musik-geht-reha-besser.de\/wp-content\/uploads\/2022\/11\/Schluck-Wecker.mp3\" download>Descargar<\/a>\n\n\n\n<p>\u00a0<\/p>\n<p>\u00a0<\/p>\n<p style=\"text-align: left;\"><audio src=\"http:\/\/mit-musik-geht-reha-besser.de\/wp-content\/uploads\/2022\/11\/Schluck-Wecker-1-min.mp3\" controls=\"controls\"><\/audio> \u00a0\u00a0\u00a0\u00a0\u00a0 Despertador de golondrinas con intervalo de 1 minuto<\/p>\n\n\n\n<a href=\"http:\/\/mit-musik-geht-reha-besser.de\/wp-content\/uploads\/2022\/11\/Schluck-Wecker-1-min.mp3\" download>Descargar<\/a>","protected":false},"excerpt":{"rendered":"<p>La alarma de degluci\u00f3n es una ayuda terap\u00e9utica para personas con trastornos de la degluci\u00f3n, como los que pueden ocurrir en la enfermedad de Parkinson y otros trastornos neurol\u00f3gicos.<\/p>","protected":false},"author":1,"featured_media":815,"parent":0,"menu_order":0,"comment_status":"closed","ping_status":"closed","template":"","meta":{"footnotes":""},"class_list":["post-814","page","type-page","status-publish","has-post-thumbnail","hentry"],"_links":{"self":[{"href":"https:\/\/mit-musik-geht-reha-besser.de\/es\/wp-json\/wp\/v2\/pages\/814","targetHints":{"allow":["GET"]}}],"collection":[{"href":"https:\/\/mit-musik-geht-reha-besser.de\/es\/wp-json\/wp\/v2\/pages"}],"about":[{"href":"https:\/\/mit-musik-geht-reha-besser.de\/es\/wp-json\/wp\/v2\/types\/page"}],"author":[{"embeddable":true,"href":"https:\/\/mit-musik-geht-reha-besser.de\/es\/wp-json\/wp\/v2\/users\/1"}],"replies":[{"embeddable":true,"href":"https:\/\/mit-musik-geht-reha-besser.de\/es\/wp-json\/wp\/v2\/comments?post=814"}],"version-history":[{"count":26,"href":"https:\/\/mit-musik-geht-reha-besser.de\/es\/wp-json\/wp\/v2\/pages\/814\/revisions"}],"predecessor-version":[{"id":1093,"href":"https:\/\/mit-musik-geht-reha-besser.de\/es\/wp-json\/wp\/v2\/pages\/814\/revisions\/1093"}],"wp:featuredmedia":[{"embeddable":true,"href":"https:\/\/mit-musik-geht-reha-besser.de\/es\/wp-json\/wp\/v2\/media\/815"}],"wp:attachment":[{"href":"https:\/\/mit-musik-geht-reha-besser.de\/es\/wp-json\/wp\/v2\/media?parent=814"}],"curies":[{"name":"wp","href":"https:\/\/api.w.org\/{rel}","templated":true}]}}